{"id":3950,"date":"2019-01-07T05:49:15","date_gmt":"2019-01-07T10:49:15","guid":{"rendered":"http:\/\/prestigevisualmetal.com\/realisations\/services\/conception-graphique\/"},"modified":"2019-03-07T14:46:18","modified_gmt":"2019-03-07T19:46:18","slug":"conception-graphique","status":"publish","type":"page","link":"https:\/\/www.prestigevisualmetal.com\/europe\/realisations\/vente\/conception-graphique\/","title":{"rendered":"Conception graphique"},"content":{"rendered":"\n<p style=\"text-align:left\"><strong>L &#8216;entreprise Prestige Visual Metal offre une solution compl\u00e8te en mati\u00e8re<\/strong><\/p>\n\n\n\n<p><strong>de conception graphique et de judicieux conseils au-del\u00e0 de vos attentes avec<\/strong><\/p>\n\n\n\n<p><strong>efficacit\u00e9 et courtoisie.&nbsp;Contactez-nous&nbsp;pour&nbsp;de&nbsp;plus&nbsp;amples&nbsp;informations.<\/strong><\/p>\n\n\n\n<ul class=\"wp-block-list\"><li><strong>Nos expertises:<\/strong><\/li><li><strong>Plaque comm\u00e9morative, honorifique, en hommage, de reconnaissance.<\/strong><\/li><li><strong>Plaque fun\u00e9raire, \u00e0 la m\u00e9moire, en souvenir et remerciement.<\/strong><\/li><li><strong>Plaque professionnelle, enseigne, signalisation et identification.<\/strong><\/li><li><strong>Lettre, chiffre, pictogramme et logo.<\/strong><\/li><li><strong>M\u00e9taux: bronze, laiton, cuivre, aluminium, inox et acier.<\/strong><\/li><li><strong>Commercial, institutionnel et particulier.<\/strong><\/li><\/ul>\n\n\n\n<div class=\"wp-block-image\"><figure class=\"alignleft\"><a href=\"https:\/\/www.prestigevisualmetal.com\/wp-content\/uploads\/2019\/03\/Conception-graphique-France-Belgique-Suisse.jpg\" data-src=\"https:\/\/www.prestigevisualmetal.com\/wp-content\/uploads\/2019\/03\/Conception-graphique-France-Belgique-Suisse.jpg\" data-thumb=\"https:\/\/www.prestigevisualmetal.com\/wp-content\/uploads\/2019\/03\/Conception-graphique-France-Belgique-Suisse.jpg\" class=\"ml-lightbox-enabled\"><img loading=\"lazy\" decoding=\"async\" width=\"710\" height=\"2235\" src=\"https:\/\/www.prestigevisualmetal.com\/wp-content\/uploads\/2019\/03\/Conception-graphique-France-Belgique-Suisse.jpg\" alt=\"Conception Graphique France Belgique Suisse\" class=\"wp-image-7061\" srcset=\"https:\/\/www.prestigevisualmetal.com\/wp-content\/uploads\/2019\/03\/Conception-graphique-France-Belgique-Suisse.jpg 710w, https:\/\/www.prestigevisualmetal.com\/wp-content\/uploads\/2019\/03\/Conception-graphique-France-Belgique-Suisse-95x300.jpg 95w, https:\/\/www.prestigevisualmetal.com\/wp-content\/uploads\/2019\/03\/Conception-graphique-France-Belgique-Suisse-325x1024.jpg 325w\" sizes=\"auto, (max-width: 710px) 100vw, 710px\" \/><\/a><\/figure><\/div>\n\n\n\n<p><\/p>\n\n\n\n<p><\/p>\n\n\n<style>#kt-layout-id_6fc5c7-e0 > .kt-row-column-wrap{align-content:start;}:where(#kt-layout-id_6fc5c7-e0 > .kt-row-column-wrap) > .wp-block-kadence-column{justify-content:start;}#kt-layout-id_6fc5c7-e0 > .kt-row-column-wrap{column-gap:var(--global-kb-gap-md, 2rem);row-gap:var(--global-kb-gap-md, 2rem);padding-top:var( --global-kb-row-default-top, 25px );padding-bottom:var( --global-kb-row-default-bottom, 25px );min-height:33px;grid-template-columns:minmax(0, 1fr);}#kt-layout-id_6fc5c7-e0 > .kt-row-layout-overlay{opacity:0.30;}@media all and (max-width: 1024px){#kt-layout-id_6fc5c7-e0 > .kt-row-column-wrap{grid-template-columns:minmax(0, 1fr);}}@media all and (max-width: 767px){#kt-layout-id_6fc5c7-e0 > .kt-row-column-wrap{padding-top:0px;grid-template-columns:minmax(0, 1fr);}}<\/style>\n<div class=\"wp-block-kadence-rowlayout alignnone\"><div id=\"kt-layout-id_6fc5c7-e0\" class=\"kt-row-layout-inner  kt-layout-id_6fc5c7-e0\"><div class=\"kt-row-column-wrap kt-has-1-columns kt-gutter-default kt-row-valign-top kt-row-layout-equal kt-tab-layout-inherit kt-m-colapse-left-to-right kt-mobile-layout-row\"><style>.kadence-column_43068c-ea > .kt-inside-inner-col{padding-top:30px;}.kadence-column_43068c-ea > .kt-inside-inner-col{border-top-width:0px;border-right-width:0px;border-bottom-width:0px;border-left-width:0px;}.kadence-column_43068c-ea > .kt-inside-inner-col,.kadence-column_43068c-ea > .kt-inside-inner-col:before{border-top-left-radius:0px;border-top-right-radius:0px;border-bottom-right-radius:0px;border-bottom-left-radius:0px;}.kadence-column_43068c-ea > .kt-inside-inner-col{column-gap:var(--global-kb-gap-sm, 1rem);}.kadence-column_43068c-ea > .kt-inside-inner-col{flex-direction:column;}.kadence-column_43068c-ea > .kt-inside-inner-col > .aligncenter{width:100%;}.kadence-column_43068c-ea > .kt-inside-inner-col:before{opacity:0.3;}.kadence-column_43068c-ea{position:relative;}@media all and (max-width: 1024px){.kadence-column_43068c-ea > .kt-inside-inner-col{flex-direction:column;justify-content:center;}}@media all and (max-width: 767px){.kadence-column_43068c-ea > .kt-inside-inner-col{padding-top:15px;flex-direction:column;justify-content:center;}}<\/style>\n<div class=\"wp-block-kadence-column inner-column-1 kadence-column_43068c-ea\"><div class=\"kt-inside-inner-col\">\n<p><\/p>\n<\/div><\/div>\n<\/div><\/div><\/div>\n\n\n<style>#kt-layout-id_a57192-8e > .kt-row-column-wrap{align-content:start;}:where(#kt-layout-id_a57192-8e > .kt-row-column-wrap) > .wp-block-kadence-column{justify-content:start;}#kt-layout-id_a57192-8e > .kt-row-column-wrap{column-gap:var(--global-kb-gap-md, 2rem);row-gap:var(--global-kb-gap-md, 2rem);padding-top:var( --global-kb-row-default-top, 25px );padding-bottom:var( --global-kb-row-default-bottom, 25px );padding-top:var(--global-kb-spacing-sm, 1.5rem);padding-bottom:var(--global-kb-spacing-sm, 1.5rem);min-height:50px;grid-template-columns:minmax(0, 1fr);}#kt-layout-id_a57192-8e > .kt-row-layout-overlay{opacity:0.30;}@media all and (max-width: 1024px){#kt-layout-id_a57192-8e > .kt-row-column-wrap{grid-template-columns:minmax(0, 1fr);}}@media all and (max-width: 767px){#kt-layout-id_a57192-8e > .kt-row-column-wrap{grid-template-columns:minmax(0, 1fr);}}<\/style>\n<div class=\"wp-block-kadence-rowlayout alignnone\"><div id=\"kt-layout-id_a57192-8e\" class=\"kt-row-layout-inner  kt-layout-id_a57192-8e\"><div class=\"kt-row-column-wrap kt-has-1-columns kt-gutter-default kt-row-valign-top kt-row-layout-equal kt-tab-layout-inherit kt-m-colapse-left-to-right kt-mobile-layout-row\"><style>.kadence-column_4280f3-ba > .kt-inside-inner-col{border-top-width:0px;border-right-width:0px;border-bottom-width:0px;border-left-width:0px;}.kadence-column_4280f3-ba > .kt-inside-inner-col,.kadence-column_4280f3-ba > .kt-inside-inner-col:before{border-top-left-radius:0px;border-top-right-radius:0px;border-bottom-right-radius:0px;border-bottom-left-radius:0px;}.kadence-column_4280f3-ba > .kt-inside-inner-col{column-gap:var(--global-kb-gap-sm, 1rem);}.kadence-column_4280f3-ba > .kt-inside-inner-col{flex-direction:column;}.kadence-column_4280f3-ba > .kt-inside-inner-col > .aligncenter{width:100%;}.kadence-column_4280f3-ba > .kt-inside-inner-col:before{opacity:0.3;}.kadence-column_4280f3-ba{position:relative;}@media all and (max-width: 1024px){.kadence-column_4280f3-ba > .kt-inside-inner-col{flex-direction:column;justify-content:center;}}@media all and (max-width: 767px){.kadence-column_4280f3-ba > .kt-inside-inner-col{flex-direction:column;justify-content:center;}}<\/style>\n<div class=\"wp-block-kadence-column inner-column-1 kadence-column_4280f3-ba\"><div class=\"kt-inside-inner-col\">\n<p><\/p>\n<\/div><\/div>\n<\/div><\/div><\/div>\n\n\n\n<h2 class=\"w-80 wp-block-heading\">SERVICES<\/h2>\n\n\n<style>#kt-layout-id_38156b-13 > .kt-row-column-wrap{align-content:start;}:where(#kt-layout-id_38156b-13 > .kt-row-column-wrap) > .wp-block-kadence-column{justify-content:start;}#kt-layout-id_38156b-13 > .kt-row-column-wrap{column-gap:var(--global-kb-gap-md, 2rem);row-gap:var(--global-kb-gap-md, 2rem);padding-top:var( --global-kb-row-default-top, 25px );padding-bottom:var( --global-kb-row-default-bottom, 25px );padding-top:var(--global-kb-spacing-sm, 1.5rem);padding-bottom:var(--global-kb-spacing-sm, 1.5rem);}#kt-layout-id_38156b-13 > .kt-row-column-wrap > div:not(.added-for-specificity){grid-column:initial;}#kt-layout-id_38156b-13 > .kt-row-column-wrap{grid-template-columns:repeat(3, minmax(0, 1fr));}#kt-layout-id_38156b-13 > .kt-row-layout-overlay{opacity:0.30;}@media all and (max-width: 1024px){#kt-layout-id_38156b-13 > .kt-row-column-wrap > div:not(.added-for-specificity){grid-column:initial;}}@media all and (max-width: 1024px){#kt-layout-id_38156b-13 > .kt-row-column-wrap{grid-template-columns:repeat(3, minmax(0, 1fr));}}@media all and (max-width: 767px){#kt-layout-id_38156b-13 > .kt-row-column-wrap > div:not(.added-for-specificity){grid-column:initial;}#kt-layout-id_38156b-13 > .kt-row-column-wrap{grid-template-columns:minmax(0, 1fr);}}<\/style>\n<div class=\"wp-block-kadence-rowlayout alignnone w-80\"><div id=\"kt-layout-id_38156b-13\" class=\"kt-row-layout-inner  kt-layout-id_38156b-13\"><div class=\"kt-row-column-wrap kt-has-3-columns kt-gutter-default kt-row-valign-top kt-row-layout-equal kt-tab-layout-inherit kt-m-colapse-left-to-right kt-mobile-layout-row\"><style>.kadence-column_8b2fa4-50 > .kt-inside-inner-col{border-top-width:0px;border-right-width:0px;border-bottom-width:0px;border-left-width:0px;}.kadence-column_8b2fa4-50 > .kt-inside-inner-col,.kadence-column_8b2fa4-50 > .kt-inside-inner-col:before{border-top-left-radius:0px;border-top-right-radius:0px;border-bottom-right-radius:0px;border-bottom-left-radius:0px;}.kadence-column_8b2fa4-50 > .kt-inside-inner-col{column-gap:var(--global-kb-gap-sm, 1rem);}.kadence-column_8b2fa4-50 > .kt-inside-inner-col{flex-direction:column;}.kadence-column_8b2fa4-50 > .kt-inside-inner-col > .aligncenter{width:100%;}.kadence-column_8b2fa4-50 > .kt-inside-inner-col:before{opacity:0.3;}.kadence-column_8b2fa4-50{position:relative;}@media all and (max-width: 1024px){.kadence-column_8b2fa4-50 > .kt-inside-inner-col{flex-direction:column;justify-content:center;}}@media all and (max-width: 767px){.kadence-column_8b2fa4-50 > .kt-inside-inner-col{flex-direction:column;justify-content:center;}}<\/style>\n<div class=\"wp-block-kadence-column inner-column-1 kadence-column_8b2fa4-50\"><div class=\"kt-inside-inner-col\">\n<figure class=\"wp-block-image\"><a href=\"https:\/\/www.prestigevisualmetal.com\/europe\/realisations\/services\/vente-a-l-exterieur\/\"><img loading=\"lazy\" decoding=\"async\" width=\"868\" height=\"235\" src=\"http:\/\/prestigevisualmetal.com\/wp-content\/uploads\/2018\/12\/Vente-a-l-exterieur.jpg\" alt=\"Vente \u00e0 l\u2019ext\u00e9rieur\" class=\"wp-image-1686\" srcset=\"https:\/\/www.prestigevisualmetal.com\/wp-content\/uploads\/2018\/12\/Vente-a-l-exterieur.jpg 868w, https:\/\/www.prestigevisualmetal.com\/wp-content\/uploads\/2018\/12\/Vente-a-l-exterieur-300x81.jpg 300w, https:\/\/www.prestigevisualmetal.com\/wp-content\/uploads\/2018\/12\/Vente-a-l-exterieur-768x208.jpg 768w\" sizes=\"auto, (max-width: 868px) 100vw, 868px\" \/><\/a><figcaption>Vente \u00e0 l\u2019ext\u00e9rieur<\/figcaption><\/figure>\n<\/div><\/div>\n\n\n<style>.kadence-column_af8b6a-1c > .kt-inside-inner-col{border-top-width:0px;border-right-width:0px;border-bottom-width:0px;border-left-width:0px;}.kadence-column_af8b6a-1c > .kt-inside-inner-col,.kadence-column_af8b6a-1c > .kt-inside-inner-col:before{border-top-left-radius:0px;border-top-right-radius:0px;border-bottom-right-radius:0px;border-bottom-left-radius:0px;}.kadence-column_af8b6a-1c > .kt-inside-inner-col{column-gap:var(--global-kb-gap-sm, 1rem);}.kadence-column_af8b6a-1c > .kt-inside-inner-col{flex-direction:column;}.kadence-column_af8b6a-1c > .kt-inside-inner-col > .aligncenter{width:100%;}.kadence-column_af8b6a-1c > .kt-inside-inner-col:before{opacity:0.3;}.kadence-column_af8b6a-1c{position:relative;}@media all and (max-width: 1024px){.kadence-column_af8b6a-1c > .kt-inside-inner-col{flex-direction:column;justify-content:center;}}@media all and (max-width: 767px){.kadence-column_af8b6a-1c > .kt-inside-inner-col{flex-direction:column;justify-content:center;}}<\/style>\n<div class=\"wp-block-kadence-column inner-column-2 kadence-column_af8b6a-1c\"><div class=\"kt-inside-inner-col\">\n<figure class=\"wp-block-image\"><a href=\"https:\/\/www.prestigevisualmetal.com\/europe\/realisations\/services\/conception-graphique\/\"><img loading=\"lazy\" decoding=\"async\" width=\"869\" height=\"235\" src=\"http:\/\/prestigevisualmetal.com\/wp-content\/uploads\/2019\/01\/conception-graphique-design.jpg\" alt=\"Conception Graphique Design\" class=\"wp-image-2947\" srcset=\"https:\/\/www.prestigevisualmetal.com\/wp-content\/uploads\/2019\/01\/conception-graphique-design.jpg 869w, https:\/\/www.prestigevisualmetal.com\/wp-content\/uploads\/2019\/01\/conception-graphique-design-300x81.jpg 300w, https:\/\/www.prestigevisualmetal.com\/wp-content\/uploads\/2019\/01\/conception-graphique-design-768x208.jpg 768w\" sizes=\"auto, (max-width: 869px) 100vw, 869px\" \/><\/a><figcaption>Conception graphique<\/figcaption><\/figure>\n<\/div><\/div>\n\n\n<style>.kadence-column_f88c24-35 > .kt-inside-inner-col{border-top-width:0px;border-right-width:0px;border-bottom-width:0px;border-left-width:0px;}.kadence-column_f88c24-35 > .kt-inside-inner-col,.kadence-column_f88c24-35 > .kt-inside-inner-col:before{border-top-left-radius:0px;border-top-right-radius:0px;border-bottom-right-radius:0px;border-bottom-left-radius:0px;}.kadence-column_f88c24-35 > .kt-inside-inner-col{column-gap:var(--global-kb-gap-sm, 1rem);}.kadence-column_f88c24-35 > .kt-inside-inner-col{flex-direction:column;}.kadence-column_f88c24-35 > .kt-inside-inner-col > .aligncenter{width:100%;}.kadence-column_f88c24-35 > .kt-inside-inner-col:before{opacity:0.3;}.kadence-column_f88c24-35{position:relative;}@media all and (max-width: 1024px){.kadence-column_f88c24-35 > .kt-inside-inner-col{flex-direction:column;justify-content:center;}}@media all and (max-width: 767px){.kadence-column_f88c24-35 > .kt-inside-inner-col{flex-direction:column;justify-content:center;}}<\/style>\n<div class=\"wp-block-kadence-column inner-column-3 kadence-column_f88c24-35\"><div class=\"kt-inside-inner-col\">\n<figure class=\"wp-block-image\"><a href=\"https:\/\/www.prestigevisualmetal.com\/europe\/contactez-nous\/\"><img loading=\"lazy\" decoding=\"async\" width=\"868\" height=\"235\" src=\"http:\/\/prestigevisualmetal.com\/wp-content\/uploads\/2018\/12\/Contactez-nous.jpg\" alt=\"Contactez-nous\" class=\"wp-image-1684\" srcset=\"https:\/\/www.prestigevisualmetal.com\/wp-content\/uploads\/2018\/12\/Contactez-nous.jpg 868w, https:\/\/www.prestigevisualmetal.com\/wp-content\/uploads\/2018\/12\/Contactez-nous-300x81.jpg 300w, https:\/\/www.prestigevisualmetal.com\/wp-content\/uploads\/2018\/12\/Contactez-nous-768x208.jpg 768w\" sizes=\"auto, (max-width: 868px) 100vw, 868px\" \/><\/a><figcaption>Contactez-nous<\/figcaption><\/figure>\n<\/div><\/div>\n<\/div><\/div><\/div>\n","protected":false},"excerpt":{"rendered":"<p>L &#8216;entreprise Prestige Visual Metal offre une solution compl\u00e8te en mati\u00e8re de conception graphique et de judicieux conseils au-del\u00e0 de vos attentes avec efficacit\u00e9 et courtoisie.&nbsp;Contactez-nous&nbsp;pour&nbsp;de&nbsp;plus&nbsp;amples&nbsp;informations. Nos expertises: Plaque comm\u00e9morative, honorifique, en hommage, de reconnaissance. Plaque fun\u00e9raire, \u00e0 la m\u00e9moire, en souvenir et remerciement. Plaque professionnelle, enseigne, signalisation et identification. Lettre, chiffre, pictogramme et logo&#8230;.  <a href=\"https:\/\/www.prestigevisualmetal.com\/europe\/realisations\/vente\/conception-graphique\/\" title=\"Read Conception graphique\">Read more &raquo;<\/a><\/p>\n","protected":false},"author":101013,"featured_media":0,"parent":3944,"menu_order":1,"comment_status":"closed","ping_status":"closed","template":"","meta":{"_acf_changed":false,"ghostkit_customizer_options":"","ghostkit_custom_css":"","ghostkit_custom_js_head":"","ghostkit_custom_js_foot":"","ghostkit_typography":"","footnotes":""},"class_list":["post-3950","page","type-page","status-publish","hentry"],"acf":[],"yoast_head":"<!-- This site is optimized with the Yoast SEO plugin v27.5 - https:\/\/yoast.com\/product\/yoast-seo-wordpress\/ -->\n<title>Conception graphique pour plaque lettre enseigne | Prestige Visual Metal<\/title>\n<meta name=\"description\" content=\"Prestige Visual Metal offre une solution compl\u00e8te en mati\u00e8re de conception graphique pour plaque comm\u00e9morative, lettre, enseigne, signalisation en m\u00e9tal.\" \/>\n<meta name=\"robots\" content=\"index, follow, max-snippet:-1, max-image-preview:large, max-video-preview:-1\" \/>\n<link rel=\"canonical\" href=\"https:\/\/www.prestigevisualmetal.com\/europe\/realisations\/vente\/conception-graphique\/\" \/>\n<meta property=\"og:locale\" content=\"fr_FR\" \/>\n<meta property=\"og:type\" content=\"article\" \/>\n<meta property=\"og:title\" content=\"Conception graphique pour plaque lettre enseigne | Prestige Visual Metal\" \/>\n<meta property=\"og:description\" content=\"Prestige Visual Metal offre une solution compl\u00e8te en mati\u00e8re de conception graphique pour plaque comm\u00e9morative, lettre, enseigne, signalisation en m\u00e9tal.\" \/>\n<meta property=\"og:url\" content=\"https:\/\/www.prestigevisualmetal.com\/europe\/realisations\/vente\/conception-graphique\/\" \/>\n<meta property=\"og:site_name\" content=\"Prestige Visual M\u00e9tal\" \/>\n<meta property=\"article:modified_time\" content=\"2019-03-07T19:46:18+00:00\" \/>\n<meta property=\"og:image\" content=\"https:\/\/www.prestigevisualmetal.com\/wp-content\/uploads\/2019\/03\/Conception-graphique-France-Belgique-Suisse.jpg\" \/>\n<script type=\"application\/ld+json\" class=\"yoast-schema-graph\">{\"@context\":\"https:\\\/\\\/schema.org\",\"@graph\":[{\"@type\":\"WebPage\",\"@id\":\"https:\\\/\\\/www.prestigevisualmetal.com\\\/europe\\\/realisations\\\/vente\\\/conception-graphique\\\/\",\"url\":\"https:\\\/\\\/www.prestigevisualmetal.com\\\/europe\\\/realisations\\\/vente\\\/conception-graphique\\\/\",\"name\":\"Conception graphique pour plaque lettre enseigne | Prestige Visual Metal\",\"isPartOf\":{\"@id\":\"https:\\\/\\\/www.prestigevisualmetal.com\\\/europe\\\/#website\"},\"primaryImageOfPage\":{\"@id\":\"https:\\\/\\\/www.prestigevisualmetal.com\\\/europe\\\/realisations\\\/vente\\\/conception-graphique\\\/#primaryimage\"},\"image\":{\"@id\":\"https:\\\/\\\/www.prestigevisualmetal.com\\\/europe\\\/realisations\\\/vente\\\/conception-graphique\\\/#primaryimage\"},\"thumbnailUrl\":\"https:\\\/\\\/www.prestigevisualmetal.com\\\/wp-content\\\/uploads\\\/2019\\\/03\\\/Conception-graphique-France-Belgique-Suisse.jpg\",\"datePublished\":\"2019-01-07T10:49:15+00:00\",\"dateModified\":\"2019-03-07T19:46:18+00:00\",\"description\":\"Prestige Visual Metal offre une solution compl\u00e8te en mati\u00e8re de conception graphique pour plaque comm\u00e9morative, lettre, enseigne, signalisation en m\u00e9tal.\",\"breadcrumb\":{\"@id\":\"https:\\\/\\\/www.prestigevisualmetal.com\\\/europe\\\/realisations\\\/vente\\\/conception-graphique\\\/#breadcrumb\"},\"inLanguage\":\"fr-BE\",\"potentialAction\":[{\"@type\":\"ReadAction\",\"target\":[\"https:\\\/\\\/www.prestigevisualmetal.com\\\/europe\\\/realisations\\\/vente\\\/conception-graphique\\\/\"]}]},{\"@type\":\"ImageObject\",\"inLanguage\":\"fr-BE\",\"@id\":\"https:\\\/\\\/www.prestigevisualmetal.com\\\/europe\\\/realisations\\\/vente\\\/conception-graphique\\\/#primaryimage\",\"url\":\"https:\\\/\\\/www.prestigevisualmetal.com\\\/wp-content\\\/uploads\\\/2019\\\/03\\\/Conception-graphique-France-Belgique-Suisse.jpg\",\"contentUrl\":\"https:\\\/\\\/www.prestigevisualmetal.com\\\/wp-content\\\/uploads\\\/2019\\\/03\\\/Conception-graphique-France-Belgique-Suisse.jpg\"},{\"@type\":\"BreadcrumbList\",\"@id\":\"https:\\\/\\\/www.prestigevisualmetal.com\\\/europe\\\/realisations\\\/vente\\\/conception-graphique\\\/#breadcrumb\",\"itemListElement\":[{\"@type\":\"ListItem\",\"position\":1,\"name\":\"Accueil\",\"item\":\"https:\\\/\\\/www.prestigevisualmetal.com\\\/europe\\\/\"},{\"@type\":\"ListItem\",\"position\":2,\"name\":\"R\u00e9alisations\",\"item\":\"https:\\\/\\\/www.prestigevisualmetal.com\\\/europe\\\/realisations\\\/\"},{\"@type\":\"ListItem\",\"position\":3,\"name\":\"Services\",\"item\":\"https:\\\/\\\/www.prestigevisualmetal.com\\\/europe\\\/realisations\\\/vente\\\/\"},{\"@type\":\"ListItem\",\"position\":4,\"name\":\"Conception graphique\"}]},{\"@type\":\"WebSite\",\"@id\":\"https:\\\/\\\/www.prestigevisualmetal.com\\\/europe\\\/#website\",\"url\":\"https:\\\/\\\/www.prestigevisualmetal.com\\\/europe\\\/\",\"name\":\"Prestige Visual M\u00e9tal\",\"description\":\"\",\"potentialAction\":[{\"@type\":\"SearchAction\",\"target\":{\"@type\":\"EntryPoint\",\"urlTemplate\":\"https:\\\/\\\/www.prestigevisualmetal.com\\\/europe\\\/?s={search_term_string}\"},\"query-input\":{\"@type\":\"PropertyValueSpecification\",\"valueRequired\":true,\"valueName\":\"search_term_string\"}}],\"inLanguage\":\"fr-BE\"}]}<\/script>\n<!-- \/ Yoast SEO plugin. -->","yoast_head_json":{"title":"Conception graphique pour plaque lettre enseigne | Prestige Visual Metal","description":"Prestige Visual Metal offre une solution compl\u00e8te en mati\u00e8re de conception graphique pour plaque comm\u00e9morative, lettre, enseigne, signalisation en m\u00e9tal.","robots":{"index":"index","follow":"follow","max-snippet":"max-snippet:-1","max-image-preview":"max-image-preview:large","max-video-preview":"max-video-preview:-1"},"canonical":"https:\/\/www.prestigevisualmetal.com\/europe\/realisations\/vente\/conception-graphique\/","og_locale":"fr_FR","og_type":"article","og_title":"Conception graphique pour plaque lettre enseigne | Prestige Visual Metal","og_description":"Prestige Visual Metal offre une solution compl\u00e8te en mati\u00e8re de conception graphique pour plaque comm\u00e9morative, lettre, enseigne, signalisation en m\u00e9tal.","og_url":"https:\/\/www.prestigevisualmetal.com\/europe\/realisations\/vente\/conception-graphique\/","og_site_name":"Prestige Visual M\u00e9tal","article_modified_time":"2019-03-07T19:46:18+00:00","og_image":[{"url":"https:\/\/www.prestigevisualmetal.com\/wp-content\/uploads\/2019\/03\/Conception-graphique-France-Belgique-Suisse.jpg","type":"","width":"","height":""}],"schema":{"@context":"https:\/\/schema.org","@graph":[{"@type":"WebPage","@id":"https:\/\/www.prestigevisualmetal.com\/europe\/realisations\/vente\/conception-graphique\/","url":"https:\/\/www.prestigevisualmetal.com\/europe\/realisations\/vente\/conception-graphique\/","name":"Conception graphique pour plaque lettre enseigne | Prestige Visual Metal","isPartOf":{"@id":"https:\/\/www.prestigevisualmetal.com\/europe\/#website"},"primaryImageOfPage":{"@id":"https:\/\/www.prestigevisualmetal.com\/europe\/realisations\/vente\/conception-graphique\/#primaryimage"},"image":{"@id":"https:\/\/www.prestigevisualmetal.com\/europe\/realisations\/vente\/conception-graphique\/#primaryimage"},"thumbnailUrl":"https:\/\/www.prestigevisualmetal.com\/wp-content\/uploads\/2019\/03\/Conception-graphique-France-Belgique-Suisse.jpg","datePublished":"2019-01-07T10:49:15+00:00","dateModified":"2019-03-07T19:46:18+00:00","description":"Prestige Visual Metal offre une solution compl\u00e8te en mati\u00e8re de conception graphique pour plaque comm\u00e9morative, lettre, enseigne, signalisation en m\u00e9tal.","breadcrumb":{"@id":"https:\/\/www.prestigevisualmetal.com\/europe\/realisations\/vente\/conception-graphique\/#breadcrumb"},"inLanguage":"fr-BE","potentialAction":[{"@type":"ReadAction","target":["https:\/\/www.prestigevisualmetal.com\/europe\/realisations\/vente\/conception-graphique\/"]}]},{"@type":"ImageObject","inLanguage":"fr-BE","@id":"https:\/\/www.prestigevisualmetal.com\/europe\/realisations\/vente\/conception-graphique\/#primaryimage","url":"https:\/\/www.prestigevisualmetal.com\/wp-content\/uploads\/2019\/03\/Conception-graphique-France-Belgique-Suisse.jpg","contentUrl":"https:\/\/www.prestigevisualmetal.com\/wp-content\/uploads\/2019\/03\/Conception-graphique-France-Belgique-Suisse.jpg"},{"@type":"BreadcrumbList","@id":"https:\/\/www.prestigevisualmetal.com\/europe\/realisations\/vente\/conception-graphique\/#breadcrumb","itemListElement":[{"@type":"ListItem","position":1,"name":"Accueil","item":"https:\/\/www.prestigevisualmetal.com\/europe\/"},{"@type":"ListItem","position":2,"name":"R\u00e9alisations","item":"https:\/\/www.prestigevisualmetal.com\/europe\/realisations\/"},{"@type":"ListItem","position":3,"name":"Services","item":"https:\/\/www.prestigevisualmetal.com\/europe\/realisations\/vente\/"},{"@type":"ListItem","position":4,"name":"Conception graphique"}]},{"@type":"WebSite","@id":"https:\/\/www.prestigevisualmetal.com\/europe\/#website","url":"https:\/\/www.prestigevisualmetal.com\/europe\/","name":"Prestige Visual M\u00e9tal","description":"","potentialAction":[{"@type":"SearchAction","target":{"@type":"EntryPoint","urlTemplate":"https:\/\/www.prestigevisualmetal.com\/europe\/?s={search_term_string}"},"query-input":{"@type":"PropertyValueSpecification","valueRequired":true,"valueName":"search_term_string"}}],"inLanguage":"fr-BE"}]}},"_links":{"self":[{"href":"https:\/\/www.prestigevisualmetal.com\/europe\/wp-json\/wp\/v2\/pages\/3950","targetHints":{"allow":["GET"]}}],"collection":[{"href":"https:\/\/www.prestigevisualmetal.com\/europe\/wp-json\/wp\/v2\/pages"}],"about":[{"href":"https:\/\/www.prestigevisualmetal.com\/europe\/wp-json\/wp\/v2\/types\/page"}],"author":[{"embeddable":true,"href":"https:\/\/www.prestigevisualmetal.com\/europe\/wp-json\/wp\/v2\/users\/101013"}],"replies":[{"embeddable":true,"href":"https:\/\/www.prestigevisualmetal.com\/europe\/wp-json\/wp\/v2\/comments?post=3950"}],"version-history":[{"count":19,"href":"https:\/\/www.prestigevisualmetal.com\/europe\/wp-json\/wp\/v2\/pages\/3950\/revisions"}],"predecessor-version":[{"id":7351,"href":"https:\/\/www.prestigevisualmetal.com\/europe\/wp-json\/wp\/v2\/pages\/3950\/revisions\/7351"}],"up":[{"embeddable":true,"href":"https:\/\/www.prestigevisualmetal.com\/europe\/wp-json\/wp\/v2\/pages\/3944"}],"wp:attachment":[{"href":"https:\/\/www.prestigevisualmetal.com\/europe\/wp-json\/wp\/v2\/media?parent=3950"}],"curies":[{"name":"wp","href":"https:\/\/api.w.org\/{rel}","templated":true}]}}