{"id":6561,"date":"2019-02-28T14:33:46","date_gmt":"2019-02-28T19:33:46","guid":{"rendered":"https:\/\/www.prestigevisualmetal.com\/realisations\/plaque-en-bronze-laiton-inox-alu\/plaques-commemoratives\/plaque-commemorative-en-bronze-coule-naturel\/"},"modified":"2019-03-06T19:03:02","modified_gmt":"2019-03-07T00:03:02","slug":"plaque-commemorative-en-bronze-coule-naturel","status":"publish","type":"page","link":"https:\/\/www.prestigevisualmetal.com\/europe\/realisations\/plaque-en-bronze-laiton-inox-alu\/plaques-commemoratives\/plaque-commemorative-en-bronze-coule-naturel\/","title":{"rendered":"Plaque comm\u00e9morative en bronze coul\u00e9 naturel"},"content":{"rendered":"<style>#kt-layout-id_98dd9e-b9 > .kt-row-column-wrap{align-content:start;}:where(#kt-layout-id_98dd9e-b9 > .kt-row-column-wrap) > .wp-block-kadence-column{justify-content:start;}#kt-layout-id_98dd9e-b9 > .kt-row-column-wrap{column-gap:var(--global-kb-gap-md, 2rem);row-gap:var(--global-kb-gap-md, 2rem);padding-top:var( --global-kb-row-default-top, 25px );padding-bottom:var( --global-kb-row-default-bottom, 25px );padding-top:0px;padding-bottom:0px;grid-template-columns:minmax(0, 1fr);}#kt-layout-id_98dd9e-b9 > .kt-row-layout-overlay{opacity:0.30;}@media all and (max-width: 1024px){#kt-layout-id_98dd9e-b9 > .kt-row-column-wrap{grid-template-columns:minmax(0, 1fr);}}@media all and (max-width: 767px){#kt-layout-id_98dd9e-b9 > .kt-row-column-wrap{grid-template-columns:minmax(0, 1fr);}}<\/style>\n<div class=\"wp-block-kadence-rowlayout alignnone dev_bas no-liste-sm\"><div id=\"kt-layout-id_98dd9e-b9\" class=\"kt-row-layout-inner  kt-layout-id_98dd9e-b9\"><div class=\"kt-row-column-wrap kt-has-1-columns kt-gutter-default kt-row-valign-top kt-row-layout-equal kt-tab-layout-inherit kt-m-colapse-left-to-right kt-mobile-layout-row\"><style>.kadence-column_9267a6-6d > .kt-inside-inner-col{border-top-width:0px;border-right-width:0px;border-bottom-width:0px;border-left-width:0px;}.kadence-column_9267a6-6d > .kt-inside-inner-col,.kadence-column_9267a6-6d > .kt-inside-inner-col:before{border-top-left-radius:0px;border-top-right-radius:0px;border-bottom-right-radius:0px;border-bottom-left-radius:0px;}.kadence-column_9267a6-6d > .kt-inside-inner-col{column-gap:var(--global-kb-gap-sm, 1rem);}.kadence-column_9267a6-6d > .kt-inside-inner-col{flex-direction:column;}.kadence-column_9267a6-6d > .kt-inside-inner-col > .aligncenter{width:100%;}.kadence-column_9267a6-6d > .kt-inside-inner-col:before{opacity:0.3;}.kadence-column_9267a6-6d{position:relative;}@media all and (max-width: 1024px){.kadence-column_9267a6-6d > .kt-inside-inner-col{flex-direction:column;justify-content:center;}}@media all and (max-width: 767px){.kadence-column_9267a6-6d > .kt-inside-inner-col{flex-direction:column;justify-content:center;}}<\/style>\n<div class=\"wp-block-kadence-column inner-column-1 kadence-column_9267a6-6d\"><div class=\"kt-inside-inner-col\">\n<p>Identifiez un b\u00e2timent, un trajet d&#8217;interpr\u00e9tation, un jardin, un lieu historique et pour plusieurs utilisations avec une plaque comm\u00e9morative en bronze coul\u00e9 naturel. Ces plaques de bronze coul\u00e9 de qualit\u00e9 naval C22000 sont permanentes et inalt\u00e9rables. Ce look classique toujours aussi populaire donne une perception de permanence.<\/p>\n\n\n\n<ul class=\"wp-block-list\"><li><strong>Plaques comm\u00e9moratives&nbsp;en&nbsp;bronze coul\u00e9 naturel.<\/strong><\/li><li><strong>Vernis protecteur cuit ultra-r\u00e9sistant pour l\u2019ext\u00e9rieur et \u00e0 l\u2019int\u00e9rieur.<\/strong><\/li><li><strong>Sans entretien avec une garantie&nbsp;contre&nbsp;tout&nbsp;d\u00e9faut&nbsp;de&nbsp;fabrication.<\/strong><\/li><li><strong>Visserie et gabarit de pose inclus<\/strong><\/li><li><strong>Mise en page incluse pour approbation.<\/strong><\/li><li><strong>Demandez votre soumission personnalis\u00e9e!<\/strong><\/li><\/ul>\n<\/div><\/div>\n<\/div><\/div><\/div>\n\n\n\n<h2 style=\"text-align:left\" class=\"style-2 wp-block-heading\">Plaque comm\u00e9morative en bronze naturel en relief<\/h2>\n\n\n\n<figure class=\"wp-block-image\"><a href=\"https:\/\/www.prestigevisualmetal.com\/wp-content\/uploads\/2019\/03\/Plaque-Commemorative-bronze-naturel-France.jpg\" data-src=\"https:\/\/www.prestigevisualmetal.com\/wp-content\/uploads\/2019\/03\/Plaque-Commemorative-bronze-naturel-France.jpg\" data-thumb=\"https:\/\/www.prestigevisualmetal.com\/wp-content\/uploads\/2019\/03\/Plaque-Commemorative-bronze-naturel-France.jpg\" class=\"ml-lightbox-enabled\"><img loading=\"lazy\" decoding=\"async\" width=\"710\" height=\"1674\" src=\"https:\/\/www.prestigevisualmetal.com\/wp-content\/uploads\/2019\/03\/Plaque-Commemorative-bronze-naturel-France.jpg\" alt=\"Plaque Commemorative Bronze Naturel France\" class=\"wp-image-7076\" srcset=\"https:\/\/www.prestigevisualmetal.com\/wp-content\/uploads\/2019\/03\/Plaque-Commemorative-bronze-naturel-France.jpg 710w, https:\/\/www.prestigevisualmetal.com\/wp-content\/uploads\/2019\/03\/Plaque-Commemorative-bronze-naturel-France-127x300.jpg 127w, https:\/\/www.prestigevisualmetal.com\/wp-content\/uploads\/2019\/03\/Plaque-Commemorative-bronze-naturel-France-434x1024.jpg 434w\" sizes=\"auto, (max-width: 710px) 100vw, 710px\" \/><\/a><\/figure>\n\n\n\n<h2 class=\"w-80 wp-block-heading\">SERVICES<\/h2>\n\n\n<style>#kt-layout-id_679830-1d > .kt-row-column-wrap{align-content:start;}:where(#kt-layout-id_679830-1d > .kt-row-column-wrap) > .wp-block-kadence-column{justify-content:start;}#kt-layout-id_679830-1d > .kt-row-column-wrap{column-gap:var(--global-kb-gap-md, 2rem);row-gap:var(--global-kb-gap-md, 2rem);padding-top:var( --global-kb-row-default-top, 25px );padding-bottom:var( --global-kb-row-default-bottom, 25px );padding-top:var(--global-kb-spacing-sm, 1.5rem);padding-bottom:var(--global-kb-spacing-sm, 1.5rem);}#kt-layout-id_679830-1d > .kt-row-column-wrap > div:not(.added-for-specificity){grid-column:initial;}#kt-layout-id_679830-1d > .kt-row-column-wrap{grid-template-columns:repeat(3, minmax(0, 1fr));}#kt-layout-id_679830-1d > .kt-row-layout-overlay{opacity:0.30;}@media all and (max-width: 1024px){#kt-layout-id_679830-1d > .kt-row-column-wrap > div:not(.added-for-specificity){grid-column:initial;}}@media all and (max-width: 1024px){#kt-layout-id_679830-1d > .kt-row-column-wrap{grid-template-columns:repeat(3, minmax(0, 1fr));}}@media all and (max-width: 767px){#kt-layout-id_679830-1d > .kt-row-column-wrap > div:not(.added-for-specificity){grid-column:initial;}#kt-layout-id_679830-1d > .kt-row-column-wrap{grid-template-columns:minmax(0, 1fr);}}<\/style>\n<div class=\"wp-block-kadence-rowlayout alignnone w-80\"><div id=\"kt-layout-id_679830-1d\" class=\"kt-row-layout-inner  kt-layout-id_679830-1d\"><div class=\"kt-row-column-wrap kt-has-3-columns kt-gutter-default kt-row-valign-top kt-row-layout-equal kt-tab-layout-inherit kt-m-colapse-left-to-right kt-mobile-layout-row\"><style>.kadence-column_ab1953-33 > .kt-inside-inner-col{border-top-width:0px;border-right-width:0px;border-bottom-width:0px;border-left-width:0px;}.kadence-column_ab1953-33 > .kt-inside-inner-col,.kadence-column_ab1953-33 > .kt-inside-inner-col:before{border-top-left-radius:0px;border-top-right-radius:0px;border-bottom-right-radius:0px;border-bottom-left-radius:0px;}.kadence-column_ab1953-33 > .kt-inside-inner-col{column-gap:var(--global-kb-gap-sm, 1rem);}.kadence-column_ab1953-33 > .kt-inside-inner-col{flex-direction:column;}.kadence-column_ab1953-33 > .kt-inside-inner-col > .aligncenter{width:100%;}.kadence-column_ab1953-33 > .kt-inside-inner-col:before{opacity:0.3;}.kadence-column_ab1953-33{position:relative;}@media all and (max-width: 1024px){.kadence-column_ab1953-33 > .kt-inside-inner-col{flex-direction:column;justify-content:center;}}@media all and (max-width: 767px){.kadence-column_ab1953-33 > .kt-inside-inner-col{flex-direction:column;justify-content:center;}}<\/style>\n<div class=\"wp-block-kadence-column inner-column-1 kadence-column_ab1953-33\"><div class=\"kt-inside-inner-col\">\n<figure class=\"wp-block-image\"><a href=\"\/europe\/realisations\/services\/vente-a-l-exterieur\/\"><img loading=\"lazy\" decoding=\"async\" width=\"868\" height=\"235\" src=\"http:\/\/prestigevisualmetal.com\/wp-content\/uploads\/2018\/12\/Vente-a-l-exterieur.jpg\" alt=\"Vente \u00e0 l\u2019ext\u00e9rieur\" class=\"wp-image-1686\" srcset=\"https:\/\/www.prestigevisualmetal.com\/wp-content\/uploads\/2018\/12\/Vente-a-l-exterieur.jpg 868w, https:\/\/www.prestigevisualmetal.com\/wp-content\/uploads\/2018\/12\/Vente-a-l-exterieur-300x81.jpg 300w, https:\/\/www.prestigevisualmetal.com\/wp-content\/uploads\/2018\/12\/Vente-a-l-exterieur-768x208.jpg 768w\" sizes=\"auto, (max-width: 868px) 100vw, 868px\" \/><\/a><figcaption>Vente \u00e0 l\u2019ext\u00e9rieur<\/figcaption><\/figure>\n<\/div><\/div>\n\n\n<style>.kadence-column_ad3b97-da > .kt-inside-inner-col{border-top-width:0px;border-right-width:0px;border-bottom-width:0px;border-left-width:0px;}.kadence-column_ad3b97-da > .kt-inside-inner-col,.kadence-column_ad3b97-da > .kt-inside-inner-col:before{border-top-left-radius:0px;border-top-right-radius:0px;border-bottom-right-radius:0px;border-bottom-left-radius:0px;}.kadence-column_ad3b97-da > .kt-inside-inner-col{column-gap:var(--global-kb-gap-sm, 1rem);}.kadence-column_ad3b97-da > .kt-inside-inner-col{flex-direction:column;}.kadence-column_ad3b97-da > .kt-inside-inner-col > .aligncenter{width:100%;}.kadence-column_ad3b97-da > .kt-inside-inner-col:before{opacity:0.3;}.kadence-column_ad3b97-da{position:relative;}@media all and (max-width: 1024px){.kadence-column_ad3b97-da > .kt-inside-inner-col{flex-direction:column;justify-content:center;}}@media all and (max-width: 767px){.kadence-column_ad3b97-da > .kt-inside-inner-col{flex-direction:column;justify-content:center;}}<\/style>\n<div class=\"wp-block-kadence-column inner-column-2 kadence-column_ad3b97-da\"><div class=\"kt-inside-inner-col\">\n<figure class=\"wp-block-image\"><a href=\"\/europe\/realisations\/services\/conception-graphique\/\"><img loading=\"lazy\" decoding=\"async\" width=\"869\" height=\"235\" src=\"http:\/\/prestigevisualmetal.com\/wp-content\/uploads\/2018\/12\/Conception-graphique.jpg\" alt=\"Conception graphique\" class=\"wp-image-1683\" srcset=\"https:\/\/www.prestigevisualmetal.com\/wp-content\/uploads\/2018\/12\/Conception-graphique.jpg 869w, https:\/\/www.prestigevisualmetal.com\/wp-content\/uploads\/2018\/12\/Conception-graphique-768x208.jpg 768w, https:\/\/www.prestigevisualmetal.com\/wp-content\/uploads\/2018\/12\/Conception-graphique-300x81.jpg 300w\" sizes=\"auto, (max-width: 869px) 100vw, 869px\" \/><\/a><figcaption>Conception graphique<\/figcaption><\/figure>\n<\/div><\/div>\n\n\n<style>.kadence-column_636e9e-bf > .kt-inside-inner-col{border-top-width:0px;border-right-width:0px;border-bottom-width:0px;border-left-width:0px;}.kadence-column_636e9e-bf > .kt-inside-inner-col,.kadence-column_636e9e-bf > .kt-inside-inner-col:before{border-top-left-radius:0px;border-top-right-radius:0px;border-bottom-right-radius:0px;border-bottom-left-radius:0px;}.kadence-column_636e9e-bf > .kt-inside-inner-col{column-gap:var(--global-kb-gap-sm, 1rem);}.kadence-column_636e9e-bf > .kt-inside-inner-col{flex-direction:column;}.kadence-column_636e9e-bf > .kt-inside-inner-col > .aligncenter{width:100%;}.kadence-column_636e9e-bf > .kt-inside-inner-col:before{opacity:0.3;}.kadence-column_636e9e-bf{position:relative;}@media all and (max-width: 1024px){.kadence-column_636e9e-bf > .kt-inside-inner-col{flex-direction:column;justify-content:center;}}@media all and (max-width: 767px){.kadence-column_636e9e-bf > .kt-inside-inner-col{flex-direction:column;justify-content:center;}}<\/style>\n<div class=\"wp-block-kadence-column inner-column-3 kadence-column_636e9e-bf\"><div class=\"kt-inside-inner-col\">\n<figure class=\"wp-block-image\"><a href=\"https:\/\/www.prestigevisualmetal.com\/europe\/contactez-nous\/\"><img loading=\"lazy\" decoding=\"async\" width=\"868\" height=\"235\" src=\"http:\/\/prestigevisualmetal.com\/wp-content\/uploads\/2018\/12\/Contactez-nous.jpg\" alt=\"Contactez-nous\" class=\"wp-image-1684\" srcset=\"https:\/\/www.prestigevisualmetal.com\/wp-content\/uploads\/2018\/12\/Contactez-nous.jpg 868w, https:\/\/www.prestigevisualmetal.com\/wp-content\/uploads\/2018\/12\/Contactez-nous-300x81.jpg 300w, https:\/\/www.prestigevisualmetal.com\/wp-content\/uploads\/2018\/12\/Contactez-nous-768x208.jpg 768w\" sizes=\"auto, (max-width: 868px) 100vw, 868px\" \/><\/a><figcaption>Contactez-nous<\/figcaption><\/figure>\n<\/div><\/div>\n<\/div><\/div><\/div>\n","protected":false},"excerpt":{"rendered":"<p>Identifiez un b\u00e2timent, un trajet d&#8217;interpr\u00e9tation, un jardin, un lieu historique et pour plusieurs utilisations avec une plaque comm\u00e9morative en bronze coul\u00e9 naturel. Ces plaques de bronze coul\u00e9 de qualit\u00e9 naval C22000 sont permanentes et inalt\u00e9rables. Ce look classique toujours aussi populaire donne une perception de permanence. Plaques comm\u00e9moratives&nbsp;en&nbsp;bronze coul\u00e9 naturel. Vernis protecteur cuit ultra-r\u00e9sistant&#8230;  <a href=\"https:\/\/www.prestigevisualmetal.com\/europe\/realisations\/plaque-en-bronze-laiton-inox-alu\/plaques-commemoratives\/plaque-commemorative-en-bronze-coule-naturel\/\" title=\"Read Plaque comm\u00e9morative en bronze coul\u00e9 naturel\">Read more &raquo;<\/a><\/p>\n","protected":false},"author":2,"featured_media":0,"parent":6549,"menu_order":4,"comment_status":"open","ping_status":"closed","template":"","meta":{"_acf_changed":false,"ghostkit_customizer_options":"","ghostkit_custom_css":"","ghostkit_custom_js_head":"","ghostkit_custom_js_foot":"","ghostkit_typography":"","footnotes":""},"class_list":["post-6561","page","type-page","status-publish","hentry"],"acf":[],"yoast_head":"<!-- This site is optimized with the Yoast SEO plugin v27.6 - https:\/\/yoast.com\/product\/yoast-seo-wordpress\/ -->\n<title>Plaque comm\u00e9morative en bronze coul\u00e9 naturel oxid\u00e9 | Plaques Prestige<\/title>\n<meta name=\"description\" content=\"Visitez notre site internet pour admirez nos nombreuses cr\u00e9ations de plaque comm\u00e9morative en bronze coul\u00e9 naturel, oxid\u00e9 et patine. Expertise depuis 1989.\" \/>\n<meta name=\"robots\" content=\"index, follow, max-snippet:-1, max-image-preview:large, max-video-preview:-1\" \/>\n<link rel=\"canonical\" href=\"https:\/\/www.prestigevisualmetal.com\/europe\/realisations\/plaque-en-bronze-laiton-inox-alu\/plaques-commemoratives\/plaque-commemorative-en-bronze-coule-naturel\/\" \/>\n<meta property=\"og:locale\" content=\"fr_FR\" \/>\n<meta property=\"og:type\" content=\"article\" \/>\n<meta property=\"og:title\" content=\"Plaque comm\u00e9morative en bronze coul\u00e9 naturel oxid\u00e9 | Plaques Prestige\" \/>\n<meta property=\"og:description\" content=\"Visitez notre site internet pour admirez nos nombreuses cr\u00e9ations de plaque comm\u00e9morative en bronze coul\u00e9 naturel, oxid\u00e9 et patine. Expertise depuis 1989.\" \/>\n<meta property=\"og:url\" content=\"https:\/\/www.prestigevisualmetal.com\/europe\/realisations\/plaque-en-bronze-laiton-inox-alu\/plaques-commemoratives\/plaque-commemorative-en-bronze-coule-naturel\/\" \/>\n<meta property=\"og:site_name\" content=\"Prestige Visual M\u00e9tal\" \/>\n<meta property=\"article:modified_time\" content=\"2019-03-07T00:03:02+00:00\" \/>\n<meta property=\"og:image\" content=\"https:\/\/www.prestigevisualmetal.com\/wp-content\/uploads\/2019\/03\/Plaque-Commemorative-bronze-naturel-France.jpg\" \/>\n<meta name=\"twitter:label1\" content=\"Dur\u00e9e de lecture est.\" \/>\n\t<meta name=\"twitter:data1\" content=\"1 minute\" \/>\n<script type=\"application\/ld+json\" class=\"yoast-schema-graph\">{\"@context\":\"https:\\\/\\\/schema.org\",\"@graph\":[{\"@type\":\"WebPage\",\"@id\":\"https:\\\/\\\/www.prestigevisualmetal.com\\\/europe\\\/realisations\\\/plaque-en-bronze-laiton-inox-alu\\\/plaques-commemoratives\\\/plaque-commemorative-en-bronze-coule-naturel\\\/\",\"url\":\"https:\\\/\\\/www.prestigevisualmetal.com\\\/europe\\\/realisations\\\/plaque-en-bronze-laiton-inox-alu\\\/plaques-commemoratives\\\/plaque-commemorative-en-bronze-coule-naturel\\\/\",\"name\":\"Plaque comm\u00e9morative en bronze coul\u00e9 naturel oxid\u00e9 | Plaques Prestige\",\"isPartOf\":{\"@id\":\"https:\\\/\\\/www.prestigevisualmetal.com\\\/europe\\\/#website\"},\"primaryImageOfPage\":{\"@id\":\"https:\\\/\\\/www.prestigevisualmetal.com\\\/europe\\\/realisations\\\/plaque-en-bronze-laiton-inox-alu\\\/plaques-commemoratives\\\/plaque-commemorative-en-bronze-coule-naturel\\\/#primaryimage\"},\"image\":{\"@id\":\"https:\\\/\\\/www.prestigevisualmetal.com\\\/europe\\\/realisations\\\/plaque-en-bronze-laiton-inox-alu\\\/plaques-commemoratives\\\/plaque-commemorative-en-bronze-coule-naturel\\\/#primaryimage\"},\"thumbnailUrl\":\"https:\\\/\\\/www.prestigevisualmetal.com\\\/wp-content\\\/uploads\\\/2019\\\/03\\\/Plaque-Commemorative-bronze-naturel-France.jpg\",\"datePublished\":\"2019-02-28T19:33:46+00:00\",\"dateModified\":\"2019-03-07T00:03:02+00:00\",\"description\":\"Visitez notre site internet pour admirez nos nombreuses cr\u00e9ations de plaque comm\u00e9morative en bronze coul\u00e9 naturel, oxid\u00e9 et patine. Expertise depuis 1989.\",\"breadcrumb\":{\"@id\":\"https:\\\/\\\/www.prestigevisualmetal.com\\\/europe\\\/realisations\\\/plaque-en-bronze-laiton-inox-alu\\\/plaques-commemoratives\\\/plaque-commemorative-en-bronze-coule-naturel\\\/#breadcrumb\"},\"inLanguage\":\"fr-BE\",\"potentialAction\":[{\"@type\":\"ReadAction\",\"target\":[\"https:\\\/\\\/www.prestigevisualmetal.com\\\/europe\\\/realisations\\\/plaque-en-bronze-laiton-inox-alu\\\/plaques-commemoratives\\\/plaque-commemorative-en-bronze-coule-naturel\\\/\"]}]},{\"@type\":\"ImageObject\",\"inLanguage\":\"fr-BE\",\"@id\":\"https:\\\/\\\/www.prestigevisualmetal.com\\\/europe\\\/realisations\\\/plaque-en-bronze-laiton-inox-alu\\\/plaques-commemoratives\\\/plaque-commemorative-en-bronze-coule-naturel\\\/#primaryimage\",\"url\":\"https:\\\/\\\/www.prestigevisualmetal.com\\\/wp-content\\\/uploads\\\/2019\\\/03\\\/Plaque-Commemorative-bronze-naturel-France.jpg\",\"contentUrl\":\"https:\\\/\\\/www.prestigevisualmetal.com\\\/wp-content\\\/uploads\\\/2019\\\/03\\\/Plaque-Commemorative-bronze-naturel-France.jpg\"},{\"@type\":\"BreadcrumbList\",\"@id\":\"https:\\\/\\\/www.prestigevisualmetal.com\\\/europe\\\/realisations\\\/plaque-en-bronze-laiton-inox-alu\\\/plaques-commemoratives\\\/plaque-commemorative-en-bronze-coule-naturel\\\/#breadcrumb\",\"itemListElement\":[{\"@type\":\"ListItem\",\"position\":1,\"name\":\"Accueil\",\"item\":\"https:\\\/\\\/www.prestigevisualmetal.com\\\/europe\\\/\"},{\"@type\":\"ListItem\",\"position\":2,\"name\":\"R\u00e9alisations\",\"item\":\"https:\\\/\\\/www.prestigevisualmetal.com\\\/europe\\\/realisations\\\/\"},{\"@type\":\"ListItem\",\"position\":3,\"name\":\"Plaque en bronze, laiton, aluminium et inox\",\"item\":\"https:\\\/\\\/www.prestigevisualmetal.com\\\/europe\\\/realisations\\\/plaque-en-bronze-laiton-inox-alu\\\/\"},{\"@type\":\"ListItem\",\"position\":4,\"name\":\"Plaques comm\u00e9moratives\",\"item\":\"https:\\\/\\\/www.prestigevisualmetal.com\\\/europe\\\/realisations\\\/plaque-en-bronze-laiton-inox-alu\\\/plaques-commemoratives\\\/\"},{\"@type\":\"ListItem\",\"position\":5,\"name\":\"Plaque comm\u00e9morative en bronze coul\u00e9 naturel\"}]},{\"@type\":\"WebSite\",\"@id\":\"https:\\\/\\\/www.prestigevisualmetal.com\\\/europe\\\/#website\",\"url\":\"https:\\\/\\\/www.prestigevisualmetal.com\\\/europe\\\/\",\"name\":\"Prestige Visual M\u00e9tal\",\"description\":\"\",\"potentialAction\":[{\"@type\":\"SearchAction\",\"target\":{\"@type\":\"EntryPoint\",\"urlTemplate\":\"https:\\\/\\\/www.prestigevisualmetal.com\\\/europe\\\/?s={search_term_string}\"},\"query-input\":{\"@type\":\"PropertyValueSpecification\",\"valueRequired\":true,\"valueName\":\"search_term_string\"}}],\"inLanguage\":\"fr-BE\"}]}<\/script>\n<!-- \/ Yoast SEO plugin. -->","yoast_head_json":{"title":"Plaque comm\u00e9morative en bronze coul\u00e9 naturel oxid\u00e9 | Plaques Prestige","description":"Visitez notre site internet pour admirez nos nombreuses cr\u00e9ations de plaque comm\u00e9morative en bronze coul\u00e9 naturel, oxid\u00e9 et patine. Expertise depuis 1989.","robots":{"index":"index","follow":"follow","max-snippet":"max-snippet:-1","max-image-preview":"max-image-preview:large","max-video-preview":"max-video-preview:-1"},"canonical":"https:\/\/www.prestigevisualmetal.com\/europe\/realisations\/plaque-en-bronze-laiton-inox-alu\/plaques-commemoratives\/plaque-commemorative-en-bronze-coule-naturel\/","og_locale":"fr_FR","og_type":"article","og_title":"Plaque comm\u00e9morative en bronze coul\u00e9 naturel oxid\u00e9 | Plaques Prestige","og_description":"Visitez notre site internet pour admirez nos nombreuses cr\u00e9ations de plaque comm\u00e9morative en bronze coul\u00e9 naturel, oxid\u00e9 et patine. Expertise depuis 1989.","og_url":"https:\/\/www.prestigevisualmetal.com\/europe\/realisations\/plaque-en-bronze-laiton-inox-alu\/plaques-commemoratives\/plaque-commemorative-en-bronze-coule-naturel\/","og_site_name":"Prestige Visual M\u00e9tal","article_modified_time":"2019-03-07T00:03:02+00:00","og_image":[{"url":"https:\/\/www.prestigevisualmetal.com\/wp-content\/uploads\/2019\/03\/Plaque-Commemorative-bronze-naturel-France.jpg","type":"","width":"","height":""}],"twitter_misc":{"Dur\u00e9e de lecture est.":"1 minute"},"schema":{"@context":"https:\/\/schema.org","@graph":[{"@type":"WebPage","@id":"https:\/\/www.prestigevisualmetal.com\/europe\/realisations\/plaque-en-bronze-laiton-inox-alu\/plaques-commemoratives\/plaque-commemorative-en-bronze-coule-naturel\/","url":"https:\/\/www.prestigevisualmetal.com\/europe\/realisations\/plaque-en-bronze-laiton-inox-alu\/plaques-commemoratives\/plaque-commemorative-en-bronze-coule-naturel\/","name":"Plaque comm\u00e9morative en bronze coul\u00e9 naturel oxid\u00e9 | Plaques Prestige","isPartOf":{"@id":"https:\/\/www.prestigevisualmetal.com\/europe\/#website"},"primaryImageOfPage":{"@id":"https:\/\/www.prestigevisualmetal.com\/europe\/realisations\/plaque-en-bronze-laiton-inox-alu\/plaques-commemoratives\/plaque-commemorative-en-bronze-coule-naturel\/#primaryimage"},"image":{"@id":"https:\/\/www.prestigevisualmetal.com\/europe\/realisations\/plaque-en-bronze-laiton-inox-alu\/plaques-commemoratives\/plaque-commemorative-en-bronze-coule-naturel\/#primaryimage"},"thumbnailUrl":"https:\/\/www.prestigevisualmetal.com\/wp-content\/uploads\/2019\/03\/Plaque-Commemorative-bronze-naturel-France.jpg","datePublished":"2019-02-28T19:33:46+00:00","dateModified":"2019-03-07T00:03:02+00:00","description":"Visitez notre site internet pour admirez nos nombreuses cr\u00e9ations de plaque comm\u00e9morative en bronze coul\u00e9 naturel, oxid\u00e9 et patine. Expertise depuis 1989.","breadcrumb":{"@id":"https:\/\/www.prestigevisualmetal.com\/europe\/realisations\/plaque-en-bronze-laiton-inox-alu\/plaques-commemoratives\/plaque-commemorative-en-bronze-coule-naturel\/#breadcrumb"},"inLanguage":"fr-BE","potentialAction":[{"@type":"ReadAction","target":["https:\/\/www.prestigevisualmetal.com\/europe\/realisations\/plaque-en-bronze-laiton-inox-alu\/plaques-commemoratives\/plaque-commemorative-en-bronze-coule-naturel\/"]}]},{"@type":"ImageObject","inLanguage":"fr-BE","@id":"https:\/\/www.prestigevisualmetal.com\/europe\/realisations\/plaque-en-bronze-laiton-inox-alu\/plaques-commemoratives\/plaque-commemorative-en-bronze-coule-naturel\/#primaryimage","url":"https:\/\/www.prestigevisualmetal.com\/wp-content\/uploads\/2019\/03\/Plaque-Commemorative-bronze-naturel-France.jpg","contentUrl":"https:\/\/www.prestigevisualmetal.com\/wp-content\/uploads\/2019\/03\/Plaque-Commemorative-bronze-naturel-France.jpg"},{"@type":"BreadcrumbList","@id":"https:\/\/www.prestigevisualmetal.com\/europe\/realisations\/plaque-en-bronze-laiton-inox-alu\/plaques-commemoratives\/plaque-commemorative-en-bronze-coule-naturel\/#breadcrumb","itemListElement":[{"@type":"ListItem","position":1,"name":"Accueil","item":"https:\/\/www.prestigevisualmetal.com\/europe\/"},{"@type":"ListItem","position":2,"name":"R\u00e9alisations","item":"https:\/\/www.prestigevisualmetal.com\/europe\/realisations\/"},{"@type":"ListItem","position":3,"name":"Plaque en bronze, laiton, aluminium et inox","item":"https:\/\/www.prestigevisualmetal.com\/europe\/realisations\/plaque-en-bronze-laiton-inox-alu\/"},{"@type":"ListItem","position":4,"name":"Plaques comm\u00e9moratives","item":"https:\/\/www.prestigevisualmetal.com\/europe\/realisations\/plaque-en-bronze-laiton-inox-alu\/plaques-commemoratives\/"},{"@type":"ListItem","position":5,"name":"Plaque comm\u00e9morative en bronze coul\u00e9 naturel"}]},{"@type":"WebSite","@id":"https:\/\/www.prestigevisualmetal.com\/europe\/#website","url":"https:\/\/www.prestigevisualmetal.com\/europe\/","name":"Prestige Visual M\u00e9tal","description":"","potentialAction":[{"@type":"SearchAction","target":{"@type":"EntryPoint","urlTemplate":"https:\/\/www.prestigevisualmetal.com\/europe\/?s={search_term_string}"},"query-input":{"@type":"PropertyValueSpecification","valueRequired":true,"valueName":"search_term_string"}}],"inLanguage":"fr-BE"}]}},"_links":{"self":[{"href":"https:\/\/www.prestigevisualmetal.com\/europe\/wp-json\/wp\/v2\/pages\/6561","targetHints":{"allow":["GET"]}}],"collection":[{"href":"https:\/\/www.prestigevisualmetal.com\/europe\/wp-json\/wp\/v2\/pages"}],"about":[{"href":"https:\/\/www.prestigevisualmetal.com\/europe\/wp-json\/wp\/v2\/types\/page"}],"author":[{"embeddable":true,"href":"https:\/\/www.prestigevisualmetal.com\/europe\/wp-json\/wp\/v2\/users\/2"}],"replies":[{"embeddable":true,"href":"https:\/\/www.prestigevisualmetal.com\/europe\/wp-json\/wp\/v2\/comments?post=6561"}],"version-history":[{"count":10,"href":"https:\/\/www.prestigevisualmetal.com\/europe\/wp-json\/wp\/v2\/pages\/6561\/revisions"}],"predecessor-version":[{"id":7498,"href":"https:\/\/www.prestigevisualmetal.com\/europe\/wp-json\/wp\/v2\/pages\/6561\/revisions\/7498"}],"up":[{"embeddable":true,"href":"https:\/\/www.prestigevisualmetal.com\/europe\/wp-json\/wp\/v2\/pages\/6549"}],"wp:attachment":[{"href":"https:\/\/www.prestigevisualmetal.com\/europe\/wp-json\/wp\/v2\/media?parent=6561"}],"curies":[{"name":"wp","href":"https:\/\/api.w.org\/{rel}","templated":true}]}}