{"id":6568,"date":"2019-02-28T14:43:23","date_gmt":"2019-02-28T19:43:23","guid":{"rendered":"https:\/\/www.prestigevisualmetal.com\/realisations\/plaque-en-bronze-laiton-inox-alu\/plaques-commemoratives\/plaque-commemorative-en-bronze-grave\/"},"modified":"2019-03-06T19:07:02","modified_gmt":"2019-03-07T00:07:02","slug":"plaque-commemorative-en-bronze-grave","status":"publish","type":"page","link":"https:\/\/www.prestigevisualmetal.com\/europe\/realisations\/plaque-en-bronze-laiton-inox-alu\/plaques-commemoratives\/plaque-commemorative-en-bronze-grave\/","title":{"rendered":"Plaque comm\u00e9morative en bronze grav\u00e9"},"content":{"rendered":"<style>#kt-layout-id_59b6c1-26 > .kt-row-column-wrap{align-content:start;}:where(#kt-layout-id_59b6c1-26 > .kt-row-column-wrap) > .wp-block-kadence-column{justify-content:start;}#kt-layout-id_59b6c1-26 > .kt-row-column-wrap{column-gap:var(--global-kb-gap-md, 2rem);row-gap:var(--global-kb-gap-md, 2rem);padding-top:var( --global-kb-row-default-top, 25px );padding-bottom:var( --global-kb-row-default-bottom, 25px );padding-top:0px;padding-bottom:0px;grid-template-columns:minmax(0, 1fr);}#kt-layout-id_59b6c1-26 > .kt-row-layout-overlay{opacity:0.30;}@media all and (max-width: 1024px){#kt-layout-id_59b6c1-26 > .kt-row-column-wrap{grid-template-columns:minmax(0, 1fr);}}@media all and (max-width: 767px){#kt-layout-id_59b6c1-26 > .kt-row-column-wrap{grid-template-columns:minmax(0, 1fr);}}<\/style>\n<div class=\"wp-block-kadence-rowlayout alignnone dev_bas no-liste-sm\"><div id=\"kt-layout-id_59b6c1-26\" class=\"kt-row-layout-inner  kt-layout-id_59b6c1-26\"><div class=\"kt-row-column-wrap kt-has-1-columns kt-gutter-default kt-row-valign-top kt-row-layout-equal kt-tab-layout-inherit kt-m-colapse-left-to-right kt-mobile-layout-row\"><style>.kadence-column_9c9276-03 > .kt-inside-inner-col{border-top-width:0px;border-right-width:0px;border-bottom-width:0px;border-left-width:0px;}.kadence-column_9c9276-03 > .kt-inside-inner-col,.kadence-column_9c9276-03 > .kt-inside-inner-col:before{border-top-left-radius:0px;border-top-right-radius:0px;border-bottom-right-radius:0px;border-bottom-left-radius:0px;}.kadence-column_9c9276-03 > .kt-inside-inner-col{column-gap:var(--global-kb-gap-sm, 1rem);}.kadence-column_9c9276-03 > .kt-inside-inner-col{flex-direction:column;}.kadence-column_9c9276-03 > .kt-inside-inner-col > .aligncenter{width:100%;}.kadence-column_9c9276-03 > .kt-inside-inner-col:before{opacity:0.3;}.kadence-column_9c9276-03{position:relative;}@media all and (max-width: 1024px){.kadence-column_9c9276-03 > .kt-inside-inner-col{flex-direction:column;justify-content:center;}}@media all and (max-width: 767px){.kadence-column_9c9276-03 > .kt-inside-inner-col{flex-direction:column;justify-content:center;}}<\/style>\n<div class=\"wp-block-kadence-column inner-column-1 kadence-column_9c9276-03\"><div class=\"kt-inside-inner-col\">\n<p>Les plaques comm\u00e9moratives grav\u00e9 en bronze et en laiton, sont un excellent moyen d&#8217;appr\u00e9cier des r\u00e9alisations et des personnalit\u00e9s. Ces plaques grav\u00e9es \u00e0 l\u2019acide d\u2019une grande pr\u00e9cision, sont con\u00e7ues selon les r\u00e8gles de l&#8217;art. Ces plaques grav\u00e9es sont tr\u00e8s r\u00e9sistantes pour l\u2019ext\u00e9rieur et \u00e0 l\u2019int\u00e9rieur gr\u00e2ce \u00e0 un vernis protecteur cuit tr\u00e8s performant.<\/p>\n\n\n\n<ul class=\"wp-block-list\"><li><strong>Plaques comm\u00e9moratives&nbsp;grav\u00e9es en bronze.<\/strong><\/li><li><strong>Vernis protecteur cuit ultra-r\u00e9sistant pour l\u2019ext\u00e9rieur et \u00e0 l\u2019int\u00e9rieur.<\/strong><\/li><li><strong>Sans entretien avec une garantie&nbsp;contre&nbsp;tout&nbsp;d\u00e9faut&nbsp;de&nbsp;fabrication.<\/strong><\/li><li><strong>Visserie et gabarit de pose inclus<\/strong><\/li><li><strong>Mise en page incluse pour approbation.<\/strong><\/li><li><strong>Demandez votre soumission personnalis\u00e9e!<\/strong><\/li><\/ul>\n<\/div><\/div>\n<\/div><\/div><\/div>\n\n\n\n<h2 style=\"text-align:left\" class=\"style-2 wp-block-heading\">Plaque comm\u00e9morative grav\u00e9e en bronze et laiton<\/h2>\n\n\n\n<figure class=\"wp-block-image\"><a href=\"https:\/\/www.prestigevisualmetal.com\/wp-content\/uploads\/2019\/03\/Plaque-Commemorative-gravee-laiton-bronze-France.jpg\" data-src=\"https:\/\/www.prestigevisualmetal.com\/wp-content\/uploads\/2019\/03\/Plaque-Commemorative-gravee-laiton-bronze-France.jpg\" data-thumb=\"https:\/\/www.prestigevisualmetal.com\/wp-content\/uploads\/2019\/03\/Plaque-Commemorative-gravee-laiton-bronze-France.jpg\" class=\"ml-lightbox-enabled\"><img loading=\"lazy\" decoding=\"async\" width=\"709\" height=\"2163\" src=\"https:\/\/www.prestigevisualmetal.com\/wp-content\/uploads\/2019\/03\/Plaque-Commemorative-gravee-laiton-bronze-France.jpg\" alt=\"Plaque Commemorative Gravee Laiton Bronze France\" class=\"wp-image-7084\" srcset=\"https:\/\/www.prestigevisualmetal.com\/wp-content\/uploads\/2019\/03\/Plaque-Commemorative-gravee-laiton-bronze-France.jpg 709w, https:\/\/www.prestigevisualmetal.com\/wp-content\/uploads\/2019\/03\/Plaque-Commemorative-gravee-laiton-bronze-France-98x300.jpg 98w, https:\/\/www.prestigevisualmetal.com\/wp-content\/uploads\/2019\/03\/Plaque-Commemorative-gravee-laiton-bronze-France-336x1024.jpg 336w\" sizes=\"auto, (max-width: 709px) 100vw, 709px\" \/><\/a><\/figure>\n\n\n\n<h2 class=\"w-80 wp-block-heading\">SERVICES<\/h2>\n\n\n<style>#kt-layout-id_4f1a73-8c > .kt-row-column-wrap{align-content:start;}:where(#kt-layout-id_4f1a73-8c > .kt-row-column-wrap) > .wp-block-kadence-column{justify-content:start;}#kt-layout-id_4f1a73-8c > .kt-row-column-wrap{column-gap:var(--global-kb-gap-md, 2rem);row-gap:var(--global-kb-gap-md, 2rem);padding-top:var( --global-kb-row-default-top, 25px );padding-bottom:var( --global-kb-row-default-bottom, 25px );padding-top:var(--global-kb-spacing-sm, 1.5rem);padding-bottom:var(--global-kb-spacing-sm, 1.5rem);}#kt-layout-id_4f1a73-8c > .kt-row-column-wrap > div:not(.added-for-specificity){grid-column:initial;}#kt-layout-id_4f1a73-8c > .kt-row-column-wrap{grid-template-columns:repeat(3, minmax(0, 1fr));}#kt-layout-id_4f1a73-8c > .kt-row-layout-overlay{opacity:0.30;}@media all and (max-width: 1024px){#kt-layout-id_4f1a73-8c > .kt-row-column-wrap > div:not(.added-for-specificity){grid-column:initial;}}@media all and (max-width: 1024px){#kt-layout-id_4f1a73-8c > .kt-row-column-wrap{grid-template-columns:repeat(3, minmax(0, 1fr));}}@media all and (max-width: 767px){#kt-layout-id_4f1a73-8c > .kt-row-column-wrap > div:not(.added-for-specificity){grid-column:initial;}#kt-layout-id_4f1a73-8c > .kt-row-column-wrap{grid-template-columns:minmax(0, 1fr);}}<\/style>\n<div class=\"wp-block-kadence-rowlayout alignnone w-80\"><div id=\"kt-layout-id_4f1a73-8c\" class=\"kt-row-layout-inner  kt-layout-id_4f1a73-8c\"><div class=\"kt-row-column-wrap kt-has-3-columns kt-gutter-default kt-row-valign-top kt-row-layout-equal kt-tab-layout-inherit kt-m-colapse-left-to-right kt-mobile-layout-row\"><style>.kadence-column_c42414-e5 > .kt-inside-inner-col{border-top-width:0px;border-right-width:0px;border-bottom-width:0px;border-left-width:0px;}.kadence-column_c42414-e5 > .kt-inside-inner-col,.kadence-column_c42414-e5 > .kt-inside-inner-col:before{border-top-left-radius:0px;border-top-right-radius:0px;border-bottom-right-radius:0px;border-bottom-left-radius:0px;}.kadence-column_c42414-e5 > .kt-inside-inner-col{column-gap:var(--global-kb-gap-sm, 1rem);}.kadence-column_c42414-e5 > .kt-inside-inner-col{flex-direction:column;}.kadence-column_c42414-e5 > .kt-inside-inner-col > .aligncenter{width:100%;}.kadence-column_c42414-e5 > .kt-inside-inner-col:before{opacity:0.3;}.kadence-column_c42414-e5{position:relative;}@media all and (max-width: 1024px){.kadence-column_c42414-e5 > .kt-inside-inner-col{flex-direction:column;justify-content:center;}}@media all and (max-width: 767px){.kadence-column_c42414-e5 > .kt-inside-inner-col{flex-direction:column;justify-content:center;}}<\/style>\n<div class=\"wp-block-kadence-column inner-column-1 kadence-column_c42414-e5\"><div class=\"kt-inside-inner-col\">\n<figure class=\"wp-block-image\"><a href=\"\/europe\/realisations\/services\/vente-a-l-exterieur\/\"><img loading=\"lazy\" decoding=\"async\" width=\"868\" height=\"235\" src=\"http:\/\/prestigevisualmetal.com\/wp-content\/uploads\/2018\/12\/Vente-a-l-exterieur.jpg\" alt=\"Vente \u00e0 l\u2019ext\u00e9rieur\" class=\"wp-image-1686\" srcset=\"https:\/\/www.prestigevisualmetal.com\/wp-content\/uploads\/2018\/12\/Vente-a-l-exterieur.jpg 868w, https:\/\/www.prestigevisualmetal.com\/wp-content\/uploads\/2018\/12\/Vente-a-l-exterieur-300x81.jpg 300w, https:\/\/www.prestigevisualmetal.com\/wp-content\/uploads\/2018\/12\/Vente-a-l-exterieur-768x208.jpg 768w\" sizes=\"auto, (max-width: 868px) 100vw, 868px\" \/><\/a><figcaption>Vente \u00e0 l\u2019ext\u00e9rieur<\/figcaption><\/figure>\n<\/div><\/div>\n\n\n<style>.kadence-column_83f95e-1f > .kt-inside-inner-col{border-top-width:0px;border-right-width:0px;border-bottom-width:0px;border-left-width:0px;}.kadence-column_83f95e-1f > .kt-inside-inner-col,.kadence-column_83f95e-1f > .kt-inside-inner-col:before{border-top-left-radius:0px;border-top-right-radius:0px;border-bottom-right-radius:0px;border-bottom-left-radius:0px;}.kadence-column_83f95e-1f > .kt-inside-inner-col{column-gap:var(--global-kb-gap-sm, 1rem);}.kadence-column_83f95e-1f > .kt-inside-inner-col{flex-direction:column;}.kadence-column_83f95e-1f > .kt-inside-inner-col > .aligncenter{width:100%;}.kadence-column_83f95e-1f > .kt-inside-inner-col:before{opacity:0.3;}.kadence-column_83f95e-1f{position:relative;}@media all and (max-width: 1024px){.kadence-column_83f95e-1f > .kt-inside-inner-col{flex-direction:column;justify-content:center;}}@media all and (max-width: 767px){.kadence-column_83f95e-1f > .kt-inside-inner-col{flex-direction:column;justify-content:center;}}<\/style>\n<div class=\"wp-block-kadence-column inner-column-2 kadence-column_83f95e-1f\"><div class=\"kt-inside-inner-col\">\n<figure class=\"wp-block-image\"><a href=\"\/europe\/realisations\/services\/conception-graphique\/\"><img loading=\"lazy\" decoding=\"async\" width=\"869\" height=\"235\" src=\"http:\/\/prestigevisualmetal.com\/wp-content\/uploads\/2018\/12\/Conception-graphique.jpg\" alt=\"Conception graphique\" class=\"wp-image-1683\" srcset=\"https:\/\/www.prestigevisualmetal.com\/wp-content\/uploads\/2018\/12\/Conception-graphique.jpg 869w, https:\/\/www.prestigevisualmetal.com\/wp-content\/uploads\/2018\/12\/Conception-graphique-768x208.jpg 768w, https:\/\/www.prestigevisualmetal.com\/wp-content\/uploads\/2018\/12\/Conception-graphique-300x81.jpg 300w\" sizes=\"auto, (max-width: 869px) 100vw, 869px\" \/><\/a><figcaption>Conception graphique<\/figcaption><\/figure>\n<\/div><\/div>\n\n\n<style>.kadence-column_7a9a94-0b > .kt-inside-inner-col{border-top-width:0px;border-right-width:0px;border-bottom-width:0px;border-left-width:0px;}.kadence-column_7a9a94-0b > .kt-inside-inner-col,.kadence-column_7a9a94-0b > .kt-inside-inner-col:before{border-top-left-radius:0px;border-top-right-radius:0px;border-bottom-right-radius:0px;border-bottom-left-radius:0px;}.kadence-column_7a9a94-0b > .kt-inside-inner-col{column-gap:var(--global-kb-gap-sm, 1rem);}.kadence-column_7a9a94-0b > .kt-inside-inner-col{flex-direction:column;}.kadence-column_7a9a94-0b > .kt-inside-inner-col > .aligncenter{width:100%;}.kadence-column_7a9a94-0b > .kt-inside-inner-col:before{opacity:0.3;}.kadence-column_7a9a94-0b{position:relative;}@media all and (max-width: 1024px){.kadence-column_7a9a94-0b > .kt-inside-inner-col{flex-direction:column;justify-content:center;}}@media all and (max-width: 767px){.kadence-column_7a9a94-0b > .kt-inside-inner-col{flex-direction:column;justify-content:center;}}<\/style>\n<div class=\"wp-block-kadence-column inner-column-3 kadence-column_7a9a94-0b\"><div class=\"kt-inside-inner-col\">\n<figure class=\"wp-block-image\"><a href=\"\/europe\/contactez-nous\/\"><img loading=\"lazy\" decoding=\"async\" width=\"868\" height=\"235\" src=\"http:\/\/prestigevisualmetal.com\/wp-content\/uploads\/2018\/12\/Contactez-nous.jpg\" alt=\"Contactez-nous\" class=\"wp-image-1684\" srcset=\"https:\/\/www.prestigevisualmetal.com\/wp-content\/uploads\/2018\/12\/Contactez-nous.jpg 868w, https:\/\/www.prestigevisualmetal.com\/wp-content\/uploads\/2018\/12\/Contactez-nous-300x81.jpg 300w, https:\/\/www.prestigevisualmetal.com\/wp-content\/uploads\/2018\/12\/Contactez-nous-768x208.jpg 768w\" sizes=\"auto, (max-width: 868px) 100vw, 868px\" \/><\/a><figcaption>Contactez-nous<\/figcaption><\/figure>\n<\/div><\/div>\n<\/div><\/div><\/div>\n","protected":false},"excerpt":{"rendered":"<p>Les plaques comm\u00e9moratives grav\u00e9 en bronze et en laiton, sont un excellent moyen d&#8217;appr\u00e9cier des r\u00e9alisations et des personnalit\u00e9s. Ces plaques grav\u00e9es \u00e0 l\u2019acide d\u2019une grande pr\u00e9cision, sont con\u00e7ues selon les r\u00e8gles de l&#8217;art. Ces plaques grav\u00e9es sont tr\u00e8s r\u00e9sistantes pour l\u2019ext\u00e9rieur et \u00e0 l\u2019int\u00e9rieur gr\u00e2ce \u00e0 un vernis protecteur cuit tr\u00e8s performant. Plaques comm\u00e9moratives&nbsp;grav\u00e9es&#8230;  <a href=\"https:\/\/www.prestigevisualmetal.com\/europe\/realisations\/plaque-en-bronze-laiton-inox-alu\/plaques-commemoratives\/plaque-commemorative-en-bronze-grave\/\" title=\"Read Plaque comm\u00e9morative en bronze grav\u00e9\">Read more &raquo;<\/a><\/p>\n","protected":false},"author":2,"featured_media":0,"parent":6549,"menu_order":6,"comment_status":"open","ping_status":"closed","template":"","meta":{"_acf_changed":false,"ghostkit_customizer_options":"","ghostkit_custom_css":"","ghostkit_custom_js_head":"","ghostkit_custom_js_foot":"","ghostkit_typography":"","footnotes":""},"class_list":["post-6568","page","type-page","status-publish","hentry"],"acf":[],"yoast_head":"<!-- This site is optimized with the Yoast SEO plugin v27.6 - https:\/\/yoast.com\/product\/yoast-seo-wordpress\/ -->\n<title>Plaque comm\u00e9morative grav\u00e9e en bronze et laiton | Plaques Prestige<\/title>\n<meta name=\"description\" content=\"Demandez une \u00e9valuation gratuite pour une plaque comm\u00e9morative grav\u00e9e en bronze et en laiton. Personnalisez \u00e0 l&#039;aide de notre service de graphisme inclus.\" \/>\n<meta name=\"robots\" content=\"index, follow, max-snippet:-1, max-image-preview:large, max-video-preview:-1\" \/>\n<link rel=\"canonical\" href=\"https:\/\/www.prestigevisualmetal.com\/europe\/realisations\/plaque-en-bronze-laiton-inox-alu\/plaques-commemoratives\/plaque-commemorative-en-bronze-grave\/\" \/>\n<meta property=\"og:locale\" content=\"fr_FR\" \/>\n<meta property=\"og:type\" content=\"article\" \/>\n<meta property=\"og:title\" content=\"Plaque comm\u00e9morative grav\u00e9e en bronze et laiton | Plaques Prestige\" \/>\n<meta property=\"og:description\" content=\"Demandez une \u00e9valuation gratuite pour une plaque comm\u00e9morative grav\u00e9e en bronze et en laiton. Personnalisez \u00e0 l&#039;aide de notre service de graphisme inclus.\" \/>\n<meta property=\"og:url\" content=\"https:\/\/www.prestigevisualmetal.com\/europe\/realisations\/plaque-en-bronze-laiton-inox-alu\/plaques-commemoratives\/plaque-commemorative-en-bronze-grave\/\" \/>\n<meta property=\"og:site_name\" content=\"Prestige Visual M\u00e9tal\" \/>\n<meta property=\"article:modified_time\" content=\"2019-03-07T00:07:02+00:00\" \/>\n<meta property=\"og:image\" content=\"https:\/\/www.prestigevisualmetal.com\/wp-content\/uploads\/2019\/03\/Plaque-Commemorative-gravee-laiton-bronze-France.jpg\" \/>\n<meta name=\"twitter:label1\" content=\"Dur\u00e9e de lecture est.\" \/>\n\t<meta name=\"twitter:data1\" content=\"1 minute\" \/>\n<script type=\"application\/ld+json\" class=\"yoast-schema-graph\">{\"@context\":\"https:\\\/\\\/schema.org\",\"@graph\":[{\"@type\":\"WebPage\",\"@id\":\"https:\\\/\\\/www.prestigevisualmetal.com\\\/europe\\\/realisations\\\/plaque-en-bronze-laiton-inox-alu\\\/plaques-commemoratives\\\/plaque-commemorative-en-bronze-grave\\\/\",\"url\":\"https:\\\/\\\/www.prestigevisualmetal.com\\\/europe\\\/realisations\\\/plaque-en-bronze-laiton-inox-alu\\\/plaques-commemoratives\\\/plaque-commemorative-en-bronze-grave\\\/\",\"name\":\"Plaque comm\u00e9morative grav\u00e9e en bronze et laiton | Plaques Prestige\",\"isPartOf\":{\"@id\":\"https:\\\/\\\/www.prestigevisualmetal.com\\\/europe\\\/#website\"},\"primaryImageOfPage\":{\"@id\":\"https:\\\/\\\/www.prestigevisualmetal.com\\\/europe\\\/realisations\\\/plaque-en-bronze-laiton-inox-alu\\\/plaques-commemoratives\\\/plaque-commemorative-en-bronze-grave\\\/#primaryimage\"},\"image\":{\"@id\":\"https:\\\/\\\/www.prestigevisualmetal.com\\\/europe\\\/realisations\\\/plaque-en-bronze-laiton-inox-alu\\\/plaques-commemoratives\\\/plaque-commemorative-en-bronze-grave\\\/#primaryimage\"},\"thumbnailUrl\":\"https:\\\/\\\/www.prestigevisualmetal.com\\\/wp-content\\\/uploads\\\/2019\\\/03\\\/Plaque-Commemorative-gravee-laiton-bronze-France.jpg\",\"datePublished\":\"2019-02-28T19:43:23+00:00\",\"dateModified\":\"2019-03-07T00:07:02+00:00\",\"description\":\"Demandez une \u00e9valuation gratuite pour une plaque comm\u00e9morative grav\u00e9e en bronze et en laiton. Personnalisez \u00e0 l'aide de notre service de graphisme inclus.\",\"breadcrumb\":{\"@id\":\"https:\\\/\\\/www.prestigevisualmetal.com\\\/europe\\\/realisations\\\/plaque-en-bronze-laiton-inox-alu\\\/plaques-commemoratives\\\/plaque-commemorative-en-bronze-grave\\\/#breadcrumb\"},\"inLanguage\":\"fr-BE\",\"potentialAction\":[{\"@type\":\"ReadAction\",\"target\":[\"https:\\\/\\\/www.prestigevisualmetal.com\\\/europe\\\/realisations\\\/plaque-en-bronze-laiton-inox-alu\\\/plaques-commemoratives\\\/plaque-commemorative-en-bronze-grave\\\/\"]}]},{\"@type\":\"ImageObject\",\"inLanguage\":\"fr-BE\",\"@id\":\"https:\\\/\\\/www.prestigevisualmetal.com\\\/europe\\\/realisations\\\/plaque-en-bronze-laiton-inox-alu\\\/plaques-commemoratives\\\/plaque-commemorative-en-bronze-grave\\\/#primaryimage\",\"url\":\"https:\\\/\\\/www.prestigevisualmetal.com\\\/wp-content\\\/uploads\\\/2019\\\/03\\\/Plaque-Commemorative-gravee-laiton-bronze-France.jpg\",\"contentUrl\":\"https:\\\/\\\/www.prestigevisualmetal.com\\\/wp-content\\\/uploads\\\/2019\\\/03\\\/Plaque-Commemorative-gravee-laiton-bronze-France.jpg\"},{\"@type\":\"BreadcrumbList\",\"@id\":\"https:\\\/\\\/www.prestigevisualmetal.com\\\/europe\\\/realisations\\\/plaque-en-bronze-laiton-inox-alu\\\/plaques-commemoratives\\\/plaque-commemorative-en-bronze-grave\\\/#breadcrumb\",\"itemListElement\":[{\"@type\":\"ListItem\",\"position\":1,\"name\":\"Accueil\",\"item\":\"https:\\\/\\\/www.prestigevisualmetal.com\\\/europe\\\/\"},{\"@type\":\"ListItem\",\"position\":2,\"name\":\"R\u00e9alisations\",\"item\":\"https:\\\/\\\/www.prestigevisualmetal.com\\\/europe\\\/realisations\\\/\"},{\"@type\":\"ListItem\",\"position\":3,\"name\":\"Plaque en bronze, laiton, aluminium et inox\",\"item\":\"https:\\\/\\\/www.prestigevisualmetal.com\\\/europe\\\/realisations\\\/plaque-en-bronze-laiton-inox-alu\\\/\"},{\"@type\":\"ListItem\",\"position\":4,\"name\":\"Plaques comm\u00e9moratives\",\"item\":\"https:\\\/\\\/www.prestigevisualmetal.com\\\/europe\\\/realisations\\\/plaque-en-bronze-laiton-inox-alu\\\/plaques-commemoratives\\\/\"},{\"@type\":\"ListItem\",\"position\":5,\"name\":\"Plaque comm\u00e9morative en bronze grav\u00e9\"}]},{\"@type\":\"WebSite\",\"@id\":\"https:\\\/\\\/www.prestigevisualmetal.com\\\/europe\\\/#website\",\"url\":\"https:\\\/\\\/www.prestigevisualmetal.com\\\/europe\\\/\",\"name\":\"Prestige Visual M\u00e9tal\",\"description\":\"\",\"potentialAction\":[{\"@type\":\"SearchAction\",\"target\":{\"@type\":\"EntryPoint\",\"urlTemplate\":\"https:\\\/\\\/www.prestigevisualmetal.com\\\/europe\\\/?s={search_term_string}\"},\"query-input\":{\"@type\":\"PropertyValueSpecification\",\"valueRequired\":true,\"valueName\":\"search_term_string\"}}],\"inLanguage\":\"fr-BE\"}]}<\/script>\n<!-- \/ Yoast SEO plugin. -->","yoast_head_json":{"title":"Plaque comm\u00e9morative grav\u00e9e en bronze et laiton | Plaques Prestige","description":"Demandez une \u00e9valuation gratuite pour une plaque comm\u00e9morative grav\u00e9e en bronze et en laiton. Personnalisez \u00e0 l'aide de notre service de graphisme inclus.","robots":{"index":"index","follow":"follow","max-snippet":"max-snippet:-1","max-image-preview":"max-image-preview:large","max-video-preview":"max-video-preview:-1"},"canonical":"https:\/\/www.prestigevisualmetal.com\/europe\/realisations\/plaque-en-bronze-laiton-inox-alu\/plaques-commemoratives\/plaque-commemorative-en-bronze-grave\/","og_locale":"fr_FR","og_type":"article","og_title":"Plaque comm\u00e9morative grav\u00e9e en bronze et laiton | Plaques Prestige","og_description":"Demandez une \u00e9valuation gratuite pour une plaque comm\u00e9morative grav\u00e9e en bronze et en laiton. Personnalisez \u00e0 l'aide de notre service de graphisme inclus.","og_url":"https:\/\/www.prestigevisualmetal.com\/europe\/realisations\/plaque-en-bronze-laiton-inox-alu\/plaques-commemoratives\/plaque-commemorative-en-bronze-grave\/","og_site_name":"Prestige Visual M\u00e9tal","article_modified_time":"2019-03-07T00:07:02+00:00","og_image":[{"url":"https:\/\/www.prestigevisualmetal.com\/wp-content\/uploads\/2019\/03\/Plaque-Commemorative-gravee-laiton-bronze-France.jpg","type":"","width":"","height":""}],"twitter_misc":{"Dur\u00e9e de lecture est.":"1 minute"},"schema":{"@context":"https:\/\/schema.org","@graph":[{"@type":"WebPage","@id":"https:\/\/www.prestigevisualmetal.com\/europe\/realisations\/plaque-en-bronze-laiton-inox-alu\/plaques-commemoratives\/plaque-commemorative-en-bronze-grave\/","url":"https:\/\/www.prestigevisualmetal.com\/europe\/realisations\/plaque-en-bronze-laiton-inox-alu\/plaques-commemoratives\/plaque-commemorative-en-bronze-grave\/","name":"Plaque comm\u00e9morative grav\u00e9e en bronze et laiton | Plaques Prestige","isPartOf":{"@id":"https:\/\/www.prestigevisualmetal.com\/europe\/#website"},"primaryImageOfPage":{"@id":"https:\/\/www.prestigevisualmetal.com\/europe\/realisations\/plaque-en-bronze-laiton-inox-alu\/plaques-commemoratives\/plaque-commemorative-en-bronze-grave\/#primaryimage"},"image":{"@id":"https:\/\/www.prestigevisualmetal.com\/europe\/realisations\/plaque-en-bronze-laiton-inox-alu\/plaques-commemoratives\/plaque-commemorative-en-bronze-grave\/#primaryimage"},"thumbnailUrl":"https:\/\/www.prestigevisualmetal.com\/wp-content\/uploads\/2019\/03\/Plaque-Commemorative-gravee-laiton-bronze-France.jpg","datePublished":"2019-02-28T19:43:23+00:00","dateModified":"2019-03-07T00:07:02+00:00","description":"Demandez une \u00e9valuation gratuite pour une plaque comm\u00e9morative grav\u00e9e en bronze et en laiton. Personnalisez \u00e0 l'aide de notre service de graphisme inclus.","breadcrumb":{"@id":"https:\/\/www.prestigevisualmetal.com\/europe\/realisations\/plaque-en-bronze-laiton-inox-alu\/plaques-commemoratives\/plaque-commemorative-en-bronze-grave\/#breadcrumb"},"inLanguage":"fr-BE","potentialAction":[{"@type":"ReadAction","target":["https:\/\/www.prestigevisualmetal.com\/europe\/realisations\/plaque-en-bronze-laiton-inox-alu\/plaques-commemoratives\/plaque-commemorative-en-bronze-grave\/"]}]},{"@type":"ImageObject","inLanguage":"fr-BE","@id":"https:\/\/www.prestigevisualmetal.com\/europe\/realisations\/plaque-en-bronze-laiton-inox-alu\/plaques-commemoratives\/plaque-commemorative-en-bronze-grave\/#primaryimage","url":"https:\/\/www.prestigevisualmetal.com\/wp-content\/uploads\/2019\/03\/Plaque-Commemorative-gravee-laiton-bronze-France.jpg","contentUrl":"https:\/\/www.prestigevisualmetal.com\/wp-content\/uploads\/2019\/03\/Plaque-Commemorative-gravee-laiton-bronze-France.jpg"},{"@type":"BreadcrumbList","@id":"https:\/\/www.prestigevisualmetal.com\/europe\/realisations\/plaque-en-bronze-laiton-inox-alu\/plaques-commemoratives\/plaque-commemorative-en-bronze-grave\/#breadcrumb","itemListElement":[{"@type":"ListItem","position":1,"name":"Accueil","item":"https:\/\/www.prestigevisualmetal.com\/europe\/"},{"@type":"ListItem","position":2,"name":"R\u00e9alisations","item":"https:\/\/www.prestigevisualmetal.com\/europe\/realisations\/"},{"@type":"ListItem","position":3,"name":"Plaque en bronze, laiton, aluminium et inox","item":"https:\/\/www.prestigevisualmetal.com\/europe\/realisations\/plaque-en-bronze-laiton-inox-alu\/"},{"@type":"ListItem","position":4,"name":"Plaques comm\u00e9moratives","item":"https:\/\/www.prestigevisualmetal.com\/europe\/realisations\/plaque-en-bronze-laiton-inox-alu\/plaques-commemoratives\/"},{"@type":"ListItem","position":5,"name":"Plaque comm\u00e9morative en bronze grav\u00e9"}]},{"@type":"WebSite","@id":"https:\/\/www.prestigevisualmetal.com\/europe\/#website","url":"https:\/\/www.prestigevisualmetal.com\/europe\/","name":"Prestige Visual M\u00e9tal","description":"","potentialAction":[{"@type":"SearchAction","target":{"@type":"EntryPoint","urlTemplate":"https:\/\/www.prestigevisualmetal.com\/europe\/?s={search_term_string}"},"query-input":{"@type":"PropertyValueSpecification","valueRequired":true,"valueName":"search_term_string"}}],"inLanguage":"fr-BE"}]}},"_links":{"self":[{"href":"https:\/\/www.prestigevisualmetal.com\/europe\/wp-json\/wp\/v2\/pages\/6568","targetHints":{"allow":["GET"]}}],"collection":[{"href":"https:\/\/www.prestigevisualmetal.com\/europe\/wp-json\/wp\/v2\/pages"}],"about":[{"href":"https:\/\/www.prestigevisualmetal.com\/europe\/wp-json\/wp\/v2\/types\/page"}],"author":[{"embeddable":true,"href":"https:\/\/www.prestigevisualmetal.com\/europe\/wp-json\/wp\/v2\/users\/2"}],"replies":[{"embeddable":true,"href":"https:\/\/www.prestigevisualmetal.com\/europe\/wp-json\/wp\/v2\/comments?post=6568"}],"version-history":[{"count":6,"href":"https:\/\/www.prestigevisualmetal.com\/europe\/wp-json\/wp\/v2\/pages\/6568\/revisions"}],"predecessor-version":[{"id":7497,"href":"https:\/\/www.prestigevisualmetal.com\/europe\/wp-json\/wp\/v2\/pages\/6568\/revisions\/7497"}],"up":[{"embeddable":true,"href":"https:\/\/www.prestigevisualmetal.com\/europe\/wp-json\/wp\/v2\/pages\/6549"}],"wp:attachment":[{"href":"https:\/\/www.prestigevisualmetal.com\/europe\/wp-json\/wp\/v2\/media?parent=6568"}],"curies":[{"name":"wp","href":"https:\/\/api.w.org\/{rel}","templated":true}]}}