{"id":6615,"date":"2019-02-28T16:51:18","date_gmt":"2019-02-28T21:51:18","guid":{"rendered":"https:\/\/www.prestigevisualmetal.com\/realisations\/plaque-en-bronze-laiton-inox-alu\/plaques-a-la-memoire\/plaque-gravee-en-bronze\/"},"modified":"2021-01-05T13:21:35","modified_gmt":"2021-01-05T18:21:35","slug":"plaque-gravee-en-bronze","status":"publish","type":"page","link":"https:\/\/www.prestigevisualmetal.com\/europe\/realisations\/plaque-en-bronze-laiton-inox-alu\/plaques-a-la-memoire\/plaque-gravee-en-bronze\/","title":{"rendered":"Plaque grav\u00e9e en bronze"},"content":{"rendered":"<style>#kt-layout-id_c733ec-5b > .kt-row-column-wrap{align-content:start;}:where(#kt-layout-id_c733ec-5b > .kt-row-column-wrap) > .wp-block-kadence-column{justify-content:start;}#kt-layout-id_c733ec-5b > .kt-row-column-wrap{column-gap:var(--global-kb-gap-md, 2rem);row-gap:var(--global-kb-gap-md, 2rem);padding-top:var( --global-kb-row-default-top, 25px );padding-bottom:var( --global-kb-row-default-bottom, 25px );padding-top:0px;padding-bottom:0px;grid-template-columns:minmax(0, 1fr);}#kt-layout-id_c733ec-5b > .kt-row-layout-overlay{opacity:0.30;}@media all and (max-width: 1024px){#kt-layout-id_c733ec-5b > .kt-row-column-wrap{grid-template-columns:minmax(0, 1fr);}}@media all and (max-width: 767px){#kt-layout-id_c733ec-5b > .kt-row-column-wrap{grid-template-columns:minmax(0, 1fr);}}<\/style>\n<div class=\"wp-block-kadence-rowlayout alignnone dev_bas no-liste-sm\"><div id=\"kt-layout-id_c733ec-5b\" class=\"kt-row-layout-inner kt-layout-id_c733ec-5b\"><div class=\"kt-row-column-wrap kt-has-1-columns kt-gutter-default kt-v-gutter-default kt-row-valign-top kt-row-layout-equal kt-tab-layout-inherit kt-m-colapse-left-to-right kt-mobile-layout-row\"><style>.kadence-column_4bf834-f4 > .kt-inside-inner-col{border-top-width:0px;border-right-width:0px;border-bottom-width:0px;border-left-width:0px;}.kadence-column_4bf834-f4 > .kt-inside-inner-col,.kadence-column_4bf834-f4 > .kt-inside-inner-col:before{border-top-left-radius:0px;border-top-right-radius:0px;border-bottom-right-radius:0px;border-bottom-left-radius:0px;}.kadence-column_4bf834-f4 > .kt-inside-inner-col{column-gap:var(--global-kb-gap-sm, 1rem);}.kadence-column_4bf834-f4 > .kt-inside-inner-col{flex-direction:column;}.kadence-column_4bf834-f4 > .kt-inside-inner-col > .aligncenter{width:100%;}.kadence-column_4bf834-f4 > .kt-inside-inner-col:before{opacity:0.3;}.kadence-column_4bf834-f4{position:relative;}@media all and (max-width: 1024px){.kadence-column_4bf834-f4 > .kt-inside-inner-col{flex-direction:column;justify-content:center;}}@media all and (max-width: 767px){.kadence-column_4bf834-f4 > .kt-inside-inner-col{flex-direction:column;justify-content:center;}}<\/style>\n<div class=\"wp-block-kadence-column inner-column-1 kadence-column_4bf834-f4\"><div class=\"kt-inside-inner-col\">\n<p>Nous vous proposons notre gamme de superbes plaques grav\u00e9es en bronze et en laiton personnalis\u00e9es selon vos exigences. Nous sommes heureux de vous guider tout au long du processus. Nous offrons un service exp\u00e9riment\u00e9 de design gratuit.<\/p>\n\n\n\n<ul class=\"wp-block-list\"><li><strong>Plaque fun\u00e9raire, \u00e0 la m\u00e9moire, en souvenir et remerciement en bronze et laiton grav\u00e9.<\/strong><\/li><li><strong>Finitions: Bross\u00e9, poli miroir et avec photos.<\/strong><\/li><li><strong>Vernis protecteur cuit ultra-r\u00e9sistant pour l\u2019ext\u00e9rieur et \u00e0 l\u2019int\u00e9rieur.<\/strong><\/li><li><strong>Sans entretien avec une garantie contre tout d\u00e9faut de fabrication.<\/strong><\/li><li><strong>Visserie et gabarit de pose inclus.<\/strong><\/li><li><strong>Demandez votre devis personnalis\u00e9 selon vos informations!<\/strong><\/li><li><strong>Commercial, institutionnel et particulier.<\/strong><\/li><\/ul>\n<\/div><\/div>\n<\/div><\/div><\/div>\n\n\n\n<h2 class=\"has-text-align-left style-2 wp-block-heading\">Plaque fun\u00e9raire en bronze et laiton grav\u00e9<\/h2>\n\n\n\n<div class=\"wp-block-image\"><figure class=\"alignleft size-full\"><a href=\"blob:https:\/\/www.prestigevisualmetal.com\/6f64bd04-7684-44e9-9b03-3107cf0e7f52\"><img loading=\"lazy\" decoding=\"async\" width=\"690\" height=\"2560\" src=\"https:\/\/www.prestigevisualmetal.com\/wp-content\/uploads\/2020\/01\/Plaques-funeraires-bronze-gravee-scaled.jpg\" alt=\"Plaques Funeraires Bronze Gravee\" class=\"wp-image-7606\" srcset=\"https:\/\/www.prestigevisualmetal.com\/wp-content\/uploads\/2020\/01\/Plaques-funeraires-bronze-gravee-scaled.jpg 690w, https:\/\/www.prestigevisualmetal.com\/wp-content\/uploads\/2020\/01\/Plaques-funeraires-bronze-gravee-81x300.jpg 81w, https:\/\/www.prestigevisualmetal.com\/wp-content\/uploads\/2020\/01\/Plaques-funeraires-bronze-gravee-276x1024.jpg 276w, https:\/\/www.prestigevisualmetal.com\/wp-content\/uploads\/2020\/01\/Plaques-funeraires-bronze-gravee-414x1536.jpg 414w, https:\/\/www.prestigevisualmetal.com\/wp-content\/uploads\/2020\/01\/Plaques-funeraires-bronze-gravee-552x2048.jpg 552w\" sizes=\"auto, (max-width: 690px) 100vw, 690px\" \/><\/a><\/figure><\/div>\n\n\n\n<div class=\"wp-block-image\"><figure class=\"alignleft size-full\"><a href=\"https:\/\/www.prestigevisualmetal.com\/wp-content\/uploads\/2021\/01\/Plaques-funeraires-bronze-gravee-1.jpg\" data-src=\"https:\/\/www.prestigevisualmetal.com\/wp-content\/uploads\/2021\/01\/Plaques-funeraires-bronze-gravee-1.jpg\" data-thumb=\"https:\/\/www.prestigevisualmetal.com\/wp-content\/uploads\/2021\/01\/Plaques-funeraires-bronze-gravee-1.jpg\" class=\"ml-lightbox-enabled\"><img loading=\"lazy\" decoding=\"async\" width=\"709\" height=\"1052\" src=\"https:\/\/www.prestigevisualmetal.com\/wp-content\/uploads\/2021\/01\/Plaques-funeraires-bronze-gravee-1.jpg\" alt=\"Plaques Funeraires Bronze Gravee 1\" class=\"wp-image-7745\" srcset=\"https:\/\/www.prestigevisualmetal.com\/wp-content\/uploads\/2021\/01\/Plaques-funeraires-bronze-gravee-1.jpg 709w, https:\/\/www.prestigevisualmetal.com\/wp-content\/uploads\/2021\/01\/Plaques-funeraires-bronze-gravee-1-202x300.jpg 202w, https:\/\/www.prestigevisualmetal.com\/wp-content\/uploads\/2021\/01\/Plaques-funeraires-bronze-gravee-1-690x1024.jpg 690w\" sizes=\"auto, (max-width: 709px) 100vw, 709px\" \/><\/a><\/figure><\/div>\n\n\n\n<h2 class=\"w-80 wp-block-heading\">SERVICES<\/h2>\n\n\n<style>#kt-layout-id_11a458-63 > .kt-row-column-wrap{align-content:start;}:where(#kt-layout-id_11a458-63 > .kt-row-column-wrap) > .wp-block-kadence-column{justify-content:start;}#kt-layout-id_11a458-63 > .kt-row-column-wrap{column-gap:var(--global-kb-gap-md, 2rem);row-gap:var(--global-kb-gap-md, 2rem);padding-top:var( --global-kb-row-default-top, 25px );padding-bottom:var( --global-kb-row-default-bottom, 25px );padding-top:var(--global-kb-spacing-sm, 1.5rem);padding-bottom:var(--global-kb-spacing-sm, 1.5rem);}#kt-layout-id_11a458-63 > .kt-row-column-wrap > div:not(.added-for-specificity){grid-column:initial;}#kt-layout-id_11a458-63 > .kt-row-column-wrap{grid-template-columns:repeat(3, minmax(0, 1fr));}#kt-layout-id_11a458-63 > .kt-row-layout-overlay{opacity:0.30;}@media all and (max-width: 1024px){#kt-layout-id_11a458-63 > .kt-row-column-wrap > div:not(.added-for-specificity){grid-column:initial;}}@media all and (max-width: 1024px){#kt-layout-id_11a458-63 > .kt-row-column-wrap{grid-template-columns:repeat(3, minmax(0, 1fr));}}@media all and (max-width: 767px){#kt-layout-id_11a458-63 > .kt-row-column-wrap > div:not(.added-for-specificity){grid-column:initial;}#kt-layout-id_11a458-63 > .kt-row-column-wrap{grid-template-columns:minmax(0, 1fr);}}<\/style>\n<div class=\"wp-block-kadence-rowlayout alignnone w-80\"><div id=\"kt-layout-id_11a458-63\" class=\"kt-row-layout-inner kt-layout-id_11a458-63\"><div class=\"kt-row-column-wrap kt-has-3-columns kt-gutter-default kt-v-gutter-default kt-row-valign-top kt-row-layout-equal kt-tab-layout-inherit kt-m-colapse-left-to-right kt-mobile-layout-row\"><style>.kadence-column_671a1a-d6 > .kt-inside-inner-col{border-top-width:0px;border-right-width:0px;border-bottom-width:0px;border-left-width:0px;}.kadence-column_671a1a-d6 > .kt-inside-inner-col,.kadence-column_671a1a-d6 > .kt-inside-inner-col:before{border-top-left-radius:0px;border-top-right-radius:0px;border-bottom-right-radius:0px;border-bottom-left-radius:0px;}.kadence-column_671a1a-d6 > .kt-inside-inner-col{column-gap:var(--global-kb-gap-sm, 1rem);}.kadence-column_671a1a-d6 > .kt-inside-inner-col{flex-direction:column;}.kadence-column_671a1a-d6 > .kt-inside-inner-col > .aligncenter{width:100%;}.kadence-column_671a1a-d6 > .kt-inside-inner-col:before{opacity:0.3;}.kadence-column_671a1a-d6{position:relative;}@media all and (max-width: 1024px){.kadence-column_671a1a-d6 > .kt-inside-inner-col{flex-direction:column;justify-content:center;}}@media all and (max-width: 767px){.kadence-column_671a1a-d6 > .kt-inside-inner-col{flex-direction:column;justify-content:center;}}<\/style>\n<div class=\"wp-block-kadence-column inner-column-1 kadence-column_671a1a-d6\"><div class=\"kt-inside-inner-col\">\n<figure class=\"wp-block-image\"><a href=\"http:\/\/prestigevisualmetal.com\/europe\/realisations\/services\/vente-a-l-exterieur\/\"><img loading=\"lazy\" decoding=\"async\" width=\"868\" height=\"235\" src=\"http:\/\/prestigevisualmetal.com\/wp-content\/uploads\/2018\/12\/Vente-a-l-exterieur.jpg\" alt=\"Vente \u00e0 l\u2019ext\u00e9rieur\" class=\"wp-image-1686\" srcset=\"https:\/\/www.prestigevisualmetal.com\/wp-content\/uploads\/2018\/12\/Vente-a-l-exterieur.jpg 868w, https:\/\/www.prestigevisualmetal.com\/wp-content\/uploads\/2018\/12\/Vente-a-l-exterieur-300x81.jpg 300w, https:\/\/www.prestigevisualmetal.com\/wp-content\/uploads\/2018\/12\/Vente-a-l-exterieur-768x208.jpg 768w\" sizes=\"auto, (max-width: 868px) 100vw, 868px\" \/><\/a><figcaption>Vente \u00e0 l\u2019ext\u00e9rieur<\/figcaption><\/figure>\n<\/div><\/div>\n\n\n<style>.kadence-column_239d85-05 > .kt-inside-inner-col{border-top-width:0px;border-right-width:0px;border-bottom-width:0px;border-left-width:0px;}.kadence-column_239d85-05 > .kt-inside-inner-col,.kadence-column_239d85-05 > .kt-inside-inner-col:before{border-top-left-radius:0px;border-top-right-radius:0px;border-bottom-right-radius:0px;border-bottom-left-radius:0px;}.kadence-column_239d85-05 > .kt-inside-inner-col{column-gap:var(--global-kb-gap-sm, 1rem);}.kadence-column_239d85-05 > .kt-inside-inner-col{flex-direction:column;}.kadence-column_239d85-05 > .kt-inside-inner-col > .aligncenter{width:100%;}.kadence-column_239d85-05 > .kt-inside-inner-col:before{opacity:0.3;}.kadence-column_239d85-05{position:relative;}@media all and (max-width: 1024px){.kadence-column_239d85-05 > .kt-inside-inner-col{flex-direction:column;justify-content:center;}}@media all and (max-width: 767px){.kadence-column_239d85-05 > .kt-inside-inner-col{flex-direction:column;justify-content:center;}}<\/style>\n<div class=\"wp-block-kadence-column inner-column-2 kadence-column_239d85-05\"><div class=\"kt-inside-inner-col\">\n<figure class=\"wp-block-image\"><a href=\"http:\/\/prestigevisualmetal.com\/europe\/realisations\/services\/conception-graphique\/\"><img loading=\"lazy\" decoding=\"async\" width=\"869\" height=\"235\" src=\"http:\/\/prestigevisualmetal.com\/wp-content\/uploads\/2018\/12\/Conception-graphique.jpg\" alt=\"Conception graphique\" class=\"wp-image-1683\" srcset=\"https:\/\/www.prestigevisualmetal.com\/wp-content\/uploads\/2018\/12\/Conception-graphique.jpg 869w, https:\/\/www.prestigevisualmetal.com\/wp-content\/uploads\/2018\/12\/Conception-graphique-768x208.jpg 768w, https:\/\/www.prestigevisualmetal.com\/wp-content\/uploads\/2018\/12\/Conception-graphique-300x81.jpg 300w\" sizes=\"auto, (max-width: 869px) 100vw, 869px\" \/><\/a><figcaption>Conception graphique<\/figcaption><\/figure>\n<\/div><\/div>\n\n\n<style>.kadence-column_8f6de1-55 > .kt-inside-inner-col{border-top-width:0px;border-right-width:0px;border-bottom-width:0px;border-left-width:0px;}.kadence-column_8f6de1-55 > .kt-inside-inner-col,.kadence-column_8f6de1-55 > .kt-inside-inner-col:before{border-top-left-radius:0px;border-top-right-radius:0px;border-bottom-right-radius:0px;border-bottom-left-radius:0px;}.kadence-column_8f6de1-55 > .kt-inside-inner-col{column-gap:var(--global-kb-gap-sm, 1rem);}.kadence-column_8f6de1-55 > .kt-inside-inner-col{flex-direction:column;}.kadence-column_8f6de1-55 > .kt-inside-inner-col > .aligncenter{width:100%;}.kadence-column_8f6de1-55 > .kt-inside-inner-col:before{opacity:0.3;}.kadence-column_8f6de1-55{position:relative;}@media all and (max-width: 1024px){.kadence-column_8f6de1-55 > .kt-inside-inner-col{flex-direction:column;justify-content:center;}}@media all and (max-width: 767px){.kadence-column_8f6de1-55 > .kt-inside-inner-col{flex-direction:column;justify-content:center;}}<\/style>\n<div class=\"wp-block-kadence-column inner-column-3 kadence-column_8f6de1-55\"><div class=\"kt-inside-inner-col\">\n<figure class=\"wp-block-image\"><a href=\"http:\/\/prestigevisualmetal.com\/europe\/nous-joindre\/\"><img loading=\"lazy\" decoding=\"async\" width=\"868\" height=\"235\" src=\"http:\/\/prestigevisualmetal.com\/wp-content\/uploads\/2018\/12\/Contactez-nous.jpg\" alt=\"Contactez-nous\" class=\"wp-image-1684\" srcset=\"https:\/\/www.prestigevisualmetal.com\/wp-content\/uploads\/2018\/12\/Contactez-nous.jpg 868w, https:\/\/www.prestigevisualmetal.com\/wp-content\/uploads\/2018\/12\/Contactez-nous-300x81.jpg 300w, https:\/\/www.prestigevisualmetal.com\/wp-content\/uploads\/2018\/12\/Contactez-nous-768x208.jpg 768w\" sizes=\"auto, (max-width: 868px) 100vw, 868px\" \/><\/a><figcaption>Contactez-nous<\/figcaption><\/figure>\n<\/div><\/div>\n<\/div><\/div><\/div>\n","protected":false},"excerpt":{"rendered":"<p>Nous vous proposons notre gamme de superbes plaques grav\u00e9es en bronze et en laiton personnalis\u00e9es selon vos exigences. Nous sommes heureux de vous guider tout au long du processus. Nous offrons un service exp\u00e9riment\u00e9 de design gratuit. Plaque fun\u00e9raire, \u00e0 la m\u00e9moire, en souvenir et remerciement en bronze et laiton grav\u00e9. Finitions: Bross\u00e9, poli miroir&#8230;  <a href=\"https:\/\/www.prestigevisualmetal.com\/europe\/realisations\/plaque-en-bronze-laiton-inox-alu\/plaques-a-la-memoire\/plaque-gravee-en-bronze\/\" title=\"Read Plaque grav\u00e9e en bronze\">Read more &raquo;<\/a><\/p>\n","protected":false},"author":2,"featured_media":0,"parent":6595,"menu_order":6,"comment_status":"open","ping_status":"closed","template":"","meta":{"_acf_changed":false,"ghostkit_customizer_options":"","ghostkit_custom_css":"","ghostkit_custom_js_head":"","ghostkit_custom_js_foot":"","ghostkit_typography":"","footnotes":""},"class_list":["post-6615","page","type-page","status-publish","hentry"],"acf":[],"yoast_head":"<!-- This site is optimized with the Yoast SEO plugin v27.5 - https:\/\/yoast.com\/product\/yoast-seo-wordpress\/ -->\n<title>Plaque de bronze grav\u00e9e et option avec photo | Plaques Prestige<\/title>\n<meta name=\"description\" content=\"informez-vous sur nos services de conception et fabrication personnalis\u00e9e de plaque en bronze grav\u00e9e. Plaque fun\u00e9raire, en m\u00e9moire, en souvenir. Du choix.\" \/>\n<meta name=\"robots\" content=\"index, follow, max-snippet:-1, max-image-preview:large, max-video-preview:-1\" \/>\n<link rel=\"canonical\" href=\"https:\/\/www.prestigevisualmetal.com\/europe\/realisations\/plaque-en-bronze-laiton-inox-alu\/plaques-a-la-memoire\/plaque-gravee-en-bronze\/\" \/>\n<meta property=\"og:locale\" content=\"fr_FR\" \/>\n<meta property=\"og:type\" content=\"article\" \/>\n<meta property=\"og:title\" content=\"Plaque de bronze grav\u00e9e et option avec photo | Plaques Prestige\" \/>\n<meta property=\"og:description\" content=\"informez-vous sur nos services de conception et fabrication personnalis\u00e9e de plaque en bronze grav\u00e9e. Plaque fun\u00e9raire, en m\u00e9moire, en souvenir. Du choix.\" \/>\n<meta property=\"og:url\" content=\"https:\/\/www.prestigevisualmetal.com\/europe\/realisations\/plaque-en-bronze-laiton-inox-alu\/plaques-a-la-memoire\/plaque-gravee-en-bronze\/\" \/>\n<meta property=\"og:site_name\" content=\"Prestige Visual M\u00e9tal\" \/>\n<meta property=\"article:modified_time\" content=\"2021-01-05T18:21:35+00:00\" \/>\n<meta property=\"og:image\" content=\"https:\/\/www.prestigevisualmetal.com\/wp-content\/uploads\/2020\/01\/Plaques-funeraires-bronze-gravee-scaled.jpg\" \/>\n<meta name=\"twitter:label1\" content=\"Dur\u00e9e de lecture est.\" \/>\n\t<meta name=\"twitter:data1\" content=\"1 minute\" \/>\n<script type=\"application\/ld+json\" class=\"yoast-schema-graph\">{\"@context\":\"https:\\\/\\\/schema.org\",\"@graph\":[{\"@type\":\"WebPage\",\"@id\":\"https:\\\/\\\/www.prestigevisualmetal.com\\\/europe\\\/realisations\\\/plaque-en-bronze-laiton-inox-alu\\\/plaques-a-la-memoire\\\/plaque-gravee-en-bronze\\\/\",\"url\":\"https:\\\/\\\/www.prestigevisualmetal.com\\\/europe\\\/realisations\\\/plaque-en-bronze-laiton-inox-alu\\\/plaques-a-la-memoire\\\/plaque-gravee-en-bronze\\\/\",\"name\":\"Plaque de bronze grav\u00e9e et option avec photo | Plaques Prestige\",\"isPartOf\":{\"@id\":\"https:\\\/\\\/www.prestigevisualmetal.com\\\/europe\\\/#website\"},\"primaryImageOfPage\":{\"@id\":\"https:\\\/\\\/www.prestigevisualmetal.com\\\/europe\\\/realisations\\\/plaque-en-bronze-laiton-inox-alu\\\/plaques-a-la-memoire\\\/plaque-gravee-en-bronze\\\/#primaryimage\"},\"image\":{\"@id\":\"https:\\\/\\\/www.prestigevisualmetal.com\\\/europe\\\/realisations\\\/plaque-en-bronze-laiton-inox-alu\\\/plaques-a-la-memoire\\\/plaque-gravee-en-bronze\\\/#primaryimage\"},\"thumbnailUrl\":\"https:\\\/\\\/www.prestigevisualmetal.com\\\/wp-content\\\/uploads\\\/2020\\\/01\\\/Plaques-funeraires-bronze-gravee-scaled.jpg\",\"datePublished\":\"2019-02-28T21:51:18+00:00\",\"dateModified\":\"2021-01-05T18:21:35+00:00\",\"description\":\"informez-vous sur nos services de conception et fabrication personnalis\u00e9e de plaque en bronze grav\u00e9e. Plaque fun\u00e9raire, en m\u00e9moire, en souvenir. Du choix.\",\"breadcrumb\":{\"@id\":\"https:\\\/\\\/www.prestigevisualmetal.com\\\/europe\\\/realisations\\\/plaque-en-bronze-laiton-inox-alu\\\/plaques-a-la-memoire\\\/plaque-gravee-en-bronze\\\/#breadcrumb\"},\"inLanguage\":\"fr-BE\",\"potentialAction\":[{\"@type\":\"ReadAction\",\"target\":[\"https:\\\/\\\/www.prestigevisualmetal.com\\\/europe\\\/realisations\\\/plaque-en-bronze-laiton-inox-alu\\\/plaques-a-la-memoire\\\/plaque-gravee-en-bronze\\\/\"]}]},{\"@type\":\"ImageObject\",\"inLanguage\":\"fr-BE\",\"@id\":\"https:\\\/\\\/www.prestigevisualmetal.com\\\/europe\\\/realisations\\\/plaque-en-bronze-laiton-inox-alu\\\/plaques-a-la-memoire\\\/plaque-gravee-en-bronze\\\/#primaryimage\",\"url\":\"https:\\\/\\\/www.prestigevisualmetal.com\\\/wp-content\\\/uploads\\\/2020\\\/01\\\/Plaques-funeraires-bronze-gravee-scaled.jpg\",\"contentUrl\":\"https:\\\/\\\/www.prestigevisualmetal.com\\\/wp-content\\\/uploads\\\/2020\\\/01\\\/Plaques-funeraires-bronze-gravee-scaled.jpg\"},{\"@type\":\"BreadcrumbList\",\"@id\":\"https:\\\/\\\/www.prestigevisualmetal.com\\\/europe\\\/realisations\\\/plaque-en-bronze-laiton-inox-alu\\\/plaques-a-la-memoire\\\/plaque-gravee-en-bronze\\\/#breadcrumb\",\"itemListElement\":[{\"@type\":\"ListItem\",\"position\":1,\"name\":\"Accueil\",\"item\":\"https:\\\/\\\/www.prestigevisualmetal.com\\\/europe\\\/\"},{\"@type\":\"ListItem\",\"position\":2,\"name\":\"R\u00e9alisations\",\"item\":\"https:\\\/\\\/www.prestigevisualmetal.com\\\/europe\\\/realisations\\\/\"},{\"@type\":\"ListItem\",\"position\":3,\"name\":\"Plaque en bronze, laiton, aluminium et inox\",\"item\":\"https:\\\/\\\/www.prestigevisualmetal.com\\\/europe\\\/realisations\\\/plaque-en-bronze-laiton-inox-alu\\\/\"},{\"@type\":\"ListItem\",\"position\":4,\"name\":\"Plaques \u00e0 la m\u00e9moire\",\"item\":\"https:\\\/\\\/www.prestigevisualmetal.com\\\/europe\\\/realisations\\\/plaque-en-bronze-laiton-inox-alu\\\/plaques-a-la-memoire\\\/\"},{\"@type\":\"ListItem\",\"position\":5,\"name\":\"Plaque grav\u00e9e en bronze\"}]},{\"@type\":\"WebSite\",\"@id\":\"https:\\\/\\\/www.prestigevisualmetal.com\\\/europe\\\/#website\",\"url\":\"https:\\\/\\\/www.prestigevisualmetal.com\\\/europe\\\/\",\"name\":\"Prestige Visual M\u00e9tal\",\"description\":\"\",\"potentialAction\":[{\"@type\":\"SearchAction\",\"target\":{\"@type\":\"EntryPoint\",\"urlTemplate\":\"https:\\\/\\\/www.prestigevisualmetal.com\\\/europe\\\/?s={search_term_string}\"},\"query-input\":{\"@type\":\"PropertyValueSpecification\",\"valueRequired\":true,\"valueName\":\"search_term_string\"}}],\"inLanguage\":\"fr-BE\"}]}<\/script>\n<!-- \/ Yoast SEO plugin. -->","yoast_head_json":{"title":"Plaque de bronze grav\u00e9e et option avec photo | Plaques Prestige","description":"informez-vous sur nos services de conception et fabrication personnalis\u00e9e de plaque en bronze grav\u00e9e. Plaque fun\u00e9raire, en m\u00e9moire, en souvenir. Du choix.","robots":{"index":"index","follow":"follow","max-snippet":"max-snippet:-1","max-image-preview":"max-image-preview:large","max-video-preview":"max-video-preview:-1"},"canonical":"https:\/\/www.prestigevisualmetal.com\/europe\/realisations\/plaque-en-bronze-laiton-inox-alu\/plaques-a-la-memoire\/plaque-gravee-en-bronze\/","og_locale":"fr_FR","og_type":"article","og_title":"Plaque de bronze grav\u00e9e et option avec photo | Plaques Prestige","og_description":"informez-vous sur nos services de conception et fabrication personnalis\u00e9e de plaque en bronze grav\u00e9e. Plaque fun\u00e9raire, en m\u00e9moire, en souvenir. Du choix.","og_url":"https:\/\/www.prestigevisualmetal.com\/europe\/realisations\/plaque-en-bronze-laiton-inox-alu\/plaques-a-la-memoire\/plaque-gravee-en-bronze\/","og_site_name":"Prestige Visual M\u00e9tal","article_modified_time":"2021-01-05T18:21:35+00:00","og_image":[{"url":"https:\/\/www.prestigevisualmetal.com\/wp-content\/uploads\/2020\/01\/Plaques-funeraires-bronze-gravee-scaled.jpg","type":"","width":"","height":""}],"twitter_misc":{"Dur\u00e9e de lecture est.":"1 minute"},"schema":{"@context":"https:\/\/schema.org","@graph":[{"@type":"WebPage","@id":"https:\/\/www.prestigevisualmetal.com\/europe\/realisations\/plaque-en-bronze-laiton-inox-alu\/plaques-a-la-memoire\/plaque-gravee-en-bronze\/","url":"https:\/\/www.prestigevisualmetal.com\/europe\/realisations\/plaque-en-bronze-laiton-inox-alu\/plaques-a-la-memoire\/plaque-gravee-en-bronze\/","name":"Plaque de bronze grav\u00e9e et option avec photo | Plaques Prestige","isPartOf":{"@id":"https:\/\/www.prestigevisualmetal.com\/europe\/#website"},"primaryImageOfPage":{"@id":"https:\/\/www.prestigevisualmetal.com\/europe\/realisations\/plaque-en-bronze-laiton-inox-alu\/plaques-a-la-memoire\/plaque-gravee-en-bronze\/#primaryimage"},"image":{"@id":"https:\/\/www.prestigevisualmetal.com\/europe\/realisations\/plaque-en-bronze-laiton-inox-alu\/plaques-a-la-memoire\/plaque-gravee-en-bronze\/#primaryimage"},"thumbnailUrl":"https:\/\/www.prestigevisualmetal.com\/wp-content\/uploads\/2020\/01\/Plaques-funeraires-bronze-gravee-scaled.jpg","datePublished":"2019-02-28T21:51:18+00:00","dateModified":"2021-01-05T18:21:35+00:00","description":"informez-vous sur nos services de conception et fabrication personnalis\u00e9e de plaque en bronze grav\u00e9e. Plaque fun\u00e9raire, en m\u00e9moire, en souvenir. Du choix.","breadcrumb":{"@id":"https:\/\/www.prestigevisualmetal.com\/europe\/realisations\/plaque-en-bronze-laiton-inox-alu\/plaques-a-la-memoire\/plaque-gravee-en-bronze\/#breadcrumb"},"inLanguage":"fr-BE","potentialAction":[{"@type":"ReadAction","target":["https:\/\/www.prestigevisualmetal.com\/europe\/realisations\/plaque-en-bronze-laiton-inox-alu\/plaques-a-la-memoire\/plaque-gravee-en-bronze\/"]}]},{"@type":"ImageObject","inLanguage":"fr-BE","@id":"https:\/\/www.prestigevisualmetal.com\/europe\/realisations\/plaque-en-bronze-laiton-inox-alu\/plaques-a-la-memoire\/plaque-gravee-en-bronze\/#primaryimage","url":"https:\/\/www.prestigevisualmetal.com\/wp-content\/uploads\/2020\/01\/Plaques-funeraires-bronze-gravee-scaled.jpg","contentUrl":"https:\/\/www.prestigevisualmetal.com\/wp-content\/uploads\/2020\/01\/Plaques-funeraires-bronze-gravee-scaled.jpg"},{"@type":"BreadcrumbList","@id":"https:\/\/www.prestigevisualmetal.com\/europe\/realisations\/plaque-en-bronze-laiton-inox-alu\/plaques-a-la-memoire\/plaque-gravee-en-bronze\/#breadcrumb","itemListElement":[{"@type":"ListItem","position":1,"name":"Accueil","item":"https:\/\/www.prestigevisualmetal.com\/europe\/"},{"@type":"ListItem","position":2,"name":"R\u00e9alisations","item":"https:\/\/www.prestigevisualmetal.com\/europe\/realisations\/"},{"@type":"ListItem","position":3,"name":"Plaque en bronze, laiton, aluminium et inox","item":"https:\/\/www.prestigevisualmetal.com\/europe\/realisations\/plaque-en-bronze-laiton-inox-alu\/"},{"@type":"ListItem","position":4,"name":"Plaques \u00e0 la m\u00e9moire","item":"https:\/\/www.prestigevisualmetal.com\/europe\/realisations\/plaque-en-bronze-laiton-inox-alu\/plaques-a-la-memoire\/"},{"@type":"ListItem","position":5,"name":"Plaque grav\u00e9e en bronze"}]},{"@type":"WebSite","@id":"https:\/\/www.prestigevisualmetal.com\/europe\/#website","url":"https:\/\/www.prestigevisualmetal.com\/europe\/","name":"Prestige Visual M\u00e9tal","description":"","potentialAction":[{"@type":"SearchAction","target":{"@type":"EntryPoint","urlTemplate":"https:\/\/www.prestigevisualmetal.com\/europe\/?s={search_term_string}"},"query-input":{"@type":"PropertyValueSpecification","valueRequired":true,"valueName":"search_term_string"}}],"inLanguage":"fr-BE"}]}},"_links":{"self":[{"href":"https:\/\/www.prestigevisualmetal.com\/europe\/wp-json\/wp\/v2\/pages\/6615","targetHints":{"allow":["GET"]}}],"collection":[{"href":"https:\/\/www.prestigevisualmetal.com\/europe\/wp-json\/wp\/v2\/pages"}],"about":[{"href":"https:\/\/www.prestigevisualmetal.com\/europe\/wp-json\/wp\/v2\/types\/page"}],"author":[{"embeddable":true,"href":"https:\/\/www.prestigevisualmetal.com\/europe\/wp-json\/wp\/v2\/users\/2"}],"replies":[{"embeddable":true,"href":"https:\/\/www.prestigevisualmetal.com\/europe\/wp-json\/wp\/v2\/comments?post=6615"}],"version-history":[{"count":7,"href":"https:\/\/www.prestigevisualmetal.com\/europe\/wp-json\/wp\/v2\/pages\/6615\/revisions"}],"predecessor-version":[{"id":7753,"href":"https:\/\/www.prestigevisualmetal.com\/europe\/wp-json\/wp\/v2\/pages\/6615\/revisions\/7753"}],"up":[{"embeddable":true,"href":"https:\/\/www.prestigevisualmetal.com\/europe\/wp-json\/wp\/v2\/pages\/6595"}],"wp:attachment":[{"href":"https:\/\/www.prestigevisualmetal.com\/europe\/wp-json\/wp\/v2\/media?parent=6615"}],"curies":[{"name":"wp","href":"https:\/\/api.w.org\/{rel}","templated":true}]}}