{"id":6618,"date":"2019-02-08T13:47:45","date_gmt":"2019-02-08T18:47:45","guid":{"rendered":"https:\/\/www.prestigevisualmetal.com\/realisations\/plaques-finitions-et-options\/plaque-en-relief-options-et-finitions\/"},"modified":"2019-03-06T16:26:54","modified_gmt":"2019-03-06T21:26:54","slug":"plaque-en-relief-options-et-finitions","status":"publish","type":"page","link":"https:\/\/www.prestigevisualmetal.com\/europe\/realisations\/plaques-finitions-et-options\/plaque-en-relief-options-et-finitions\/","title":{"rendered":"Plaque en relief &#8211; Options et finitions"},"content":{"rendered":"<style>#kt-layout-id_632161-c6 > .kt-row-column-wrap{align-content:start;}:where(#kt-layout-id_632161-c6 > .kt-row-column-wrap) > .wp-block-kadence-column{justify-content:start;}#kt-layout-id_632161-c6 > .kt-row-column-wrap{column-gap:var(--global-kb-gap-md, 2rem);row-gap:var(--global-kb-gap-md, 2rem);padding-top:var( --global-kb-row-default-top, 25px );padding-bottom:var( --global-kb-row-default-bottom, 25px );padding-top:0px;padding-bottom:0px;grid-template-columns:minmax(0, 1fr);}#kt-layout-id_632161-c6 > .kt-row-layout-overlay{opacity:0.30;}@media all and (max-width: 1024px){#kt-layout-id_632161-c6 > .kt-row-column-wrap{grid-template-columns:minmax(0, 1fr);}}@media all and (max-width: 767px){#kt-layout-id_632161-c6 > .kt-row-column-wrap{grid-template-columns:minmax(0, 1fr);}}<\/style>\n<div class=\"wp-block-kadence-rowlayout alignnone dev_bas no-liste-sm\"><div id=\"kt-layout-id_632161-c6\" class=\"kt-row-layout-inner  kt-layout-id_632161-c6\"><div class=\"kt-row-column-wrap kt-has-1-columns kt-gutter-default kt-row-valign-top kt-row-layout-equal kt-tab-layout-inherit kt-m-colapse-left-to-right kt-mobile-layout-row\"><style>.kadence-column_d92af3-67 > .kt-inside-inner-col{border-top-width:0px;border-right-width:0px;border-bottom-width:0px;border-left-width:0px;}.kadence-column_d92af3-67 > .kt-inside-inner-col,.kadence-column_d92af3-67 > .kt-inside-inner-col:before{border-top-left-radius:0px;border-top-right-radius:0px;border-bottom-right-radius:0px;border-bottom-left-radius:0px;}.kadence-column_d92af3-67 > .kt-inside-inner-col{column-gap:var(--global-kb-gap-sm, 1rem);}.kadence-column_d92af3-67 > .kt-inside-inner-col{flex-direction:column;}.kadence-column_d92af3-67 > .kt-inside-inner-col > .aligncenter{width:100%;}.kadence-column_d92af3-67 > .kt-inside-inner-col:before{opacity:0.3;}.kadence-column_d92af3-67{position:relative;}@media all and (max-width: 1024px){.kadence-column_d92af3-67 > .kt-inside-inner-col{flex-direction:column;justify-content:center;}}@media all and (max-width: 767px){.kadence-column_d92af3-67 > .kt-inside-inner-col{flex-direction:column;justify-content:center;}}<\/style>\n<div class=\"wp-block-kadence-column inner-column-1 kadence-column_d92af3-67\"><div class=\"kt-inside-inner-col\">\n<p>Personnalisez les plaques en relief avec nos nombreuses options et finitions afin que nous puissions effectuer la conception graphique pour validation de votre part.<\/p>\n\n\n\n<ul class=\"wp-block-list\"><li><strong>M\u00e9taux: bronze, laiton et&nbsp;aluminium.<\/strong><\/li><li><strong>Finitions: Bross\u00e9, poli miroir, anodis\u00e9, oxyd\u00e9, patin\u00e9 et \u00e9mail cuit.<\/strong><\/li><li><strong>Vernis protecteur cuit ultra-r\u00e9sistant pour l\u2019ext\u00e9rieur et \u00e0 l\u2019int\u00e9rieur.<\/strong><\/li><li><strong>Sans entretien avec une garantie contre tout d\u00e9faut de fabrication.<\/strong><\/li><\/ul>\n<\/div><\/div>\n<\/div><\/div><\/div>\n\n\n\n<h2 style=\"text-align:left\" class=\"style-2 wp-block-heading\"> Plaque en relief  &#8211; Options et finitions<\/h2>\n\n\n\n<figure class=\"wp-block-image\"><a href=\"https:\/\/www.prestigevisualmetal.com\/wp-content\/uploads\/2019\/02\/Option-plaque-coulee-en-relief-Prestige.jpg\" data-src=\"https:\/\/www.prestigevisualmetal.com\/wp-content\/uploads\/2019\/02\/Option-plaque-coulee-en-relief-Prestige.jpg\" data-thumb=\"https:\/\/www.prestigevisualmetal.com\/wp-content\/uploads\/2019\/02\/Option-plaque-coulee-en-relief-Prestige.jpg\" class=\"ml-lightbox-enabled\"><img loading=\"lazy\" decoding=\"async\" width=\"709\" height=\"1577\" src=\"https:\/\/www.prestigevisualmetal.com\/wp-content\/uploads\/2019\/02\/Option-plaque-coulee-en-relief-Prestige.jpg\" alt=\"Option Plaque Coulee En Relief Prestige\" class=\"wp-image-5647\" srcset=\"https:\/\/www.prestigevisualmetal.com\/wp-content\/uploads\/2019\/02\/Option-plaque-coulee-en-relief-Prestige.jpg 709w, https:\/\/www.prestigevisualmetal.com\/wp-content\/uploads\/2019\/02\/Option-plaque-coulee-en-relief-Prestige-135x300.jpg 135w, https:\/\/www.prestigevisualmetal.com\/wp-content\/uploads\/2019\/02\/Option-plaque-coulee-en-relief-Prestige-460x1024.jpg 460w\" sizes=\"auto, (max-width: 709px) 100vw, 709px\" \/><\/a><\/figure>\n\n\n\n<h3 class=\"wp-block-heading\"> Plaque en relief &#8211; Options de fixations <\/h3>\n\n\n\n<figure class=\"wp-block-image\"><a href=\"https:\/\/www.prestigevisualmetal.com\/wp-content\/uploads\/2019\/02\/Option-fixation-plaque-coulee-Prestige.jpg\" data-src=\"https:\/\/www.prestigevisualmetal.com\/wp-content\/uploads\/2019\/02\/Option-fixation-plaque-coulee-Prestige.jpg\" data-thumb=\"https:\/\/www.prestigevisualmetal.com\/wp-content\/uploads\/2019\/02\/Option-fixation-plaque-coulee-Prestige.jpg\" class=\"ml-lightbox-enabled\"><img loading=\"lazy\" decoding=\"async\" width=\"709\" height=\"1962\" src=\"https:\/\/www.prestigevisualmetal.com\/wp-content\/uploads\/2019\/02\/Option-fixation-plaque-coulee-Prestige.jpg\" alt=\"Option Fixation Plaque Coulee Prestige\" class=\"wp-image-5648\" srcset=\"https:\/\/www.prestigevisualmetal.com\/wp-content\/uploads\/2019\/02\/Option-fixation-plaque-coulee-Prestige.jpg 709w, https:\/\/www.prestigevisualmetal.com\/wp-content\/uploads\/2019\/02\/Option-fixation-plaque-coulee-Prestige-108x300.jpg 108w, https:\/\/www.prestigevisualmetal.com\/wp-content\/uploads\/2019\/02\/Option-fixation-plaque-coulee-Prestige-370x1024.jpg 370w\" sizes=\"auto, (max-width: 709px) 100vw, 709px\" \/><\/a><\/figure>\n\n\n\n<h2 class=\"w-80 wp-block-heading\">SERVICES<\/h2>\n\n\n<style>#kt-layout-id_b59ceb-80 > .kt-row-column-wrap{align-content:start;}:where(#kt-layout-id_b59ceb-80 > .kt-row-column-wrap) > .wp-block-kadence-column{justify-content:start;}#kt-layout-id_b59ceb-80 > .kt-row-column-wrap{column-gap:var(--global-kb-gap-md, 2rem);row-gap:var(--global-kb-gap-md, 2rem);padding-top:var( --global-kb-row-default-top, 25px );padding-bottom:var( --global-kb-row-default-bottom, 25px );padding-top:var(--global-kb-spacing-sm, 1.5rem);padding-bottom:var(--global-kb-spacing-sm, 1.5rem);}#kt-layout-id_b59ceb-80 > .kt-row-column-wrap > div:not(.added-for-specificity){grid-column:initial;}#kt-layout-id_b59ceb-80 > .kt-row-column-wrap{grid-template-columns:repeat(3, minmax(0, 1fr));}#kt-layout-id_b59ceb-80 > .kt-row-layout-overlay{opacity:0.30;}@media all and (max-width: 1024px){#kt-layout-id_b59ceb-80 > .kt-row-column-wrap > div:not(.added-for-specificity){grid-column:initial;}}@media all and (max-width: 1024px){#kt-layout-id_b59ceb-80 > .kt-row-column-wrap{grid-template-columns:repeat(3, minmax(0, 1fr));}}@media all and (max-width: 767px){#kt-layout-id_b59ceb-80 > .kt-row-column-wrap > div:not(.added-for-specificity){grid-column:initial;}#kt-layout-id_b59ceb-80 > .kt-row-column-wrap{grid-template-columns:minmax(0, 1fr);}}<\/style>\n<div class=\"wp-block-kadence-rowlayout alignnone w-80\"><div id=\"kt-layout-id_b59ceb-80\" class=\"kt-row-layout-inner  kt-layout-id_b59ceb-80\"><div class=\"kt-row-column-wrap kt-has-3-columns kt-gutter-default kt-row-valign-top kt-row-layout-equal kt-tab-layout-inherit kt-m-colapse-left-to-right kt-mobile-layout-row\"><style>.kadence-column_b855fb-a2 > .kt-inside-inner-col{border-top-width:0px;border-right-width:0px;border-bottom-width:0px;border-left-width:0px;}.kadence-column_b855fb-a2 > .kt-inside-inner-col,.kadence-column_b855fb-a2 > .kt-inside-inner-col:before{border-top-left-radius:0px;border-top-right-radius:0px;border-bottom-right-radius:0px;border-bottom-left-radius:0px;}.kadence-column_b855fb-a2 > .kt-inside-inner-col{column-gap:var(--global-kb-gap-sm, 1rem);}.kadence-column_b855fb-a2 > .kt-inside-inner-col{flex-direction:column;}.kadence-column_b855fb-a2 > .kt-inside-inner-col > .aligncenter{width:100%;}.kadence-column_b855fb-a2 > .kt-inside-inner-col:before{opacity:0.3;}.kadence-column_b855fb-a2{position:relative;}@media all and (max-width: 1024px){.kadence-column_b855fb-a2 > .kt-inside-inner-col{flex-direction:column;justify-content:center;}}@media all and (max-width: 767px){.kadence-column_b855fb-a2 > .kt-inside-inner-col{flex-direction:column;justify-content:center;}}<\/style>\n<div class=\"wp-block-kadence-column inner-column-1 kadence-column_b855fb-a2\"><div class=\"kt-inside-inner-col\">\n<figure class=\"wp-block-image\"><a href=\"\/europe\/realisations\/services\/vente-a-l-exterieur\/\"><img loading=\"lazy\" decoding=\"async\" width=\"868\" height=\"235\" src=\"http:\/\/prestigevisualmetal.com\/wp-content\/uploads\/2018\/12\/Vente-a-l-exterieur.jpg\" alt=\"Vente \u00e0 l\u2019ext\u00e9rieur\" class=\"wp-image-1686\" srcset=\"https:\/\/www.prestigevisualmetal.com\/wp-content\/uploads\/2018\/12\/Vente-a-l-exterieur.jpg 868w, https:\/\/www.prestigevisualmetal.com\/wp-content\/uploads\/2018\/12\/Vente-a-l-exterieur-300x81.jpg 300w, https:\/\/www.prestigevisualmetal.com\/wp-content\/uploads\/2018\/12\/Vente-a-l-exterieur-768x208.jpg 768w\" sizes=\"auto, (max-width: 868px) 100vw, 868px\" \/><\/a><figcaption>Vente \u00e0 l\u2019ext\u00e9rieur<\/figcaption><\/figure>\n<\/div><\/div>\n\n\n<style>.kadence-column_2a2e83-f4 > .kt-inside-inner-col{border-top-width:0px;border-right-width:0px;border-bottom-width:0px;border-left-width:0px;}.kadence-column_2a2e83-f4 > .kt-inside-inner-col,.kadence-column_2a2e83-f4 > .kt-inside-inner-col:before{border-top-left-radius:0px;border-top-right-radius:0px;border-bottom-right-radius:0px;border-bottom-left-radius:0px;}.kadence-column_2a2e83-f4 > .kt-inside-inner-col{column-gap:var(--global-kb-gap-sm, 1rem);}.kadence-column_2a2e83-f4 > .kt-inside-inner-col{flex-direction:column;}.kadence-column_2a2e83-f4 > .kt-inside-inner-col > .aligncenter{width:100%;}.kadence-column_2a2e83-f4 > .kt-inside-inner-col:before{opacity:0.3;}.kadence-column_2a2e83-f4{position:relative;}@media all and (max-width: 1024px){.kadence-column_2a2e83-f4 > .kt-inside-inner-col{flex-direction:column;justify-content:center;}}@media all and (max-width: 767px){.kadence-column_2a2e83-f4 > .kt-inside-inner-col{flex-direction:column;justify-content:center;}}<\/style>\n<div class=\"wp-block-kadence-column inner-column-2 kadence-column_2a2e83-f4\"><div class=\"kt-inside-inner-col\">\n<figure class=\"wp-block-image\"><a href=\"\/europe\/realisations\/services\/conception-graphique\/\"><img loading=\"lazy\" decoding=\"async\" width=\"869\" height=\"235\" src=\"http:\/\/prestigevisualmetal.com\/wp-content\/uploads\/2018\/12\/Conception-graphique.jpg\" alt=\"Conception graphique\" class=\"wp-image-1683\" srcset=\"https:\/\/www.prestigevisualmetal.com\/wp-content\/uploads\/2018\/12\/Conception-graphique.jpg 869w, https:\/\/www.prestigevisualmetal.com\/wp-content\/uploads\/2018\/12\/Conception-graphique-768x208.jpg 768w, https:\/\/www.prestigevisualmetal.com\/wp-content\/uploads\/2018\/12\/Conception-graphique-300x81.jpg 300w\" sizes=\"auto, (max-width: 869px) 100vw, 869px\" \/><\/a><figcaption>Conception graphique<\/figcaption><\/figure>\n<\/div><\/div>\n\n\n<style>.kadence-column_85ba1c-be > .kt-inside-inner-col{border-top-width:0px;border-right-width:0px;border-bottom-width:0px;border-left-width:0px;}.kadence-column_85ba1c-be > .kt-inside-inner-col,.kadence-column_85ba1c-be > .kt-inside-inner-col:before{border-top-left-radius:0px;border-top-right-radius:0px;border-bottom-right-radius:0px;border-bottom-left-radius:0px;}.kadence-column_85ba1c-be > .kt-inside-inner-col{column-gap:var(--global-kb-gap-sm, 1rem);}.kadence-column_85ba1c-be > .kt-inside-inner-col{flex-direction:column;}.kadence-column_85ba1c-be > .kt-inside-inner-col > .aligncenter{width:100%;}.kadence-column_85ba1c-be > .kt-inside-inner-col:before{opacity:0.3;}.kadence-column_85ba1c-be{position:relative;}@media all and (max-width: 1024px){.kadence-column_85ba1c-be > .kt-inside-inner-col{flex-direction:column;justify-content:center;}}@media all and (max-width: 767px){.kadence-column_85ba1c-be > .kt-inside-inner-col{flex-direction:column;justify-content:center;}}<\/style>\n<div class=\"wp-block-kadence-column inner-column-3 kadence-column_85ba1c-be\"><div class=\"kt-inside-inner-col\">\n<figure class=\"wp-block-image\"><a href=\"\/europe\/nous-joindre\/\"><img loading=\"lazy\" decoding=\"async\" width=\"868\" height=\"235\" src=\"http:\/\/prestigevisualmetal.com\/wp-content\/uploads\/2018\/12\/Contactez-nous.jpg\" alt=\"Contactez-nous\" class=\"wp-image-1684\" srcset=\"https:\/\/www.prestigevisualmetal.com\/wp-content\/uploads\/2018\/12\/Contactez-nous.jpg 868w, https:\/\/www.prestigevisualmetal.com\/wp-content\/uploads\/2018\/12\/Contactez-nous-300x81.jpg 300w, https:\/\/www.prestigevisualmetal.com\/wp-content\/uploads\/2018\/12\/Contactez-nous-768x208.jpg 768w\" sizes=\"auto, (max-width: 868px) 100vw, 868px\" \/><\/a><figcaption>Contactez-nous<\/figcaption><\/figure>\n<\/div><\/div>\n<\/div><\/div><\/div>\n","protected":false},"excerpt":{"rendered":"<p>Personnalisez les plaques en relief avec nos nombreuses options et finitions afin que nous puissions effectuer la conception graphique pour validation de votre part. M\u00e9taux: bronze, laiton et&nbsp;aluminium. Finitions: Bross\u00e9, poli miroir, anodis\u00e9, oxyd\u00e9, patin\u00e9 et \u00e9mail cuit. Vernis protecteur cuit ultra-r\u00e9sistant pour l\u2019ext\u00e9rieur et \u00e0 l\u2019int\u00e9rieur. Sans entretien avec une garantie contre tout d\u00e9faut&#8230;  <a href=\"https:\/\/www.prestigevisualmetal.com\/europe\/realisations\/plaques-finitions-et-options\/plaque-en-relief-options-et-finitions\/\" title=\"Read Plaque en relief &#8211; Options et finitions\">Read more &raquo;<\/a><\/p>\n","protected":false},"author":101013,"featured_media":0,"parent":3388,"menu_order":2,"comment_status":"open","ping_status":"closed","template":"","meta":{"_acf_changed":false,"ghostkit_customizer_options":"","ghostkit_custom_css":"","ghostkit_custom_js_head":"","ghostkit_custom_js_foot":"","ghostkit_typography":"","footnotes":""},"class_list":["post-6618","page","type-page","status-publish","hentry"],"acf":[],"yoast_head":"<!-- This site is optimized with the Yoast SEO plugin v27.5 - https:\/\/yoast.com\/product\/yoast-seo-wordpress\/ -->\n<title>Plaque en relief - Options et finitions | Plaques Prestige Visual Metal<\/title>\n<meta name=\"description\" content=\"Consultez nos options et finitions pour une plaque en relief. Plaque comm\u00e9morative plaque professionnelle enseigne. Bronze, laiton, cuivre, aluminium, inox.\" \/>\n<meta name=\"robots\" content=\"index, follow, max-snippet:-1, max-image-preview:large, max-video-preview:-1\" \/>\n<link rel=\"canonical\" href=\"https:\/\/www.prestigevisualmetal.com\/europe\/realisations\/plaques-finitions-et-options\/plaque-en-relief-options-et-finitions\/\" \/>\n<meta property=\"og:locale\" content=\"fr_FR\" \/>\n<meta property=\"og:type\" content=\"article\" \/>\n<meta property=\"og:title\" content=\"Plaque en relief - Options et finitions | Plaques Prestige Visual Metal\" \/>\n<meta property=\"og:description\" content=\"Consultez nos options et finitions pour une plaque en relief. Plaque comm\u00e9morative plaque professionnelle enseigne. Bronze, laiton, cuivre, aluminium, inox.\" \/>\n<meta property=\"og:url\" content=\"https:\/\/www.prestigevisualmetal.com\/europe\/realisations\/plaques-finitions-et-options\/plaque-en-relief-options-et-finitions\/\" \/>\n<meta property=\"og:site_name\" content=\"Prestige Visual M\u00e9tal\" \/>\n<meta property=\"article:modified_time\" content=\"2019-03-06T21:26:54+00:00\" \/>\n<meta property=\"og:image\" content=\"https:\/\/www.prestigevisualmetal.com\/wp-content\/uploads\/2019\/02\/Option-plaque-coulee-en-relief-Prestige.jpg\" \/>\n<script type=\"application\/ld+json\" class=\"yoast-schema-graph\">{\"@context\":\"https:\\\/\\\/schema.org\",\"@graph\":[{\"@type\":\"WebPage\",\"@id\":\"https:\\\/\\\/www.prestigevisualmetal.com\\\/europe\\\/realisations\\\/plaques-finitions-et-options\\\/plaque-en-relief-options-et-finitions\\\/\",\"url\":\"https:\\\/\\\/www.prestigevisualmetal.com\\\/europe\\\/realisations\\\/plaques-finitions-et-options\\\/plaque-en-relief-options-et-finitions\\\/\",\"name\":\"Plaque en relief - Options et finitions | Plaques Prestige Visual Metal\",\"isPartOf\":{\"@id\":\"https:\\\/\\\/www.prestigevisualmetal.com\\\/europe\\\/#website\"},\"primaryImageOfPage\":{\"@id\":\"https:\\\/\\\/www.prestigevisualmetal.com\\\/europe\\\/realisations\\\/plaques-finitions-et-options\\\/plaque-en-relief-options-et-finitions\\\/#primaryimage\"},\"image\":{\"@id\":\"https:\\\/\\\/www.prestigevisualmetal.com\\\/europe\\\/realisations\\\/plaques-finitions-et-options\\\/plaque-en-relief-options-et-finitions\\\/#primaryimage\"},\"thumbnailUrl\":\"https:\\\/\\\/www.prestigevisualmetal.com\\\/wp-content\\\/uploads\\\/2019\\\/02\\\/Option-plaque-coulee-en-relief-Prestige.jpg\",\"datePublished\":\"2019-02-08T18:47:45+00:00\",\"dateModified\":\"2019-03-06T21:26:54+00:00\",\"description\":\"Consultez nos options et finitions pour une plaque en relief. Plaque comm\u00e9morative plaque professionnelle enseigne. Bronze, laiton, cuivre, aluminium, inox.\",\"breadcrumb\":{\"@id\":\"https:\\\/\\\/www.prestigevisualmetal.com\\\/europe\\\/realisations\\\/plaques-finitions-et-options\\\/plaque-en-relief-options-et-finitions\\\/#breadcrumb\"},\"inLanguage\":\"fr-BE\",\"potentialAction\":[{\"@type\":\"ReadAction\",\"target\":[\"https:\\\/\\\/www.prestigevisualmetal.com\\\/europe\\\/realisations\\\/plaques-finitions-et-options\\\/plaque-en-relief-options-et-finitions\\\/\"]}]},{\"@type\":\"ImageObject\",\"inLanguage\":\"fr-BE\",\"@id\":\"https:\\\/\\\/www.prestigevisualmetal.com\\\/europe\\\/realisations\\\/plaques-finitions-et-options\\\/plaque-en-relief-options-et-finitions\\\/#primaryimage\",\"url\":\"https:\\\/\\\/www.prestigevisualmetal.com\\\/wp-content\\\/uploads\\\/2019\\\/02\\\/Option-plaque-coulee-en-relief-Prestige.jpg\",\"contentUrl\":\"https:\\\/\\\/www.prestigevisualmetal.com\\\/wp-content\\\/uploads\\\/2019\\\/02\\\/Option-plaque-coulee-en-relief-Prestige.jpg\"},{\"@type\":\"BreadcrumbList\",\"@id\":\"https:\\\/\\\/www.prestigevisualmetal.com\\\/europe\\\/realisations\\\/plaques-finitions-et-options\\\/plaque-en-relief-options-et-finitions\\\/#breadcrumb\",\"itemListElement\":[{\"@type\":\"ListItem\",\"position\":1,\"name\":\"Accueil\",\"item\":\"https:\\\/\\\/www.prestigevisualmetal.com\\\/europe\\\/\"},{\"@type\":\"ListItem\",\"position\":2,\"name\":\"R\u00e9alisations\",\"item\":\"https:\\\/\\\/www.prestigevisualmetal.com\\\/europe\\\/realisations\\\/\"},{\"@type\":\"ListItem\",\"position\":3,\"name\":\"Plaques &#8211; Finitions et options\",\"item\":\"https:\\\/\\\/www.prestigevisualmetal.com\\\/europe\\\/realisations\\\/plaques-finitions-et-options\\\/\"},{\"@type\":\"ListItem\",\"position\":4,\"name\":\"Plaque en relief &#8211; Options et finitions\"}]},{\"@type\":\"WebSite\",\"@id\":\"https:\\\/\\\/www.prestigevisualmetal.com\\\/europe\\\/#website\",\"url\":\"https:\\\/\\\/www.prestigevisualmetal.com\\\/europe\\\/\",\"name\":\"Prestige Visual M\u00e9tal\",\"description\":\"\",\"potentialAction\":[{\"@type\":\"SearchAction\",\"target\":{\"@type\":\"EntryPoint\",\"urlTemplate\":\"https:\\\/\\\/www.prestigevisualmetal.com\\\/europe\\\/?s={search_term_string}\"},\"query-input\":{\"@type\":\"PropertyValueSpecification\",\"valueRequired\":true,\"valueName\":\"search_term_string\"}}],\"inLanguage\":\"fr-BE\"}]}<\/script>\n<!-- \/ Yoast SEO plugin. -->","yoast_head_json":{"title":"Plaque en relief - Options et finitions | Plaques Prestige Visual Metal","description":"Consultez nos options et finitions pour une plaque en relief. Plaque comm\u00e9morative plaque professionnelle enseigne. Bronze, laiton, cuivre, aluminium, inox.","robots":{"index":"index","follow":"follow","max-snippet":"max-snippet:-1","max-image-preview":"max-image-preview:large","max-video-preview":"max-video-preview:-1"},"canonical":"https:\/\/www.prestigevisualmetal.com\/europe\/realisations\/plaques-finitions-et-options\/plaque-en-relief-options-et-finitions\/","og_locale":"fr_FR","og_type":"article","og_title":"Plaque en relief - Options et finitions | Plaques Prestige Visual Metal","og_description":"Consultez nos options et finitions pour une plaque en relief. Plaque comm\u00e9morative plaque professionnelle enseigne. Bronze, laiton, cuivre, aluminium, inox.","og_url":"https:\/\/www.prestigevisualmetal.com\/europe\/realisations\/plaques-finitions-et-options\/plaque-en-relief-options-et-finitions\/","og_site_name":"Prestige Visual M\u00e9tal","article_modified_time":"2019-03-06T21:26:54+00:00","og_image":[{"url":"https:\/\/www.prestigevisualmetal.com\/wp-content\/uploads\/2019\/02\/Option-plaque-coulee-en-relief-Prestige.jpg","type":"","width":"","height":""}],"schema":{"@context":"https:\/\/schema.org","@graph":[{"@type":"WebPage","@id":"https:\/\/www.prestigevisualmetal.com\/europe\/realisations\/plaques-finitions-et-options\/plaque-en-relief-options-et-finitions\/","url":"https:\/\/www.prestigevisualmetal.com\/europe\/realisations\/plaques-finitions-et-options\/plaque-en-relief-options-et-finitions\/","name":"Plaque en relief - Options et finitions | Plaques Prestige Visual Metal","isPartOf":{"@id":"https:\/\/www.prestigevisualmetal.com\/europe\/#website"},"primaryImageOfPage":{"@id":"https:\/\/www.prestigevisualmetal.com\/europe\/realisations\/plaques-finitions-et-options\/plaque-en-relief-options-et-finitions\/#primaryimage"},"image":{"@id":"https:\/\/www.prestigevisualmetal.com\/europe\/realisations\/plaques-finitions-et-options\/plaque-en-relief-options-et-finitions\/#primaryimage"},"thumbnailUrl":"https:\/\/www.prestigevisualmetal.com\/wp-content\/uploads\/2019\/02\/Option-plaque-coulee-en-relief-Prestige.jpg","datePublished":"2019-02-08T18:47:45+00:00","dateModified":"2019-03-06T21:26:54+00:00","description":"Consultez nos options et finitions pour une plaque en relief. Plaque comm\u00e9morative plaque professionnelle enseigne. Bronze, laiton, cuivre, aluminium, inox.","breadcrumb":{"@id":"https:\/\/www.prestigevisualmetal.com\/europe\/realisations\/plaques-finitions-et-options\/plaque-en-relief-options-et-finitions\/#breadcrumb"},"inLanguage":"fr-BE","potentialAction":[{"@type":"ReadAction","target":["https:\/\/www.prestigevisualmetal.com\/europe\/realisations\/plaques-finitions-et-options\/plaque-en-relief-options-et-finitions\/"]}]},{"@type":"ImageObject","inLanguage":"fr-BE","@id":"https:\/\/www.prestigevisualmetal.com\/europe\/realisations\/plaques-finitions-et-options\/plaque-en-relief-options-et-finitions\/#primaryimage","url":"https:\/\/www.prestigevisualmetal.com\/wp-content\/uploads\/2019\/02\/Option-plaque-coulee-en-relief-Prestige.jpg","contentUrl":"https:\/\/www.prestigevisualmetal.com\/wp-content\/uploads\/2019\/02\/Option-plaque-coulee-en-relief-Prestige.jpg"},{"@type":"BreadcrumbList","@id":"https:\/\/www.prestigevisualmetal.com\/europe\/realisations\/plaques-finitions-et-options\/plaque-en-relief-options-et-finitions\/#breadcrumb","itemListElement":[{"@type":"ListItem","position":1,"name":"Accueil","item":"https:\/\/www.prestigevisualmetal.com\/europe\/"},{"@type":"ListItem","position":2,"name":"R\u00e9alisations","item":"https:\/\/www.prestigevisualmetal.com\/europe\/realisations\/"},{"@type":"ListItem","position":3,"name":"Plaques &#8211; Finitions et options","item":"https:\/\/www.prestigevisualmetal.com\/europe\/realisations\/plaques-finitions-et-options\/"},{"@type":"ListItem","position":4,"name":"Plaque en relief &#8211; Options et finitions"}]},{"@type":"WebSite","@id":"https:\/\/www.prestigevisualmetal.com\/europe\/#website","url":"https:\/\/www.prestigevisualmetal.com\/europe\/","name":"Prestige Visual M\u00e9tal","description":"","potentialAction":[{"@type":"SearchAction","target":{"@type":"EntryPoint","urlTemplate":"https:\/\/www.prestigevisualmetal.com\/europe\/?s={search_term_string}"},"query-input":{"@type":"PropertyValueSpecification","valueRequired":true,"valueName":"search_term_string"}}],"inLanguage":"fr-BE"}]}},"_links":{"self":[{"href":"https:\/\/www.prestigevisualmetal.com\/europe\/wp-json\/wp\/v2\/pages\/6618","targetHints":{"allow":["GET"]}}],"collection":[{"href":"https:\/\/www.prestigevisualmetal.com\/europe\/wp-json\/wp\/v2\/pages"}],"about":[{"href":"https:\/\/www.prestigevisualmetal.com\/europe\/wp-json\/wp\/v2\/types\/page"}],"author":[{"embeddable":true,"href":"https:\/\/www.prestigevisualmetal.com\/europe\/wp-json\/wp\/v2\/users\/101013"}],"replies":[{"embeddable":true,"href":"https:\/\/www.prestigevisualmetal.com\/europe\/wp-json\/wp\/v2\/comments?post=6618"}],"version-history":[{"count":4,"href":"https:\/\/www.prestigevisualmetal.com\/europe\/wp-json\/wp\/v2\/pages\/6618\/revisions"}],"predecessor-version":[{"id":6924,"href":"https:\/\/www.prestigevisualmetal.com\/europe\/wp-json\/wp\/v2\/pages\/6618\/revisions\/6924"}],"up":[{"embeddable":true,"href":"https:\/\/www.prestigevisualmetal.com\/europe\/wp-json\/wp\/v2\/pages\/3388"}],"wp:attachment":[{"href":"https:\/\/www.prestigevisualmetal.com\/europe\/wp-json\/wp\/v2\/media?parent=6618"}],"curies":[{"name":"wp","href":"https:\/\/api.w.org\/{rel}","templated":true}]}}