{"id":6627,"date":"2019-02-27T15:42:56","date_gmt":"2019-02-27T20:42:56","guid":{"rendered":"https:\/\/www.prestigevisualmetal.com\/realisations\/plaque-en-bronze-laiton-inox-alu\/plaques-professionnelles-et-enseignes\/plaque-gravee-en-bronze-et-laiton-brosse\/"},"modified":"2020-01-19T12:28:58","modified_gmt":"2020-01-19T17:28:58","slug":"plaque-gravee-en-bronze-et-laiton-brosse","status":"publish","type":"page","link":"https:\/\/www.prestigevisualmetal.com\/europe\/realisations\/plaque-en-bronze-laiton-inox-alu\/plaques-professionnelles-et-enseignes\/plaque-gravee-en-bronze-et-laiton-brosse\/","title":{"rendered":"Plaque grav\u00e9e en bronze et laiton bross\u00e9"},"content":{"rendered":"<style>#kt-layout-id_9055f0-90 > .kt-row-column-wrap{align-content:start;}:where(#kt-layout-id_9055f0-90 > .kt-row-column-wrap) > .wp-block-kadence-column{justify-content:start;}#kt-layout-id_9055f0-90 > .kt-row-column-wrap{column-gap:var(--global-kb-gap-md, 2rem);row-gap:var(--global-kb-gap-md, 2rem);padding-top:var( --global-kb-row-default-top, 25px );padding-bottom:var( --global-kb-row-default-bottom, 25px );padding-top:0px;padding-bottom:0px;grid-template-columns:minmax(0, 1fr);}#kt-layout-id_9055f0-90 > .kt-row-layout-overlay{opacity:0.30;}@media all and (max-width: 1024px){#kt-layout-id_9055f0-90 > .kt-row-column-wrap{grid-template-columns:minmax(0, 1fr);}}@media all and (max-width: 767px){#kt-layout-id_9055f0-90 > .kt-row-column-wrap{grid-template-columns:minmax(0, 1fr);}}<\/style>\n<div class=\"wp-block-kadence-rowlayout alignnone dev_bas no-liste-sm\"><div id=\"kt-layout-id_9055f0-90\" class=\"kt-row-layout-inner  kt-layout-id_9055f0-90\"><div class=\"kt-row-column-wrap kt-has-1-columns kt-gutter-default kt-v-gutter-default kt-row-valign-top kt-row-layout-equal kt-tab-layout-inherit kt-m-colapse-left-to-right kt-mobile-layout-row\"><style>.kadence-column_ae2bd5-a9 > .kt-inside-inner-col{border-top-width:0px;border-right-width:0px;border-bottom-width:0px;border-left-width:0px;}.kadence-column_ae2bd5-a9 > .kt-inside-inner-col,.kadence-column_ae2bd5-a9 > .kt-inside-inner-col:before{border-top-left-radius:0px;border-top-right-radius:0px;border-bottom-right-radius:0px;border-bottom-left-radius:0px;}.kadence-column_ae2bd5-a9 > .kt-inside-inner-col{column-gap:var(--global-kb-gap-sm, 1rem);}.kadence-column_ae2bd5-a9 > .kt-inside-inner-col{flex-direction:column;}.kadence-column_ae2bd5-a9 > .kt-inside-inner-col > .aligncenter{width:100%;}.kadence-column_ae2bd5-a9 > .kt-inside-inner-col:before{opacity:0.3;}.kadence-column_ae2bd5-a9{position:relative;}@media all and (max-width: 1024px){.kadence-column_ae2bd5-a9 > .kt-inside-inner-col{flex-direction:column;justify-content:center;}}@media all and (max-width: 767px){.kadence-column_ae2bd5-a9 > .kt-inside-inner-col{flex-direction:column;justify-content:center;}}<\/style>\n<div class=\"wp-block-kadence-column inner-column-1 kadence-column_ae2bd5-a9\"><div class=\"kt-inside-inner-col\">\n<p>Le look du m\u00e9tal massif ne consiste pas seulement \u00e0 voir le mat\u00e9riau m\u00e9tallique lui-m\u00eame. Il s\u2019agit \u00e9galement d&#8217;avoir une impression de solidit\u00e9 et de distinction qu\u2019elle apporte et de la qualit\u00e9 de sa tenue dans le temps. Nos plaques grav\u00e9es \u00e0 l&#8217;acide en bronze et laiton bross\u00e9 sont bien prot\u00e9g\u00e9es par un vernis cuit tr\u00e8s r\u00e9sistant de la plus haute qualit\u00e9.<\/p>\n\n\n\n<ul class=\"wp-block-list\"><li><strong>Plaque grav\u00e9es en bronze et laiton bross\u00e9.&nbsp;Plaque&nbsp;enseigne,&nbsp;plaque&nbsp;professionelle et&nbsp;signal\u00e9tique.<\/strong><\/li><li><strong>Vernis protecteur cuit ultra-r\u00e9sistant pour l&#8217;ext\u00e9rieur et \u00e0 l&#8217;int\u00e9rieur. <\/strong><\/li><li><strong>Sans entretien avec une garantie&nbsp;contre&nbsp;tout&nbsp;d\u00e9faut&nbsp;de&nbsp;fabrication.<\/strong><\/li><li><strong>Visserie et gabarit de pose inclus.<\/strong><\/li><li><strong>Mise en page incluse pour approbation.<\/strong><\/li><li><strong>Demandez votre soumission personnalis\u00e9e!<\/strong><\/li><\/ul>\n<\/div><\/div>\n<\/div><\/div><\/div>\n\n\n\n<h2 class=\"has-text-align-left style-2 wp-block-heading\">Plaque grav\u00e9e en bronze et laiton bross\u00e9<\/h2>\n\n\n\n<div class=\"wp-block-image\"><figure class=\"alignleft size-full\"><a href=\"https:\/\/www.prestigevisualmetal.com\/wp-content\/uploads\/2019\/02\/Plaque-grav\u00e9e-bronze-et-laiton-professionnelle-identification.jpg\" data-src=\"https:\/\/www.prestigevisualmetal.com\/wp-content\/uploads\/2019\/02\/Plaque-grav\u00e9e-bronze-et-laiton-professionnelle-identification.jpg\" data-thumb=\"https:\/\/www.prestigevisualmetal.com\/wp-content\/uploads\/2020\/01\/Plaque-grav\u00e9e-bronze-et-laiton-professionnelle-identification.jpg\" class=\"ml-lightbox-enabled\"><img loading=\"lazy\" decoding=\"async\" width=\"709\" height=\"2063\" src=\"https:\/\/www.prestigevisualmetal.com\/wp-content\/uploads\/2020\/01\/Plaque-grav\u00e9e-bronze-et-laiton-professionnelle-identification.jpg\" alt=\"Plaque Grav\u00e9e Bronze Et Laiton Professionnelle Identification\" class=\"wp-image-7600\" srcset=\"https:\/\/www.prestigevisualmetal.com\/wp-content\/uploads\/2020\/01\/Plaque-grav\u00e9e-bronze-et-laiton-professionnelle-identification.jpg 709w, https:\/\/www.prestigevisualmetal.com\/wp-content\/uploads\/2020\/01\/Plaque-grav\u00e9e-bronze-et-laiton-professionnelle-identification-103x300.jpg 103w, https:\/\/www.prestigevisualmetal.com\/wp-content\/uploads\/2020\/01\/Plaque-grav\u00e9e-bronze-et-laiton-professionnelle-identification-352x1024.jpg 352w, https:\/\/www.prestigevisualmetal.com\/wp-content\/uploads\/2020\/01\/Plaque-grav\u00e9e-bronze-et-laiton-professionnelle-identification-528x1536.jpg 528w, https:\/\/www.prestigevisualmetal.com\/wp-content\/uploads\/2020\/01\/Plaque-grav\u00e9e-bronze-et-laiton-professionnelle-identification-704x2048.jpg 704w\" sizes=\"auto, (max-width: 709px) 100vw, 709px\" \/><\/a><\/figure><\/div>\n\n\n\n<h2 class=\"w-80 wp-block-heading\">SERVICES<\/h2>\n\n\n<style>#kt-layout-id_bdbc83-ba > .kt-row-column-wrap{align-content:start;}:where(#kt-layout-id_bdbc83-ba > .kt-row-column-wrap) > .wp-block-kadence-column{justify-content:start;}#kt-layout-id_bdbc83-ba > .kt-row-column-wrap{column-gap:var(--global-kb-gap-md, 2rem);row-gap:var(--global-kb-gap-md, 2rem);padding-top:var( --global-kb-row-default-top, 25px );padding-bottom:var( --global-kb-row-default-bottom, 25px );padding-top:var(--global-kb-spacing-sm, 1.5rem);padding-bottom:var(--global-kb-spacing-sm, 1.5rem);}#kt-layout-id_bdbc83-ba > .kt-row-column-wrap > div:not(.added-for-specificity){grid-column:initial;}#kt-layout-id_bdbc83-ba > .kt-row-column-wrap{grid-template-columns:repeat(3, minmax(0, 1fr));}#kt-layout-id_bdbc83-ba > .kt-row-layout-overlay{opacity:0.30;}@media all and (max-width: 1024px){#kt-layout-id_bdbc83-ba > .kt-row-column-wrap > div:not(.added-for-specificity){grid-column:initial;}}@media all and (max-width: 1024px){#kt-layout-id_bdbc83-ba > .kt-row-column-wrap{grid-template-columns:repeat(3, minmax(0, 1fr));}}@media all and (max-width: 767px){#kt-layout-id_bdbc83-ba > .kt-row-column-wrap > div:not(.added-for-specificity){grid-column:initial;}#kt-layout-id_bdbc83-ba > .kt-row-column-wrap{grid-template-columns:minmax(0, 1fr);}}<\/style>\n<div class=\"wp-block-kadence-rowlayout alignnone w-80\"><div id=\"kt-layout-id_bdbc83-ba\" class=\"kt-row-layout-inner  kt-layout-id_bdbc83-ba\"><div class=\"kt-row-column-wrap kt-has-3-columns kt-gutter-default kt-v-gutter-default kt-row-valign-top kt-row-layout-equal kt-tab-layout-inherit kt-m-colapse-left-to-right kt-mobile-layout-row\"><style>.kadence-column_da0603-60 > .kt-inside-inner-col{border-top-width:0px;border-right-width:0px;border-bottom-width:0px;border-left-width:0px;}.kadence-column_da0603-60 > .kt-inside-inner-col,.kadence-column_da0603-60 > .kt-inside-inner-col:before{border-top-left-radius:0px;border-top-right-radius:0px;border-bottom-right-radius:0px;border-bottom-left-radius:0px;}.kadence-column_da0603-60 > .kt-inside-inner-col{column-gap:var(--global-kb-gap-sm, 1rem);}.kadence-column_da0603-60 > .kt-inside-inner-col{flex-direction:column;}.kadence-column_da0603-60 > .kt-inside-inner-col > .aligncenter{width:100%;}.kadence-column_da0603-60 > .kt-inside-inner-col:before{opacity:0.3;}.kadence-column_da0603-60{position:relative;}@media all and (max-width: 1024px){.kadence-column_da0603-60 > .kt-inside-inner-col{flex-direction:column;justify-content:center;}}@media all and (max-width: 767px){.kadence-column_da0603-60 > .kt-inside-inner-col{flex-direction:column;justify-content:center;}}<\/style>\n<div class=\"wp-block-kadence-column inner-column-1 kadence-column_da0603-60\"><div class=\"kt-inside-inner-col\">\n<figure class=\"wp-block-image\"><a href=\"\/europe\/realisations\/services\/vente-a-l-exterieur\/\"><img loading=\"lazy\" decoding=\"async\" width=\"868\" height=\"235\" src=\"http:\/\/prestigevisualmetal.com\/wp-content\/uploads\/2018\/12\/Vente-a-l-exterieur.jpg\" alt=\"Vente \u00e0 l\u2019ext\u00e9rieur\" class=\"wp-image-1686\" srcset=\"https:\/\/www.prestigevisualmetal.com\/wp-content\/uploads\/2018\/12\/Vente-a-l-exterieur.jpg 868w, https:\/\/www.prestigevisualmetal.com\/wp-content\/uploads\/2018\/12\/Vente-a-l-exterieur-300x81.jpg 300w, https:\/\/www.prestigevisualmetal.com\/wp-content\/uploads\/2018\/12\/Vente-a-l-exterieur-768x208.jpg 768w\" sizes=\"auto, (max-width: 868px) 100vw, 868px\" \/><\/a><figcaption>Vente \u00e0 l\u2019ext\u00e9rieur<\/figcaption><\/figure>\n<\/div><\/div>\n\n\n<style>.kadence-column_75cee4-05 > .kt-inside-inner-col{border-top-width:0px;border-right-width:0px;border-bottom-width:0px;border-left-width:0px;}.kadence-column_75cee4-05 > .kt-inside-inner-col,.kadence-column_75cee4-05 > .kt-inside-inner-col:before{border-top-left-radius:0px;border-top-right-radius:0px;border-bottom-right-radius:0px;border-bottom-left-radius:0px;}.kadence-column_75cee4-05 > .kt-inside-inner-col{column-gap:var(--global-kb-gap-sm, 1rem);}.kadence-column_75cee4-05 > .kt-inside-inner-col{flex-direction:column;}.kadence-column_75cee4-05 > .kt-inside-inner-col > .aligncenter{width:100%;}.kadence-column_75cee4-05 > .kt-inside-inner-col:before{opacity:0.3;}.kadence-column_75cee4-05{position:relative;}@media all and (max-width: 1024px){.kadence-column_75cee4-05 > .kt-inside-inner-col{flex-direction:column;justify-content:center;}}@media all and (max-width: 767px){.kadence-column_75cee4-05 > .kt-inside-inner-col{flex-direction:column;justify-content:center;}}<\/style>\n<div class=\"wp-block-kadence-column inner-column-2 kadence-column_75cee4-05\"><div class=\"kt-inside-inner-col\">\n<figure class=\"wp-block-image\"><a href=\"\/europe\/realisations\/services\/conception-graphique\/\"><img loading=\"lazy\" decoding=\"async\" width=\"869\" height=\"235\" src=\"http:\/\/prestigevisualmetal.com\/wp-content\/uploads\/2018\/12\/Conception-graphique.jpg\" alt=\"Conception graphique\" class=\"wp-image-1683\" srcset=\"https:\/\/www.prestigevisualmetal.com\/wp-content\/uploads\/2018\/12\/Conception-graphique.jpg 869w, https:\/\/www.prestigevisualmetal.com\/wp-content\/uploads\/2018\/12\/Conception-graphique-768x208.jpg 768w, https:\/\/www.prestigevisualmetal.com\/wp-content\/uploads\/2018\/12\/Conception-graphique-300x81.jpg 300w\" sizes=\"auto, (max-width: 869px) 100vw, 869px\" \/><\/a><figcaption>Conception graphique<\/figcaption><\/figure>\n<\/div><\/div>\n\n\n<style>.kadence-column_fd8b2d-cb > .kt-inside-inner-col{border-top-width:0px;border-right-width:0px;border-bottom-width:0px;border-left-width:0px;}.kadence-column_fd8b2d-cb > .kt-inside-inner-col,.kadence-column_fd8b2d-cb > .kt-inside-inner-col:before{border-top-left-radius:0px;border-top-right-radius:0px;border-bottom-right-radius:0px;border-bottom-left-radius:0px;}.kadence-column_fd8b2d-cb > .kt-inside-inner-col{column-gap:var(--global-kb-gap-sm, 1rem);}.kadence-column_fd8b2d-cb > .kt-inside-inner-col{flex-direction:column;}.kadence-column_fd8b2d-cb > .kt-inside-inner-col > .aligncenter{width:100%;}.kadence-column_fd8b2d-cb > .kt-inside-inner-col:before{opacity:0.3;}.kadence-column_fd8b2d-cb{position:relative;}@media all and (max-width: 1024px){.kadence-column_fd8b2d-cb > .kt-inside-inner-col{flex-direction:column;justify-content:center;}}@media all and (max-width: 767px){.kadence-column_fd8b2d-cb > .kt-inside-inner-col{flex-direction:column;justify-content:center;}}<\/style>\n<div class=\"wp-block-kadence-column inner-column-3 kadence-column_fd8b2d-cb\"><div class=\"kt-inside-inner-col\">\n<figure class=\"wp-block-image\"><a href=\"http:\/\/prestigevisualmetal.com\/europe\/contactez-nous\/\"><img loading=\"lazy\" decoding=\"async\" width=\"868\" height=\"235\" src=\"http:\/\/prestigevisualmetal.com\/wp-content\/uploads\/2018\/12\/Contactez-nous.jpg\" alt=\"Contactez-nous\" class=\"wp-image-1684\" srcset=\"https:\/\/www.prestigevisualmetal.com\/wp-content\/uploads\/2018\/12\/Contactez-nous.jpg 868w, https:\/\/www.prestigevisualmetal.com\/wp-content\/uploads\/2018\/12\/Contactez-nous-300x81.jpg 300w, https:\/\/www.prestigevisualmetal.com\/wp-content\/uploads\/2018\/12\/Contactez-nous-768x208.jpg 768w\" sizes=\"auto, (max-width: 868px) 100vw, 868px\" \/><\/a><figcaption>Contactez-nous<\/figcaption><\/figure>\n<\/div><\/div>\n<\/div><\/div><\/div>\n","protected":false},"excerpt":{"rendered":"<p>Le look du m\u00e9tal massif ne consiste pas seulement \u00e0 voir le mat\u00e9riau m\u00e9tallique lui-m\u00eame. Il s\u2019agit \u00e9galement d&#8217;avoir une impression de solidit\u00e9 et de distinction qu\u2019elle apporte et de la qualit\u00e9 de sa tenue dans le temps. Nos plaques grav\u00e9es \u00e0 l&#8217;acide en bronze et laiton bross\u00e9 sont bien prot\u00e9g\u00e9es par un vernis cuit&#8230;  <a href=\"https:\/\/www.prestigevisualmetal.com\/europe\/realisations\/plaque-en-bronze-laiton-inox-alu\/plaques-professionnelles-et-enseignes\/plaque-gravee-en-bronze-et-laiton-brosse\/\" title=\"Read Plaque grav\u00e9e en bronze et laiton bross\u00e9\">Read more &raquo;<\/a><\/p>\n","protected":false},"author":2,"featured_media":0,"parent":6624,"menu_order":10,"comment_status":"open","ping_status":"closed","template":"","meta":{"_acf_changed":false,"ghostkit_customizer_options":"","ghostkit_custom_css":"","ghostkit_custom_js_head":"","ghostkit_custom_js_foot":"","ghostkit_typography":"","footnotes":""},"class_list":["post-6627","page","type-page","status-publish","hentry"],"acf":[],"yoast_head":"<!-- This site is optimized with the Yoast SEO plugin v27.6 - https:\/\/yoast.com\/product\/yoast-seo-wordpress\/ -->\n<title>Plaque enseigne et plaque professionnelle grav\u00e9e | Plaques Prestige<\/title>\n<meta name=\"description\" content=\"Service complet de conception et fabrication pour une belle plaque enseigne ou pour une plaque professionnelle grav\u00e9e en bronze et laiton bross\u00e9 durable.\" \/>\n<meta name=\"robots\" content=\"index, follow, max-snippet:-1, max-image-preview:large, max-video-preview:-1\" \/>\n<link rel=\"canonical\" href=\"https:\/\/www.prestigevisualmetal.com\/europe\/realisations\/plaque-en-bronze-laiton-inox-alu\/plaques-professionnelles-et-enseignes\/plaque-gravee-en-bronze-et-laiton-brosse\/\" \/>\n<meta property=\"og:locale\" content=\"fr_FR\" \/>\n<meta property=\"og:type\" content=\"article\" \/>\n<meta property=\"og:title\" content=\"Plaque enseigne et plaque professionnelle grav\u00e9e | Plaques Prestige\" \/>\n<meta property=\"og:description\" content=\"Service complet de conception et fabrication pour une belle plaque enseigne ou pour une plaque professionnelle grav\u00e9e en bronze et laiton bross\u00e9 durable.\" \/>\n<meta property=\"og:url\" content=\"https:\/\/www.prestigevisualmetal.com\/europe\/realisations\/plaque-en-bronze-laiton-inox-alu\/plaques-professionnelles-et-enseignes\/plaque-gravee-en-bronze-et-laiton-brosse\/\" \/>\n<meta property=\"og:site_name\" content=\"Prestige Visual M\u00e9tal\" \/>\n<meta property=\"article:modified_time\" content=\"2020-01-19T17:28:58+00:00\" \/>\n<meta property=\"og:image\" content=\"https:\/\/www.prestigevisualmetal.com\/wp-content\/uploads\/2020\/01\/Plaque-grav\u00e9e-bronze-et-laiton-professionnelle-identification.jpg\" \/>\n<meta name=\"twitter:label1\" content=\"Dur\u00e9e de lecture est.\" \/>\n\t<meta name=\"twitter:data1\" content=\"1 minute\" \/>\n<script type=\"application\/ld+json\" class=\"yoast-schema-graph\">{\"@context\":\"https:\\\/\\\/schema.org\",\"@graph\":[{\"@type\":\"WebPage\",\"@id\":\"https:\\\/\\\/www.prestigevisualmetal.com\\\/europe\\\/realisations\\\/plaque-en-bronze-laiton-inox-alu\\\/plaques-professionnelles-et-enseignes\\\/plaque-gravee-en-bronze-et-laiton-brosse\\\/\",\"url\":\"https:\\\/\\\/www.prestigevisualmetal.com\\\/europe\\\/realisations\\\/plaque-en-bronze-laiton-inox-alu\\\/plaques-professionnelles-et-enseignes\\\/plaque-gravee-en-bronze-et-laiton-brosse\\\/\",\"name\":\"Plaque enseigne et plaque professionnelle grav\u00e9e | Plaques Prestige\",\"isPartOf\":{\"@id\":\"https:\\\/\\\/www.prestigevisualmetal.com\\\/europe\\\/#website\"},\"primaryImageOfPage\":{\"@id\":\"https:\\\/\\\/www.prestigevisualmetal.com\\\/europe\\\/realisations\\\/plaque-en-bronze-laiton-inox-alu\\\/plaques-professionnelles-et-enseignes\\\/plaque-gravee-en-bronze-et-laiton-brosse\\\/#primaryimage\"},\"image\":{\"@id\":\"https:\\\/\\\/www.prestigevisualmetal.com\\\/europe\\\/realisations\\\/plaque-en-bronze-laiton-inox-alu\\\/plaques-professionnelles-et-enseignes\\\/plaque-gravee-en-bronze-et-laiton-brosse\\\/#primaryimage\"},\"thumbnailUrl\":\"http:\\\/\\\/prestigevisualmetal.com\\\/wp-content\\\/uploads\\\/2018\\\/12\\\/Vente-a-l-exterieur.jpg\",\"datePublished\":\"2019-02-27T20:42:56+00:00\",\"dateModified\":\"2020-01-19T17:28:58+00:00\",\"description\":\"Service complet de conception et fabrication pour une belle plaque enseigne ou pour une plaque professionnelle grav\u00e9e en bronze et laiton bross\u00e9 durable.\",\"breadcrumb\":{\"@id\":\"https:\\\/\\\/www.prestigevisualmetal.com\\\/europe\\\/realisations\\\/plaque-en-bronze-laiton-inox-alu\\\/plaques-professionnelles-et-enseignes\\\/plaque-gravee-en-bronze-et-laiton-brosse\\\/#breadcrumb\"},\"inLanguage\":\"fr-BE\",\"potentialAction\":[{\"@type\":\"ReadAction\",\"target\":[\"https:\\\/\\\/www.prestigevisualmetal.com\\\/europe\\\/realisations\\\/plaque-en-bronze-laiton-inox-alu\\\/plaques-professionnelles-et-enseignes\\\/plaque-gravee-en-bronze-et-laiton-brosse\\\/\"]}]},{\"@type\":\"ImageObject\",\"inLanguage\":\"fr-BE\",\"@id\":\"https:\\\/\\\/www.prestigevisualmetal.com\\\/europe\\\/realisations\\\/plaque-en-bronze-laiton-inox-alu\\\/plaques-professionnelles-et-enseignes\\\/plaque-gravee-en-bronze-et-laiton-brosse\\\/#primaryimage\",\"url\":\"http:\\\/\\\/prestigevisualmetal.com\\\/wp-content\\\/uploads\\\/2018\\\/12\\\/Vente-a-l-exterieur.jpg\",\"contentUrl\":\"http:\\\/\\\/prestigevisualmetal.com\\\/wp-content\\\/uploads\\\/2018\\\/12\\\/Vente-a-l-exterieur.jpg\"},{\"@type\":\"BreadcrumbList\",\"@id\":\"https:\\\/\\\/www.prestigevisualmetal.com\\\/europe\\\/realisations\\\/plaque-en-bronze-laiton-inox-alu\\\/plaques-professionnelles-et-enseignes\\\/plaque-gravee-en-bronze-et-laiton-brosse\\\/#breadcrumb\",\"itemListElement\":[{\"@type\":\"ListItem\",\"position\":1,\"name\":\"Accueil\",\"item\":\"https:\\\/\\\/www.prestigevisualmetal.com\\\/europe\\\/\"},{\"@type\":\"ListItem\",\"position\":2,\"name\":\"R\u00e9alisations\",\"item\":\"https:\\\/\\\/www.prestigevisualmetal.com\\\/europe\\\/realisations\\\/\"},{\"@type\":\"ListItem\",\"position\":3,\"name\":\"Plaque en bronze, laiton, aluminium et inox\",\"item\":\"https:\\\/\\\/www.prestigevisualmetal.com\\\/europe\\\/realisations\\\/plaque-en-bronze-laiton-inox-alu\\\/\"},{\"@type\":\"ListItem\",\"position\":4,\"name\":\"Plaques professionnelles et enseignes\",\"item\":\"https:\\\/\\\/www.prestigevisualmetal.com\\\/europe\\\/realisations\\\/plaque-en-bronze-laiton-inox-alu\\\/plaques-professionnelles-et-enseignes\\\/\"},{\"@type\":\"ListItem\",\"position\":5,\"name\":\"Plaque grav\u00e9e en bronze et laiton bross\u00e9\"}]},{\"@type\":\"WebSite\",\"@id\":\"https:\\\/\\\/www.prestigevisualmetal.com\\\/europe\\\/#website\",\"url\":\"https:\\\/\\\/www.prestigevisualmetal.com\\\/europe\\\/\",\"name\":\"Prestige Visual M\u00e9tal\",\"description\":\"\",\"potentialAction\":[{\"@type\":\"SearchAction\",\"target\":{\"@type\":\"EntryPoint\",\"urlTemplate\":\"https:\\\/\\\/www.prestigevisualmetal.com\\\/europe\\\/?s={search_term_string}\"},\"query-input\":{\"@type\":\"PropertyValueSpecification\",\"valueRequired\":true,\"valueName\":\"search_term_string\"}}],\"inLanguage\":\"fr-BE\"}]}<\/script>\n<!-- \/ Yoast SEO plugin. -->","yoast_head_json":{"title":"Plaque enseigne et plaque professionnelle grav\u00e9e | Plaques Prestige","description":"Service complet de conception et fabrication pour une belle plaque enseigne ou pour une plaque professionnelle grav\u00e9e en bronze et laiton bross\u00e9 durable.","robots":{"index":"index","follow":"follow","max-snippet":"max-snippet:-1","max-image-preview":"max-image-preview:large","max-video-preview":"max-video-preview:-1"},"canonical":"https:\/\/www.prestigevisualmetal.com\/europe\/realisations\/plaque-en-bronze-laiton-inox-alu\/plaques-professionnelles-et-enseignes\/plaque-gravee-en-bronze-et-laiton-brosse\/","og_locale":"fr_FR","og_type":"article","og_title":"Plaque enseigne et plaque professionnelle grav\u00e9e | Plaques Prestige","og_description":"Service complet de conception et fabrication pour une belle plaque enseigne ou pour une plaque professionnelle grav\u00e9e en bronze et laiton bross\u00e9 durable.","og_url":"https:\/\/www.prestigevisualmetal.com\/europe\/realisations\/plaque-en-bronze-laiton-inox-alu\/plaques-professionnelles-et-enseignes\/plaque-gravee-en-bronze-et-laiton-brosse\/","og_site_name":"Prestige Visual M\u00e9tal","article_modified_time":"2020-01-19T17:28:58+00:00","og_image":[{"url":"https:\/\/www.prestigevisualmetal.com\/wp-content\/uploads\/2020\/01\/Plaque-grav\u00e9e-bronze-et-laiton-professionnelle-identification.jpg","type":"","width":"","height":""}],"twitter_misc":{"Dur\u00e9e de lecture est.":"1 minute"},"schema":{"@context":"https:\/\/schema.org","@graph":[{"@type":"WebPage","@id":"https:\/\/www.prestigevisualmetal.com\/europe\/realisations\/plaque-en-bronze-laiton-inox-alu\/plaques-professionnelles-et-enseignes\/plaque-gravee-en-bronze-et-laiton-brosse\/","url":"https:\/\/www.prestigevisualmetal.com\/europe\/realisations\/plaque-en-bronze-laiton-inox-alu\/plaques-professionnelles-et-enseignes\/plaque-gravee-en-bronze-et-laiton-brosse\/","name":"Plaque enseigne et plaque professionnelle grav\u00e9e | Plaques Prestige","isPartOf":{"@id":"https:\/\/www.prestigevisualmetal.com\/europe\/#website"},"primaryImageOfPage":{"@id":"https:\/\/www.prestigevisualmetal.com\/europe\/realisations\/plaque-en-bronze-laiton-inox-alu\/plaques-professionnelles-et-enseignes\/plaque-gravee-en-bronze-et-laiton-brosse\/#primaryimage"},"image":{"@id":"https:\/\/www.prestigevisualmetal.com\/europe\/realisations\/plaque-en-bronze-laiton-inox-alu\/plaques-professionnelles-et-enseignes\/plaque-gravee-en-bronze-et-laiton-brosse\/#primaryimage"},"thumbnailUrl":"http:\/\/prestigevisualmetal.com\/wp-content\/uploads\/2018\/12\/Vente-a-l-exterieur.jpg","datePublished":"2019-02-27T20:42:56+00:00","dateModified":"2020-01-19T17:28:58+00:00","description":"Service complet de conception et fabrication pour une belle plaque enseigne ou pour une plaque professionnelle grav\u00e9e en bronze et laiton bross\u00e9 durable.","breadcrumb":{"@id":"https:\/\/www.prestigevisualmetal.com\/europe\/realisations\/plaque-en-bronze-laiton-inox-alu\/plaques-professionnelles-et-enseignes\/plaque-gravee-en-bronze-et-laiton-brosse\/#breadcrumb"},"inLanguage":"fr-BE","potentialAction":[{"@type":"ReadAction","target":["https:\/\/www.prestigevisualmetal.com\/europe\/realisations\/plaque-en-bronze-laiton-inox-alu\/plaques-professionnelles-et-enseignes\/plaque-gravee-en-bronze-et-laiton-brosse\/"]}]},{"@type":"ImageObject","inLanguage":"fr-BE","@id":"https:\/\/www.prestigevisualmetal.com\/europe\/realisations\/plaque-en-bronze-laiton-inox-alu\/plaques-professionnelles-et-enseignes\/plaque-gravee-en-bronze-et-laiton-brosse\/#primaryimage","url":"http:\/\/prestigevisualmetal.com\/wp-content\/uploads\/2018\/12\/Vente-a-l-exterieur.jpg","contentUrl":"http:\/\/prestigevisualmetal.com\/wp-content\/uploads\/2018\/12\/Vente-a-l-exterieur.jpg"},{"@type":"BreadcrumbList","@id":"https:\/\/www.prestigevisualmetal.com\/europe\/realisations\/plaque-en-bronze-laiton-inox-alu\/plaques-professionnelles-et-enseignes\/plaque-gravee-en-bronze-et-laiton-brosse\/#breadcrumb","itemListElement":[{"@type":"ListItem","position":1,"name":"Accueil","item":"https:\/\/www.prestigevisualmetal.com\/europe\/"},{"@type":"ListItem","position":2,"name":"R\u00e9alisations","item":"https:\/\/www.prestigevisualmetal.com\/europe\/realisations\/"},{"@type":"ListItem","position":3,"name":"Plaque en bronze, laiton, aluminium et inox","item":"https:\/\/www.prestigevisualmetal.com\/europe\/realisations\/plaque-en-bronze-laiton-inox-alu\/"},{"@type":"ListItem","position":4,"name":"Plaques professionnelles et enseignes","item":"https:\/\/www.prestigevisualmetal.com\/europe\/realisations\/plaque-en-bronze-laiton-inox-alu\/plaques-professionnelles-et-enseignes\/"},{"@type":"ListItem","position":5,"name":"Plaque grav\u00e9e en bronze et laiton bross\u00e9"}]},{"@type":"WebSite","@id":"https:\/\/www.prestigevisualmetal.com\/europe\/#website","url":"https:\/\/www.prestigevisualmetal.com\/europe\/","name":"Prestige Visual M\u00e9tal","description":"","potentialAction":[{"@type":"SearchAction","target":{"@type":"EntryPoint","urlTemplate":"https:\/\/www.prestigevisualmetal.com\/europe\/?s={search_term_string}"},"query-input":{"@type":"PropertyValueSpecification","valueRequired":true,"valueName":"search_term_string"}}],"inLanguage":"fr-BE"}]}},"_links":{"self":[{"href":"https:\/\/www.prestigevisualmetal.com\/europe\/wp-json\/wp\/v2\/pages\/6627","targetHints":{"allow":["GET"]}}],"collection":[{"href":"https:\/\/www.prestigevisualmetal.com\/europe\/wp-json\/wp\/v2\/pages"}],"about":[{"href":"https:\/\/www.prestigevisualmetal.com\/europe\/wp-json\/wp\/v2\/types\/page"}],"author":[{"embeddable":true,"href":"https:\/\/www.prestigevisualmetal.com\/europe\/wp-json\/wp\/v2\/users\/2"}],"replies":[{"embeddable":true,"href":"https:\/\/www.prestigevisualmetal.com\/europe\/wp-json\/wp\/v2\/comments?post=6627"}],"version-history":[{"count":6,"href":"https:\/\/www.prestigevisualmetal.com\/europe\/wp-json\/wp\/v2\/pages\/6627\/revisions"}],"predecessor-version":[{"id":7602,"href":"https:\/\/www.prestigevisualmetal.com\/europe\/wp-json\/wp\/v2\/pages\/6627\/revisions\/7602"}],"up":[{"embeddable":true,"href":"https:\/\/www.prestigevisualmetal.com\/europe\/wp-json\/wp\/v2\/pages\/6624"}],"wp:attachment":[{"href":"https:\/\/www.prestigevisualmetal.com\/europe\/wp-json\/wp\/v2\/media?parent=6627"}],"curies":[{"name":"wp","href":"https:\/\/api.w.org\/{rel}","templated":true}]}}