{"id":6639,"date":"2019-02-08T15:11:24","date_gmt":"2019-02-08T20:11:24","guid":{"rendered":"https:\/\/www.prestigevisualmetal.com\/realisations\/plaques-finitions-et-options\/plaque-gravee-options-et-finitions\/"},"modified":"2019-03-06T16:27:59","modified_gmt":"2019-03-06T21:27:59","slug":"plaque-gravee-options-et-finitions","status":"publish","type":"page","link":"https:\/\/www.prestigevisualmetal.com\/europe\/realisations\/plaques-finitions-et-options\/plaque-gravee-options-et-finitions\/","title":{"rendered":"Plaque grav\u00e9e &#8211; Options et finitions"},"content":{"rendered":"<style>#kt-layout-id_fc082e-71 > .kt-row-column-wrap{align-content:start;}:where(#kt-layout-id_fc082e-71 > .kt-row-column-wrap) > .wp-block-kadence-column{justify-content:start;}#kt-layout-id_fc082e-71 > .kt-row-column-wrap{column-gap:var(--global-kb-gap-md, 2rem);row-gap:var(--global-kb-gap-md, 2rem);padding-top:var( --global-kb-row-default-top, 25px );padding-bottom:var( --global-kb-row-default-bottom, 25px );padding-top:0px;padding-bottom:0px;grid-template-columns:minmax(0, 1fr);}#kt-layout-id_fc082e-71 > .kt-row-layout-overlay{opacity:0.30;}@media all and (max-width: 1024px){#kt-layout-id_fc082e-71 > .kt-row-column-wrap{grid-template-columns:minmax(0, 1fr);}}@media all and (max-width: 767px){#kt-layout-id_fc082e-71 > .kt-row-column-wrap{grid-template-columns:minmax(0, 1fr);}}<\/style>\n<div class=\"wp-block-kadence-rowlayout alignnone dev_bas no-liste-sm\"><div id=\"kt-layout-id_fc082e-71\" class=\"kt-row-layout-inner  kt-layout-id_fc082e-71\"><div class=\"kt-row-column-wrap kt-has-1-columns kt-gutter-default kt-row-valign-top kt-row-layout-equal kt-tab-layout-inherit kt-m-colapse-left-to-right kt-mobile-layout-row\"><style>.kadence-column_044272-4a > .kt-inside-inner-col{border-top-width:0px;border-right-width:0px;border-bottom-width:0px;border-left-width:0px;}.kadence-column_044272-4a > .kt-inside-inner-col,.kadence-column_044272-4a > .kt-inside-inner-col:before{border-top-left-radius:0px;border-top-right-radius:0px;border-bottom-right-radius:0px;border-bottom-left-radius:0px;}.kadence-column_044272-4a > .kt-inside-inner-col{column-gap:var(--global-kb-gap-sm, 1rem);}.kadence-column_044272-4a > .kt-inside-inner-col{flex-direction:column;}.kadence-column_044272-4a > .kt-inside-inner-col > .aligncenter{width:100%;}.kadence-column_044272-4a > .kt-inside-inner-col:before{opacity:0.3;}.kadence-column_044272-4a{position:relative;}@media all and (max-width: 1024px){.kadence-column_044272-4a > .kt-inside-inner-col{flex-direction:column;justify-content:center;}}@media all and (max-width: 767px){.kadence-column_044272-4a > .kt-inside-inner-col{flex-direction:column;justify-content:center;}}<\/style>\n<div class=\"wp-block-kadence-column inner-column-1 kadence-column_044272-4a\"><div class=\"kt-inside-inner-col\">\n<p>La gravure \u00e0 l&#8217;acide est le proc\u00e9d\u00e9 appropri\u00e9, quand nous voulons obtenir une plaque grav\u00e9e d&#8217;une qualit\u00e9 incomparable et permanente dans le temps. Que se soit pour du texte, des lignes fines et complexe, des images, des logos, vous serez enchant\u00e9 par le r\u00e9sultat \u00e0 tout coup!<\/p>\n\n\n\n<ul class=\"wp-block-list\"><li><strong>M\u00e9taux: bronze, laiton, cuivre inox.<\/strong><\/li><li><strong>Finitions: Bross\u00e9 et poli miroir.<\/strong><\/li><li><strong>Vernis protecteur cuit ultra-r\u00e9sistant pour l\u2019ext\u00e9rieur et \u00e0 l\u2019int\u00e9rieur.<\/strong><\/li><li><strong>Sans entretien avec une garantie contre tout d\u00e9faut de fabrication.<\/strong><\/li><\/ul>\n<\/div><\/div>\n<\/div><\/div><\/div>\n\n\n\n<h2 style=\"text-align:left\" class=\"style-2 wp-block-heading\">Plaque grav\u00e9e &#8211; Options et finitions<\/h2>\n\n\n\n<figure class=\"wp-block-image\"><a href=\"https:\/\/www.prestigevisualmetal.com\/wp-content\/uploads\/2019\/02\/Option-plaque-gravee-Prestige.jpg\" data-src=\"https:\/\/www.prestigevisualmetal.com\/wp-content\/uploads\/2019\/02\/Option-plaque-gravee-Prestige.jpg\" data-thumb=\"https:\/\/www.prestigevisualmetal.com\/wp-content\/uploads\/2019\/02\/Option-plaque-gravee-Prestige.jpg\" class=\"ml-lightbox-enabled\"><img loading=\"lazy\" decoding=\"async\" width=\"709\" height=\"787\" src=\"https:\/\/www.prestigevisualmetal.com\/wp-content\/uploads\/2019\/02\/Option-plaque-gravee-Prestige.jpg\" alt=\"Option Plaque Gravee Prestige\" class=\"wp-image-5658\" srcset=\"https:\/\/www.prestigevisualmetal.com\/wp-content\/uploads\/2019\/02\/Option-plaque-gravee-Prestige.jpg 709w, https:\/\/www.prestigevisualmetal.com\/wp-content\/uploads\/2019\/02\/Option-plaque-gravee-Prestige-270x300.jpg 270w\" sizes=\"auto, (max-width: 709px) 100vw, 709px\" \/><\/a><\/figure>\n\n\n\n<h3 class=\"wp-block-heading\"> Plaque grav\u00e9e &#8211; Options de fixations<\/h3>\n\n\n\n<figure class=\"wp-block-image\"><a href=\"https:\/\/www.prestigevisualmetal.com\/wp-content\/uploads\/2019\/02\/Option-fixation-plaque-gravee-Prestige.jpg\" data-src=\"https:\/\/www.prestigevisualmetal.com\/wp-content\/uploads\/2019\/02\/Option-fixation-plaque-gravee-Prestige.jpg\" data-thumb=\"https:\/\/www.prestigevisualmetal.com\/wp-content\/uploads\/2019\/02\/Option-fixation-plaque-gravee-Prestige.jpg\" class=\"ml-lightbox-enabled\"><img loading=\"lazy\" decoding=\"async\" width=\"709\" height=\"1954\" src=\"https:\/\/www.prestigevisualmetal.com\/wp-content\/uploads\/2019\/02\/Option-fixation-plaque-gravee-Prestige.jpg\" alt=\"Option Fixation Plaque Gravee Prestige\" class=\"wp-image-5659\" srcset=\"https:\/\/www.prestigevisualmetal.com\/wp-content\/uploads\/2019\/02\/Option-fixation-plaque-gravee-Prestige.jpg 709w, https:\/\/www.prestigevisualmetal.com\/wp-content\/uploads\/2019\/02\/Option-fixation-plaque-gravee-Prestige-109x300.jpg 109w, https:\/\/www.prestigevisualmetal.com\/wp-content\/uploads\/2019\/02\/Option-fixation-plaque-gravee-Prestige-372x1024.jpg 372w\" sizes=\"auto, (max-width: 709px) 100vw, 709px\" \/><\/a><\/figure>\n\n\n\n<h2 class=\"w-80 wp-block-heading\">SERVICES<\/h2>\n\n\n<style>#kt-layout-id_552e0a-00 > .kt-row-column-wrap{align-content:start;}:where(#kt-layout-id_552e0a-00 > .kt-row-column-wrap) > .wp-block-kadence-column{justify-content:start;}#kt-layout-id_552e0a-00 > .kt-row-column-wrap{column-gap:var(--global-kb-gap-md, 2rem);row-gap:var(--global-kb-gap-md, 2rem);padding-top:var( --global-kb-row-default-top, 25px );padding-bottom:var( --global-kb-row-default-bottom, 25px );padding-top:var(--global-kb-spacing-sm, 1.5rem);padding-bottom:var(--global-kb-spacing-sm, 1.5rem);}#kt-layout-id_552e0a-00 > .kt-row-column-wrap > div:not(.added-for-specificity){grid-column:initial;}#kt-layout-id_552e0a-00 > .kt-row-column-wrap{grid-template-columns:repeat(3, minmax(0, 1fr));}#kt-layout-id_552e0a-00 > .kt-row-layout-overlay{opacity:0.30;}@media all and (max-width: 1024px){#kt-layout-id_552e0a-00 > .kt-row-column-wrap > div:not(.added-for-specificity){grid-column:initial;}}@media all and (max-width: 1024px){#kt-layout-id_552e0a-00 > .kt-row-column-wrap{grid-template-columns:repeat(3, minmax(0, 1fr));}}@media all and (max-width: 767px){#kt-layout-id_552e0a-00 > .kt-row-column-wrap > div:not(.added-for-specificity){grid-column:initial;}#kt-layout-id_552e0a-00 > .kt-row-column-wrap{grid-template-columns:minmax(0, 1fr);}}<\/style>\n<div class=\"wp-block-kadence-rowlayout alignnone w-80\"><div id=\"kt-layout-id_552e0a-00\" class=\"kt-row-layout-inner  kt-layout-id_552e0a-00\"><div class=\"kt-row-column-wrap kt-has-3-columns kt-gutter-default kt-row-valign-top kt-row-layout-equal kt-tab-layout-inherit kt-m-colapse-left-to-right kt-mobile-layout-row\"><style>.kadence-column_7071f8-8a > .kt-inside-inner-col{border-top-width:0px;border-right-width:0px;border-bottom-width:0px;border-left-width:0px;}.kadence-column_7071f8-8a > .kt-inside-inner-col,.kadence-column_7071f8-8a > .kt-inside-inner-col:before{border-top-left-radius:0px;border-top-right-radius:0px;border-bottom-right-radius:0px;border-bottom-left-radius:0px;}.kadence-column_7071f8-8a > .kt-inside-inner-col{column-gap:var(--global-kb-gap-sm, 1rem);}.kadence-column_7071f8-8a > .kt-inside-inner-col{flex-direction:column;}.kadence-column_7071f8-8a > .kt-inside-inner-col > .aligncenter{width:100%;}.kadence-column_7071f8-8a > .kt-inside-inner-col:before{opacity:0.3;}.kadence-column_7071f8-8a{position:relative;}@media all and (max-width: 1024px){.kadence-column_7071f8-8a > .kt-inside-inner-col{flex-direction:column;justify-content:center;}}@media all and (max-width: 767px){.kadence-column_7071f8-8a > .kt-inside-inner-col{flex-direction:column;justify-content:center;}}<\/style>\n<div class=\"wp-block-kadence-column inner-column-1 kadence-column_7071f8-8a\"><div class=\"kt-inside-inner-col\">\n<figure class=\"wp-block-image\"><a href=\"\/europe\/realisations\/services\/vente-a-l-exterieur\/\"><img loading=\"lazy\" decoding=\"async\" width=\"868\" height=\"235\" src=\"http:\/\/prestigevisualmetal.com\/wp-content\/uploads\/2018\/12\/Vente-a-l-exterieur.jpg\" alt=\"Vente \u00e0 l\u2019ext\u00e9rieur\" class=\"wp-image-1686\" srcset=\"https:\/\/www.prestigevisualmetal.com\/wp-content\/uploads\/2018\/12\/Vente-a-l-exterieur.jpg 868w, https:\/\/www.prestigevisualmetal.com\/wp-content\/uploads\/2018\/12\/Vente-a-l-exterieur-300x81.jpg 300w, https:\/\/www.prestigevisualmetal.com\/wp-content\/uploads\/2018\/12\/Vente-a-l-exterieur-768x208.jpg 768w\" sizes=\"auto, (max-width: 868px) 100vw, 868px\" \/><\/a><figcaption>Vente \u00e0 l\u2019ext\u00e9rieur<\/figcaption><\/figure>\n<\/div><\/div>\n\n\n<style>.kadence-column_106cf0-ce > .kt-inside-inner-col{border-top-width:0px;border-right-width:0px;border-bottom-width:0px;border-left-width:0px;}.kadence-column_106cf0-ce > .kt-inside-inner-col,.kadence-column_106cf0-ce > .kt-inside-inner-col:before{border-top-left-radius:0px;border-top-right-radius:0px;border-bottom-right-radius:0px;border-bottom-left-radius:0px;}.kadence-column_106cf0-ce > .kt-inside-inner-col{column-gap:var(--global-kb-gap-sm, 1rem);}.kadence-column_106cf0-ce > .kt-inside-inner-col{flex-direction:column;}.kadence-column_106cf0-ce > .kt-inside-inner-col > .aligncenter{width:100%;}.kadence-column_106cf0-ce > .kt-inside-inner-col:before{opacity:0.3;}.kadence-column_106cf0-ce{position:relative;}@media all and (max-width: 1024px){.kadence-column_106cf0-ce > .kt-inside-inner-col{flex-direction:column;justify-content:center;}}@media all and (max-width: 767px){.kadence-column_106cf0-ce > .kt-inside-inner-col{flex-direction:column;justify-content:center;}}<\/style>\n<div class=\"wp-block-kadence-column inner-column-2 kadence-column_106cf0-ce\"><div class=\"kt-inside-inner-col\">\n<figure class=\"wp-block-image\"><a href=\"\/europe\/realisations\/services\/conception-graphique\/\"><img loading=\"lazy\" decoding=\"async\" width=\"869\" height=\"235\" src=\"http:\/\/prestigevisualmetal.com\/wp-content\/uploads\/2018\/12\/Conception-graphique.jpg\" alt=\"Conception graphique\" class=\"wp-image-1683\" srcset=\"https:\/\/www.prestigevisualmetal.com\/wp-content\/uploads\/2018\/12\/Conception-graphique.jpg 869w, https:\/\/www.prestigevisualmetal.com\/wp-content\/uploads\/2018\/12\/Conception-graphique-768x208.jpg 768w, https:\/\/www.prestigevisualmetal.com\/wp-content\/uploads\/2018\/12\/Conception-graphique-300x81.jpg 300w\" sizes=\"auto, (max-width: 869px) 100vw, 869px\" \/><\/a><figcaption>Conception graphique<\/figcaption><\/figure>\n<\/div><\/div>\n\n\n<style>.kadence-column_fd8250-6b > .kt-inside-inner-col{border-top-width:0px;border-right-width:0px;border-bottom-width:0px;border-left-width:0px;}.kadence-column_fd8250-6b > .kt-inside-inner-col,.kadence-column_fd8250-6b > .kt-inside-inner-col:before{border-top-left-radius:0px;border-top-right-radius:0px;border-bottom-right-radius:0px;border-bottom-left-radius:0px;}.kadence-column_fd8250-6b > .kt-inside-inner-col{column-gap:var(--global-kb-gap-sm, 1rem);}.kadence-column_fd8250-6b > .kt-inside-inner-col{flex-direction:column;}.kadence-column_fd8250-6b > .kt-inside-inner-col > .aligncenter{width:100%;}.kadence-column_fd8250-6b > .kt-inside-inner-col:before{opacity:0.3;}.kadence-column_fd8250-6b{position:relative;}@media all and (max-width: 1024px){.kadence-column_fd8250-6b > .kt-inside-inner-col{flex-direction:column;justify-content:center;}}@media all and (max-width: 767px){.kadence-column_fd8250-6b > .kt-inside-inner-col{flex-direction:column;justify-content:center;}}<\/style>\n<div class=\"wp-block-kadence-column inner-column-3 kadence-column_fd8250-6b\"><div class=\"kt-inside-inner-col\">\n<figure class=\"wp-block-image\"><a href=\"\/europe\/nous-joindre\/\"><img loading=\"lazy\" decoding=\"async\" width=\"868\" height=\"235\" src=\"http:\/\/prestigevisualmetal.com\/wp-content\/uploads\/2018\/12\/Contactez-nous.jpg\" alt=\"Contactez-nous\" class=\"wp-image-1684\" srcset=\"https:\/\/www.prestigevisualmetal.com\/wp-content\/uploads\/2018\/12\/Contactez-nous.jpg 868w, https:\/\/www.prestigevisualmetal.com\/wp-content\/uploads\/2018\/12\/Contactez-nous-300x81.jpg 300w, https:\/\/www.prestigevisualmetal.com\/wp-content\/uploads\/2018\/12\/Contactez-nous-768x208.jpg 768w\" sizes=\"auto, (max-width: 868px) 100vw, 868px\" \/><\/a><figcaption>Contactez-nous<\/figcaption><\/figure>\n<\/div><\/div>\n<\/div><\/div><\/div>\n","protected":false},"excerpt":{"rendered":"<p>La gravure \u00e0 l&#8217;acide est le proc\u00e9d\u00e9 appropri\u00e9, quand nous voulons obtenir une plaque grav\u00e9e d&#8217;une qualit\u00e9 incomparable et permanente dans le temps. Que se soit pour du texte, des lignes fines et complexe, des images, des logos, vous serez enchant\u00e9 par le r\u00e9sultat \u00e0 tout coup! M\u00e9taux: bronze, laiton, cuivre inox. Finitions: Bross\u00e9 et&#8230;  <a href=\"https:\/\/www.prestigevisualmetal.com\/europe\/realisations\/plaques-finitions-et-options\/plaque-gravee-options-et-finitions\/\" title=\"Read Plaque grav\u00e9e &#8211; Options et finitions\">Read more &raquo;<\/a><\/p>\n","protected":false},"author":101013,"featured_media":0,"parent":3388,"menu_order":3,"comment_status":"open","ping_status":"closed","template":"","meta":{"_acf_changed":false,"ghostkit_customizer_options":"","ghostkit_custom_css":"","ghostkit_custom_js_head":"","ghostkit_custom_js_foot":"","ghostkit_typography":"","footnotes":""},"class_list":["post-6639","page","type-page","status-publish","hentry"],"acf":[],"yoast_head":"<!-- This site is optimized with the Yoast SEO plugin v27.4 - https:\/\/yoast.com\/product\/yoast-seo-wordpress\/ -->\n<title>Plaque grav\u00e9e - options et finitions | Plaques Prestige Visual Metal<\/title>\n<meta name=\"description\" content=\"S\u00e9lectionnez nos options et finitions pour une plaque grav\u00e9e. Plaques comm\u00e9moratives, plaques professionnelles, enseignes. Bronze, laiton, aluminium, inox.\" \/>\n<meta name=\"robots\" content=\"index, follow, max-snippet:-1, max-image-preview:large, max-video-preview:-1\" \/>\n<link rel=\"canonical\" href=\"https:\/\/www.prestigevisualmetal.com\/europe\/realisations\/plaques-finitions-et-options\/plaque-gravee-options-et-finitions\/\" \/>\n<meta property=\"og:locale\" content=\"fr_FR\" \/>\n<meta property=\"og:type\" content=\"article\" \/>\n<meta property=\"og:title\" content=\"Plaque grav\u00e9e - options et finitions | Plaques Prestige Visual Metal\" \/>\n<meta property=\"og:description\" content=\"S\u00e9lectionnez nos options et finitions pour une plaque grav\u00e9e. Plaques comm\u00e9moratives, plaques professionnelles, enseignes. Bronze, laiton, aluminium, inox.\" \/>\n<meta property=\"og:url\" content=\"https:\/\/www.prestigevisualmetal.com\/europe\/realisations\/plaques-finitions-et-options\/plaque-gravee-options-et-finitions\/\" \/>\n<meta property=\"og:site_name\" content=\"Prestige Visual M\u00e9tal\" \/>\n<meta property=\"article:modified_time\" content=\"2019-03-06T21:27:59+00:00\" \/>\n<meta property=\"og:image\" content=\"https:\/\/www.prestigevisualmetal.com\/wp-content\/uploads\/2019\/02\/Option-plaque-gravee-Prestige.jpg\" \/>\n<meta name=\"twitter:label1\" content=\"Dur\u00e9e de lecture est.\" \/>\n\t<meta name=\"twitter:data1\" content=\"1 minute\" \/>\n<script type=\"application\/ld+json\" class=\"yoast-schema-graph\">{\"@context\":\"https:\\\/\\\/schema.org\",\"@graph\":[{\"@type\":\"WebPage\",\"@id\":\"https:\\\/\\\/www.prestigevisualmetal.com\\\/europe\\\/realisations\\\/plaques-finitions-et-options\\\/plaque-gravee-options-et-finitions\\\/\",\"url\":\"https:\\\/\\\/www.prestigevisualmetal.com\\\/europe\\\/realisations\\\/plaques-finitions-et-options\\\/plaque-gravee-options-et-finitions\\\/\",\"name\":\"Plaque grav\u00e9e - options et finitions | Plaques Prestige Visual Metal\",\"isPartOf\":{\"@id\":\"https:\\\/\\\/www.prestigevisualmetal.com\\\/europe\\\/#website\"},\"primaryImageOfPage\":{\"@id\":\"https:\\\/\\\/www.prestigevisualmetal.com\\\/europe\\\/realisations\\\/plaques-finitions-et-options\\\/plaque-gravee-options-et-finitions\\\/#primaryimage\"},\"image\":{\"@id\":\"https:\\\/\\\/www.prestigevisualmetal.com\\\/europe\\\/realisations\\\/plaques-finitions-et-options\\\/plaque-gravee-options-et-finitions\\\/#primaryimage\"},\"thumbnailUrl\":\"https:\\\/\\\/www.prestigevisualmetal.com\\\/wp-content\\\/uploads\\\/2019\\\/02\\\/Option-plaque-gravee-Prestige.jpg\",\"datePublished\":\"2019-02-08T20:11:24+00:00\",\"dateModified\":\"2019-03-06T21:27:59+00:00\",\"description\":\"S\u00e9lectionnez nos options et finitions pour une plaque grav\u00e9e. Plaques comm\u00e9moratives, plaques professionnelles, enseignes. Bronze, laiton, aluminium, inox.\",\"breadcrumb\":{\"@id\":\"https:\\\/\\\/www.prestigevisualmetal.com\\\/europe\\\/realisations\\\/plaques-finitions-et-options\\\/plaque-gravee-options-et-finitions\\\/#breadcrumb\"},\"inLanguage\":\"fr-BE\",\"potentialAction\":[{\"@type\":\"ReadAction\",\"target\":[\"https:\\\/\\\/www.prestigevisualmetal.com\\\/europe\\\/realisations\\\/plaques-finitions-et-options\\\/plaque-gravee-options-et-finitions\\\/\"]}]},{\"@type\":\"ImageObject\",\"inLanguage\":\"fr-BE\",\"@id\":\"https:\\\/\\\/www.prestigevisualmetal.com\\\/europe\\\/realisations\\\/plaques-finitions-et-options\\\/plaque-gravee-options-et-finitions\\\/#primaryimage\",\"url\":\"https:\\\/\\\/www.prestigevisualmetal.com\\\/wp-content\\\/uploads\\\/2019\\\/02\\\/Option-plaque-gravee-Prestige.jpg\",\"contentUrl\":\"https:\\\/\\\/www.prestigevisualmetal.com\\\/wp-content\\\/uploads\\\/2019\\\/02\\\/Option-plaque-gravee-Prestige.jpg\"},{\"@type\":\"BreadcrumbList\",\"@id\":\"https:\\\/\\\/www.prestigevisualmetal.com\\\/europe\\\/realisations\\\/plaques-finitions-et-options\\\/plaque-gravee-options-et-finitions\\\/#breadcrumb\",\"itemListElement\":[{\"@type\":\"ListItem\",\"position\":1,\"name\":\"Accueil\",\"item\":\"https:\\\/\\\/www.prestigevisualmetal.com\\\/europe\\\/\"},{\"@type\":\"ListItem\",\"position\":2,\"name\":\"R\u00e9alisations\",\"item\":\"https:\\\/\\\/www.prestigevisualmetal.com\\\/europe\\\/realisations\\\/\"},{\"@type\":\"ListItem\",\"position\":3,\"name\":\"Plaques &#8211; Finitions et options\",\"item\":\"https:\\\/\\\/www.prestigevisualmetal.com\\\/europe\\\/realisations\\\/plaques-finitions-et-options\\\/\"},{\"@type\":\"ListItem\",\"position\":4,\"name\":\"Plaque grav\u00e9e &#8211; Options et finitions\"}]},{\"@type\":\"WebSite\",\"@id\":\"https:\\\/\\\/www.prestigevisualmetal.com\\\/europe\\\/#website\",\"url\":\"https:\\\/\\\/www.prestigevisualmetal.com\\\/europe\\\/\",\"name\":\"Prestige Visual M\u00e9tal\",\"description\":\"\",\"potentialAction\":[{\"@type\":\"SearchAction\",\"target\":{\"@type\":\"EntryPoint\",\"urlTemplate\":\"https:\\\/\\\/www.prestigevisualmetal.com\\\/europe\\\/?s={search_term_string}\"},\"query-input\":{\"@type\":\"PropertyValueSpecification\",\"valueRequired\":true,\"valueName\":\"search_term_string\"}}],\"inLanguage\":\"fr-BE\"}]}<\/script>\n<!-- \/ Yoast SEO plugin. -->","yoast_head_json":{"title":"Plaque grav\u00e9e - options et finitions | Plaques Prestige Visual Metal","description":"S\u00e9lectionnez nos options et finitions pour une plaque grav\u00e9e. Plaques comm\u00e9moratives, plaques professionnelles, enseignes. Bronze, laiton, aluminium, inox.","robots":{"index":"index","follow":"follow","max-snippet":"max-snippet:-1","max-image-preview":"max-image-preview:large","max-video-preview":"max-video-preview:-1"},"canonical":"https:\/\/www.prestigevisualmetal.com\/europe\/realisations\/plaques-finitions-et-options\/plaque-gravee-options-et-finitions\/","og_locale":"fr_FR","og_type":"article","og_title":"Plaque grav\u00e9e - options et finitions | Plaques Prestige Visual Metal","og_description":"S\u00e9lectionnez nos options et finitions pour une plaque grav\u00e9e. Plaques comm\u00e9moratives, plaques professionnelles, enseignes. Bronze, laiton, aluminium, inox.","og_url":"https:\/\/www.prestigevisualmetal.com\/europe\/realisations\/plaques-finitions-et-options\/plaque-gravee-options-et-finitions\/","og_site_name":"Prestige Visual M\u00e9tal","article_modified_time":"2019-03-06T21:27:59+00:00","og_image":[{"url":"https:\/\/www.prestigevisualmetal.com\/wp-content\/uploads\/2019\/02\/Option-plaque-gravee-Prestige.jpg","type":"","width":"","height":""}],"twitter_misc":{"Dur\u00e9e de lecture est.":"1 minute"},"schema":{"@context":"https:\/\/schema.org","@graph":[{"@type":"WebPage","@id":"https:\/\/www.prestigevisualmetal.com\/europe\/realisations\/plaques-finitions-et-options\/plaque-gravee-options-et-finitions\/","url":"https:\/\/www.prestigevisualmetal.com\/europe\/realisations\/plaques-finitions-et-options\/plaque-gravee-options-et-finitions\/","name":"Plaque grav\u00e9e - options et finitions | Plaques Prestige Visual Metal","isPartOf":{"@id":"https:\/\/www.prestigevisualmetal.com\/europe\/#website"},"primaryImageOfPage":{"@id":"https:\/\/www.prestigevisualmetal.com\/europe\/realisations\/plaques-finitions-et-options\/plaque-gravee-options-et-finitions\/#primaryimage"},"image":{"@id":"https:\/\/www.prestigevisualmetal.com\/europe\/realisations\/plaques-finitions-et-options\/plaque-gravee-options-et-finitions\/#primaryimage"},"thumbnailUrl":"https:\/\/www.prestigevisualmetal.com\/wp-content\/uploads\/2019\/02\/Option-plaque-gravee-Prestige.jpg","datePublished":"2019-02-08T20:11:24+00:00","dateModified":"2019-03-06T21:27:59+00:00","description":"S\u00e9lectionnez nos options et finitions pour une plaque grav\u00e9e. Plaques comm\u00e9moratives, plaques professionnelles, enseignes. Bronze, laiton, aluminium, inox.","breadcrumb":{"@id":"https:\/\/www.prestigevisualmetal.com\/europe\/realisations\/plaques-finitions-et-options\/plaque-gravee-options-et-finitions\/#breadcrumb"},"inLanguage":"fr-BE","potentialAction":[{"@type":"ReadAction","target":["https:\/\/www.prestigevisualmetal.com\/europe\/realisations\/plaques-finitions-et-options\/plaque-gravee-options-et-finitions\/"]}]},{"@type":"ImageObject","inLanguage":"fr-BE","@id":"https:\/\/www.prestigevisualmetal.com\/europe\/realisations\/plaques-finitions-et-options\/plaque-gravee-options-et-finitions\/#primaryimage","url":"https:\/\/www.prestigevisualmetal.com\/wp-content\/uploads\/2019\/02\/Option-plaque-gravee-Prestige.jpg","contentUrl":"https:\/\/www.prestigevisualmetal.com\/wp-content\/uploads\/2019\/02\/Option-plaque-gravee-Prestige.jpg"},{"@type":"BreadcrumbList","@id":"https:\/\/www.prestigevisualmetal.com\/europe\/realisations\/plaques-finitions-et-options\/plaque-gravee-options-et-finitions\/#breadcrumb","itemListElement":[{"@type":"ListItem","position":1,"name":"Accueil","item":"https:\/\/www.prestigevisualmetal.com\/europe\/"},{"@type":"ListItem","position":2,"name":"R\u00e9alisations","item":"https:\/\/www.prestigevisualmetal.com\/europe\/realisations\/"},{"@type":"ListItem","position":3,"name":"Plaques &#8211; Finitions et options","item":"https:\/\/www.prestigevisualmetal.com\/europe\/realisations\/plaques-finitions-et-options\/"},{"@type":"ListItem","position":4,"name":"Plaque grav\u00e9e &#8211; Options et finitions"}]},{"@type":"WebSite","@id":"https:\/\/www.prestigevisualmetal.com\/europe\/#website","url":"https:\/\/www.prestigevisualmetal.com\/europe\/","name":"Prestige Visual M\u00e9tal","description":"","potentialAction":[{"@type":"SearchAction","target":{"@type":"EntryPoint","urlTemplate":"https:\/\/www.prestigevisualmetal.com\/europe\/?s={search_term_string}"},"query-input":{"@type":"PropertyValueSpecification","valueRequired":true,"valueName":"search_term_string"}}],"inLanguage":"fr-BE"}]}},"_links":{"self":[{"href":"https:\/\/www.prestigevisualmetal.com\/europe\/wp-json\/wp\/v2\/pages\/6639","targetHints":{"allow":["GET"]}}],"collection":[{"href":"https:\/\/www.prestigevisualmetal.com\/europe\/wp-json\/wp\/v2\/pages"}],"about":[{"href":"https:\/\/www.prestigevisualmetal.com\/europe\/wp-json\/wp\/v2\/types\/page"}],"author":[{"embeddable":true,"href":"https:\/\/www.prestigevisualmetal.com\/europe\/wp-json\/wp\/v2\/users\/101013"}],"replies":[{"embeddable":true,"href":"https:\/\/www.prestigevisualmetal.com\/europe\/wp-json\/wp\/v2\/comments?post=6639"}],"version-history":[{"count":4,"href":"https:\/\/www.prestigevisualmetal.com\/europe\/wp-json\/wp\/v2\/pages\/6639\/revisions"}],"predecessor-version":[{"id":6928,"href":"https:\/\/www.prestigevisualmetal.com\/europe\/wp-json\/wp\/v2\/pages\/6639\/revisions\/6928"}],"up":[{"embeddable":true,"href":"https:\/\/www.prestigevisualmetal.com\/europe\/wp-json\/wp\/v2\/pages\/3388"}],"wp:attachment":[{"href":"https:\/\/www.prestigevisualmetal.com\/europe\/wp-json\/wp\/v2\/media?parent=6639"}],"curies":[{"name":"wp","href":"https:\/\/api.w.org\/{rel}","templated":true}]}}