{"id":6651,"date":"2019-02-08T15:25:14","date_gmt":"2019-02-08T20:25:14","guid":{"rendered":"https:\/\/www.prestigevisualmetal.com\/realisations\/plaques-finitions-et-options\/photo-illustration-logo-options\/"},"modified":"2019-03-06T16:29:37","modified_gmt":"2019-03-06T21:29:37","slug":"photo-illustration-logo-options","status":"publish","type":"page","link":"https:\/\/www.prestigevisualmetal.com\/europe\/realisations\/plaques-finitions-et-options\/photo-illustration-logo-options\/","title":{"rendered":"Photo, illustration, logo &#8211; Options"},"content":{"rendered":"<style>#kt-layout-id_66a6b3-dc > .kt-row-column-wrap{align-content:start;}:where(#kt-layout-id_66a6b3-dc > .kt-row-column-wrap) > .wp-block-kadence-column{justify-content:start;}#kt-layout-id_66a6b3-dc > .kt-row-column-wrap{column-gap:var(--global-kb-gap-md, 2rem);row-gap:var(--global-kb-gap-md, 2rem);padding-top:var( --global-kb-row-default-top, 25px );padding-bottom:var( --global-kb-row-default-bottom, 25px );padding-top:0px;padding-bottom:0px;grid-template-columns:minmax(0, 1fr);}#kt-layout-id_66a6b3-dc > .kt-row-layout-overlay{opacity:0.30;}@media all and (max-width: 1024px){#kt-layout-id_66a6b3-dc > .kt-row-column-wrap{grid-template-columns:minmax(0, 1fr);}}@media all and (max-width: 767px){#kt-layout-id_66a6b3-dc > .kt-row-column-wrap{grid-template-columns:minmax(0, 1fr);}}<\/style>\n<div class=\"wp-block-kadence-rowlayout alignnone dev_bas no-liste-sm\"><div id=\"kt-layout-id_66a6b3-dc\" class=\"kt-row-layout-inner  kt-layout-id_66a6b3-dc\"><div class=\"kt-row-column-wrap kt-has-1-columns kt-gutter-default kt-row-valign-top kt-row-layout-equal kt-tab-layout-inherit kt-m-colapse-left-to-right kt-mobile-layout-row\"><style>.kadence-column_cc76ff-c9 > .kt-inside-inner-col{border-top-width:0px;border-right-width:0px;border-bottom-width:0px;border-left-width:0px;}.kadence-column_cc76ff-c9 > .kt-inside-inner-col,.kadence-column_cc76ff-c9 > .kt-inside-inner-col:before{border-top-left-radius:0px;border-top-right-radius:0px;border-bottom-right-radius:0px;border-bottom-left-radius:0px;}.kadence-column_cc76ff-c9 > .kt-inside-inner-col{column-gap:var(--global-kb-gap-sm, 1rem);}.kadence-column_cc76ff-c9 > .kt-inside-inner-col{flex-direction:column;}.kadence-column_cc76ff-c9 > .kt-inside-inner-col > .aligncenter{width:100%;}.kadence-column_cc76ff-c9 > .kt-inside-inner-col:before{opacity:0.3;}.kadence-column_cc76ff-c9{position:relative;}@media all and (max-width: 1024px){.kadence-column_cc76ff-c9 > .kt-inside-inner-col{flex-direction:column;justify-content:center;}}@media all and (max-width: 767px){.kadence-column_cc76ff-c9 > .kt-inside-inner-col{flex-direction:column;justify-content:center;}}<\/style>\n<div class=\"wp-block-kadence-column inner-column-1 kadence-column_cc76ff-c9\"><div class=\"kt-inside-inner-col\">\n<p>Profitez de notre large choix de technique pour la reproduction d&#8217;une excellente qualit\u00e9 pour des photos, images, embl\u00e8mes et logos. Tous ces proc\u00e9d\u00e9s sont tr\u00e8s r\u00e9sistants \u00e0 l&#8217;ext\u00e9rieur tout comme \u00e0 l&#8217;int\u00e9rieur.<\/p>\n\n\n\n<ul class=\"wp-block-list\"><li><strong>Contactez-nous pour de plus amples informations.<\/strong><\/li><\/ul>\n<\/div><\/div>\n<\/div><\/div><\/div>\n\n\n\n<h2 style=\"text-align:left\" class=\"style-2 wp-block-heading\"> Gravure \u00e0 l&#8217;acide sur le bronze, laiton et le stainless <\/h2>\n\n\n\n<figure class=\"wp-block-image\"><a href=\"https:\/\/www.prestigevisualmetal.com\/wp-content\/uploads\/2019\/02\/Photo-gravure-chimique-Prestige.jpg\" data-src=\"https:\/\/www.prestigevisualmetal.com\/wp-content\/uploads\/2019\/02\/Photo-gravure-chimique-Prestige.jpg\" data-thumb=\"https:\/\/www.prestigevisualmetal.com\/wp-content\/uploads\/2019\/02\/Photo-gravure-chimique-Prestige.jpg\" class=\"ml-lightbox-enabled\"><img loading=\"lazy\" decoding=\"async\" width=\"710\" height=\"711\" src=\"https:\/\/www.prestigevisualmetal.com\/wp-content\/uploads\/2019\/02\/Photo-gravure-chimique-Prestige.jpg\" alt=\"Photo Gravure \u00e0 l'acide Prestige\" class=\"wp-image-5666\" srcset=\"https:\/\/www.prestigevisualmetal.com\/wp-content\/uploads\/2019\/02\/Photo-gravure-chimique-Prestige.jpg 710w, https:\/\/www.prestigevisualmetal.com\/wp-content\/uploads\/2019\/02\/Photo-gravure-chimique-Prestige-150x150.jpg 150w, https:\/\/www.prestigevisualmetal.com\/wp-content\/uploads\/2019\/02\/Photo-gravure-chimique-Prestige-300x300.jpg 300w, https:\/\/www.prestigevisualmetal.com\/wp-content\/uploads\/2019\/02\/Photo-gravure-chimique-Prestige-320x320.jpg 320w\" sizes=\"auto, (max-width: 710px) 100vw, 710px\" \/><\/a><\/figure>\n\n\n\n<h3 class=\"wp-block-heading\"> <strong>Impression couleur cuite au four<\/strong> <\/h3>\n\n\n\n<div class=\"wp-block-image\"><figure class=\"alignleft\"><a href=\"https:\/\/www.prestigevisualmetal.com\/wp-content\/uploads\/2019\/02\/Impression-couleur-cuite-prestige.jpg\" data-src=\"https:\/\/www.prestigevisualmetal.com\/wp-content\/uploads\/2019\/02\/Impression-couleur-cuite-prestige.jpg\" data-thumb=\"https:\/\/www.prestigevisualmetal.com\/wp-content\/uploads\/2019\/02\/Impression-couleur-cuite-prestige.jpg\" class=\"ml-lightbox-enabled\"><img loading=\"lazy\" decoding=\"async\" width=\"709\" height=\"957\" src=\"https:\/\/www.prestigevisualmetal.com\/wp-content\/uploads\/2019\/02\/Impression-couleur-cuite-prestige.jpg\" alt=\"Impression Couleur Cuite Prestige\" class=\"wp-image-5669\" srcset=\"https:\/\/www.prestigevisualmetal.com\/wp-content\/uploads\/2019\/02\/Impression-couleur-cuite-prestige.jpg 709w, https:\/\/www.prestigevisualmetal.com\/wp-content\/uploads\/2019\/02\/Impression-couleur-cuite-prestige-222x300.jpg 222w\" sizes=\"auto, (max-width: 709px) 100vw, 709px\" \/><\/a><\/figure><\/div>\n\n\n\n<h3 class=\"wp-block-heading\">Photo en relief 3D bronze et aluminium et oxyd\u00e9 <\/h3>\n\n\n\n<figure class=\"wp-block-image\"><a href=\"https:\/\/www.prestigevisualmetal.com\/wp-content\/uploads\/2019\/02\/Photo-relief-plaque-Prestige.jpg\" data-src=\"https:\/\/www.prestigevisualmetal.com\/wp-content\/uploads\/2019\/02\/Photo-relief-plaque-Prestige.jpg\" data-thumb=\"https:\/\/www.prestigevisualmetal.com\/wp-content\/uploads\/2019\/02\/Photo-relief-plaque-Prestige.jpg\" class=\"ml-lightbox-enabled\"><img loading=\"lazy\" decoding=\"async\" width=\"709\" height=\"1277\" src=\"https:\/\/www.prestigevisualmetal.com\/wp-content\/uploads\/2019\/02\/Photo-relief-plaque-Prestige.jpg\" alt=\"Photo Relief 3D Plaque Prestige\" class=\"wp-image-5673\" srcset=\"https:\/\/www.prestigevisualmetal.com\/wp-content\/uploads\/2019\/02\/Photo-relief-plaque-Prestige.jpg 709w, https:\/\/www.prestigevisualmetal.com\/wp-content\/uploads\/2019\/02\/Photo-relief-plaque-Prestige-167x300.jpg 167w, https:\/\/www.prestigevisualmetal.com\/wp-content\/uploads\/2019\/02\/Photo-relief-plaque-Prestige-569x1024.jpg 569w\" sizes=\"auto, (max-width: 709px) 100vw, 709px\" \/><\/a><\/figure>\n\n\n\n<h3 class=\"wp-block-heading\"> Photo cuite sur c\u00e9ramique<\/h3>\n\n\n\n<figure class=\"wp-block-image\"><img loading=\"lazy\" decoding=\"async\" width=\"710\" height=\"804\" src=\"https:\/\/www.prestigevisualmetal.com\/wp-content\/uploads\/2019\/02\/Photo-ceramique-Prestige.jpg\" alt=\"Photo Ceramique Prestige\" class=\"wp-image-5676\" srcset=\"https:\/\/www.prestigevisualmetal.com\/wp-content\/uploads\/2019\/02\/Photo-ceramique-Prestige.jpg 710w, https:\/\/www.prestigevisualmetal.com\/wp-content\/uploads\/2019\/02\/Photo-ceramique-Prestige-265x300.jpg 265w\" sizes=\"auto, (max-width: 710px) 100vw, 710px\" \/><\/figure>\n\n\n\n<h2 class=\"w-80 wp-block-heading\">SERVICES<\/h2>\n\n\n<style>#kt-layout-id_07af8b-9b > .kt-row-column-wrap{align-content:start;}:where(#kt-layout-id_07af8b-9b > .kt-row-column-wrap) > .wp-block-kadence-column{justify-content:start;}#kt-layout-id_07af8b-9b > .kt-row-column-wrap{column-gap:var(--global-kb-gap-md, 2rem);row-gap:var(--global-kb-gap-md, 2rem);padding-top:var( --global-kb-row-default-top, 25px );padding-bottom:var( --global-kb-row-default-bottom, 25px );padding-top:var(--global-kb-spacing-sm, 1.5rem);padding-bottom:var(--global-kb-spacing-sm, 1.5rem);}#kt-layout-id_07af8b-9b > .kt-row-column-wrap > div:not(.added-for-specificity){grid-column:initial;}#kt-layout-id_07af8b-9b > .kt-row-column-wrap{grid-template-columns:repeat(3, minmax(0, 1fr));}#kt-layout-id_07af8b-9b > .kt-row-layout-overlay{opacity:0.30;}@media all and (max-width: 1024px){#kt-layout-id_07af8b-9b > .kt-row-column-wrap > div:not(.added-for-specificity){grid-column:initial;}}@media all and (max-width: 1024px){#kt-layout-id_07af8b-9b > .kt-row-column-wrap{grid-template-columns:repeat(3, minmax(0, 1fr));}}@media all and (max-width: 767px){#kt-layout-id_07af8b-9b > .kt-row-column-wrap > div:not(.added-for-specificity){grid-column:initial;}#kt-layout-id_07af8b-9b > .kt-row-column-wrap{grid-template-columns:minmax(0, 1fr);}}<\/style>\n<div class=\"wp-block-kadence-rowlayout alignnone w-80\"><div id=\"kt-layout-id_07af8b-9b\" class=\"kt-row-layout-inner  kt-layout-id_07af8b-9b\"><div class=\"kt-row-column-wrap kt-has-3-columns kt-gutter-default kt-row-valign-top kt-row-layout-equal kt-tab-layout-inherit kt-m-colapse-left-to-right kt-mobile-layout-row\"><style>.kadence-column_5b19e8-9c > .kt-inside-inner-col{border-top-width:0px;border-right-width:0px;border-bottom-width:0px;border-left-width:0px;}.kadence-column_5b19e8-9c > .kt-inside-inner-col,.kadence-column_5b19e8-9c > .kt-inside-inner-col:before{border-top-left-radius:0px;border-top-right-radius:0px;border-bottom-right-radius:0px;border-bottom-left-radius:0px;}.kadence-column_5b19e8-9c > .kt-inside-inner-col{column-gap:var(--global-kb-gap-sm, 1rem);}.kadence-column_5b19e8-9c > .kt-inside-inner-col{flex-direction:column;}.kadence-column_5b19e8-9c > .kt-inside-inner-col > .aligncenter{width:100%;}.kadence-column_5b19e8-9c > .kt-inside-inner-col:before{opacity:0.3;}.kadence-column_5b19e8-9c{position:relative;}@media all and (max-width: 1024px){.kadence-column_5b19e8-9c > .kt-inside-inner-col{flex-direction:column;justify-content:center;}}@media all and (max-width: 767px){.kadence-column_5b19e8-9c > .kt-inside-inner-col{flex-direction:column;justify-content:center;}}<\/style>\n<div class=\"wp-block-kadence-column inner-column-1 kadence-column_5b19e8-9c\"><div class=\"kt-inside-inner-col\">\n<figure class=\"wp-block-image\"><a href=\"\/europe\/realisations\/services\/vente-a-l-exterieur\/\"><img loading=\"lazy\" decoding=\"async\" width=\"868\" height=\"235\" src=\"http:\/\/prestigevisualmetal.com\/wp-content\/uploads\/2018\/12\/Vente-a-l-exterieur.jpg\" alt=\"Vente \u00e0 l\u2019ext\u00e9rieur\" class=\"wp-image-1686\" srcset=\"https:\/\/www.prestigevisualmetal.com\/wp-content\/uploads\/2018\/12\/Vente-a-l-exterieur.jpg 868w, https:\/\/www.prestigevisualmetal.com\/wp-content\/uploads\/2018\/12\/Vente-a-l-exterieur-300x81.jpg 300w, https:\/\/www.prestigevisualmetal.com\/wp-content\/uploads\/2018\/12\/Vente-a-l-exterieur-768x208.jpg 768w\" sizes=\"auto, (max-width: 868px) 100vw, 868px\" \/><\/a><figcaption>Vente \u00e0 l\u2019ext\u00e9rieur<\/figcaption><\/figure>\n<\/div><\/div>\n\n\n<style>.kadence-column_a99f39-be > .kt-inside-inner-col{border-top-width:0px;border-right-width:0px;border-bottom-width:0px;border-left-width:0px;}.kadence-column_a99f39-be > .kt-inside-inner-col,.kadence-column_a99f39-be > .kt-inside-inner-col:before{border-top-left-radius:0px;border-top-right-radius:0px;border-bottom-right-radius:0px;border-bottom-left-radius:0px;}.kadence-column_a99f39-be > .kt-inside-inner-col{column-gap:var(--global-kb-gap-sm, 1rem);}.kadence-column_a99f39-be > .kt-inside-inner-col{flex-direction:column;}.kadence-column_a99f39-be > .kt-inside-inner-col > .aligncenter{width:100%;}.kadence-column_a99f39-be > .kt-inside-inner-col:before{opacity:0.3;}.kadence-column_a99f39-be{position:relative;}@media all and (max-width: 1024px){.kadence-column_a99f39-be > .kt-inside-inner-col{flex-direction:column;justify-content:center;}}@media all and (max-width: 767px){.kadence-column_a99f39-be > .kt-inside-inner-col{flex-direction:column;justify-content:center;}}<\/style>\n<div class=\"wp-block-kadence-column inner-column-2 kadence-column_a99f39-be\"><div class=\"kt-inside-inner-col\">\n<figure class=\"wp-block-image\"><a href=\"\/europe\/realisations\/services\/conception-graphique\/\"><img loading=\"lazy\" decoding=\"async\" width=\"869\" height=\"235\" src=\"http:\/\/prestigevisualmetal.com\/wp-content\/uploads\/2018\/12\/Conception-graphique.jpg\" alt=\"Conception graphique\" class=\"wp-image-1683\" srcset=\"https:\/\/www.prestigevisualmetal.com\/wp-content\/uploads\/2018\/12\/Conception-graphique.jpg 869w, https:\/\/www.prestigevisualmetal.com\/wp-content\/uploads\/2018\/12\/Conception-graphique-768x208.jpg 768w, https:\/\/www.prestigevisualmetal.com\/wp-content\/uploads\/2018\/12\/Conception-graphique-300x81.jpg 300w\" sizes=\"auto, (max-width: 869px) 100vw, 869px\" \/><\/a><figcaption>Conception graphique<\/figcaption><\/figure>\n<\/div><\/div>\n\n\n<style>.kadence-column_9d2990-c7 > .kt-inside-inner-col{border-top-width:0px;border-right-width:0px;border-bottom-width:0px;border-left-width:0px;}.kadence-column_9d2990-c7 > .kt-inside-inner-col,.kadence-column_9d2990-c7 > .kt-inside-inner-col:before{border-top-left-radius:0px;border-top-right-radius:0px;border-bottom-right-radius:0px;border-bottom-left-radius:0px;}.kadence-column_9d2990-c7 > .kt-inside-inner-col{column-gap:var(--global-kb-gap-sm, 1rem);}.kadence-column_9d2990-c7 > .kt-inside-inner-col{flex-direction:column;}.kadence-column_9d2990-c7 > .kt-inside-inner-col > .aligncenter{width:100%;}.kadence-column_9d2990-c7 > .kt-inside-inner-col:before{opacity:0.3;}.kadence-column_9d2990-c7{position:relative;}@media all and (max-width: 1024px){.kadence-column_9d2990-c7 > .kt-inside-inner-col{flex-direction:column;justify-content:center;}}@media all and (max-width: 767px){.kadence-column_9d2990-c7 > .kt-inside-inner-col{flex-direction:column;justify-content:center;}}<\/style>\n<div class=\"wp-block-kadence-column inner-column-3 kadence-column_9d2990-c7\"><div class=\"kt-inside-inner-col\">\n<figure class=\"wp-block-image\"><a href=\"\/europe\/nous-joindre\/\"><img loading=\"lazy\" decoding=\"async\" width=\"868\" height=\"235\" src=\"http:\/\/prestigevisualmetal.com\/wp-content\/uploads\/2018\/12\/Contactez-nous.jpg\" alt=\"Contactez-nous\" class=\"wp-image-1684\" srcset=\"https:\/\/www.prestigevisualmetal.com\/wp-content\/uploads\/2018\/12\/Contactez-nous.jpg 868w, https:\/\/www.prestigevisualmetal.com\/wp-content\/uploads\/2018\/12\/Contactez-nous-300x81.jpg 300w, https:\/\/www.prestigevisualmetal.com\/wp-content\/uploads\/2018\/12\/Contactez-nous-768x208.jpg 768w\" sizes=\"auto, (max-width: 868px) 100vw, 868px\" \/><\/a><figcaption>Contactez-nous<\/figcaption><\/figure>\n<\/div><\/div>\n<\/div><\/div><\/div>\n","protected":false},"excerpt":{"rendered":"<p>Profitez de notre large choix de technique pour la reproduction d&#8217;une excellente qualit\u00e9 pour des photos, images, embl\u00e8mes et logos. Tous ces proc\u00e9d\u00e9s sont tr\u00e8s r\u00e9sistants \u00e0 l&#8217;ext\u00e9rieur tout comme \u00e0 l&#8217;int\u00e9rieur. Contactez-nous pour de plus amples informations. Gravure \u00e0 l&#8217;acide sur le bronze, laiton et le stainless Impression couleur cuite au four Photo en&#8230;  <a href=\"https:\/\/www.prestigevisualmetal.com\/europe\/realisations\/plaques-finitions-et-options\/photo-illustration-logo-options\/\" title=\"Read Photo, illustration, logo &#8211; Options\">Read more &raquo;<\/a><\/p>\n","protected":false},"author":101013,"featured_media":0,"parent":3388,"menu_order":5,"comment_status":"open","ping_status":"closed","template":"","meta":{"_acf_changed":false,"ghostkit_customizer_options":"","ghostkit_custom_css":"","ghostkit_custom_js_head":"","ghostkit_custom_js_foot":"","ghostkit_typography":"","footnotes":""},"class_list":["post-6651","page","type-page","status-publish","hentry"],"acf":[],"yoast_head":"<!-- This site is optimized with the Yoast SEO plugin v27.5 - https:\/\/yoast.com\/product\/yoast-seo-wordpress\/ -->\n<title>Photo et illustration - Options | Plaques Prestige Visual Metal<\/title>\n<meta name=\"description\" content=\"Voir nos options de photo pour une plaque fun\u00e9raire, plaque comm\u00e9morative. Gravure \u00e0 l&#039;acide, photo c\u00e9ramique, photo en relief 3D, impression couleur cuite.\" \/>\n<meta name=\"robots\" content=\"index, follow, max-snippet:-1, max-image-preview:large, max-video-preview:-1\" \/>\n<link rel=\"canonical\" href=\"https:\/\/www.prestigevisualmetal.com\/europe\/realisations\/plaques-finitions-et-options\/photo-illustration-logo-options\/\" \/>\n<meta property=\"og:locale\" content=\"fr_FR\" \/>\n<meta property=\"og:type\" content=\"article\" \/>\n<meta property=\"og:title\" content=\"Photo et illustration - Options | Plaques Prestige Visual Metal\" \/>\n<meta property=\"og:description\" content=\"Voir nos options de photo pour une plaque fun\u00e9raire, plaque comm\u00e9morative. Gravure \u00e0 l&#039;acide, photo c\u00e9ramique, photo en relief 3D, impression couleur cuite.\" \/>\n<meta property=\"og:url\" content=\"https:\/\/www.prestigevisualmetal.com\/europe\/realisations\/plaques-finitions-et-options\/photo-illustration-logo-options\/\" \/>\n<meta property=\"og:site_name\" content=\"Prestige Visual M\u00e9tal\" \/>\n<meta property=\"article:modified_time\" content=\"2019-03-06T21:29:37+00:00\" \/>\n<meta property=\"og:image\" content=\"https:\/\/www.prestigevisualmetal.com\/wp-content\/uploads\/2019\/02\/Photo-gravure-chimique-Prestige.jpg\" \/>\n<script type=\"application\/ld+json\" class=\"yoast-schema-graph\">{\"@context\":\"https:\\\/\\\/schema.org\",\"@graph\":[{\"@type\":\"WebPage\",\"@id\":\"https:\\\/\\\/www.prestigevisualmetal.com\\\/europe\\\/realisations\\\/plaques-finitions-et-options\\\/photo-illustration-logo-options\\\/\",\"url\":\"https:\\\/\\\/www.prestigevisualmetal.com\\\/europe\\\/realisations\\\/plaques-finitions-et-options\\\/photo-illustration-logo-options\\\/\",\"name\":\"Photo et illustration - Options | Plaques Prestige Visual Metal\",\"isPartOf\":{\"@id\":\"https:\\\/\\\/www.prestigevisualmetal.com\\\/europe\\\/#website\"},\"primaryImageOfPage\":{\"@id\":\"https:\\\/\\\/www.prestigevisualmetal.com\\\/europe\\\/realisations\\\/plaques-finitions-et-options\\\/photo-illustration-logo-options\\\/#primaryimage\"},\"image\":{\"@id\":\"https:\\\/\\\/www.prestigevisualmetal.com\\\/europe\\\/realisations\\\/plaques-finitions-et-options\\\/photo-illustration-logo-options\\\/#primaryimage\"},\"thumbnailUrl\":\"https:\\\/\\\/www.prestigevisualmetal.com\\\/wp-content\\\/uploads\\\/2019\\\/02\\\/Photo-gravure-chimique-Prestige.jpg\",\"datePublished\":\"2019-02-08T20:25:14+00:00\",\"dateModified\":\"2019-03-06T21:29:37+00:00\",\"description\":\"Voir nos options de photo pour une plaque fun\u00e9raire, plaque comm\u00e9morative. Gravure \u00e0 l'acide, photo c\u00e9ramique, photo en relief 3D, impression couleur cuite.\",\"breadcrumb\":{\"@id\":\"https:\\\/\\\/www.prestigevisualmetal.com\\\/europe\\\/realisations\\\/plaques-finitions-et-options\\\/photo-illustration-logo-options\\\/#breadcrumb\"},\"inLanguage\":\"fr-BE\",\"potentialAction\":[{\"@type\":\"ReadAction\",\"target\":[\"https:\\\/\\\/www.prestigevisualmetal.com\\\/europe\\\/realisations\\\/plaques-finitions-et-options\\\/photo-illustration-logo-options\\\/\"]}]},{\"@type\":\"ImageObject\",\"inLanguage\":\"fr-BE\",\"@id\":\"https:\\\/\\\/www.prestigevisualmetal.com\\\/europe\\\/realisations\\\/plaques-finitions-et-options\\\/photo-illustration-logo-options\\\/#primaryimage\",\"url\":\"https:\\\/\\\/www.prestigevisualmetal.com\\\/wp-content\\\/uploads\\\/2019\\\/02\\\/Photo-gravure-chimique-Prestige.jpg\",\"contentUrl\":\"https:\\\/\\\/www.prestigevisualmetal.com\\\/wp-content\\\/uploads\\\/2019\\\/02\\\/Photo-gravure-chimique-Prestige.jpg\"},{\"@type\":\"BreadcrumbList\",\"@id\":\"https:\\\/\\\/www.prestigevisualmetal.com\\\/europe\\\/realisations\\\/plaques-finitions-et-options\\\/photo-illustration-logo-options\\\/#breadcrumb\",\"itemListElement\":[{\"@type\":\"ListItem\",\"position\":1,\"name\":\"Accueil\",\"item\":\"https:\\\/\\\/www.prestigevisualmetal.com\\\/europe\\\/\"},{\"@type\":\"ListItem\",\"position\":2,\"name\":\"R\u00e9alisations\",\"item\":\"https:\\\/\\\/www.prestigevisualmetal.com\\\/europe\\\/realisations\\\/\"},{\"@type\":\"ListItem\",\"position\":3,\"name\":\"Plaques &#8211; Finitions et options\",\"item\":\"https:\\\/\\\/www.prestigevisualmetal.com\\\/europe\\\/realisations\\\/plaques-finitions-et-options\\\/\"},{\"@type\":\"ListItem\",\"position\":4,\"name\":\"Photo, illustration, logo &#8211; Options\"}]},{\"@type\":\"WebSite\",\"@id\":\"https:\\\/\\\/www.prestigevisualmetal.com\\\/europe\\\/#website\",\"url\":\"https:\\\/\\\/www.prestigevisualmetal.com\\\/europe\\\/\",\"name\":\"Prestige Visual M\u00e9tal\",\"description\":\"\",\"potentialAction\":[{\"@type\":\"SearchAction\",\"target\":{\"@type\":\"EntryPoint\",\"urlTemplate\":\"https:\\\/\\\/www.prestigevisualmetal.com\\\/europe\\\/?s={search_term_string}\"},\"query-input\":{\"@type\":\"PropertyValueSpecification\",\"valueRequired\":true,\"valueName\":\"search_term_string\"}}],\"inLanguage\":\"fr-BE\"}]}<\/script>\n<!-- \/ Yoast SEO plugin. -->","yoast_head_json":{"title":"Photo et illustration - Options | Plaques Prestige Visual Metal","description":"Voir nos options de photo pour une plaque fun\u00e9raire, plaque comm\u00e9morative. Gravure \u00e0 l'acide, photo c\u00e9ramique, photo en relief 3D, impression couleur cuite.","robots":{"index":"index","follow":"follow","max-snippet":"max-snippet:-1","max-image-preview":"max-image-preview:large","max-video-preview":"max-video-preview:-1"},"canonical":"https:\/\/www.prestigevisualmetal.com\/europe\/realisations\/plaques-finitions-et-options\/photo-illustration-logo-options\/","og_locale":"fr_FR","og_type":"article","og_title":"Photo et illustration - Options | Plaques Prestige Visual Metal","og_description":"Voir nos options de photo pour une plaque fun\u00e9raire, plaque comm\u00e9morative. Gravure \u00e0 l'acide, photo c\u00e9ramique, photo en relief 3D, impression couleur cuite.","og_url":"https:\/\/www.prestigevisualmetal.com\/europe\/realisations\/plaques-finitions-et-options\/photo-illustration-logo-options\/","og_site_name":"Prestige Visual M\u00e9tal","article_modified_time":"2019-03-06T21:29:37+00:00","og_image":[{"url":"https:\/\/www.prestigevisualmetal.com\/wp-content\/uploads\/2019\/02\/Photo-gravure-chimique-Prestige.jpg","type":"","width":"","height":""}],"schema":{"@context":"https:\/\/schema.org","@graph":[{"@type":"WebPage","@id":"https:\/\/www.prestigevisualmetal.com\/europe\/realisations\/plaques-finitions-et-options\/photo-illustration-logo-options\/","url":"https:\/\/www.prestigevisualmetal.com\/europe\/realisations\/plaques-finitions-et-options\/photo-illustration-logo-options\/","name":"Photo et illustration - Options | Plaques Prestige Visual Metal","isPartOf":{"@id":"https:\/\/www.prestigevisualmetal.com\/europe\/#website"},"primaryImageOfPage":{"@id":"https:\/\/www.prestigevisualmetal.com\/europe\/realisations\/plaques-finitions-et-options\/photo-illustration-logo-options\/#primaryimage"},"image":{"@id":"https:\/\/www.prestigevisualmetal.com\/europe\/realisations\/plaques-finitions-et-options\/photo-illustration-logo-options\/#primaryimage"},"thumbnailUrl":"https:\/\/www.prestigevisualmetal.com\/wp-content\/uploads\/2019\/02\/Photo-gravure-chimique-Prestige.jpg","datePublished":"2019-02-08T20:25:14+00:00","dateModified":"2019-03-06T21:29:37+00:00","description":"Voir nos options de photo pour une plaque fun\u00e9raire, plaque comm\u00e9morative. Gravure \u00e0 l'acide, photo c\u00e9ramique, photo en relief 3D, impression couleur cuite.","breadcrumb":{"@id":"https:\/\/www.prestigevisualmetal.com\/europe\/realisations\/plaques-finitions-et-options\/photo-illustration-logo-options\/#breadcrumb"},"inLanguage":"fr-BE","potentialAction":[{"@type":"ReadAction","target":["https:\/\/www.prestigevisualmetal.com\/europe\/realisations\/plaques-finitions-et-options\/photo-illustration-logo-options\/"]}]},{"@type":"ImageObject","inLanguage":"fr-BE","@id":"https:\/\/www.prestigevisualmetal.com\/europe\/realisations\/plaques-finitions-et-options\/photo-illustration-logo-options\/#primaryimage","url":"https:\/\/www.prestigevisualmetal.com\/wp-content\/uploads\/2019\/02\/Photo-gravure-chimique-Prestige.jpg","contentUrl":"https:\/\/www.prestigevisualmetal.com\/wp-content\/uploads\/2019\/02\/Photo-gravure-chimique-Prestige.jpg"},{"@type":"BreadcrumbList","@id":"https:\/\/www.prestigevisualmetal.com\/europe\/realisations\/plaques-finitions-et-options\/photo-illustration-logo-options\/#breadcrumb","itemListElement":[{"@type":"ListItem","position":1,"name":"Accueil","item":"https:\/\/www.prestigevisualmetal.com\/europe\/"},{"@type":"ListItem","position":2,"name":"R\u00e9alisations","item":"https:\/\/www.prestigevisualmetal.com\/europe\/realisations\/"},{"@type":"ListItem","position":3,"name":"Plaques &#8211; Finitions et options","item":"https:\/\/www.prestigevisualmetal.com\/europe\/realisations\/plaques-finitions-et-options\/"},{"@type":"ListItem","position":4,"name":"Photo, illustration, logo &#8211; Options"}]},{"@type":"WebSite","@id":"https:\/\/www.prestigevisualmetal.com\/europe\/#website","url":"https:\/\/www.prestigevisualmetal.com\/europe\/","name":"Prestige Visual M\u00e9tal","description":"","potentialAction":[{"@type":"SearchAction","target":{"@type":"EntryPoint","urlTemplate":"https:\/\/www.prestigevisualmetal.com\/europe\/?s={search_term_string}"},"query-input":{"@type":"PropertyValueSpecification","valueRequired":true,"valueName":"search_term_string"}}],"inLanguage":"fr-BE"}]}},"_links":{"self":[{"href":"https:\/\/www.prestigevisualmetal.com\/europe\/wp-json\/wp\/v2\/pages\/6651","targetHints":{"allow":["GET"]}}],"collection":[{"href":"https:\/\/www.prestigevisualmetal.com\/europe\/wp-json\/wp\/v2\/pages"}],"about":[{"href":"https:\/\/www.prestigevisualmetal.com\/europe\/wp-json\/wp\/v2\/types\/page"}],"author":[{"embeddable":true,"href":"https:\/\/www.prestigevisualmetal.com\/europe\/wp-json\/wp\/v2\/users\/101013"}],"replies":[{"embeddable":true,"href":"https:\/\/www.prestigevisualmetal.com\/europe\/wp-json\/wp\/v2\/comments?post=6651"}],"version-history":[{"count":4,"href":"https:\/\/www.prestigevisualmetal.com\/europe\/wp-json\/wp\/v2\/pages\/6651\/revisions"}],"predecessor-version":[{"id":6932,"href":"https:\/\/www.prestigevisualmetal.com\/europe\/wp-json\/wp\/v2\/pages\/6651\/revisions\/6932"}],"up":[{"embeddable":true,"href":"https:\/\/www.prestigevisualmetal.com\/europe\/wp-json\/wp\/v2\/pages\/3388"}],"wp:attachment":[{"href":"https:\/\/www.prestigevisualmetal.com\/europe\/wp-json\/wp\/v2\/media?parent=6651"}],"curies":[{"name":"wp","href":"https:\/\/api.w.org\/{rel}","templated":true}]}}