{"id":6654,"date":"2019-02-27T15:19:02","date_gmt":"2019-02-27T20:19:02","guid":{"rendered":"https:\/\/www.prestigevisualmetal.com\/realisations\/plaque-en-bronze-laiton-inox-alu\/plaques-professionnelles-et-enseignes\/enseigne-en-bronze-coule-naturel\/"},"modified":"2019-03-06T19:37:25","modified_gmt":"2019-03-07T00:37:25","slug":"enseigne-en-bronze-coule-naturel","status":"publish","type":"page","link":"https:\/\/www.prestigevisualmetal.com\/europe\/realisations\/plaque-en-bronze-laiton-inox-alu\/plaques-professionnelles-et-enseignes\/enseigne-en-bronze-coule-naturel\/","title":{"rendered":"Enseigne en bronze coul\u00e9 naturel"},"content":{"rendered":"<style>#kt-layout-id_b4ac57-86 > .kt-row-column-wrap{align-content:start;}:where(#kt-layout-id_b4ac57-86 > .kt-row-column-wrap) > .wp-block-kadence-column{justify-content:start;}#kt-layout-id_b4ac57-86 > .kt-row-column-wrap{column-gap:var(--global-kb-gap-md, 2rem);row-gap:var(--global-kb-gap-md, 2rem);padding-top:var( --global-kb-row-default-top, 25px );padding-bottom:var( --global-kb-row-default-bottom, 25px );padding-top:0px;padding-bottom:0px;grid-template-columns:minmax(0, 1fr);}#kt-layout-id_b4ac57-86 > .kt-row-layout-overlay{opacity:0.30;}@media all and (max-width: 1024px){#kt-layout-id_b4ac57-86 > .kt-row-column-wrap{grid-template-columns:minmax(0, 1fr);}}@media all and (max-width: 767px){#kt-layout-id_b4ac57-86 > .kt-row-column-wrap{grid-template-columns:minmax(0, 1fr);}}<\/style>\n<div class=\"wp-block-kadence-rowlayout alignnone dev_bas no-liste-sm\"><div id=\"kt-layout-id_b4ac57-86\" class=\"kt-row-layout-inner  kt-layout-id_b4ac57-86\"><div class=\"kt-row-column-wrap kt-has-1-columns kt-gutter-default kt-row-valign-top kt-row-layout-equal kt-tab-layout-inherit kt-m-colapse-left-to-right kt-mobile-layout-row\"><style>.kadence-column_fce316-0b > .kt-inside-inner-col{border-top-width:0px;border-right-width:0px;border-bottom-width:0px;border-left-width:0px;}.kadence-column_fce316-0b > .kt-inside-inner-col,.kadence-column_fce316-0b > .kt-inside-inner-col:before{border-top-left-radius:0px;border-top-right-radius:0px;border-bottom-right-radius:0px;border-bottom-left-radius:0px;}.kadence-column_fce316-0b > .kt-inside-inner-col{column-gap:var(--global-kb-gap-sm, 1rem);}.kadence-column_fce316-0b > .kt-inside-inner-col{flex-direction:column;}.kadence-column_fce316-0b > .kt-inside-inner-col > .aligncenter{width:100%;}.kadence-column_fce316-0b > .kt-inside-inner-col:before{opacity:0.3;}.kadence-column_fce316-0b{position:relative;}@media all and (max-width: 1024px){.kadence-column_fce316-0b > .kt-inside-inner-col{flex-direction:column;justify-content:center;}}@media all and (max-width: 767px){.kadence-column_fce316-0b > .kt-inside-inner-col{flex-direction:column;justify-content:center;}}<\/style>\n<div class=\"wp-block-kadence-column inner-column-1 kadence-column_fce316-0b\"><div class=\"kt-inside-inner-col\">\n<p>Procurez-vous des plaques de bronze et en laiton coul\u00e9 naturel en relief, si vous \u00eates \u00e0 la recherche d&#8217;une plaque d&#8217;apparence classique d&#8217;une grande qualit\u00e9 visuelle et de durabilit\u00e9 pour de nombreuses utilisations. Notre service d&#8217;infographie est en mesure d&#8217;\u00e9laborer une plaque selon vos demandes.<\/p>\n\n\n\n<ul class=\"wp-block-list\"><li><strong>Enseignes de bronze, plaque enseigne et signalisation en bronze et laiton coul\u00e9 naturel.<\/strong><\/li><li><strong>Vernis protecteur cuit ultra-r\u00e9sistant pour l&#8217;ext\u00e9rieur et \u00e0 l&#8217;int\u00e9rieur. <\/strong><\/li><li><strong>Sans entretien avec une garantie&nbsp;contre&nbsp;tout&nbsp;d\u00e9faut&nbsp;de&nbsp;fabrication.<\/strong><\/li><li><strong>Visserie et gabarit de pose inclus.<\/strong><\/li><li><strong>Mise en page incluse pour approbation.<\/strong><\/li><li><strong>Demandez votre soumission personnalis\u00e9e!<\/strong><\/li><\/ul>\n<\/div><\/div>\n<\/div><\/div><\/div>\n\n\n\n<h2 style=\"text-align:left\" class=\"style-2 wp-block-heading\">Enseigne et signalisation en bronze coul\u00e9<\/h2>\n\n\n\n<figure class=\"wp-block-image\"><a href=\"https:\/\/www.prestigevisualmetal.com\/wp-content\/uploads\/2019\/03\/Enseigne-et-signalisation-en-bronze-coul\u00e9-France.jpg\" data-src=\"https:\/\/www.prestigevisualmetal.com\/wp-content\/uploads\/2019\/03\/Enseigne-et-signalisation-en-bronze-coul\u00e9-France.jpg\" data-thumb=\"https:\/\/www.prestigevisualmetal.com\/wp-content\/uploads\/2019\/03\/Enseigne-et-signalisation-en-bronze-coul\u00e9-France.jpg\" class=\"ml-lightbox-enabled\"><img loading=\"lazy\" decoding=\"async\" width=\"709\" height=\"2141\" src=\"https:\/\/www.prestigevisualmetal.com\/wp-content\/uploads\/2019\/03\/Enseigne-et-signalisation-en-bronze-coul\u00e9-France.jpg\" alt=\"Enseigne Et Signalisation En Bronze Coul\u00e9 France\" class=\"wp-image-7117\" srcset=\"https:\/\/www.prestigevisualmetal.com\/wp-content\/uploads\/2019\/03\/Enseigne-et-signalisation-en-bronze-coul\u00e9-France.jpg 709w, https:\/\/www.prestigevisualmetal.com\/wp-content\/uploads\/2019\/03\/Enseigne-et-signalisation-en-bronze-coul\u00e9-France-99x300.jpg 99w, https:\/\/www.prestigevisualmetal.com\/wp-content\/uploads\/2019\/03\/Enseigne-et-signalisation-en-bronze-coul\u00e9-France-339x1024.jpg 339w\" sizes=\"auto, (max-width: 709px) 100vw, 709px\" \/><\/a><\/figure>\n\n\n\n<h2 class=\"w-80 wp-block-heading\">SERVICES<\/h2>\n\n\n<style>#kt-layout-id_ae7bef-18 > .kt-row-column-wrap{align-content:start;}:where(#kt-layout-id_ae7bef-18 > .kt-row-column-wrap) > .wp-block-kadence-column{justify-content:start;}#kt-layout-id_ae7bef-18 > .kt-row-column-wrap{column-gap:var(--global-kb-gap-md, 2rem);row-gap:var(--global-kb-gap-md, 2rem);padding-top:var( --global-kb-row-default-top, 25px );padding-bottom:var( --global-kb-row-default-bottom, 25px );padding-top:var(--global-kb-spacing-sm, 1.5rem);padding-bottom:var(--global-kb-spacing-sm, 1.5rem);}#kt-layout-id_ae7bef-18 > .kt-row-column-wrap > div:not(.added-for-specificity){grid-column:initial;}#kt-layout-id_ae7bef-18 > .kt-row-column-wrap{grid-template-columns:repeat(3, minmax(0, 1fr));}#kt-layout-id_ae7bef-18 > .kt-row-layout-overlay{opacity:0.30;}@media all and (max-width: 1024px){#kt-layout-id_ae7bef-18 > .kt-row-column-wrap > div:not(.added-for-specificity){grid-column:initial;}}@media all and (max-width: 1024px){#kt-layout-id_ae7bef-18 > .kt-row-column-wrap{grid-template-columns:repeat(3, minmax(0, 1fr));}}@media all and (max-width: 767px){#kt-layout-id_ae7bef-18 > .kt-row-column-wrap > div:not(.added-for-specificity){grid-column:initial;}#kt-layout-id_ae7bef-18 > .kt-row-column-wrap{grid-template-columns:minmax(0, 1fr);}}<\/style>\n<div class=\"wp-block-kadence-rowlayout alignnone w-80\"><div id=\"kt-layout-id_ae7bef-18\" class=\"kt-row-layout-inner  kt-layout-id_ae7bef-18\"><div class=\"kt-row-column-wrap kt-has-3-columns kt-gutter-default kt-row-valign-top kt-row-layout-equal kt-tab-layout-inherit kt-m-colapse-left-to-right kt-mobile-layout-row\"><style>.kadence-column_9873e6-1c > .kt-inside-inner-col{border-top-width:0px;border-right-width:0px;border-bottom-width:0px;border-left-width:0px;}.kadence-column_9873e6-1c > .kt-inside-inner-col,.kadence-column_9873e6-1c > .kt-inside-inner-col:before{border-top-left-radius:0px;border-top-right-radius:0px;border-bottom-right-radius:0px;border-bottom-left-radius:0px;}.kadence-column_9873e6-1c > .kt-inside-inner-col{column-gap:var(--global-kb-gap-sm, 1rem);}.kadence-column_9873e6-1c > .kt-inside-inner-col{flex-direction:column;}.kadence-column_9873e6-1c > .kt-inside-inner-col > .aligncenter{width:100%;}.kadence-column_9873e6-1c > .kt-inside-inner-col:before{opacity:0.3;}.kadence-column_9873e6-1c{position:relative;}@media all and (max-width: 1024px){.kadence-column_9873e6-1c > .kt-inside-inner-col{flex-direction:column;justify-content:center;}}@media all and (max-width: 767px){.kadence-column_9873e6-1c > .kt-inside-inner-col{flex-direction:column;justify-content:center;}}<\/style>\n<div class=\"wp-block-kadence-column inner-column-1 kadence-column_9873e6-1c\"><div class=\"kt-inside-inner-col\">\n<figure class=\"wp-block-image\"><a href=\"\/europe\/realisations\/services\/vente-a-l-exterieur\/\"><img loading=\"lazy\" decoding=\"async\" width=\"868\" height=\"235\" src=\"http:\/\/prestigevisualmetal.com\/wp-content\/uploads\/2018\/12\/Vente-a-l-exterieur.jpg\" alt=\"Vente \u00e0 l\u2019ext\u00e9rieur\" class=\"wp-image-1686\" srcset=\"https:\/\/www.prestigevisualmetal.com\/wp-content\/uploads\/2018\/12\/Vente-a-l-exterieur.jpg 868w, https:\/\/www.prestigevisualmetal.com\/wp-content\/uploads\/2018\/12\/Vente-a-l-exterieur-300x81.jpg 300w, https:\/\/www.prestigevisualmetal.com\/wp-content\/uploads\/2018\/12\/Vente-a-l-exterieur-768x208.jpg 768w\" sizes=\"auto, (max-width: 868px) 100vw, 868px\" \/><\/a><figcaption>Vente \u00e0 l\u2019ext\u00e9rieur<\/figcaption><\/figure>\n<\/div><\/div>\n\n\n<style>.kadence-column_83cbdc-5d > .kt-inside-inner-col{border-top-width:0px;border-right-width:0px;border-bottom-width:0px;border-left-width:0px;}.kadence-column_83cbdc-5d > .kt-inside-inner-col,.kadence-column_83cbdc-5d > .kt-inside-inner-col:before{border-top-left-radius:0px;border-top-right-radius:0px;border-bottom-right-radius:0px;border-bottom-left-radius:0px;}.kadence-column_83cbdc-5d > .kt-inside-inner-col{column-gap:var(--global-kb-gap-sm, 1rem);}.kadence-column_83cbdc-5d > .kt-inside-inner-col{flex-direction:column;}.kadence-column_83cbdc-5d > .kt-inside-inner-col > .aligncenter{width:100%;}.kadence-column_83cbdc-5d > .kt-inside-inner-col:before{opacity:0.3;}.kadence-column_83cbdc-5d{position:relative;}@media all and (max-width: 1024px){.kadence-column_83cbdc-5d > .kt-inside-inner-col{flex-direction:column;justify-content:center;}}@media all and (max-width: 767px){.kadence-column_83cbdc-5d > .kt-inside-inner-col{flex-direction:column;justify-content:center;}}<\/style>\n<div class=\"wp-block-kadence-column inner-column-2 kadence-column_83cbdc-5d\"><div class=\"kt-inside-inner-col\">\n<figure class=\"wp-block-image\"><a href=\"\/europe\/realisations\/services\/conception-graphique\/\"><img loading=\"lazy\" decoding=\"async\" width=\"869\" height=\"235\" src=\"http:\/\/prestigevisualmetal.com\/wp-content\/uploads\/2018\/12\/Conception-graphique.jpg\" alt=\"Conception graphique\" class=\"wp-image-1683\" srcset=\"https:\/\/www.prestigevisualmetal.com\/wp-content\/uploads\/2018\/12\/Conception-graphique.jpg 869w, https:\/\/www.prestigevisualmetal.com\/wp-content\/uploads\/2018\/12\/Conception-graphique-768x208.jpg 768w, https:\/\/www.prestigevisualmetal.com\/wp-content\/uploads\/2018\/12\/Conception-graphique-300x81.jpg 300w\" sizes=\"auto, (max-width: 869px) 100vw, 869px\" \/><\/a><figcaption>Conception graphique<\/figcaption><\/figure>\n<\/div><\/div>\n\n\n<style>.kadence-column_c2220d-3a > .kt-inside-inner-col{border-top-width:0px;border-right-width:0px;border-bottom-width:0px;border-left-width:0px;}.kadence-column_c2220d-3a > .kt-inside-inner-col,.kadence-column_c2220d-3a > .kt-inside-inner-col:before{border-top-left-radius:0px;border-top-right-radius:0px;border-bottom-right-radius:0px;border-bottom-left-radius:0px;}.kadence-column_c2220d-3a > .kt-inside-inner-col{column-gap:var(--global-kb-gap-sm, 1rem);}.kadence-column_c2220d-3a > .kt-inside-inner-col{flex-direction:column;}.kadence-column_c2220d-3a > .kt-inside-inner-col > .aligncenter{width:100%;}.kadence-column_c2220d-3a > .kt-inside-inner-col:before{opacity:0.3;}.kadence-column_c2220d-3a{position:relative;}@media all and (max-width: 1024px){.kadence-column_c2220d-3a > .kt-inside-inner-col{flex-direction:column;justify-content:center;}}@media all and (max-width: 767px){.kadence-column_c2220d-3a > .kt-inside-inner-col{flex-direction:column;justify-content:center;}}<\/style>\n<div class=\"wp-block-kadence-column inner-column-3 kadence-column_c2220d-3a\"><div class=\"kt-inside-inner-col\">\n<figure class=\"wp-block-image\"><a href=\"http:\/\/prestigevisualmetal.com\/europe\/contactez-nous\/\"><img loading=\"lazy\" decoding=\"async\" width=\"868\" height=\"235\" src=\"http:\/\/prestigevisualmetal.com\/wp-content\/uploads\/2018\/12\/Contactez-nous.jpg\" alt=\"Contactez-nous\" class=\"wp-image-1684\" srcset=\"https:\/\/www.prestigevisualmetal.com\/wp-content\/uploads\/2018\/12\/Contactez-nous.jpg 868w, https:\/\/www.prestigevisualmetal.com\/wp-content\/uploads\/2018\/12\/Contactez-nous-300x81.jpg 300w, https:\/\/www.prestigevisualmetal.com\/wp-content\/uploads\/2018\/12\/Contactez-nous-768x208.jpg 768w\" sizes=\"auto, (max-width: 868px) 100vw, 868px\" \/><\/a><figcaption>Contactez-nous<\/figcaption><\/figure>\n<\/div><\/div>\n<\/div><\/div><\/div>\n","protected":false},"excerpt":{"rendered":"<p>Procurez-vous des plaques de bronze et en laiton coul\u00e9 naturel en relief, si vous \u00eates \u00e0 la recherche d&#8217;une plaque d&#8217;apparence classique d&#8217;une grande qualit\u00e9 visuelle et de durabilit\u00e9 pour de nombreuses utilisations. Notre service d&#8217;infographie est en mesure d&#8217;\u00e9laborer une plaque selon vos demandes. Enseignes de bronze, plaque enseigne et signalisation en bronze et&#8230;  <a href=\"https:\/\/www.prestigevisualmetal.com\/europe\/realisations\/plaque-en-bronze-laiton-inox-alu\/plaques-professionnelles-et-enseignes\/enseigne-en-bronze-coule-naturel\/\" title=\"Read Enseigne en bronze coul\u00e9 naturel\">Read more &raquo;<\/a><\/p>\n","protected":false},"author":2,"featured_media":0,"parent":6624,"menu_order":6,"comment_status":"open","ping_status":"closed","template":"","meta":{"_acf_changed":false,"ghostkit_customizer_options":"","ghostkit_custom_css":"","ghostkit_custom_js_head":"","ghostkit_custom_js_foot":"","ghostkit_typography":"","footnotes":""},"class_list":["post-6654","page","type-page","status-publish","hentry"],"acf":[],"yoast_head":"<!-- This site is optimized with the Yoast SEO plugin v27.6 - https:\/\/yoast.com\/product\/yoast-seo-wordpress\/ -->\n<title>Enseigne en bronze et laiton naturel et plaque enseigne | Plaques Prestige<\/title>\n<meta name=\"description\" content=\"Regardez notre s\u00e9lection pour une enseigne en bronze et laiton naturel. Plaque enseigne qui a de la classe pour de nombreuses applications professionnelles.\" \/>\n<meta name=\"robots\" content=\"index, follow, max-snippet:-1, max-image-preview:large, max-video-preview:-1\" \/>\n<link rel=\"canonical\" href=\"https:\/\/www.prestigevisualmetal.com\/europe\/realisations\/plaque-en-bronze-laiton-inox-alu\/plaques-professionnelles-et-enseignes\/enseigne-en-bronze-coule-naturel\/\" \/>\n<meta property=\"og:locale\" content=\"fr_FR\" \/>\n<meta property=\"og:type\" content=\"article\" \/>\n<meta property=\"og:title\" content=\"Enseigne en bronze et laiton naturel et plaque enseigne | Plaques Prestige\" \/>\n<meta property=\"og:description\" content=\"Regardez notre s\u00e9lection pour une enseigne en bronze et laiton naturel. Plaque enseigne qui a de la classe pour de nombreuses applications professionnelles.\" \/>\n<meta property=\"og:url\" content=\"https:\/\/www.prestigevisualmetal.com\/europe\/realisations\/plaque-en-bronze-laiton-inox-alu\/plaques-professionnelles-et-enseignes\/enseigne-en-bronze-coule-naturel\/\" \/>\n<meta property=\"og:site_name\" content=\"Prestige Visual M\u00e9tal\" \/>\n<meta property=\"article:modified_time\" content=\"2019-03-07T00:37:25+00:00\" \/>\n<meta property=\"og:image\" content=\"https:\/\/www.prestigevisualmetal.com\/wp-content\/uploads\/2019\/03\/Enseigne-et-signalisation-en-bronze-coul\u00e9-France.jpg\" \/>\n<meta name=\"twitter:label1\" content=\"Dur\u00e9e de lecture est.\" \/>\n\t<meta name=\"twitter:data1\" content=\"1 minute\" \/>\n<script type=\"application\/ld+json\" class=\"yoast-schema-graph\">{\"@context\":\"https:\\\/\\\/schema.org\",\"@graph\":[{\"@type\":\"WebPage\",\"@id\":\"https:\\\/\\\/www.prestigevisualmetal.com\\\/europe\\\/realisations\\\/plaque-en-bronze-laiton-inox-alu\\\/plaques-professionnelles-et-enseignes\\\/enseigne-en-bronze-coule-naturel\\\/\",\"url\":\"https:\\\/\\\/www.prestigevisualmetal.com\\\/europe\\\/realisations\\\/plaque-en-bronze-laiton-inox-alu\\\/plaques-professionnelles-et-enseignes\\\/enseigne-en-bronze-coule-naturel\\\/\",\"name\":\"Enseigne en bronze et laiton naturel et plaque enseigne | Plaques Prestige\",\"isPartOf\":{\"@id\":\"https:\\\/\\\/www.prestigevisualmetal.com\\\/europe\\\/#website\"},\"primaryImageOfPage\":{\"@id\":\"https:\\\/\\\/www.prestigevisualmetal.com\\\/europe\\\/realisations\\\/plaque-en-bronze-laiton-inox-alu\\\/plaques-professionnelles-et-enseignes\\\/enseigne-en-bronze-coule-naturel\\\/#primaryimage\"},\"image\":{\"@id\":\"https:\\\/\\\/www.prestigevisualmetal.com\\\/europe\\\/realisations\\\/plaque-en-bronze-laiton-inox-alu\\\/plaques-professionnelles-et-enseignes\\\/enseigne-en-bronze-coule-naturel\\\/#primaryimage\"},\"thumbnailUrl\":\"http:\\\/\\\/prestigevisualmetal.com\\\/wp-content\\\/uploads\\\/2018\\\/12\\\/Vente-a-l-exterieur.jpg\",\"datePublished\":\"2019-02-27T20:19:02+00:00\",\"dateModified\":\"2019-03-07T00:37:25+00:00\",\"description\":\"Regardez notre s\u00e9lection pour une enseigne en bronze et laiton naturel. Plaque enseigne qui a de la classe pour de nombreuses applications professionnelles.\",\"breadcrumb\":{\"@id\":\"https:\\\/\\\/www.prestigevisualmetal.com\\\/europe\\\/realisations\\\/plaque-en-bronze-laiton-inox-alu\\\/plaques-professionnelles-et-enseignes\\\/enseigne-en-bronze-coule-naturel\\\/#breadcrumb\"},\"inLanguage\":\"fr-BE\",\"potentialAction\":[{\"@type\":\"ReadAction\",\"target\":[\"https:\\\/\\\/www.prestigevisualmetal.com\\\/europe\\\/realisations\\\/plaque-en-bronze-laiton-inox-alu\\\/plaques-professionnelles-et-enseignes\\\/enseigne-en-bronze-coule-naturel\\\/\"]}]},{\"@type\":\"ImageObject\",\"inLanguage\":\"fr-BE\",\"@id\":\"https:\\\/\\\/www.prestigevisualmetal.com\\\/europe\\\/realisations\\\/plaque-en-bronze-laiton-inox-alu\\\/plaques-professionnelles-et-enseignes\\\/enseigne-en-bronze-coule-naturel\\\/#primaryimage\",\"url\":\"http:\\\/\\\/prestigevisualmetal.com\\\/wp-content\\\/uploads\\\/2018\\\/12\\\/Vente-a-l-exterieur.jpg\",\"contentUrl\":\"http:\\\/\\\/prestigevisualmetal.com\\\/wp-content\\\/uploads\\\/2018\\\/12\\\/Vente-a-l-exterieur.jpg\"},{\"@type\":\"BreadcrumbList\",\"@id\":\"https:\\\/\\\/www.prestigevisualmetal.com\\\/europe\\\/realisations\\\/plaque-en-bronze-laiton-inox-alu\\\/plaques-professionnelles-et-enseignes\\\/enseigne-en-bronze-coule-naturel\\\/#breadcrumb\",\"itemListElement\":[{\"@type\":\"ListItem\",\"position\":1,\"name\":\"Accueil\",\"item\":\"https:\\\/\\\/www.prestigevisualmetal.com\\\/europe\\\/\"},{\"@type\":\"ListItem\",\"position\":2,\"name\":\"R\u00e9alisations\",\"item\":\"https:\\\/\\\/www.prestigevisualmetal.com\\\/europe\\\/realisations\\\/\"},{\"@type\":\"ListItem\",\"position\":3,\"name\":\"Plaque en bronze, laiton, aluminium et inox\",\"item\":\"https:\\\/\\\/www.prestigevisualmetal.com\\\/europe\\\/realisations\\\/plaque-en-bronze-laiton-inox-alu\\\/\"},{\"@type\":\"ListItem\",\"position\":4,\"name\":\"Plaques professionnelles et enseignes\",\"item\":\"https:\\\/\\\/www.prestigevisualmetal.com\\\/europe\\\/realisations\\\/plaque-en-bronze-laiton-inox-alu\\\/plaques-professionnelles-et-enseignes\\\/\"},{\"@type\":\"ListItem\",\"position\":5,\"name\":\"Enseigne en bronze coul\u00e9 naturel\"}]},{\"@type\":\"WebSite\",\"@id\":\"https:\\\/\\\/www.prestigevisualmetal.com\\\/europe\\\/#website\",\"url\":\"https:\\\/\\\/www.prestigevisualmetal.com\\\/europe\\\/\",\"name\":\"Prestige Visual M\u00e9tal\",\"description\":\"\",\"potentialAction\":[{\"@type\":\"SearchAction\",\"target\":{\"@type\":\"EntryPoint\",\"urlTemplate\":\"https:\\\/\\\/www.prestigevisualmetal.com\\\/europe\\\/?s={search_term_string}\"},\"query-input\":{\"@type\":\"PropertyValueSpecification\",\"valueRequired\":true,\"valueName\":\"search_term_string\"}}],\"inLanguage\":\"fr-BE\"}]}<\/script>\n<!-- \/ Yoast SEO plugin. -->","yoast_head_json":{"title":"Enseigne en bronze et laiton naturel et plaque enseigne | Plaques Prestige","description":"Regardez notre s\u00e9lection pour une enseigne en bronze et laiton naturel. Plaque enseigne qui a de la classe pour de nombreuses applications professionnelles.","robots":{"index":"index","follow":"follow","max-snippet":"max-snippet:-1","max-image-preview":"max-image-preview:large","max-video-preview":"max-video-preview:-1"},"canonical":"https:\/\/www.prestigevisualmetal.com\/europe\/realisations\/plaque-en-bronze-laiton-inox-alu\/plaques-professionnelles-et-enseignes\/enseigne-en-bronze-coule-naturel\/","og_locale":"fr_FR","og_type":"article","og_title":"Enseigne en bronze et laiton naturel et plaque enseigne | Plaques Prestige","og_description":"Regardez notre s\u00e9lection pour une enseigne en bronze et laiton naturel. Plaque enseigne qui a de la classe pour de nombreuses applications professionnelles.","og_url":"https:\/\/www.prestigevisualmetal.com\/europe\/realisations\/plaque-en-bronze-laiton-inox-alu\/plaques-professionnelles-et-enseignes\/enseigne-en-bronze-coule-naturel\/","og_site_name":"Prestige Visual M\u00e9tal","article_modified_time":"2019-03-07T00:37:25+00:00","og_image":[{"url":"https:\/\/www.prestigevisualmetal.com\/wp-content\/uploads\/2019\/03\/Enseigne-et-signalisation-en-bronze-coul\u00e9-France.jpg","type":"","width":"","height":""}],"twitter_misc":{"Dur\u00e9e de lecture est.":"1 minute"},"schema":{"@context":"https:\/\/schema.org","@graph":[{"@type":"WebPage","@id":"https:\/\/www.prestigevisualmetal.com\/europe\/realisations\/plaque-en-bronze-laiton-inox-alu\/plaques-professionnelles-et-enseignes\/enseigne-en-bronze-coule-naturel\/","url":"https:\/\/www.prestigevisualmetal.com\/europe\/realisations\/plaque-en-bronze-laiton-inox-alu\/plaques-professionnelles-et-enseignes\/enseigne-en-bronze-coule-naturel\/","name":"Enseigne en bronze et laiton naturel et plaque enseigne | Plaques Prestige","isPartOf":{"@id":"https:\/\/www.prestigevisualmetal.com\/europe\/#website"},"primaryImageOfPage":{"@id":"https:\/\/www.prestigevisualmetal.com\/europe\/realisations\/plaque-en-bronze-laiton-inox-alu\/plaques-professionnelles-et-enseignes\/enseigne-en-bronze-coule-naturel\/#primaryimage"},"image":{"@id":"https:\/\/www.prestigevisualmetal.com\/europe\/realisations\/plaque-en-bronze-laiton-inox-alu\/plaques-professionnelles-et-enseignes\/enseigne-en-bronze-coule-naturel\/#primaryimage"},"thumbnailUrl":"http:\/\/prestigevisualmetal.com\/wp-content\/uploads\/2018\/12\/Vente-a-l-exterieur.jpg","datePublished":"2019-02-27T20:19:02+00:00","dateModified":"2019-03-07T00:37:25+00:00","description":"Regardez notre s\u00e9lection pour une enseigne en bronze et laiton naturel. Plaque enseigne qui a de la classe pour de nombreuses applications professionnelles.","breadcrumb":{"@id":"https:\/\/www.prestigevisualmetal.com\/europe\/realisations\/plaque-en-bronze-laiton-inox-alu\/plaques-professionnelles-et-enseignes\/enseigne-en-bronze-coule-naturel\/#breadcrumb"},"inLanguage":"fr-BE","potentialAction":[{"@type":"ReadAction","target":["https:\/\/www.prestigevisualmetal.com\/europe\/realisations\/plaque-en-bronze-laiton-inox-alu\/plaques-professionnelles-et-enseignes\/enseigne-en-bronze-coule-naturel\/"]}]},{"@type":"ImageObject","inLanguage":"fr-BE","@id":"https:\/\/www.prestigevisualmetal.com\/europe\/realisations\/plaque-en-bronze-laiton-inox-alu\/plaques-professionnelles-et-enseignes\/enseigne-en-bronze-coule-naturel\/#primaryimage","url":"http:\/\/prestigevisualmetal.com\/wp-content\/uploads\/2018\/12\/Vente-a-l-exterieur.jpg","contentUrl":"http:\/\/prestigevisualmetal.com\/wp-content\/uploads\/2018\/12\/Vente-a-l-exterieur.jpg"},{"@type":"BreadcrumbList","@id":"https:\/\/www.prestigevisualmetal.com\/europe\/realisations\/plaque-en-bronze-laiton-inox-alu\/plaques-professionnelles-et-enseignes\/enseigne-en-bronze-coule-naturel\/#breadcrumb","itemListElement":[{"@type":"ListItem","position":1,"name":"Accueil","item":"https:\/\/www.prestigevisualmetal.com\/europe\/"},{"@type":"ListItem","position":2,"name":"R\u00e9alisations","item":"https:\/\/www.prestigevisualmetal.com\/europe\/realisations\/"},{"@type":"ListItem","position":3,"name":"Plaque en bronze, laiton, aluminium et inox","item":"https:\/\/www.prestigevisualmetal.com\/europe\/realisations\/plaque-en-bronze-laiton-inox-alu\/"},{"@type":"ListItem","position":4,"name":"Plaques professionnelles et enseignes","item":"https:\/\/www.prestigevisualmetal.com\/europe\/realisations\/plaque-en-bronze-laiton-inox-alu\/plaques-professionnelles-et-enseignes\/"},{"@type":"ListItem","position":5,"name":"Enseigne en bronze coul\u00e9 naturel"}]},{"@type":"WebSite","@id":"https:\/\/www.prestigevisualmetal.com\/europe\/#website","url":"https:\/\/www.prestigevisualmetal.com\/europe\/","name":"Prestige Visual M\u00e9tal","description":"","potentialAction":[{"@type":"SearchAction","target":{"@type":"EntryPoint","urlTemplate":"https:\/\/www.prestigevisualmetal.com\/europe\/?s={search_term_string}"},"query-input":{"@type":"PropertyValueSpecification","valueRequired":true,"valueName":"search_term_string"}}],"inLanguage":"fr-BE"}]}},"_links":{"self":[{"href":"https:\/\/www.prestigevisualmetal.com\/europe\/wp-json\/wp\/v2\/pages\/6654","targetHints":{"allow":["GET"]}}],"collection":[{"href":"https:\/\/www.prestigevisualmetal.com\/europe\/wp-json\/wp\/v2\/pages"}],"about":[{"href":"https:\/\/www.prestigevisualmetal.com\/europe\/wp-json\/wp\/v2\/types\/page"}],"author":[{"embeddable":true,"href":"https:\/\/www.prestigevisualmetal.com\/europe\/wp-json\/wp\/v2\/users\/2"}],"replies":[{"embeddable":true,"href":"https:\/\/www.prestigevisualmetal.com\/europe\/wp-json\/wp\/v2\/comments?post=6654"}],"version-history":[{"count":5,"href":"https:\/\/www.prestigevisualmetal.com\/europe\/wp-json\/wp\/v2\/pages\/6654\/revisions"}],"predecessor-version":[{"id":7118,"href":"https:\/\/www.prestigevisualmetal.com\/europe\/wp-json\/wp\/v2\/pages\/6654\/revisions\/7118"}],"up":[{"embeddable":true,"href":"https:\/\/www.prestigevisualmetal.com\/europe\/wp-json\/wp\/v2\/pages\/6624"}],"wp:attachment":[{"href":"https:\/\/www.prestigevisualmetal.com\/europe\/wp-json\/wp\/v2\/media?parent=6654"}],"curies":[{"name":"wp","href":"https:\/\/api.w.org\/{rel}","templated":true}]}}