{"id":6663,"date":"2019-02-08T13:18:19","date_gmt":"2019-02-08T18:18:19","guid":{"rendered":"https:\/\/www.prestigevisualmetal.com\/realisations\/lettres-logos-en-metal\/lettres-architecturales\/lettres-en-aluminium-coule\/"},"modified":"2023-10-25T14:16:42","modified_gmt":"2023-10-25T18:16:42","slug":"lettres-en-aluminium-coule","status":"publish","type":"page","link":"https:\/\/www.prestigevisualmetal.com\/europe\/realisations\/lettres-logos-en-metal\/lettres-architecturales\/lettres-en-aluminium-coule\/","title":{"rendered":"Lettres en aluminium coul\u00e9"},"content":{"rendered":"<style>#kt-layout-id_5056b9-9c > .kt-row-column-wrap{align-content:start;}:where(#kt-layout-id_5056b9-9c > .kt-row-column-wrap) > .wp-block-kadence-column{justify-content:start;}#kt-layout-id_5056b9-9c > .kt-row-column-wrap{column-gap:var(--global-kb-gap-md, 2rem);row-gap:var(--global-kb-gap-md, 2rem);padding-top:var( --global-kb-row-default-top, 25px );padding-bottom:var( --global-kb-row-default-bottom, 25px );padding-top:0px;padding-bottom:0px;grid-template-columns:minmax(0, 1fr);}#kt-layout-id_5056b9-9c > .kt-row-layout-overlay{opacity:0.30;}@media all and (max-width: 1024px){#kt-layout-id_5056b9-9c > .kt-row-column-wrap{grid-template-columns:minmax(0, 1fr);}}@media all and (max-width: 767px){#kt-layout-id_5056b9-9c > .kt-row-column-wrap{grid-template-columns:minmax(0, 1fr);}}<\/style>\n<style>.kadence-column_175284-ca > .kt-inside-inner-col{border-top-width:0px;border-right-width:0px;border-bottom-width:0px;border-left-width:0px;}.kadence-column_175284-ca > .kt-inside-inner-col,.kadence-column_175284-ca > .kt-inside-inner-col:before{border-top-left-radius:0px;border-top-right-radius:0px;border-bottom-right-radius:0px;border-bottom-left-radius:0px;}.kadence-column_175284-ca > .kt-inside-inner-col{column-gap:var(--global-kb-gap-sm, 1rem);}.kadence-column_175284-ca > .kt-inside-inner-col{flex-direction:column;}.kadence-column_175284-ca > .kt-inside-inner-col > .aligncenter{width:100%;}.kadence-column_175284-ca > .kt-inside-inner-col:before{opacity:0.3;}.kadence-column_175284-ca{position:relative;}@media all and (max-width: 1024px){.kadence-column_175284-ca > .kt-inside-inner-col{flex-direction:column;justify-content:center;}}@media all and (max-width: 767px){.kadence-column_175284-ca > .kt-inside-inner-col{flex-direction:column;justify-content:center;}}<\/style>\n<div class=\"wp-block-kadence-column kadence-column_175284-ca inner-column-1\"><div class=\"kt-inside-inner-col\">\n<p>Les <strong>lettres et chiffres en aluminium coul\u00e9<\/strong> sont parfaits lorsque la profondeur est requise. Utilisant des technologies de pointe, les lettres et les logos en aluminium coul\u00e9 sont anodis\u00e9s ou avec une finition de peinture cuite. Nous pouvons \u00e9galement fournir des couleurs, des logos et des polices personnalis\u00e9s. Les lettres, chiffres et logos en aluminium sont faciles \u00e0 installer avec des goujons et un gabarit de pose, vous indiquant avec pr\u00e9cision le per\u00e7age les trous.<\/p>\n\n\n\n<ul class=\"wp-block-list\">\n<li><strong>En aluminium coul\u00e9 de forme plane, prismatique et courbe. <\/strong><\/li>\n\n\n\n<li><strong>M\u00e9tal anodis\u00e9, thermolaqu\u00e9, bross\u00e9.<\/strong><\/li>\n\n\n\n<li><strong>60 styles de polices standard de 2&#8243; \u00e0 24&#8243; H x 1\/2&#8243; \u00e0 3&#8243; \u00c9p.<\/strong><\/li>\n\n\n\n<li><strong>Moulage et coulage personnalis\u00e9 en m\u00e9tal de logos, lettres, symboles, chiffres etc.<\/strong><\/li>\n\n\n\n<li><strong>Fixations avec goujons et gabarits de pose inclus.<\/strong><\/li>\n\n\n\n<li><strong>Service expert et attentif \u00e0 vos besoins.<\/strong><\/li>\n\n\n\n<li><strong>Demandez votre devis personnalis\u00e9&nbsp;selon&nbsp;vos&nbsp;informations!<\/strong><\/li>\n\n\n\n<li><strong>Commercial, institutionnel et particulier.<\/strong><\/li>\n<\/ul>\n<\/div><\/div>\n\n\n\n\n<h2 class=\"wp-block-heading has-text-align-left style-2\" id=\"lettres-en-aluminium-coule\">Lettres en aluminium coul\u00e9<\/h2>\n\n\n<div class=\"wp-block-image\">\n<figure class=\"alignleft\"><a href=\"https:\/\/www.prestigevisualmetal.com\/wp-content\/uploads\/2019\/02\/Lettres-aluminium-architecturales-1.jpg\" data-src=\"https:\/\/www.prestigevisualmetal.com\/wp-content\/uploads\/2019\/02\/Lettres-aluminium-architecturales-1.jpg\" data-thumb=\"https:\/\/www.prestigevisualmetal.com\/wp-content\/uploads\/2019\/02\/Lettres-aluminium-architecturales-1.jpg\" class=\"ml-lightbox-enabled\"><img loading=\"lazy\" decoding=\"async\" width=\"710\" height=\"2328\" src=\"https:\/\/www.prestigevisualmetal.com\/wp-content\/uploads\/2019\/02\/Lettres-aluminium-architecturales-1.jpg\" alt=\"Lettres Aluminium Architecturales 1\" class=\"wp-image-4034\" srcset=\"https:\/\/www.prestigevisualmetal.com\/wp-content\/uploads\/2019\/02\/Lettres-aluminium-architecturales-1.jpg 710w, https:\/\/www.prestigevisualmetal.com\/wp-content\/uploads\/2019\/02\/Lettres-aluminium-architecturales-1-312x1024.jpg 312w\" sizes=\"auto, (max-width: 710px) 100vw, 710px\" \/><\/a><\/figure>\n<\/div>\n\n\n<h3 class=\"wp-block-heading\" id=\"chiffres-en-aluminium-coule\">Chiffres en aluminium coul\u00e9<\/h3>\n\n\n<div class=\"wp-block-image\">\n<figure class=\"alignleft\"><a href=\"https:\/\/www.prestigevisualmetal.com\/wp-content\/uploads\/2019\/02\/Chiffre-adresse-aluminium-architecturale.jpg\" data-src=\"https:\/\/www.prestigevisualmetal.com\/wp-content\/uploads\/2019\/02\/Chiffre-adresse-aluminium-architecturale.jpg\" data-thumb=\"https:\/\/www.prestigevisualmetal.com\/wp-content\/uploads\/2019\/02\/Chiffre-adresse-aluminium-architecturale.jpg\" class=\"ml-lightbox-enabled\"><img loading=\"lazy\" decoding=\"async\" width=\"709\" height=\"1672\" src=\"https:\/\/www.prestigevisualmetal.com\/wp-content\/uploads\/2019\/02\/Chiffre-adresse-aluminium-architecturale.jpg\" alt=\"Chiffre Adresse Aluminium Architecturale\" class=\"wp-image-4036\" srcset=\"https:\/\/www.prestigevisualmetal.com\/wp-content\/uploads\/2019\/02\/Chiffre-adresse-aluminium-architecturale.jpg 709w, https:\/\/www.prestigevisualmetal.com\/wp-content\/uploads\/2019\/02\/Chiffre-adresse-aluminium-architecturale-127x300.jpg 127w, https:\/\/www.prestigevisualmetal.com\/wp-content\/uploads\/2019\/02\/Chiffre-adresse-aluminium-architecturale-434x1024.jpg 434w\" sizes=\"auto, (max-width: 709px) 100vw, 709px\" \/><\/a><\/figure>\n<\/div>\n\n\n<h2 class=\"wp-block-heading w-80\" id=\"services\">SERVICES<\/h2>\n\n\n<style>.kb-row-layout-id3353_3f6f89-c8 > .kt-row-column-wrap{align-content:start;}:where(.kb-row-layout-id3353_3f6f89-c8 > .kt-row-column-wrap) > .wp-block-kadence-column{justify-content:start;}.kb-row-layout-id3353_3f6f89-c8 > .kt-row-column-wrap{column-gap:var(--global-kb-gap-md, 2rem);row-gap:var(--global-kb-gap-md, 2rem);padding-top:var(--global-kb-spacing-sm, 1.5rem);padding-bottom:var(--global-kb-spacing-sm, 1.5rem);}.kb-row-layout-id3353_3f6f89-c8 > .kt-row-column-wrap > div:not(.added-for-specificity){grid-column:initial;}.kb-row-layout-id3353_3f6f89-c8 > .kt-row-column-wrap{grid-template-columns:repeat(3, minmax(0, 1fr));}.kb-row-layout-id3353_3f6f89-c8 > .kt-row-layout-overlay{opacity:0.30;}@media all and (max-width: 1024px){.kb-row-layout-id3353_3f6f89-c8 > .kt-row-column-wrap > div:not(.added-for-specificity){grid-column:initial;}}@media all and (max-width: 1024px){.kb-row-layout-id3353_3f6f89-c8 > .kt-row-column-wrap{grid-template-columns:repeat(3, minmax(0, 1fr));}}@media all and (max-width: 767px){.kb-row-layout-id3353_3f6f89-c8 > .kt-row-column-wrap > div:not(.added-for-specificity){grid-column:initial;}.kb-row-layout-id3353_3f6f89-c8 > .kt-row-column-wrap{grid-template-columns:minmax(0, 1fr);}}<\/style><div class=\"kb-row-layout-wrap kb-row-layout-id3353_3f6f89-c8 alignnone w-80 wp-block-kadence-rowlayout\"><div class=\"kt-row-column-wrap kt-has-3-columns kt-row-layout-equal kt-tab-layout-inherit kt-mobile-layout-row kt-row-valign-top\">\n<style>.kadence-column3353_ac0cb7-70 > .kt-inside-inner-col,.kadence-column3353_ac0cb7-70 > .kt-inside-inner-col:before{border-top-left-radius:0px;border-top-right-radius:0px;border-bottom-right-radius:0px;border-bottom-left-radius:0px;}.kadence-column3353_ac0cb7-70 > .kt-inside-inner-col{column-gap:var(--global-kb-gap-sm, 1rem);}.kadence-column3353_ac0cb7-70 > .kt-inside-inner-col{flex-direction:column;}.kadence-column3353_ac0cb7-70 > .kt-inside-inner-col > .aligncenter{width:100%;}.kadence-column3353_ac0cb7-70 > .kt-inside-inner-col:before{opacity:0.3;}.kadence-column3353_ac0cb7-70{position:relative;}@media all and (max-width: 1024px){.kadence-column3353_ac0cb7-70 > .kt-inside-inner-col{flex-direction:column;justify-content:center;}}@media all and (max-width: 767px){.kadence-column3353_ac0cb7-70 > .kt-inside-inner-col{flex-direction:column;justify-content:center;}}<\/style>\n<div class=\"wp-block-kadence-column kadence-column3353_ac0cb7-70 inner-column-1\"><div class=\"kt-inside-inner-col\">\n<figure class=\"wp-block-image\"><a href=\"http:\/\/prestigevisualmetal.com\/realisations\/services\/vente-a-l-exterieur\/\"><img loading=\"lazy\" decoding=\"async\" width=\"868\" height=\"235\" src=\"http:\/\/prestigevisualmetal.com\/wp-content\/uploads\/2018\/12\/Vente-a-l-exterieur.jpg\" alt=\"Vente \u00e0 l\u2019ext\u00e9rieur\" class=\"wp-image-1686\" srcset=\"https:\/\/www.prestigevisualmetal.com\/wp-content\/uploads\/2018\/12\/Vente-a-l-exterieur.jpg 868w, https:\/\/www.prestigevisualmetal.com\/wp-content\/uploads\/2018\/12\/Vente-a-l-exterieur-300x81.jpg 300w, https:\/\/www.prestigevisualmetal.com\/wp-content\/uploads\/2018\/12\/Vente-a-l-exterieur-768x208.jpg 768w\" sizes=\"auto, (max-width: 868px) 100vw, 868px\" \/><\/a><figcaption class=\"wp-element-caption\">Vente \u00e0 l\u2019ext\u00e9rieur<\/figcaption><\/figure>\n<\/div><\/div>\n\n\n<style>.kadence-column3353_6dad58-a3 > .kt-inside-inner-col,.kadence-column3353_6dad58-a3 > .kt-inside-inner-col:before{border-top-left-radius:0px;border-top-right-radius:0px;border-bottom-right-radius:0px;border-bottom-left-radius:0px;}.kadence-column3353_6dad58-a3 > .kt-inside-inner-col{column-gap:var(--global-kb-gap-sm, 1rem);}.kadence-column3353_6dad58-a3 > .kt-inside-inner-col{flex-direction:column;}.kadence-column3353_6dad58-a3 > .kt-inside-inner-col > .aligncenter{width:100%;}.kadence-column3353_6dad58-a3 > .kt-inside-inner-col:before{opacity:0.3;}.kadence-column3353_6dad58-a3{position:relative;}@media all and (max-width: 1024px){.kadence-column3353_6dad58-a3 > .kt-inside-inner-col{flex-direction:column;justify-content:center;}}@media all and (max-width: 767px){.kadence-column3353_6dad58-a3 > .kt-inside-inner-col{flex-direction:column;justify-content:center;}}<\/style>\n<div class=\"wp-block-kadence-column kadence-column3353_6dad58-a3 inner-column-2\"><div class=\"kt-inside-inner-col\">\n<figure class=\"wp-block-image\"><a href=\"http:\/\/prestigevisualmetal.com\/realisations\/services\/conception-graphique\/\"><img loading=\"lazy\" decoding=\"async\" width=\"869\" height=\"235\" src=\"http:\/\/prestigevisualmetal.com\/wp-content\/uploads\/2019\/01\/conception-graphique-design.jpg\" alt=\"Conception Graphique Design\" class=\"wp-image-2947\" srcset=\"https:\/\/www.prestigevisualmetal.com\/wp-content\/uploads\/2019\/01\/conception-graphique-design.jpg 869w, https:\/\/www.prestigevisualmetal.com\/wp-content\/uploads\/2019\/01\/conception-graphique-design-300x81.jpg 300w, https:\/\/www.prestigevisualmetal.com\/wp-content\/uploads\/2019\/01\/conception-graphique-design-768x208.jpg 768w\" sizes=\"auto, (max-width: 869px) 100vw, 869px\" \/><\/a><figcaption class=\"wp-element-caption\">Conception graphique<\/figcaption><\/figure>\n<\/div><\/div>\n\n\n<style>.kadence-column3353_f817d5-60 > .kt-inside-inner-col,.kadence-column3353_f817d5-60 > .kt-inside-inner-col:before{border-top-left-radius:0px;border-top-right-radius:0px;border-bottom-right-radius:0px;border-bottom-left-radius:0px;}.kadence-column3353_f817d5-60 > .kt-inside-inner-col{column-gap:var(--global-kb-gap-sm, 1rem);}.kadence-column3353_f817d5-60 > .kt-inside-inner-col{flex-direction:column;}.kadence-column3353_f817d5-60 > .kt-inside-inner-col > .aligncenter{width:100%;}.kadence-column3353_f817d5-60 > .kt-inside-inner-col:before{opacity:0.3;}.kadence-column3353_f817d5-60{position:relative;}@media all and (max-width: 1024px){.kadence-column3353_f817d5-60 > .kt-inside-inner-col{flex-direction:column;justify-content:center;}}@media all and (max-width: 767px){.kadence-column3353_f817d5-60 > .kt-inside-inner-col{flex-direction:column;justify-content:center;}}<\/style>\n<div class=\"wp-block-kadence-column kadence-column3353_f817d5-60 inner-column-3\"><div class=\"kt-inside-inner-col\">\n<figure class=\"wp-block-image\"><a href=\"http:\/\/prestigevisualmetal.com\/contactez-nous\/\"><img loading=\"lazy\" decoding=\"async\" width=\"868\" height=\"235\" src=\"http:\/\/prestigevisualmetal.com\/wp-content\/uploads\/2018\/12\/Contactez-nous.jpg\" alt=\"Contactez-nous\" class=\"wp-image-1684\" srcset=\"https:\/\/www.prestigevisualmetal.com\/wp-content\/uploads\/2018\/12\/Contactez-nous.jpg 868w, https:\/\/www.prestigevisualmetal.com\/wp-content\/uploads\/2018\/12\/Contactez-nous-300x81.jpg 300w, https:\/\/www.prestigevisualmetal.com\/wp-content\/uploads\/2018\/12\/Contactez-nous-768x208.jpg 768w\" sizes=\"auto, (max-width: 868px) 100vw, 868px\" \/><\/a><figcaption class=\"wp-element-caption\">Contactez-nous<\/figcaption><\/figure>\n<\/div><\/div>\n\n<\/div><\/div>","protected":false},"excerpt":{"rendered":"<p>Les lettres et chiffres en aluminium coul\u00e9 sont parfaits lorsque la profondeur est requise. Utilisant des technologies de pointe, les lettres et les logos en aluminium coul\u00e9 sont anodis\u00e9s ou avec une finition de peinture cuite. Nous pouvons \u00e9galement fournir des couleurs, des logos et des polices personnalis\u00e9s. Les lettres, chiffres et logos en aluminium&#8230;  <a href=\"https:\/\/www.prestigevisualmetal.com\/europe\/realisations\/lettres-logos-en-metal\/lettres-architecturales\/lettres-en-aluminium-coule\/\" title=\"Read Lettres en aluminium coul\u00e9\">Read more &raquo;<\/a><\/p>\n","protected":false},"author":101013,"featured_media":0,"parent":6660,"menu_order":2,"comment_status":"open","ping_status":"closed","template":"","meta":{"_acf_changed":false,"ghostkit_customizer_options":"","ghostkit_custom_css":"","ghostkit_custom_js_head":"","ghostkit_custom_js_foot":"","ghostkit_typography":"","footnotes":""},"class_list":["post-6663","page","type-page","status-publish","hentry"],"acf":[],"yoast_head":"<!-- This site is optimized with the Yoast SEO plugin v27.5 - https:\/\/yoast.com\/product\/yoast-seo-wordpress\/ -->\n<title>Lettres en aluminium coul\u00e9 architecturale | Prestige Visual Metal<\/title>\n<meta name=\"description\" content=\"Lettres en aluminium coul\u00e9 architectural. En aluminium coul\u00e9, elles offrent une plus grande profondeur que les lettres en m\u00e9tal d\u00e9coup\u00e9.\ufeff \u00c0 voir.\" \/>\n<meta name=\"robots\" content=\"index, follow, max-snippet:-1, max-image-preview:large, max-video-preview:-1\" \/>\n<link rel=\"canonical\" href=\"https:\/\/www.prestigevisualmetal.com\/europe\/realisations\/lettres-logos-en-metal\/lettres-architecturales\/lettres-en-aluminium-coule\/\" \/>\n<meta property=\"og:locale\" content=\"fr_FR\" \/>\n<meta property=\"og:type\" content=\"article\" \/>\n<meta property=\"og:title\" content=\"Lettres en aluminium coul\u00e9 architecturale | Prestige Visual Metal\" \/>\n<meta property=\"og:description\" content=\"Lettres en aluminium coul\u00e9 architectural. En aluminium coul\u00e9, elles offrent une plus grande profondeur que les lettres en m\u00e9tal d\u00e9coup\u00e9.\ufeff \u00c0 voir.\" \/>\n<meta property=\"og:url\" content=\"https:\/\/www.prestigevisualmetal.com\/europe\/realisations\/lettres-logos-en-metal\/lettres-architecturales\/lettres-en-aluminium-coule\/\" \/>\n<meta property=\"og:site_name\" content=\"Prestige Visual M\u00e9tal\" \/>\n<meta property=\"article:modified_time\" content=\"2023-10-25T18:16:42+00:00\" \/>\n<meta property=\"og:image\" content=\"https:\/\/www.prestigevisualmetal.com\/wp-content\/uploads\/2019\/02\/Lettres-aluminium-architecturales-1.jpg\" \/>\n<meta name=\"twitter:label1\" content=\"Dur\u00e9e de lecture est.\" \/>\n\t<meta name=\"twitter:data1\" content=\"1 minute\" \/>\n<script type=\"application\/ld+json\" class=\"yoast-schema-graph\">{\"@context\":\"https:\\\/\\\/schema.org\",\"@graph\":[{\"@type\":\"WebPage\",\"@id\":\"https:\\\/\\\/www.prestigevisualmetal.com\\\/europe\\\/realisations\\\/lettres-logos-en-metal\\\/lettres-architecturales\\\/lettres-en-aluminium-coule\\\/\",\"url\":\"https:\\\/\\\/www.prestigevisualmetal.com\\\/europe\\\/realisations\\\/lettres-logos-en-metal\\\/lettres-architecturales\\\/lettres-en-aluminium-coule\\\/\",\"name\":\"Lettres en aluminium coul\u00e9 architecturale | Prestige Visual Metal\",\"isPartOf\":{\"@id\":\"https:\\\/\\\/www.prestigevisualmetal.com\\\/europe\\\/#website\"},\"primaryImageOfPage\":{\"@id\":\"https:\\\/\\\/www.prestigevisualmetal.com\\\/europe\\\/realisations\\\/lettres-logos-en-metal\\\/lettres-architecturales\\\/lettres-en-aluminium-coule\\\/#primaryimage\"},\"image\":{\"@id\":\"https:\\\/\\\/www.prestigevisualmetal.com\\\/europe\\\/realisations\\\/lettres-logos-en-metal\\\/lettres-architecturales\\\/lettres-en-aluminium-coule\\\/#primaryimage\"},\"thumbnailUrl\":\"https:\\\/\\\/www.prestigevisualmetal.com\\\/wp-content\\\/uploads\\\/2019\\\/02\\\/Lettres-aluminium-architecturales-1.jpg\",\"datePublished\":\"2019-02-08T18:18:19+00:00\",\"dateModified\":\"2023-10-25T18:16:42+00:00\",\"description\":\"Lettres en aluminium coul\u00e9 architectural. En aluminium coul\u00e9, elles offrent une plus grande profondeur que les lettres en m\u00e9tal d\u00e9coup\u00e9.\ufeff \u00c0 voir.\",\"breadcrumb\":{\"@id\":\"https:\\\/\\\/www.prestigevisualmetal.com\\\/europe\\\/realisations\\\/lettres-logos-en-metal\\\/lettres-architecturales\\\/lettres-en-aluminium-coule\\\/#breadcrumb\"},\"inLanguage\":\"fr-BE\",\"potentialAction\":[{\"@type\":\"ReadAction\",\"target\":[\"https:\\\/\\\/www.prestigevisualmetal.com\\\/europe\\\/realisations\\\/lettres-logos-en-metal\\\/lettres-architecturales\\\/lettres-en-aluminium-coule\\\/\"]}]},{\"@type\":\"ImageObject\",\"inLanguage\":\"fr-BE\",\"@id\":\"https:\\\/\\\/www.prestigevisualmetal.com\\\/europe\\\/realisations\\\/lettres-logos-en-metal\\\/lettres-architecturales\\\/lettres-en-aluminium-coule\\\/#primaryimage\",\"url\":\"https:\\\/\\\/www.prestigevisualmetal.com\\\/wp-content\\\/uploads\\\/2019\\\/02\\\/Lettres-aluminium-architecturales-1.jpg\",\"contentUrl\":\"https:\\\/\\\/www.prestigevisualmetal.com\\\/wp-content\\\/uploads\\\/2019\\\/02\\\/Lettres-aluminium-architecturales-1.jpg\"},{\"@type\":\"BreadcrumbList\",\"@id\":\"https:\\\/\\\/www.prestigevisualmetal.com\\\/europe\\\/realisations\\\/lettres-logos-en-metal\\\/lettres-architecturales\\\/lettres-en-aluminium-coule\\\/#breadcrumb\",\"itemListElement\":[{\"@type\":\"ListItem\",\"position\":1,\"name\":\"Accueil\",\"item\":\"https:\\\/\\\/www.prestigevisualmetal.com\\\/europe\\\/\"},{\"@type\":\"ListItem\",\"position\":2,\"name\":\"R\u00e9alisations\",\"item\":\"https:\\\/\\\/www.prestigevisualmetal.com\\\/europe\\\/realisations\\\/\"},{\"@type\":\"ListItem\",\"position\":3,\"name\":\"Lettres et logos en m\u00e9tal\",\"item\":\"https:\\\/\\\/www.prestigevisualmetal.com\\\/europe\\\/realisations\\\/lettres-logos-en-metal\\\/\"},{\"@type\":\"ListItem\",\"position\":4,\"name\":\"Lettres architecturales\",\"item\":\"https:\\\/\\\/www.prestigevisualmetal.com\\\/europe\\\/realisations\\\/lettres-logos-en-metal\\\/lettres-architecturales\\\/\"},{\"@type\":\"ListItem\",\"position\":5,\"name\":\"Lettres en aluminium coul\u00e9\"}]},{\"@type\":\"WebSite\",\"@id\":\"https:\\\/\\\/www.prestigevisualmetal.com\\\/europe\\\/#website\",\"url\":\"https:\\\/\\\/www.prestigevisualmetal.com\\\/europe\\\/\",\"name\":\"Prestige Visual M\u00e9tal\",\"description\":\"\",\"potentialAction\":[{\"@type\":\"SearchAction\",\"target\":{\"@type\":\"EntryPoint\",\"urlTemplate\":\"https:\\\/\\\/www.prestigevisualmetal.com\\\/europe\\\/?s={search_term_string}\"},\"query-input\":{\"@type\":\"PropertyValueSpecification\",\"valueRequired\":true,\"valueName\":\"search_term_string\"}}],\"inLanguage\":\"fr-BE\"}]}<\/script>\n<!-- \/ Yoast SEO plugin. -->","yoast_head_json":{"title":"Lettres en aluminium coul\u00e9 architecturale | Prestige Visual Metal","description":"Lettres en aluminium coul\u00e9 architectural. En aluminium coul\u00e9, elles offrent une plus grande profondeur que les lettres en m\u00e9tal d\u00e9coup\u00e9.\ufeff \u00c0 voir.","robots":{"index":"index","follow":"follow","max-snippet":"max-snippet:-1","max-image-preview":"max-image-preview:large","max-video-preview":"max-video-preview:-1"},"canonical":"https:\/\/www.prestigevisualmetal.com\/europe\/realisations\/lettres-logos-en-metal\/lettres-architecturales\/lettres-en-aluminium-coule\/","og_locale":"fr_FR","og_type":"article","og_title":"Lettres en aluminium coul\u00e9 architecturale | Prestige Visual Metal","og_description":"Lettres en aluminium coul\u00e9 architectural. En aluminium coul\u00e9, elles offrent une plus grande profondeur que les lettres en m\u00e9tal d\u00e9coup\u00e9.\ufeff \u00c0 voir.","og_url":"https:\/\/www.prestigevisualmetal.com\/europe\/realisations\/lettres-logos-en-metal\/lettres-architecturales\/lettres-en-aluminium-coule\/","og_site_name":"Prestige Visual M\u00e9tal","article_modified_time":"2023-10-25T18:16:42+00:00","og_image":[{"url":"https:\/\/www.prestigevisualmetal.com\/wp-content\/uploads\/2019\/02\/Lettres-aluminium-architecturales-1.jpg","type":"","width":"","height":""}],"twitter_misc":{"Dur\u00e9e de lecture est.":"1 minute"},"schema":{"@context":"https:\/\/schema.org","@graph":[{"@type":"WebPage","@id":"https:\/\/www.prestigevisualmetal.com\/europe\/realisations\/lettres-logos-en-metal\/lettres-architecturales\/lettres-en-aluminium-coule\/","url":"https:\/\/www.prestigevisualmetal.com\/europe\/realisations\/lettres-logos-en-metal\/lettres-architecturales\/lettres-en-aluminium-coule\/","name":"Lettres en aluminium coul\u00e9 architecturale | Prestige Visual Metal","isPartOf":{"@id":"https:\/\/www.prestigevisualmetal.com\/europe\/#website"},"primaryImageOfPage":{"@id":"https:\/\/www.prestigevisualmetal.com\/europe\/realisations\/lettres-logos-en-metal\/lettres-architecturales\/lettres-en-aluminium-coule\/#primaryimage"},"image":{"@id":"https:\/\/www.prestigevisualmetal.com\/europe\/realisations\/lettres-logos-en-metal\/lettres-architecturales\/lettres-en-aluminium-coule\/#primaryimage"},"thumbnailUrl":"https:\/\/www.prestigevisualmetal.com\/wp-content\/uploads\/2019\/02\/Lettres-aluminium-architecturales-1.jpg","datePublished":"2019-02-08T18:18:19+00:00","dateModified":"2023-10-25T18:16:42+00:00","description":"Lettres en aluminium coul\u00e9 architectural. En aluminium coul\u00e9, elles offrent une plus grande profondeur que les lettres en m\u00e9tal d\u00e9coup\u00e9.\ufeff \u00c0 voir.","breadcrumb":{"@id":"https:\/\/www.prestigevisualmetal.com\/europe\/realisations\/lettres-logos-en-metal\/lettres-architecturales\/lettres-en-aluminium-coule\/#breadcrumb"},"inLanguage":"fr-BE","potentialAction":[{"@type":"ReadAction","target":["https:\/\/www.prestigevisualmetal.com\/europe\/realisations\/lettres-logos-en-metal\/lettres-architecturales\/lettres-en-aluminium-coule\/"]}]},{"@type":"ImageObject","inLanguage":"fr-BE","@id":"https:\/\/www.prestigevisualmetal.com\/europe\/realisations\/lettres-logos-en-metal\/lettres-architecturales\/lettres-en-aluminium-coule\/#primaryimage","url":"https:\/\/www.prestigevisualmetal.com\/wp-content\/uploads\/2019\/02\/Lettres-aluminium-architecturales-1.jpg","contentUrl":"https:\/\/www.prestigevisualmetal.com\/wp-content\/uploads\/2019\/02\/Lettres-aluminium-architecturales-1.jpg"},{"@type":"BreadcrumbList","@id":"https:\/\/www.prestigevisualmetal.com\/europe\/realisations\/lettres-logos-en-metal\/lettres-architecturales\/lettres-en-aluminium-coule\/#breadcrumb","itemListElement":[{"@type":"ListItem","position":1,"name":"Accueil","item":"https:\/\/www.prestigevisualmetal.com\/europe\/"},{"@type":"ListItem","position":2,"name":"R\u00e9alisations","item":"https:\/\/www.prestigevisualmetal.com\/europe\/realisations\/"},{"@type":"ListItem","position":3,"name":"Lettres et logos en m\u00e9tal","item":"https:\/\/www.prestigevisualmetal.com\/europe\/realisations\/lettres-logos-en-metal\/"},{"@type":"ListItem","position":4,"name":"Lettres architecturales","item":"https:\/\/www.prestigevisualmetal.com\/europe\/realisations\/lettres-logos-en-metal\/lettres-architecturales\/"},{"@type":"ListItem","position":5,"name":"Lettres en aluminium coul\u00e9"}]},{"@type":"WebSite","@id":"https:\/\/www.prestigevisualmetal.com\/europe\/#website","url":"https:\/\/www.prestigevisualmetal.com\/europe\/","name":"Prestige Visual M\u00e9tal","description":"","potentialAction":[{"@type":"SearchAction","target":{"@type":"EntryPoint","urlTemplate":"https:\/\/www.prestigevisualmetal.com\/europe\/?s={search_term_string}"},"query-input":{"@type":"PropertyValueSpecification","valueRequired":true,"valueName":"search_term_string"}}],"inLanguage":"fr-BE"}]}},"_links":{"self":[{"href":"https:\/\/www.prestigevisualmetal.com\/europe\/wp-json\/wp\/v2\/pages\/6663","targetHints":{"allow":["GET"]}}],"collection":[{"href":"https:\/\/www.prestigevisualmetal.com\/europe\/wp-json\/wp\/v2\/pages"}],"about":[{"href":"https:\/\/www.prestigevisualmetal.com\/europe\/wp-json\/wp\/v2\/types\/page"}],"author":[{"embeddable":true,"href":"https:\/\/www.prestigevisualmetal.com\/europe\/wp-json\/wp\/v2\/users\/101013"}],"replies":[{"embeddable":true,"href":"https:\/\/www.prestigevisualmetal.com\/europe\/wp-json\/wp\/v2\/comments?post=6663"}],"version-history":[{"count":6,"href":"https:\/\/www.prestigevisualmetal.com\/europe\/wp-json\/wp\/v2\/pages\/6663\/revisions"}],"predecessor-version":[{"id":8038,"href":"https:\/\/www.prestigevisualmetal.com\/europe\/wp-json\/wp\/v2\/pages\/6663\/revisions\/8038"}],"up":[{"embeddable":true,"href":"https:\/\/www.prestigevisualmetal.com\/europe\/wp-json\/wp\/v2\/pages\/6660"}],"wp:attachment":[{"href":"https:\/\/www.prestigevisualmetal.com\/europe\/wp-json\/wp\/v2\/media?parent=6663"}],"curies":[{"name":"wp","href":"https:\/\/api.w.org\/{rel}","templated":true}]}}