{"id":6713,"date":"2019-02-26T07:49:38","date_gmt":"2019-02-26T12:49:38","guid":{"rendered":"https:\/\/www.prestigevisualmetal.com\/realisations\/lettres-logos-en-metal\/lettres-decoupees-en-metal\/lettres-en-aluminium-brosse\/"},"modified":"2023-10-25T14:32:22","modified_gmt":"2023-10-25T18:32:22","slug":"lettres-en-aluminium-brosse","status":"publish","type":"page","link":"https:\/\/www.prestigevisualmetal.com\/europe\/realisations\/lettres-logos-en-metal\/lettres-decoupees-en-metal\/lettres-en-aluminium-brosse\/","title":{"rendered":"Lettres en aluminium bross\u00e9"},"content":{"rendered":"<style>#kt-layout-id_63961b-5f > .kt-row-column-wrap{align-content:start;}:where(#kt-layout-id_63961b-5f > .kt-row-column-wrap) > .wp-block-kadence-column{justify-content:start;}#kt-layout-id_63961b-5f > .kt-row-column-wrap{column-gap:var(--global-kb-gap-md, 2rem);row-gap:var(--global-kb-gap-md, 2rem);padding-top:var( --global-kb-row-default-top, 25px );padding-bottom:var( --global-kb-row-default-bottom, 25px );padding-top:0px;padding-bottom:0px;grid-template-columns:minmax(0, 1fr);}#kt-layout-id_63961b-5f > .kt-row-layout-overlay{opacity:0.30;}@media all and (max-width: 1024px){#kt-layout-id_63961b-5f > .kt-row-column-wrap{grid-template-columns:minmax(0, 1fr);}}@media all and (max-width: 767px){#kt-layout-id_63961b-5f > .kt-row-column-wrap{grid-template-columns:minmax(0, 1fr);}}<\/style>\n<style>.kadence-column_8eaebe-18 > .kt-inside-inner-col{border-top-width:0px;border-right-width:0px;border-bottom-width:0px;border-left-width:0px;}.kadence-column_8eaebe-18 > .kt-inside-inner-col,.kadence-column_8eaebe-18 > .kt-inside-inner-col:before{border-top-left-radius:0px;border-top-right-radius:0px;border-bottom-right-radius:0px;border-bottom-left-radius:0px;}.kadence-column_8eaebe-18 > .kt-inside-inner-col{column-gap:var(--global-kb-gap-sm, 1rem);}.kadence-column_8eaebe-18 > .kt-inside-inner-col{flex-direction:column;}.kadence-column_8eaebe-18 > .kt-inside-inner-col > .aligncenter{width:100%;}.kadence-column_8eaebe-18 > .kt-inside-inner-col:before{opacity:0.3;}.kadence-column_8eaebe-18{position:relative;}@media all and (max-width: 1024px){.kadence-column_8eaebe-18 > .kt-inside-inner-col{flex-direction:column;justify-content:center;}}@media all and (max-width: 767px){.kadence-column_8eaebe-18 > .kt-inside-inner-col{flex-direction:column;justify-content:center;}}<\/style>\n<div class=\"wp-block-kadence-column kadence-column_8eaebe-18 inner-column-1\"><div class=\"kt-inside-inner-col\">\n<p>Les <strong>lettres en aluminium bross\u00e9<\/strong> incluant les logos et la signalisation sont excellents pour une utilisation \u00e0 l&#8217;ext\u00e9rieur comme \u00e0 l&#8217;int\u00e9rieur pour garder un aspect durable, car nos lettres sont anodis\u00e9es selon la norme H32 garantissant une tr\u00e8s longue dur\u00e9e dans le temps. Nous utilisons le d\u00e9coupage par jet d&#8217;eau pour d\u00e9couper avec une pr\u00e9cision et une douceur sans \u00e9gale, les lettres et logos en aluminium. Les goujons avec les espaceurs ou coll\u00e9 sont inclus avec le gabarit de pose pour une installation facile.<\/p>\n\n\n\n<p> <\/p>\n\n\n\n<ul class=\"wp-block-list\">\n<li><strong>Lettres, chiffres et logos en aluminium bross\u00e9.<\/strong><\/li>\n\n\n\n<li><strong>Grade: aluminium 5052&nbsp;premi\u00e8re&nbsp;qualit\u00e9.<\/strong><\/li>\n\n\n\n<li><strong>Couleur de l&#8217;anodisation: argent, noir, gold, champagne, bronze l\u00e9ger, moyen et fonc\u00e9.<\/strong><\/li>\n\n\n\n<li><strong>\u00c9paisseurs: <\/strong> <strong>1\/8&#8243;,<\/strong> <strong>1\/4&#8243;,&nbsp;3\/8&#8243;,&nbsp;1\/2&#8243;,&nbsp;3\/4&#8243;,&nbsp;1&#8243;<\/strong> <\/li>\n\n\n\n<li><strong>D\u00e9coupage par jet d\u2019eau pour une finition parfaite des rebords.<\/strong><\/li>\n\n\n\n<li><strong>Pratiquement aucune limite de styles de polices et logos.<\/strong><\/li>\n\n\n\n<li><strong>Avec goujons ou rubans 2 faces et gabarits de pose inclus.<\/strong><\/li>\n\n\n\n<li><strong>Demandez votre devis personnalis\u00e9 selon vos informations!<\/strong><\/li>\n\n\n\n<li><strong>Commercial, institutionnel et particulier.<\/strong><\/li>\n<\/ul>\n<\/div><\/div>\n\n\n\n\n<h2 class=\"wp-block-heading has-text-align-left style-2\" id=\"lettres-en-aluminium-brosse-et-anodise\">Lettres en aluminium bross\u00e9 et anodis\u00e9<\/h2>\n\n\n<div class=\"wp-block-image\">\n<figure class=\"alignleft\"><a href=\"https:\/\/www.prestigevisualmetal.com\/wp-content\/uploads\/2019\/02\/Lettre-aluminium-d\u00e9coup\u00e9e-Prestige.jpg\" data-src=\"https:\/\/www.prestigevisualmetal.com\/wp-content\/uploads\/2019\/02\/Lettre-aluminium-d\u00e9coup\u00e9e-Prestige.jpg\" data-thumb=\"https:\/\/www.prestigevisualmetal.com\/wp-content\/uploads\/2019\/02\/Lettre-aluminium-d\u00e9coup\u00e9e-Prestige.jpg\" class=\"ml-lightbox-enabled\"><img loading=\"lazy\" decoding=\"async\" width=\"710\" height=\"1675\" src=\"https:\/\/www.prestigevisualmetal.com\/wp-content\/uploads\/2019\/02\/Lettre-aluminium-d\u00e9coup\u00e9e-Prestige.jpg\" alt=\"Lettre D\u00e9coup\u00e9e aluminium\" class=\"wp-image-4542\" srcset=\"https:\/\/www.prestigevisualmetal.com\/wp-content\/uploads\/2019\/02\/Lettre-aluminium-d\u00e9coup\u00e9e-Prestige.jpg 710w, https:\/\/www.prestigevisualmetal.com\/wp-content\/uploads\/2019\/02\/Lettre-aluminium-d\u00e9coup\u00e9e-Prestige-127x300.jpg 127w, https:\/\/www.prestigevisualmetal.com\/wp-content\/uploads\/2019\/02\/Lettre-aluminium-d\u00e9coup\u00e9e-Prestige-434x1024.jpg 434w\" sizes=\"auto, (max-width: 710px) 100vw, 710px\" \/><\/a><\/figure>\n<\/div>\n\n\n<h2 class=\"wp-block-heading has-text-align-left style-2\" id=\"lettres-aluminium-argent-gold-bronze-et-noir\">Lettres aluminium argent, gold, bronze et noir<\/h2>\n\n\n\n<figure class=\"wp-block-image\"><a href=\"https:\/\/www.prestigevisualmetal.com\/wp-content\/uploads\/2019\/02\/Lettre-aluminium-Prestige.jpg\" data-src=\"https:\/\/www.prestigevisualmetal.com\/wp-content\/uploads\/2019\/02\/Lettre-aluminium-Prestige.jpg\" data-thumb=\"https:\/\/www.prestigevisualmetal.com\/wp-content\/uploads\/2019\/02\/Lettre-aluminium-Prestige.jpg\" class=\"ml-lightbox-enabled\"><img loading=\"lazy\" decoding=\"async\" width=\"710\" height=\"210\" src=\"https:\/\/www.prestigevisualmetal.com\/wp-content\/uploads\/2019\/02\/Lettre-aluminium-Prestige.jpg\" alt=\"Lettre Aluminium Prestige\" class=\"wp-image-4544\" srcset=\"https:\/\/www.prestigevisualmetal.com\/wp-content\/uploads\/2019\/02\/Lettre-aluminium-Prestige.jpg 710w, https:\/\/www.prestigevisualmetal.com\/wp-content\/uploads\/2019\/02\/Lettre-aluminium-Prestige-300x89.jpg 300w\" sizes=\"auto, (max-width: 710px) 100vw, 710px\" \/><\/a><\/figure>\n\n\n\n<h2 class=\"wp-block-heading has-text-align-left style-2\" id=\"options-metal-anodisation\">Options m\u00e9tal anodisation<\/h2>\n\n\n<div class=\"wp-block-image\">\n<figure class=\"alignleft\"><a href=\"https:\/\/www.prestigevisualmetal.com\/wp-content\/uploads\/2019\/02\/Lettres-m\u00e9tal-options-Prestige-1.jpg\" data-src=\"https:\/\/www.prestigevisualmetal.com\/wp-content\/uploads\/2019\/02\/Lettres-m\u00e9tal-options-Prestige-1.jpg\" data-thumb=\"https:\/\/www.prestigevisualmetal.com\/wp-content\/uploads\/2019\/02\/Lettres-m\u00e9tal-options-Prestige-1.jpg\" class=\"ml-lightbox-enabled\"><img loading=\"lazy\" decoding=\"async\" width=\"710\" height=\"538\" src=\"https:\/\/www.prestigevisualmetal.com\/wp-content\/uploads\/2019\/02\/Lettres-m\u00e9tal-options-Prestige-1.jpg\" alt=\"Lettres M\u00e9tal Options Prestige\" class=\"wp-image-4546\" srcset=\"https:\/\/www.prestigevisualmetal.com\/wp-content\/uploads\/2019\/02\/Lettres-m\u00e9tal-options-Prestige-1.jpg 710w, https:\/\/www.prestigevisualmetal.com\/wp-content\/uploads\/2019\/02\/Lettres-m\u00e9tal-options-Prestige-1-300x227.jpg 300w\" sizes=\"auto, (max-width: 710px) 100vw, 710px\" \/><\/a><\/figure>\n<\/div>\n\n\n<h2 class=\"wp-block-heading w-80\" id=\"services\">SERVICES<\/h2>\n\n\n<style>.kb-row-layout-id4536_d3ed4f-e6 > .kt-row-column-wrap{align-content:start;}:where(.kb-row-layout-id4536_d3ed4f-e6 > .kt-row-column-wrap) > .wp-block-kadence-column{justify-content:start;}.kb-row-layout-id4536_d3ed4f-e6 > .kt-row-column-wrap{column-gap:var(--global-kb-gap-md, 2rem);row-gap:var(--global-kb-gap-md, 2rem);padding-top:var(--global-kb-spacing-sm, 1.5rem);padding-bottom:var(--global-kb-spacing-sm, 1.5rem);}.kb-row-layout-id4536_d3ed4f-e6 > .kt-row-column-wrap > div:not(.added-for-specificity){grid-column:initial;}.kb-row-layout-id4536_d3ed4f-e6 > .kt-row-column-wrap{grid-template-columns:repeat(3, minmax(0, 1fr));}.kb-row-layout-id4536_d3ed4f-e6 > .kt-row-layout-overlay{opacity:0.30;}@media all and (max-width: 1024px){.kb-row-layout-id4536_d3ed4f-e6 > .kt-row-column-wrap > div:not(.added-for-specificity){grid-column:initial;}}@media all and (max-width: 1024px){.kb-row-layout-id4536_d3ed4f-e6 > .kt-row-column-wrap{grid-template-columns:repeat(3, minmax(0, 1fr));}}@media all and (max-width: 767px){.kb-row-layout-id4536_d3ed4f-e6 > .kt-row-column-wrap > div:not(.added-for-specificity){grid-column:initial;}.kb-row-layout-id4536_d3ed4f-e6 > .kt-row-column-wrap{grid-template-columns:minmax(0, 1fr);}}<\/style><div class=\"kb-row-layout-wrap kb-row-layout-id4536_d3ed4f-e6 alignnone w-80 wp-block-kadence-rowlayout\"><div class=\"kt-row-column-wrap kt-has-3-columns kt-row-layout-equal kt-tab-layout-inherit kt-mobile-layout-row kt-row-valign-top\">\n<style>.kadence-column4536_520825-6d > .kt-inside-inner-col,.kadence-column4536_520825-6d > .kt-inside-inner-col:before{border-top-left-radius:0px;border-top-right-radius:0px;border-bottom-right-radius:0px;border-bottom-left-radius:0px;}.kadence-column4536_520825-6d > .kt-inside-inner-col{column-gap:var(--global-kb-gap-sm, 1rem);}.kadence-column4536_520825-6d > .kt-inside-inner-col{flex-direction:column;}.kadence-column4536_520825-6d > .kt-inside-inner-col > .aligncenter{width:100%;}.kadence-column4536_520825-6d > .kt-inside-inner-col:before{opacity:0.3;}.kadence-column4536_520825-6d{position:relative;}@media all and (max-width: 1024px){.kadence-column4536_520825-6d > .kt-inside-inner-col{flex-direction:column;justify-content:center;}}@media all and (max-width: 767px){.kadence-column4536_520825-6d > .kt-inside-inner-col{flex-direction:column;justify-content:center;}}<\/style>\n<div class=\"wp-block-kadence-column kadence-column4536_520825-6d inner-column-1\"><div class=\"kt-inside-inner-col\">\n<figure class=\"wp-block-image\"><a href=\"http:\/\/prestigevisualmetal.com\/realisations\/services\/vente-a-l-exterieur\/\"><img loading=\"lazy\" decoding=\"async\" width=\"868\" height=\"235\" src=\"http:\/\/prestigevisualmetal.com\/wp-content\/uploads\/2018\/12\/Vente-a-l-exterieur.jpg\" alt=\"Vente \u00e0 l\u2019ext\u00e9rieur\" class=\"wp-image-1686\" srcset=\"https:\/\/www.prestigevisualmetal.com\/wp-content\/uploads\/2018\/12\/Vente-a-l-exterieur.jpg 868w, https:\/\/www.prestigevisualmetal.com\/wp-content\/uploads\/2018\/12\/Vente-a-l-exterieur-300x81.jpg 300w, https:\/\/www.prestigevisualmetal.com\/wp-content\/uploads\/2018\/12\/Vente-a-l-exterieur-768x208.jpg 768w\" sizes=\"auto, (max-width: 868px) 100vw, 868px\" \/><\/a><figcaption class=\"wp-element-caption\">Vente \u00e0 l\u2019ext\u00e9rieur<\/figcaption><\/figure>\n<\/div><\/div>\n\n\n<style>.kadence-column4536_5606d0-a8 > .kt-inside-inner-col,.kadence-column4536_5606d0-a8 > .kt-inside-inner-col:before{border-top-left-radius:0px;border-top-right-radius:0px;border-bottom-right-radius:0px;border-bottom-left-radius:0px;}.kadence-column4536_5606d0-a8 > .kt-inside-inner-col{column-gap:var(--global-kb-gap-sm, 1rem);}.kadence-column4536_5606d0-a8 > .kt-inside-inner-col{flex-direction:column;}.kadence-column4536_5606d0-a8 > .kt-inside-inner-col > .aligncenter{width:100%;}.kadence-column4536_5606d0-a8 > .kt-inside-inner-col:before{opacity:0.3;}.kadence-column4536_5606d0-a8{position:relative;}@media all and (max-width: 1024px){.kadence-column4536_5606d0-a8 > .kt-inside-inner-col{flex-direction:column;justify-content:center;}}@media all and (max-width: 767px){.kadence-column4536_5606d0-a8 > .kt-inside-inner-col{flex-direction:column;justify-content:center;}}<\/style>\n<div class=\"wp-block-kadence-column kadence-column4536_5606d0-a8 inner-column-2\"><div class=\"kt-inside-inner-col\">\n<figure class=\"wp-block-image\"><a href=\"http:\/\/prestigevisualmetal.com\/realisations\/services\/conception-graphique\/\"><img loading=\"lazy\" decoding=\"async\" width=\"869\" height=\"235\" src=\"http:\/\/prestigevisualmetal.com\/wp-content\/uploads\/2019\/01\/conception-graphique-design.jpg\" alt=\"Conception Graphique Design\" class=\"wp-image-2947\" srcset=\"https:\/\/www.prestigevisualmetal.com\/wp-content\/uploads\/2019\/01\/conception-graphique-design.jpg 869w, https:\/\/www.prestigevisualmetal.com\/wp-content\/uploads\/2019\/01\/conception-graphique-design-300x81.jpg 300w, https:\/\/www.prestigevisualmetal.com\/wp-content\/uploads\/2019\/01\/conception-graphique-design-768x208.jpg 768w\" sizes=\"auto, (max-width: 869px) 100vw, 869px\" \/><\/a><figcaption class=\"wp-element-caption\">Conception graphique<\/figcaption><\/figure>\n<\/div><\/div>\n\n\n<style>.kadence-column4536_e8a9a1-c4 > .kt-inside-inner-col,.kadence-column4536_e8a9a1-c4 > .kt-inside-inner-col:before{border-top-left-radius:0px;border-top-right-radius:0px;border-bottom-right-radius:0px;border-bottom-left-radius:0px;}.kadence-column4536_e8a9a1-c4 > .kt-inside-inner-col{column-gap:var(--global-kb-gap-sm, 1rem);}.kadence-column4536_e8a9a1-c4 > .kt-inside-inner-col{flex-direction:column;}.kadence-column4536_e8a9a1-c4 > .kt-inside-inner-col > .aligncenter{width:100%;}.kadence-column4536_e8a9a1-c4 > .kt-inside-inner-col:before{opacity:0.3;}.kadence-column4536_e8a9a1-c4{position:relative;}@media all and (max-width: 1024px){.kadence-column4536_e8a9a1-c4 > .kt-inside-inner-col{flex-direction:column;justify-content:center;}}@media all and (max-width: 767px){.kadence-column4536_e8a9a1-c4 > .kt-inside-inner-col{flex-direction:column;justify-content:center;}}<\/style>\n<div class=\"wp-block-kadence-column kadence-column4536_e8a9a1-c4 inner-column-3\"><div class=\"kt-inside-inner-col\">\n<figure class=\"wp-block-image\"><a href=\"http:\/\/prestigevisualmetal.com\/contactez-nous\/\"><img loading=\"lazy\" decoding=\"async\" width=\"868\" height=\"235\" src=\"http:\/\/prestigevisualmetal.com\/wp-content\/uploads\/2018\/12\/Contactez-nous.jpg\" alt=\"Contactez-nous\" class=\"wp-image-1684\" srcset=\"https:\/\/www.prestigevisualmetal.com\/wp-content\/uploads\/2018\/12\/Contactez-nous.jpg 868w, https:\/\/www.prestigevisualmetal.com\/wp-content\/uploads\/2018\/12\/Contactez-nous-300x81.jpg 300w, https:\/\/www.prestigevisualmetal.com\/wp-content\/uploads\/2018\/12\/Contactez-nous-768x208.jpg 768w\" sizes=\"auto, (max-width: 868px) 100vw, 868px\" \/><\/a><figcaption class=\"wp-element-caption\">Contactez-nous<\/figcaption><\/figure>\n<\/div><\/div>\n\n<\/div><\/div>","protected":false},"excerpt":{"rendered":"<p>Les lettres en aluminium bross\u00e9 incluant les logos et la signalisation sont excellents pour une utilisation \u00e0 l&#8217;ext\u00e9rieur comme \u00e0 l&#8217;int\u00e9rieur pour garder un aspect durable, car nos lettres sont anodis\u00e9es selon la norme H32 garantissant une tr\u00e8s longue dur\u00e9e dans le temps. Nous utilisons le d\u00e9coupage par jet d&#8217;eau pour d\u00e9couper avec une pr\u00e9cision&#8230;  <a href=\"https:\/\/www.prestigevisualmetal.com\/europe\/realisations\/lettres-logos-en-metal\/lettres-decoupees-en-metal\/lettres-en-aluminium-brosse\/\" title=\"Read Lettres en aluminium bross\u00e9\">Read more &raquo;<\/a><\/p>\n","protected":false},"author":2,"featured_media":0,"parent":6609,"menu_order":7,"comment_status":"open","ping_status":"closed","template":"","meta":{"_acf_changed":false,"ghostkit_customizer_options":"","ghostkit_custom_css":"","ghostkit_custom_js_head":"","ghostkit_custom_js_foot":"","ghostkit_typography":"","footnotes":""},"class_list":["post-6713","page","type-page","status-publish","hentry"],"acf":[],"yoast_head":"<!-- This site is optimized with the Yoast SEO plugin v27.5 - https:\/\/yoast.com\/product\/yoast-seo-wordpress\/ -->\n<title>Lettres en aluminium bross\u00e9 | Prestige Visual Metal<\/title>\n<meta name=\"description\" content=\"Sp\u00e9cialiste des lettres en aluminium bross\u00e9 d\u00e9coup\u00e9 et personnalis\u00e9. Consultez notre vaste choix de finitions.Goujons, espaceurs et gabarit de pose inclus.\" \/>\n<meta name=\"robots\" content=\"index, follow, max-snippet:-1, max-image-preview:large, max-video-preview:-1\" \/>\n<link rel=\"canonical\" href=\"https:\/\/www.prestigevisualmetal.com\/europe\/realisations\/lettres-logos-en-metal\/lettres-decoupees-en-metal\/lettres-en-aluminium-brosse\/\" \/>\n<meta property=\"og:locale\" content=\"fr_FR\" \/>\n<meta property=\"og:type\" content=\"article\" \/>\n<meta property=\"og:title\" content=\"Lettres en aluminium bross\u00e9 | Prestige Visual Metal\" \/>\n<meta property=\"og:description\" content=\"Sp\u00e9cialiste des lettres en aluminium bross\u00e9 d\u00e9coup\u00e9 et personnalis\u00e9. Consultez notre vaste choix de finitions.Goujons, espaceurs et gabarit de pose inclus.\" \/>\n<meta property=\"og:url\" content=\"https:\/\/www.prestigevisualmetal.com\/europe\/realisations\/lettres-logos-en-metal\/lettres-decoupees-en-metal\/lettres-en-aluminium-brosse\/\" \/>\n<meta property=\"og:site_name\" content=\"Prestige Visual M\u00e9tal\" \/>\n<meta property=\"article:modified_time\" content=\"2023-10-25T18:32:22+00:00\" \/>\n<meta property=\"og:image\" content=\"https:\/\/www.prestigevisualmetal.com\/wp-content\/uploads\/2019\/02\/Lettre-aluminium-Prestige.jpg\" \/>\n<meta name=\"twitter:label1\" content=\"Dur\u00e9e de lecture est.\" \/>\n\t<meta name=\"twitter:data1\" content=\"1 minute\" \/>\n<script type=\"application\/ld+json\" class=\"yoast-schema-graph\">{\"@context\":\"https:\\\/\\\/schema.org\",\"@graph\":[{\"@type\":\"WebPage\",\"@id\":\"https:\\\/\\\/www.prestigevisualmetal.com\\\/europe\\\/realisations\\\/lettres-logos-en-metal\\\/lettres-decoupees-en-metal\\\/lettres-en-aluminium-brosse\\\/\",\"url\":\"https:\\\/\\\/www.prestigevisualmetal.com\\\/europe\\\/realisations\\\/lettres-logos-en-metal\\\/lettres-decoupees-en-metal\\\/lettres-en-aluminium-brosse\\\/\",\"name\":\"Lettres en aluminium bross\u00e9 | Prestige Visual Metal\",\"isPartOf\":{\"@id\":\"https:\\\/\\\/www.prestigevisualmetal.com\\\/europe\\\/#website\"},\"primaryImageOfPage\":{\"@id\":\"https:\\\/\\\/www.prestigevisualmetal.com\\\/europe\\\/realisations\\\/lettres-logos-en-metal\\\/lettres-decoupees-en-metal\\\/lettres-en-aluminium-brosse\\\/#primaryimage\"},\"image\":{\"@id\":\"https:\\\/\\\/www.prestigevisualmetal.com\\\/europe\\\/realisations\\\/lettres-logos-en-metal\\\/lettres-decoupees-en-metal\\\/lettres-en-aluminium-brosse\\\/#primaryimage\"},\"thumbnailUrl\":\"https:\\\/\\\/www.prestigevisualmetal.com\\\/wp-content\\\/uploads\\\/2019\\\/02\\\/Lettre-aluminium-Prestige.jpg\",\"datePublished\":\"2019-02-26T12:49:38+00:00\",\"dateModified\":\"2023-10-25T18:32:22+00:00\",\"description\":\"Sp\u00e9cialiste des lettres en aluminium bross\u00e9 d\u00e9coup\u00e9 et personnalis\u00e9. Consultez notre vaste choix de finitions.Goujons, espaceurs et gabarit de pose inclus.\",\"breadcrumb\":{\"@id\":\"https:\\\/\\\/www.prestigevisualmetal.com\\\/europe\\\/realisations\\\/lettres-logos-en-metal\\\/lettres-decoupees-en-metal\\\/lettres-en-aluminium-brosse\\\/#breadcrumb\"},\"inLanguage\":\"fr-BE\",\"potentialAction\":[{\"@type\":\"ReadAction\",\"target\":[\"https:\\\/\\\/www.prestigevisualmetal.com\\\/europe\\\/realisations\\\/lettres-logos-en-metal\\\/lettres-decoupees-en-metal\\\/lettres-en-aluminium-brosse\\\/\"]}]},{\"@type\":\"ImageObject\",\"inLanguage\":\"fr-BE\",\"@id\":\"https:\\\/\\\/www.prestigevisualmetal.com\\\/europe\\\/realisations\\\/lettres-logos-en-metal\\\/lettres-decoupees-en-metal\\\/lettres-en-aluminium-brosse\\\/#primaryimage\",\"url\":\"https:\\\/\\\/www.prestigevisualmetal.com\\\/wp-content\\\/uploads\\\/2019\\\/02\\\/Lettre-aluminium-Prestige.jpg\",\"contentUrl\":\"https:\\\/\\\/www.prestigevisualmetal.com\\\/wp-content\\\/uploads\\\/2019\\\/02\\\/Lettre-aluminium-Prestige.jpg\"},{\"@type\":\"BreadcrumbList\",\"@id\":\"https:\\\/\\\/www.prestigevisualmetal.com\\\/europe\\\/realisations\\\/lettres-logos-en-metal\\\/lettres-decoupees-en-metal\\\/lettres-en-aluminium-brosse\\\/#breadcrumb\",\"itemListElement\":[{\"@type\":\"ListItem\",\"position\":1,\"name\":\"Accueil\",\"item\":\"https:\\\/\\\/www.prestigevisualmetal.com\\\/europe\\\/\"},{\"@type\":\"ListItem\",\"position\":2,\"name\":\"R\u00e9alisations\",\"item\":\"https:\\\/\\\/www.prestigevisualmetal.com\\\/europe\\\/realisations\\\/\"},{\"@type\":\"ListItem\",\"position\":3,\"name\":\"Lettres et logos en m\u00e9tal\",\"item\":\"https:\\\/\\\/www.prestigevisualmetal.com\\\/europe\\\/realisations\\\/lettres-logos-en-metal\\\/\"},{\"@type\":\"ListItem\",\"position\":4,\"name\":\"Lettres d\u00e9coup\u00e9es en m\u00e9tal\",\"item\":\"https:\\\/\\\/www.prestigevisualmetal.com\\\/europe\\\/realisations\\\/lettres-logos-en-metal\\\/lettres-decoupees-en-metal\\\/\"},{\"@type\":\"ListItem\",\"position\":5,\"name\":\"Lettres en aluminium bross\u00e9\"}]},{\"@type\":\"WebSite\",\"@id\":\"https:\\\/\\\/www.prestigevisualmetal.com\\\/europe\\\/#website\",\"url\":\"https:\\\/\\\/www.prestigevisualmetal.com\\\/europe\\\/\",\"name\":\"Prestige Visual M\u00e9tal\",\"description\":\"\",\"potentialAction\":[{\"@type\":\"SearchAction\",\"target\":{\"@type\":\"EntryPoint\",\"urlTemplate\":\"https:\\\/\\\/www.prestigevisualmetal.com\\\/europe\\\/?s={search_term_string}\"},\"query-input\":{\"@type\":\"PropertyValueSpecification\",\"valueRequired\":true,\"valueName\":\"search_term_string\"}}],\"inLanguage\":\"fr-BE\"}]}<\/script>\n<!-- \/ Yoast SEO plugin. -->","yoast_head_json":{"title":"Lettres en aluminium bross\u00e9 | Prestige Visual Metal","description":"Sp\u00e9cialiste des lettres en aluminium bross\u00e9 d\u00e9coup\u00e9 et personnalis\u00e9. Consultez notre vaste choix de finitions.Goujons, espaceurs et gabarit de pose inclus.","robots":{"index":"index","follow":"follow","max-snippet":"max-snippet:-1","max-image-preview":"max-image-preview:large","max-video-preview":"max-video-preview:-1"},"canonical":"https:\/\/www.prestigevisualmetal.com\/europe\/realisations\/lettres-logos-en-metal\/lettres-decoupees-en-metal\/lettres-en-aluminium-brosse\/","og_locale":"fr_FR","og_type":"article","og_title":"Lettres en aluminium bross\u00e9 | Prestige Visual Metal","og_description":"Sp\u00e9cialiste des lettres en aluminium bross\u00e9 d\u00e9coup\u00e9 et personnalis\u00e9. Consultez notre vaste choix de finitions.Goujons, espaceurs et gabarit de pose inclus.","og_url":"https:\/\/www.prestigevisualmetal.com\/europe\/realisations\/lettres-logos-en-metal\/lettres-decoupees-en-metal\/lettres-en-aluminium-brosse\/","og_site_name":"Prestige Visual M\u00e9tal","article_modified_time":"2023-10-25T18:32:22+00:00","og_image":[{"url":"https:\/\/www.prestigevisualmetal.com\/wp-content\/uploads\/2019\/02\/Lettre-aluminium-Prestige.jpg","type":"","width":"","height":""}],"twitter_misc":{"Dur\u00e9e de lecture est.":"1 minute"},"schema":{"@context":"https:\/\/schema.org","@graph":[{"@type":"WebPage","@id":"https:\/\/www.prestigevisualmetal.com\/europe\/realisations\/lettres-logos-en-metal\/lettres-decoupees-en-metal\/lettres-en-aluminium-brosse\/","url":"https:\/\/www.prestigevisualmetal.com\/europe\/realisations\/lettres-logos-en-metal\/lettres-decoupees-en-metal\/lettres-en-aluminium-brosse\/","name":"Lettres en aluminium bross\u00e9 | Prestige Visual Metal","isPartOf":{"@id":"https:\/\/www.prestigevisualmetal.com\/europe\/#website"},"primaryImageOfPage":{"@id":"https:\/\/www.prestigevisualmetal.com\/europe\/realisations\/lettres-logos-en-metal\/lettres-decoupees-en-metal\/lettres-en-aluminium-brosse\/#primaryimage"},"image":{"@id":"https:\/\/www.prestigevisualmetal.com\/europe\/realisations\/lettres-logos-en-metal\/lettres-decoupees-en-metal\/lettres-en-aluminium-brosse\/#primaryimage"},"thumbnailUrl":"https:\/\/www.prestigevisualmetal.com\/wp-content\/uploads\/2019\/02\/Lettre-aluminium-Prestige.jpg","datePublished":"2019-02-26T12:49:38+00:00","dateModified":"2023-10-25T18:32:22+00:00","description":"Sp\u00e9cialiste des lettres en aluminium bross\u00e9 d\u00e9coup\u00e9 et personnalis\u00e9. Consultez notre vaste choix de finitions.Goujons, espaceurs et gabarit de pose inclus.","breadcrumb":{"@id":"https:\/\/www.prestigevisualmetal.com\/europe\/realisations\/lettres-logos-en-metal\/lettres-decoupees-en-metal\/lettres-en-aluminium-brosse\/#breadcrumb"},"inLanguage":"fr-BE","potentialAction":[{"@type":"ReadAction","target":["https:\/\/www.prestigevisualmetal.com\/europe\/realisations\/lettres-logos-en-metal\/lettres-decoupees-en-metal\/lettres-en-aluminium-brosse\/"]}]},{"@type":"ImageObject","inLanguage":"fr-BE","@id":"https:\/\/www.prestigevisualmetal.com\/europe\/realisations\/lettres-logos-en-metal\/lettres-decoupees-en-metal\/lettres-en-aluminium-brosse\/#primaryimage","url":"https:\/\/www.prestigevisualmetal.com\/wp-content\/uploads\/2019\/02\/Lettre-aluminium-Prestige.jpg","contentUrl":"https:\/\/www.prestigevisualmetal.com\/wp-content\/uploads\/2019\/02\/Lettre-aluminium-Prestige.jpg"},{"@type":"BreadcrumbList","@id":"https:\/\/www.prestigevisualmetal.com\/europe\/realisations\/lettres-logos-en-metal\/lettres-decoupees-en-metal\/lettres-en-aluminium-brosse\/#breadcrumb","itemListElement":[{"@type":"ListItem","position":1,"name":"Accueil","item":"https:\/\/www.prestigevisualmetal.com\/europe\/"},{"@type":"ListItem","position":2,"name":"R\u00e9alisations","item":"https:\/\/www.prestigevisualmetal.com\/europe\/realisations\/"},{"@type":"ListItem","position":3,"name":"Lettres et logos en m\u00e9tal","item":"https:\/\/www.prestigevisualmetal.com\/europe\/realisations\/lettres-logos-en-metal\/"},{"@type":"ListItem","position":4,"name":"Lettres d\u00e9coup\u00e9es en m\u00e9tal","item":"https:\/\/www.prestigevisualmetal.com\/europe\/realisations\/lettres-logos-en-metal\/lettres-decoupees-en-metal\/"},{"@type":"ListItem","position":5,"name":"Lettres en aluminium bross\u00e9"}]},{"@type":"WebSite","@id":"https:\/\/www.prestigevisualmetal.com\/europe\/#website","url":"https:\/\/www.prestigevisualmetal.com\/europe\/","name":"Prestige Visual M\u00e9tal","description":"","potentialAction":[{"@type":"SearchAction","target":{"@type":"EntryPoint","urlTemplate":"https:\/\/www.prestigevisualmetal.com\/europe\/?s={search_term_string}"},"query-input":{"@type":"PropertyValueSpecification","valueRequired":true,"valueName":"search_term_string"}}],"inLanguage":"fr-BE"}]}},"_links":{"self":[{"href":"https:\/\/www.prestigevisualmetal.com\/europe\/wp-json\/wp\/v2\/pages\/6713","targetHints":{"allow":["GET"]}}],"collection":[{"href":"https:\/\/www.prestigevisualmetal.com\/europe\/wp-json\/wp\/v2\/pages"}],"about":[{"href":"https:\/\/www.prestigevisualmetal.com\/europe\/wp-json\/wp\/v2\/types\/page"}],"author":[{"embeddable":true,"href":"https:\/\/www.prestigevisualmetal.com\/europe\/wp-json\/wp\/v2\/users\/2"}],"replies":[{"embeddable":true,"href":"https:\/\/www.prestigevisualmetal.com\/europe\/wp-json\/wp\/v2\/comments?post=6713"}],"version-history":[{"count":10,"href":"https:\/\/www.prestigevisualmetal.com\/europe\/wp-json\/wp\/v2\/pages\/6713\/revisions"}],"predecessor-version":[{"id":8095,"href":"https:\/\/www.prestigevisualmetal.com\/europe\/wp-json\/wp\/v2\/pages\/6713\/revisions\/8095"}],"up":[{"embeddable":true,"href":"https:\/\/www.prestigevisualmetal.com\/europe\/wp-json\/wp\/v2\/pages\/6609"}],"wp:attachment":[{"href":"https:\/\/www.prestigevisualmetal.com\/europe\/wp-json\/wp\/v2\/media?parent=6713"}],"curies":[{"name":"wp","href":"https:\/\/api.w.org\/{rel}","templated":true}]}}