{"id":6722,"date":"2019-02-26T08:28:33","date_gmt":"2019-02-26T13:28:33","guid":{"rendered":"https:\/\/www.prestigevisualmetal.com\/realisations\/lettres-logos-en-metal\/lettres-decoupees-en-metal\/petites-lettres-en-metal\/"},"modified":"2023-10-25T14:35:46","modified_gmt":"2023-10-25T18:35:46","slug":"petites-lettres-en-metal","status":"publish","type":"page","link":"https:\/\/www.prestigevisualmetal.com\/europe\/realisations\/lettres-logos-en-metal\/lettres-decoupees-en-metal\/petites-lettres-en-metal\/","title":{"rendered":"Petites lettres en m\u00e9tal"},"content":{"rendered":"<style>#kt-layout-id_0486df-7c > .kt-row-column-wrap{align-content:start;}:where(#kt-layout-id_0486df-7c > .kt-row-column-wrap) > .wp-block-kadence-column{justify-content:start;}#kt-layout-id_0486df-7c > .kt-row-column-wrap{column-gap:var(--global-kb-gap-md, 2rem);row-gap:var(--global-kb-gap-md, 2rem);padding-top:var( --global-kb-row-default-top, 25px );padding-bottom:var( --global-kb-row-default-bottom, 25px );padding-top:0px;padding-bottom:0px;grid-template-columns:minmax(0, 1fr);}#kt-layout-id_0486df-7c > .kt-row-layout-overlay{opacity:0.30;}@media all and (max-width: 1024px){#kt-layout-id_0486df-7c > .kt-row-column-wrap{grid-template-columns:minmax(0, 1fr);}}@media all and (max-width: 767px){#kt-layout-id_0486df-7c > .kt-row-column-wrap{grid-template-columns:minmax(0, 1fr);}}<\/style>\n<style>.kadence-column_fe0d91-15 > .kt-inside-inner-col{border-top-width:0px;border-right-width:0px;border-bottom-width:0px;border-left-width:0px;}.kadence-column_fe0d91-15 > .kt-inside-inner-col,.kadence-column_fe0d91-15 > .kt-inside-inner-col:before{border-top-left-radius:0px;border-top-right-radius:0px;border-bottom-right-radius:0px;border-bottom-left-radius:0px;}.kadence-column_fe0d91-15 > .kt-inside-inner-col{column-gap:var(--global-kb-gap-sm, 1rem);}.kadence-column_fe0d91-15 > .kt-inside-inner-col{flex-direction:column;}.kadence-column_fe0d91-15 > .kt-inside-inner-col > .aligncenter{width:100%;}.kadence-column_fe0d91-15 > .kt-inside-inner-col:before{opacity:0.3;}.kadence-column_fe0d91-15{position:relative;}@media all and (max-width: 1024px){.kadence-column_fe0d91-15 > .kt-inside-inner-col{flex-direction:column;justify-content:center;}}@media all and (max-width: 767px){.kadence-column_fe0d91-15 > .kt-inside-inner-col{flex-direction:column;justify-content:center;}}<\/style>\n<div class=\"wp-block-kadence-column kadence-column_fe0d91-15 inner-column-1\"><div class=\"kt-inside-inner-col\">\n<p>Si vous avez besoin de <strong>petites lettres en m\u00e9tal<\/strong> de la plus haute qualit\u00e9 et d\u2019une pr\u00e9cision sans \u00e9gal, nos lettres minuscules sont la solution! Les c\u00f4t\u00e9s sont lisses et parfaits en tout temps gr\u00e2ce \u00e0 un nouveau proc\u00e9d\u00e9 de fabrication. Les lettres se d\u00e9clinent en m\u00e9taux de premi\u00e8re qualit\u00e9 tels que le bronze, le laiton, le cuivre, l&#8217;inox, acier et l\u2019aluminium. Elles peuvent \u00eatre aussi peintes dans un choix de 45 couleurs.<\/p>\n\n\n\n<ul class=\"wp-block-list\">\n<li><strong>Petites lettres, chiffres et logos en m\u00e9tal d\u00e9coup\u00e9.<\/strong><\/li>\n\n\n\n<li><strong>\u00c9paisseurs:<\/strong> <strong>1\/8&#8243;,<\/strong> <strong>1\/4&#8243;,&nbsp;3\/8&#8243;<\/strong> <\/li>\n\n\n\n<li><strong>HAUTEUR MINIMUM: 1\/2&#8243; pour le bronze, laiton, cuivre et aluminium&nbsp;BROSS\u00c9.<\/strong><\/li>\n\n\n\n<li><strong>HAUTEUR MINIMUM: 1&#8243; pour l&#8217;inox bross\u00e9 et l&#8217;acier corten. <\/strong><\/li>\n\n\n\n<li><strong>HAUTEUR MINIMUM: 2&#8243; pour l&#8217;inox, bronze, laiton, cuivre et aluminium POLI MIROIR. <\/strong><\/li>\n\n\n\n<li><strong>D\u00e9coupage premium par jet d\u2019eau pour une finition parfaite des rebords.<\/strong><\/li>\n\n\n\n<li><strong>Pratiquement aucune limite de styles de polices et logos.<\/strong><\/li>\n\n\n\n<li><strong>Avec goujons ou rubans 2 faces (limitation) et gabarits de pose inclus.<\/strong><\/li>\n\n\n\n<li><strong>Demandez votre devis personnalis\u00e9 selon vos informations!<\/strong><\/li>\n\n\n\n<li><strong>Commercial, institutionnel et particulier.<\/strong><\/li>\n<\/ul>\n<\/div><\/div>\n\n\n\n\n<h2 class=\"wp-block-heading has-text-align-left style-2\" id=\"petites-lettres-en-metal\">Petites lettres en m\u00e9tal<\/h2>\n\n\n\n<figure class=\"wp-block-image\"><a href=\"https:\/\/www.prestigevisualmetal.com\/wp-content\/uploads\/2019\/02\/Petite-lettre.jpg\" data-src=\"https:\/\/www.prestigevisualmetal.com\/wp-content\/uploads\/2019\/02\/Petite-lettre.jpg\" data-thumb=\"https:\/\/www.prestigevisualmetal.com\/wp-content\/uploads\/2019\/02\/Petite-lettre.jpg\" class=\"ml-lightbox-enabled\"><img loading=\"lazy\" decoding=\"async\" width=\"710\" height=\"1806\" src=\"https:\/\/www.prestigevisualmetal.com\/wp-content\/uploads\/2019\/02\/Petite-lettre.jpg\" alt=\"Petites Lettres en m\u00e9tal\" class=\"wp-image-4586\" srcset=\"https:\/\/www.prestigevisualmetal.com\/wp-content\/uploads\/2019\/02\/Petite-lettre.jpg 710w, https:\/\/www.prestigevisualmetal.com\/wp-content\/uploads\/2019\/02\/Petite-lettre-118x300.jpg 118w, https:\/\/www.prestigevisualmetal.com\/wp-content\/uploads\/2019\/02\/Petite-lettre-403x1024.jpg 403w\" sizes=\"auto, (max-width: 710px) 100vw, 710px\" \/><\/a><\/figure>\n\n\n\n<h2 class=\"wp-block-heading w-80\" id=\"services\">SERVICES<\/h2>\n\n\n<style>.kb-row-layout-id4582_c64f1a-9d > .kt-row-column-wrap{align-content:start;}:where(.kb-row-layout-id4582_c64f1a-9d > .kt-row-column-wrap) > .wp-block-kadence-column{justify-content:start;}.kb-row-layout-id4582_c64f1a-9d > .kt-row-column-wrap{column-gap:var(--global-kb-gap-md, 2rem);row-gap:var(--global-kb-gap-md, 2rem);padding-top:var(--global-kb-spacing-sm, 1.5rem);padding-bottom:var(--global-kb-spacing-sm, 1.5rem);}.kb-row-layout-id4582_c64f1a-9d > .kt-row-column-wrap > div:not(.added-for-specificity){grid-column:initial;}.kb-row-layout-id4582_c64f1a-9d > .kt-row-column-wrap{grid-template-columns:repeat(3, minmax(0, 1fr));}.kb-row-layout-id4582_c64f1a-9d > .kt-row-layout-overlay{opacity:0.30;}@media all and (max-width: 1024px){.kb-row-layout-id4582_c64f1a-9d > .kt-row-column-wrap > div:not(.added-for-specificity){grid-column:initial;}}@media all and (max-width: 1024px){.kb-row-layout-id4582_c64f1a-9d > .kt-row-column-wrap{grid-template-columns:repeat(3, minmax(0, 1fr));}}@media all and (max-width: 767px){.kb-row-layout-id4582_c64f1a-9d > .kt-row-column-wrap > div:not(.added-for-specificity){grid-column:initial;}.kb-row-layout-id4582_c64f1a-9d > .kt-row-column-wrap{grid-template-columns:minmax(0, 1fr);}}<\/style><div class=\"kb-row-layout-wrap kb-row-layout-id4582_c64f1a-9d alignnone w-80 wp-block-kadence-rowlayout\"><div class=\"kt-row-column-wrap kt-has-3-columns kt-row-layout-equal kt-tab-layout-inherit kt-mobile-layout-row kt-row-valign-top\">\n<style>.kadence-column4582_1b4e80-40 > .kt-inside-inner-col,.kadence-column4582_1b4e80-40 > .kt-inside-inner-col:before{border-top-left-radius:0px;border-top-right-radius:0px;border-bottom-right-radius:0px;border-bottom-left-radius:0px;}.kadence-column4582_1b4e80-40 > .kt-inside-inner-col{column-gap:var(--global-kb-gap-sm, 1rem);}.kadence-column4582_1b4e80-40 > .kt-inside-inner-col{flex-direction:column;}.kadence-column4582_1b4e80-40 > .kt-inside-inner-col > .aligncenter{width:100%;}.kadence-column4582_1b4e80-40 > .kt-inside-inner-col:before{opacity:0.3;}.kadence-column4582_1b4e80-40{position:relative;}@media all and (max-width: 1024px){.kadence-column4582_1b4e80-40 > .kt-inside-inner-col{flex-direction:column;justify-content:center;}}@media all and (max-width: 767px){.kadence-column4582_1b4e80-40 > .kt-inside-inner-col{flex-direction:column;justify-content:center;}}<\/style>\n<div class=\"wp-block-kadence-column kadence-column4582_1b4e80-40 inner-column-1\"><div class=\"kt-inside-inner-col\">\n<figure class=\"wp-block-image\"><a href=\"http:\/\/prestigevisualmetal.com\/realisations\/services\/vente-a-l-exterieur\/\"><img loading=\"lazy\" decoding=\"async\" width=\"868\" height=\"235\" src=\"http:\/\/prestigevisualmetal.com\/wp-content\/uploads\/2018\/12\/Vente-a-l-exterieur.jpg\" alt=\"Vente \u00e0 l\u2019ext\u00e9rieur\" class=\"wp-image-1686\" srcset=\"https:\/\/www.prestigevisualmetal.com\/wp-content\/uploads\/2018\/12\/Vente-a-l-exterieur.jpg 868w, https:\/\/www.prestigevisualmetal.com\/wp-content\/uploads\/2018\/12\/Vente-a-l-exterieur-300x81.jpg 300w, https:\/\/www.prestigevisualmetal.com\/wp-content\/uploads\/2018\/12\/Vente-a-l-exterieur-768x208.jpg 768w\" sizes=\"auto, (max-width: 868px) 100vw, 868px\" \/><\/a><figcaption class=\"wp-element-caption\">Vente \u00e0 l\u2019ext\u00e9rieur<\/figcaption><\/figure>\n<\/div><\/div>\n\n\n<style>.kadence-column4582_7a44ce-70 > .kt-inside-inner-col,.kadence-column4582_7a44ce-70 > .kt-inside-inner-col:before{border-top-left-radius:0px;border-top-right-radius:0px;border-bottom-right-radius:0px;border-bottom-left-radius:0px;}.kadence-column4582_7a44ce-70 > .kt-inside-inner-col{column-gap:var(--global-kb-gap-sm, 1rem);}.kadence-column4582_7a44ce-70 > .kt-inside-inner-col{flex-direction:column;}.kadence-column4582_7a44ce-70 > .kt-inside-inner-col > .aligncenter{width:100%;}.kadence-column4582_7a44ce-70 > .kt-inside-inner-col:before{opacity:0.3;}.kadence-column4582_7a44ce-70{position:relative;}@media all and (max-width: 1024px){.kadence-column4582_7a44ce-70 > .kt-inside-inner-col{flex-direction:column;justify-content:center;}}@media all and (max-width: 767px){.kadence-column4582_7a44ce-70 > .kt-inside-inner-col{flex-direction:column;justify-content:center;}}<\/style>\n<div class=\"wp-block-kadence-column kadence-column4582_7a44ce-70 inner-column-2\"><div class=\"kt-inside-inner-col\">\n<figure class=\"wp-block-image\"><a href=\"http:\/\/prestigevisualmetal.com\/realisations\/services\/conception-graphique\/\"><img loading=\"lazy\" decoding=\"async\" width=\"869\" height=\"235\" src=\"http:\/\/prestigevisualmetal.com\/wp-content\/uploads\/2019\/01\/conception-graphique-design.jpg\" alt=\"Conception Graphique Design\" class=\"wp-image-2947\" srcset=\"https:\/\/www.prestigevisualmetal.com\/wp-content\/uploads\/2019\/01\/conception-graphique-design.jpg 869w, https:\/\/www.prestigevisualmetal.com\/wp-content\/uploads\/2019\/01\/conception-graphique-design-300x81.jpg 300w, https:\/\/www.prestigevisualmetal.com\/wp-content\/uploads\/2019\/01\/conception-graphique-design-768x208.jpg 768w\" sizes=\"auto, (max-width: 869px) 100vw, 869px\" \/><\/a><figcaption class=\"wp-element-caption\">Conception graphique<\/figcaption><\/figure>\n<\/div><\/div>\n\n\n<style>.kadence-column4582_ee1ba0-21 > .kt-inside-inner-col,.kadence-column4582_ee1ba0-21 > .kt-inside-inner-col:before{border-top-left-radius:0px;border-top-right-radius:0px;border-bottom-right-radius:0px;border-bottom-left-radius:0px;}.kadence-column4582_ee1ba0-21 > .kt-inside-inner-col{column-gap:var(--global-kb-gap-sm, 1rem);}.kadence-column4582_ee1ba0-21 > .kt-inside-inner-col{flex-direction:column;}.kadence-column4582_ee1ba0-21 > .kt-inside-inner-col > .aligncenter{width:100%;}.kadence-column4582_ee1ba0-21 > .kt-inside-inner-col:before{opacity:0.3;}.kadence-column4582_ee1ba0-21{position:relative;}@media all and (max-width: 1024px){.kadence-column4582_ee1ba0-21 > .kt-inside-inner-col{flex-direction:column;justify-content:center;}}@media all and (max-width: 767px){.kadence-column4582_ee1ba0-21 > .kt-inside-inner-col{flex-direction:column;justify-content:center;}}<\/style>\n<div class=\"wp-block-kadence-column kadence-column4582_ee1ba0-21 inner-column-3\"><div class=\"kt-inside-inner-col\">\n<figure class=\"wp-block-image\"><a href=\"http:\/\/prestigevisualmetal.com\/contactez-nous\/\"><img loading=\"lazy\" decoding=\"async\" width=\"868\" height=\"235\" src=\"http:\/\/prestigevisualmetal.com\/wp-content\/uploads\/2018\/12\/Contactez-nous.jpg\" alt=\"Contactez-nous\" class=\"wp-image-1684\" srcset=\"https:\/\/www.prestigevisualmetal.com\/wp-content\/uploads\/2018\/12\/Contactez-nous.jpg 868w, https:\/\/www.prestigevisualmetal.com\/wp-content\/uploads\/2018\/12\/Contactez-nous-300x81.jpg 300w, https:\/\/www.prestigevisualmetal.com\/wp-content\/uploads\/2018\/12\/Contactez-nous-768x208.jpg 768w\" sizes=\"auto, (max-width: 868px) 100vw, 868px\" \/><\/a><figcaption class=\"wp-element-caption\">Contactez-nous<\/figcaption><\/figure>\n<\/div><\/div>\n\n<\/div><\/div>","protected":false},"excerpt":{"rendered":"<p>Si vous avez besoin de petites lettres en m\u00e9tal de la plus haute qualit\u00e9 et d\u2019une pr\u00e9cision sans \u00e9gal, nos lettres minuscules sont la solution! Les c\u00f4t\u00e9s sont lisses et parfaits en tout temps gr\u00e2ce \u00e0 un nouveau proc\u00e9d\u00e9 de fabrication. Les lettres se d\u00e9clinent en m\u00e9taux de premi\u00e8re qualit\u00e9 tels que le bronze, le&#8230;  <a href=\"https:\/\/www.prestigevisualmetal.com\/europe\/realisations\/lettres-logos-en-metal\/lettres-decoupees-en-metal\/petites-lettres-en-metal\/\" title=\"Read Petites lettres en m\u00e9tal\">Read more &raquo;<\/a><\/p>\n","protected":false},"author":2,"featured_media":0,"parent":6609,"menu_order":10,"comment_status":"open","ping_status":"closed","template":"","meta":{"_acf_changed":false,"ghostkit_customizer_options":"","ghostkit_custom_css":"","ghostkit_custom_js_head":"","ghostkit_custom_js_foot":"","ghostkit_typography":"","footnotes":""},"class_list":["post-6722","page","type-page","status-publish","hentry"],"acf":[],"yoast_head":"<!-- This site is optimized with the Yoast SEO plugin v27.5 - https:\/\/yoast.com\/product\/yoast-seo-wordpress\/ -->\n<title>Petites lettres en m\u00e9tal bronze, laiton, cuivre, inox | Prestige Visual Metal<\/title>\n<meta name=\"description\" content=\"Si vous recherchez des petites lettres en m\u00e9tal, Profitez de notre large choix de lettres m\u00e9tal en bronze, laiton, cuivre, inox et alu d\u00e9coup\u00e9 sur mesure.\" \/>\n<meta name=\"robots\" content=\"index, follow, max-snippet:-1, max-image-preview:large, max-video-preview:-1\" \/>\n<link rel=\"canonical\" href=\"https:\/\/www.prestigevisualmetal.com\/europe\/realisations\/lettres-logos-en-metal\/lettres-decoupees-en-metal\/petites-lettres-en-metal\/\" \/>\n<meta property=\"og:locale\" content=\"fr_FR\" \/>\n<meta property=\"og:type\" content=\"article\" \/>\n<meta property=\"og:title\" content=\"Petites lettres en m\u00e9tal bronze, laiton, cuivre, inox | Prestige Visual Metal\" \/>\n<meta property=\"og:description\" content=\"Si vous recherchez des petites lettres en m\u00e9tal, Profitez de notre large choix de lettres m\u00e9tal en bronze, laiton, cuivre, inox et alu d\u00e9coup\u00e9 sur mesure.\" \/>\n<meta property=\"og:url\" content=\"https:\/\/www.prestigevisualmetal.com\/europe\/realisations\/lettres-logos-en-metal\/lettres-decoupees-en-metal\/petites-lettres-en-metal\/\" \/>\n<meta property=\"og:site_name\" content=\"Prestige Visual M\u00e9tal\" \/>\n<meta property=\"article:modified_time\" content=\"2023-10-25T18:35:46+00:00\" \/>\n<meta property=\"og:image\" content=\"https:\/\/www.prestigevisualmetal.com\/wp-content\/uploads\/2019\/02\/Petite-lettre.jpg\" \/>\n<meta name=\"twitter:label1\" content=\"Dur\u00e9e de lecture est.\" \/>\n\t<meta name=\"twitter:data1\" content=\"1 minute\" \/>\n<script type=\"application\/ld+json\" class=\"yoast-schema-graph\">{\"@context\":\"https:\\\/\\\/schema.org\",\"@graph\":[{\"@type\":\"WebPage\",\"@id\":\"https:\\\/\\\/www.prestigevisualmetal.com\\\/europe\\\/realisations\\\/lettres-logos-en-metal\\\/lettres-decoupees-en-metal\\\/petites-lettres-en-metal\\\/\",\"url\":\"https:\\\/\\\/www.prestigevisualmetal.com\\\/europe\\\/realisations\\\/lettres-logos-en-metal\\\/lettres-decoupees-en-metal\\\/petites-lettres-en-metal\\\/\",\"name\":\"Petites lettres en m\u00e9tal bronze, laiton, cuivre, inox | Prestige Visual Metal\",\"isPartOf\":{\"@id\":\"https:\\\/\\\/www.prestigevisualmetal.com\\\/europe\\\/#website\"},\"primaryImageOfPage\":{\"@id\":\"https:\\\/\\\/www.prestigevisualmetal.com\\\/europe\\\/realisations\\\/lettres-logos-en-metal\\\/lettres-decoupees-en-metal\\\/petites-lettres-en-metal\\\/#primaryimage\"},\"image\":{\"@id\":\"https:\\\/\\\/www.prestigevisualmetal.com\\\/europe\\\/realisations\\\/lettres-logos-en-metal\\\/lettres-decoupees-en-metal\\\/petites-lettres-en-metal\\\/#primaryimage\"},\"thumbnailUrl\":\"https:\\\/\\\/www.prestigevisualmetal.com\\\/wp-content\\\/uploads\\\/2019\\\/02\\\/Petite-lettre.jpg\",\"datePublished\":\"2019-02-26T13:28:33+00:00\",\"dateModified\":\"2023-10-25T18:35:46+00:00\",\"description\":\"Si vous recherchez des petites lettres en m\u00e9tal, Profitez de notre large choix de lettres m\u00e9tal en bronze, laiton, cuivre, inox et alu d\u00e9coup\u00e9 sur mesure.\",\"breadcrumb\":{\"@id\":\"https:\\\/\\\/www.prestigevisualmetal.com\\\/europe\\\/realisations\\\/lettres-logos-en-metal\\\/lettres-decoupees-en-metal\\\/petites-lettres-en-metal\\\/#breadcrumb\"},\"inLanguage\":\"fr-BE\",\"potentialAction\":[{\"@type\":\"ReadAction\",\"target\":[\"https:\\\/\\\/www.prestigevisualmetal.com\\\/europe\\\/realisations\\\/lettres-logos-en-metal\\\/lettres-decoupees-en-metal\\\/petites-lettres-en-metal\\\/\"]}]},{\"@type\":\"ImageObject\",\"inLanguage\":\"fr-BE\",\"@id\":\"https:\\\/\\\/www.prestigevisualmetal.com\\\/europe\\\/realisations\\\/lettres-logos-en-metal\\\/lettres-decoupees-en-metal\\\/petites-lettres-en-metal\\\/#primaryimage\",\"url\":\"https:\\\/\\\/www.prestigevisualmetal.com\\\/wp-content\\\/uploads\\\/2019\\\/02\\\/Petite-lettre.jpg\",\"contentUrl\":\"https:\\\/\\\/www.prestigevisualmetal.com\\\/wp-content\\\/uploads\\\/2019\\\/02\\\/Petite-lettre.jpg\"},{\"@type\":\"BreadcrumbList\",\"@id\":\"https:\\\/\\\/www.prestigevisualmetal.com\\\/europe\\\/realisations\\\/lettres-logos-en-metal\\\/lettres-decoupees-en-metal\\\/petites-lettres-en-metal\\\/#breadcrumb\",\"itemListElement\":[{\"@type\":\"ListItem\",\"position\":1,\"name\":\"Accueil\",\"item\":\"https:\\\/\\\/www.prestigevisualmetal.com\\\/europe\\\/\"},{\"@type\":\"ListItem\",\"position\":2,\"name\":\"R\u00e9alisations\",\"item\":\"https:\\\/\\\/www.prestigevisualmetal.com\\\/europe\\\/realisations\\\/\"},{\"@type\":\"ListItem\",\"position\":3,\"name\":\"Lettres et logos en m\u00e9tal\",\"item\":\"https:\\\/\\\/www.prestigevisualmetal.com\\\/europe\\\/realisations\\\/lettres-logos-en-metal\\\/\"},{\"@type\":\"ListItem\",\"position\":4,\"name\":\"Lettres d\u00e9coup\u00e9es en m\u00e9tal\",\"item\":\"https:\\\/\\\/www.prestigevisualmetal.com\\\/europe\\\/realisations\\\/lettres-logos-en-metal\\\/lettres-decoupees-en-metal\\\/\"},{\"@type\":\"ListItem\",\"position\":5,\"name\":\"Petites lettres en m\u00e9tal\"}]},{\"@type\":\"WebSite\",\"@id\":\"https:\\\/\\\/www.prestigevisualmetal.com\\\/europe\\\/#website\",\"url\":\"https:\\\/\\\/www.prestigevisualmetal.com\\\/europe\\\/\",\"name\":\"Prestige Visual M\u00e9tal\",\"description\":\"\",\"potentialAction\":[{\"@type\":\"SearchAction\",\"target\":{\"@type\":\"EntryPoint\",\"urlTemplate\":\"https:\\\/\\\/www.prestigevisualmetal.com\\\/europe\\\/?s={search_term_string}\"},\"query-input\":{\"@type\":\"PropertyValueSpecification\",\"valueRequired\":true,\"valueName\":\"search_term_string\"}}],\"inLanguage\":\"fr-BE\"}]}<\/script>\n<!-- \/ Yoast SEO plugin. -->","yoast_head_json":{"title":"Petites lettres en m\u00e9tal bronze, laiton, cuivre, inox | Prestige Visual Metal","description":"Si vous recherchez des petites lettres en m\u00e9tal, Profitez de notre large choix de lettres m\u00e9tal en bronze, laiton, cuivre, inox et alu d\u00e9coup\u00e9 sur mesure.","robots":{"index":"index","follow":"follow","max-snippet":"max-snippet:-1","max-image-preview":"max-image-preview:large","max-video-preview":"max-video-preview:-1"},"canonical":"https:\/\/www.prestigevisualmetal.com\/europe\/realisations\/lettres-logos-en-metal\/lettres-decoupees-en-metal\/petites-lettres-en-metal\/","og_locale":"fr_FR","og_type":"article","og_title":"Petites lettres en m\u00e9tal bronze, laiton, cuivre, inox | Prestige Visual Metal","og_description":"Si vous recherchez des petites lettres en m\u00e9tal, Profitez de notre large choix de lettres m\u00e9tal en bronze, laiton, cuivre, inox et alu d\u00e9coup\u00e9 sur mesure.","og_url":"https:\/\/www.prestigevisualmetal.com\/europe\/realisations\/lettres-logos-en-metal\/lettres-decoupees-en-metal\/petites-lettres-en-metal\/","og_site_name":"Prestige Visual M\u00e9tal","article_modified_time":"2023-10-25T18:35:46+00:00","og_image":[{"url":"https:\/\/www.prestigevisualmetal.com\/wp-content\/uploads\/2019\/02\/Petite-lettre.jpg","type":"","width":"","height":""}],"twitter_misc":{"Dur\u00e9e de lecture est.":"1 minute"},"schema":{"@context":"https:\/\/schema.org","@graph":[{"@type":"WebPage","@id":"https:\/\/www.prestigevisualmetal.com\/europe\/realisations\/lettres-logos-en-metal\/lettres-decoupees-en-metal\/petites-lettres-en-metal\/","url":"https:\/\/www.prestigevisualmetal.com\/europe\/realisations\/lettres-logos-en-metal\/lettres-decoupees-en-metal\/petites-lettres-en-metal\/","name":"Petites lettres en m\u00e9tal bronze, laiton, cuivre, inox | Prestige Visual Metal","isPartOf":{"@id":"https:\/\/www.prestigevisualmetal.com\/europe\/#website"},"primaryImageOfPage":{"@id":"https:\/\/www.prestigevisualmetal.com\/europe\/realisations\/lettres-logos-en-metal\/lettres-decoupees-en-metal\/petites-lettres-en-metal\/#primaryimage"},"image":{"@id":"https:\/\/www.prestigevisualmetal.com\/europe\/realisations\/lettres-logos-en-metal\/lettres-decoupees-en-metal\/petites-lettres-en-metal\/#primaryimage"},"thumbnailUrl":"https:\/\/www.prestigevisualmetal.com\/wp-content\/uploads\/2019\/02\/Petite-lettre.jpg","datePublished":"2019-02-26T13:28:33+00:00","dateModified":"2023-10-25T18:35:46+00:00","description":"Si vous recherchez des petites lettres en m\u00e9tal, Profitez de notre large choix de lettres m\u00e9tal en bronze, laiton, cuivre, inox et alu d\u00e9coup\u00e9 sur mesure.","breadcrumb":{"@id":"https:\/\/www.prestigevisualmetal.com\/europe\/realisations\/lettres-logos-en-metal\/lettres-decoupees-en-metal\/petites-lettres-en-metal\/#breadcrumb"},"inLanguage":"fr-BE","potentialAction":[{"@type":"ReadAction","target":["https:\/\/www.prestigevisualmetal.com\/europe\/realisations\/lettres-logos-en-metal\/lettres-decoupees-en-metal\/petites-lettres-en-metal\/"]}]},{"@type":"ImageObject","inLanguage":"fr-BE","@id":"https:\/\/www.prestigevisualmetal.com\/europe\/realisations\/lettres-logos-en-metal\/lettres-decoupees-en-metal\/petites-lettres-en-metal\/#primaryimage","url":"https:\/\/www.prestigevisualmetal.com\/wp-content\/uploads\/2019\/02\/Petite-lettre.jpg","contentUrl":"https:\/\/www.prestigevisualmetal.com\/wp-content\/uploads\/2019\/02\/Petite-lettre.jpg"},{"@type":"BreadcrumbList","@id":"https:\/\/www.prestigevisualmetal.com\/europe\/realisations\/lettres-logos-en-metal\/lettres-decoupees-en-metal\/petites-lettres-en-metal\/#breadcrumb","itemListElement":[{"@type":"ListItem","position":1,"name":"Accueil","item":"https:\/\/www.prestigevisualmetal.com\/europe\/"},{"@type":"ListItem","position":2,"name":"R\u00e9alisations","item":"https:\/\/www.prestigevisualmetal.com\/europe\/realisations\/"},{"@type":"ListItem","position":3,"name":"Lettres et logos en m\u00e9tal","item":"https:\/\/www.prestigevisualmetal.com\/europe\/realisations\/lettres-logos-en-metal\/"},{"@type":"ListItem","position":4,"name":"Lettres d\u00e9coup\u00e9es en m\u00e9tal","item":"https:\/\/www.prestigevisualmetal.com\/europe\/realisations\/lettres-logos-en-metal\/lettres-decoupees-en-metal\/"},{"@type":"ListItem","position":5,"name":"Petites lettres en m\u00e9tal"}]},{"@type":"WebSite","@id":"https:\/\/www.prestigevisualmetal.com\/europe\/#website","url":"https:\/\/www.prestigevisualmetal.com\/europe\/","name":"Prestige Visual M\u00e9tal","description":"","potentialAction":[{"@type":"SearchAction","target":{"@type":"EntryPoint","urlTemplate":"https:\/\/www.prestigevisualmetal.com\/europe\/?s={search_term_string}"},"query-input":{"@type":"PropertyValueSpecification","valueRequired":true,"valueName":"search_term_string"}}],"inLanguage":"fr-BE"}]}},"_links":{"self":[{"href":"https:\/\/www.prestigevisualmetal.com\/europe\/wp-json\/wp\/v2\/pages\/6722","targetHints":{"allow":["GET"]}}],"collection":[{"href":"https:\/\/www.prestigevisualmetal.com\/europe\/wp-json\/wp\/v2\/pages"}],"about":[{"href":"https:\/\/www.prestigevisualmetal.com\/europe\/wp-json\/wp\/v2\/types\/page"}],"author":[{"embeddable":true,"href":"https:\/\/www.prestigevisualmetal.com\/europe\/wp-json\/wp\/v2\/users\/2"}],"replies":[{"embeddable":true,"href":"https:\/\/www.prestigevisualmetal.com\/europe\/wp-json\/wp\/v2\/comments?post=6722"}],"version-history":[{"count":10,"href":"https:\/\/www.prestigevisualmetal.com\/europe\/wp-json\/wp\/v2\/pages\/6722\/revisions"}],"predecessor-version":[{"id":8104,"href":"https:\/\/www.prestigevisualmetal.com\/europe\/wp-json\/wp\/v2\/pages\/6722\/revisions\/8104"}],"up":[{"embeddable":true,"href":"https:\/\/www.prestigevisualmetal.com\/europe\/wp-json\/wp\/v2\/pages\/6609"}],"wp:attachment":[{"href":"https:\/\/www.prestigevisualmetal.com\/europe\/wp-json\/wp\/v2\/media?parent=6722"}],"curies":[{"name":"wp","href":"https:\/\/api.w.org\/{rel}","templated":true}]}}