{"id":6728,"date":"2019-02-26T10:05:54","date_gmt":"2019-02-26T15:05:54","guid":{"rendered":"https:\/\/www.prestigevisualmetal.com\/realisations\/lettres-logos-en-metal\/lettres-decoupees-en-metal\/45-couleurs-peintes\/"},"modified":"2023-10-25T14:39:26","modified_gmt":"2023-10-25T18:39:26","slug":"45-couleurs-peintes","status":"publish","type":"page","link":"https:\/\/www.prestigevisualmetal.com\/europe\/realisations\/lettres-logos-en-metal\/lettres-decoupees-en-metal\/45-couleurs-peintes\/","title":{"rendered":"45 couleurs peintes"},"content":{"rendered":"<style>#kt-layout-id_b75800-78 > .kt-row-column-wrap{align-content:start;}:where(#kt-layout-id_b75800-78 > .kt-row-column-wrap) > .wp-block-kadence-column{justify-content:start;}#kt-layout-id_b75800-78 > .kt-row-column-wrap{column-gap:var(--global-kb-gap-md, 2rem);row-gap:var(--global-kb-gap-md, 2rem);padding-top:var( --global-kb-row-default-top, 25px );padding-bottom:var( --global-kb-row-default-bottom, 25px );padding-top:0px;padding-bottom:0px;grid-template-columns:minmax(0, 1fr);}#kt-layout-id_b75800-78 > .kt-row-layout-overlay{opacity:0.30;}@media all and (max-width: 1024px){#kt-layout-id_b75800-78 > .kt-row-column-wrap{grid-template-columns:minmax(0, 1fr);}}@media all and (max-width: 767px){#kt-layout-id_b75800-78 > .kt-row-column-wrap{grid-template-columns:minmax(0, 1fr);}}<\/style>\n<style>.kadence-column_49da45-a5 > .kt-inside-inner-col{border-top-width:0px;border-right-width:0px;border-bottom-width:0px;border-left-width:0px;}.kadence-column_49da45-a5 > .kt-inside-inner-col,.kadence-column_49da45-a5 > .kt-inside-inner-col:before{border-top-left-radius:0px;border-top-right-radius:0px;border-bottom-right-radius:0px;border-bottom-left-radius:0px;}.kadence-column_49da45-a5 > .kt-inside-inner-col{column-gap:var(--global-kb-gap-sm, 1rem);}.kadence-column_49da45-a5 > .kt-inside-inner-col{flex-direction:column;}.kadence-column_49da45-a5 > .kt-inside-inner-col > .aligncenter{width:100%;}.kadence-column_49da45-a5 > .kt-inside-inner-col:before{opacity:0.3;}.kadence-column_49da45-a5{position:relative;}@media all and (max-width: 1024px){.kadence-column_49da45-a5 > .kt-inside-inner-col{flex-direction:column;justify-content:center;}}@media all and (max-width: 767px){.kadence-column_49da45-a5 > .kt-inside-inner-col{flex-direction:column;justify-content:center;}}<\/style>\n<div class=\"wp-block-kadence-column kadence-column_49da45-a5 inner-column-1\"><div class=\"kt-inside-inner-col\">\n<ul class=\"wp-block-list\">\n<li><strong>Finitions en peinture thermolacqu\u00e9e dans un choix de 45 couleurs standards ou selon vos codes&nbsp;de&nbsp;couleurs.<\/strong><\/li>\n\n\n\n<li><strong>Brillant, semi-brillant, satin\u00e9 et mat.<\/strong><\/li>\n<\/ul>\n<\/div><\/div>\n\n\n\n\n<h2 class=\"wp-block-heading has-text-align-left style-2\" id=\"finitions-45-couleurs-standards\">Finitions 45 couleurs standards<\/h2>\n\n\n<div class=\"wp-block-image\">\n<figure class=\"alignleft\"><a href=\"https:\/\/www.prestigevisualmetal.com\/wp-content\/uploads\/2019\/02\/Lettre-en-m\u00e9tal-couleurs-1.jpg\" data-src=\"https:\/\/www.prestigevisualmetal.com\/wp-content\/uploads\/2019\/02\/Lettre-en-m\u00e9tal-couleurs-1.jpg\" data-thumb=\"https:\/\/www.prestigevisualmetal.com\/wp-content\/uploads\/2019\/02\/Lettre-en-m\u00e9tal-couleurs-1.jpg\" class=\"ml-lightbox-enabled\"><img loading=\"lazy\" decoding=\"async\" width=\"710\" height=\"1008\" src=\"https:\/\/www.prestigevisualmetal.com\/wp-content\/uploads\/2019\/02\/Lettre-en-m\u00e9tal-couleurs-1.jpg\" alt=\"Lettre En M\u00e9tal Couleurs standards\" class=\"wp-image-4671\" srcset=\"https:\/\/www.prestigevisualmetal.com\/wp-content\/uploads\/2019\/02\/Lettre-en-m\u00e9tal-couleurs-1.jpg 710w, https:\/\/www.prestigevisualmetal.com\/wp-content\/uploads\/2019\/02\/Lettre-en-m\u00e9tal-couleurs-1-211x300.jpg 211w\" sizes=\"auto, (max-width: 710px) 100vw, 710px\" \/><\/a><\/figure>\n<\/div>\n\n\n<h2 class=\"wp-block-heading w-80\" id=\"services\">SERVICES<\/h2>\n\n\n<style>.kb-row-layout-id4666_ce7d38-d6 > .kt-row-column-wrap{align-content:start;}:where(.kb-row-layout-id4666_ce7d38-d6 > .kt-row-column-wrap) > .wp-block-kadence-column{justify-content:start;}.kb-row-layout-id4666_ce7d38-d6 > .kt-row-column-wrap{column-gap:var(--global-kb-gap-md, 2rem);row-gap:var(--global-kb-gap-md, 2rem);padding-top:var(--global-kb-spacing-sm, 1.5rem);padding-bottom:var(--global-kb-spacing-sm, 1.5rem);}.kb-row-layout-id4666_ce7d38-d6 > .kt-row-column-wrap > div:not(.added-for-specificity){grid-column:initial;}.kb-row-layout-id4666_ce7d38-d6 > .kt-row-column-wrap{grid-template-columns:repeat(3, minmax(0, 1fr));}.kb-row-layout-id4666_ce7d38-d6 > .kt-row-layout-overlay{opacity:0.30;}@media all and (max-width: 1024px){.kb-row-layout-id4666_ce7d38-d6 > .kt-row-column-wrap > div:not(.added-for-specificity){grid-column:initial;}}@media all and (max-width: 1024px){.kb-row-layout-id4666_ce7d38-d6 > .kt-row-column-wrap{grid-template-columns:repeat(3, minmax(0, 1fr));}}@media all and (max-width: 767px){.kb-row-layout-id4666_ce7d38-d6 > .kt-row-column-wrap > div:not(.added-for-specificity){grid-column:initial;}.kb-row-layout-id4666_ce7d38-d6 > .kt-row-column-wrap{grid-template-columns:minmax(0, 1fr);}}<\/style><div class=\"kb-row-layout-wrap kb-row-layout-id4666_ce7d38-d6 alignnone w-80 wp-block-kadence-rowlayout\"><div class=\"kt-row-column-wrap kt-has-3-columns kt-row-layout-equal kt-tab-layout-inherit kt-mobile-layout-row kt-row-valign-top\">\n<style>.kadence-column4666_ed3930-11 > .kt-inside-inner-col,.kadence-column4666_ed3930-11 > .kt-inside-inner-col:before{border-top-left-radius:0px;border-top-right-radius:0px;border-bottom-right-radius:0px;border-bottom-left-radius:0px;}.kadence-column4666_ed3930-11 > .kt-inside-inner-col{column-gap:var(--global-kb-gap-sm, 1rem);}.kadence-column4666_ed3930-11 > .kt-inside-inner-col{flex-direction:column;}.kadence-column4666_ed3930-11 > .kt-inside-inner-col > .aligncenter{width:100%;}.kadence-column4666_ed3930-11 > .kt-inside-inner-col:before{opacity:0.3;}.kadence-column4666_ed3930-11{position:relative;}@media all and (max-width: 1024px){.kadence-column4666_ed3930-11 > .kt-inside-inner-col{flex-direction:column;justify-content:center;}}@media all and (max-width: 767px){.kadence-column4666_ed3930-11 > .kt-inside-inner-col{flex-direction:column;justify-content:center;}}<\/style>\n<div class=\"wp-block-kadence-column kadence-column4666_ed3930-11 inner-column-1\"><div class=\"kt-inside-inner-col\">\n<figure class=\"wp-block-image\"><a href=\"http:\/\/prestigevisualmetal.com\/realisations\/services\/vente-a-l-exterieur\/\"><img loading=\"lazy\" decoding=\"async\" width=\"868\" height=\"235\" src=\"http:\/\/prestigevisualmetal.com\/wp-content\/uploads\/2018\/12\/Vente-a-l-exterieur.jpg\" alt=\"Vente \u00e0 l\u2019ext\u00e9rieur\" class=\"wp-image-1686\" srcset=\"https:\/\/www.prestigevisualmetal.com\/wp-content\/uploads\/2018\/12\/Vente-a-l-exterieur.jpg 868w, https:\/\/www.prestigevisualmetal.com\/wp-content\/uploads\/2018\/12\/Vente-a-l-exterieur-300x81.jpg 300w, https:\/\/www.prestigevisualmetal.com\/wp-content\/uploads\/2018\/12\/Vente-a-l-exterieur-768x208.jpg 768w\" sizes=\"auto, (max-width: 868px) 100vw, 868px\" \/><\/a><figcaption class=\"wp-element-caption\">Vente \u00e0 l\u2019ext\u00e9rieur<\/figcaption><\/figure>\n<\/div><\/div>\n\n\n<style>.kadence-column4666_f32d65-8e > .kt-inside-inner-col,.kadence-column4666_f32d65-8e > .kt-inside-inner-col:before{border-top-left-radius:0px;border-top-right-radius:0px;border-bottom-right-radius:0px;border-bottom-left-radius:0px;}.kadence-column4666_f32d65-8e > .kt-inside-inner-col{column-gap:var(--global-kb-gap-sm, 1rem);}.kadence-column4666_f32d65-8e > .kt-inside-inner-col{flex-direction:column;}.kadence-column4666_f32d65-8e > .kt-inside-inner-col > .aligncenter{width:100%;}.kadence-column4666_f32d65-8e > .kt-inside-inner-col:before{opacity:0.3;}.kadence-column4666_f32d65-8e{position:relative;}@media all and (max-width: 1024px){.kadence-column4666_f32d65-8e > .kt-inside-inner-col{flex-direction:column;justify-content:center;}}@media all and (max-width: 767px){.kadence-column4666_f32d65-8e > .kt-inside-inner-col{flex-direction:column;justify-content:center;}}<\/style>\n<div class=\"wp-block-kadence-column kadence-column4666_f32d65-8e inner-column-2\"><div class=\"kt-inside-inner-col\">\n<figure class=\"wp-block-image\"><a href=\"http:\/\/prestigevisualmetal.com\/realisations\/services\/conception-graphique\/\"><img loading=\"lazy\" decoding=\"async\" width=\"869\" height=\"235\" src=\"http:\/\/prestigevisualmetal.com\/wp-content\/uploads\/2019\/01\/conception-graphique-design.jpg\" alt=\"Conception Graphique Design\" class=\"wp-image-2947\" srcset=\"https:\/\/www.prestigevisualmetal.com\/wp-content\/uploads\/2019\/01\/conception-graphique-design.jpg 869w, https:\/\/www.prestigevisualmetal.com\/wp-content\/uploads\/2019\/01\/conception-graphique-design-300x81.jpg 300w, https:\/\/www.prestigevisualmetal.com\/wp-content\/uploads\/2019\/01\/conception-graphique-design-768x208.jpg 768w\" sizes=\"auto, (max-width: 869px) 100vw, 869px\" \/><\/a><figcaption class=\"wp-element-caption\">Conception graphique<\/figcaption><\/figure>\n<\/div><\/div>\n\n\n<style>.kadence-column4666_75921e-0d > .kt-inside-inner-col,.kadence-column4666_75921e-0d > .kt-inside-inner-col:before{border-top-left-radius:0px;border-top-right-radius:0px;border-bottom-right-radius:0px;border-bottom-left-radius:0px;}.kadence-column4666_75921e-0d > .kt-inside-inner-col{column-gap:var(--global-kb-gap-sm, 1rem);}.kadence-column4666_75921e-0d > .kt-inside-inner-col{flex-direction:column;}.kadence-column4666_75921e-0d > .kt-inside-inner-col > .aligncenter{width:100%;}.kadence-column4666_75921e-0d > .kt-inside-inner-col:before{opacity:0.3;}.kadence-column4666_75921e-0d{position:relative;}@media all and (max-width: 1024px){.kadence-column4666_75921e-0d > .kt-inside-inner-col{flex-direction:column;justify-content:center;}}@media all and (max-width: 767px){.kadence-column4666_75921e-0d > .kt-inside-inner-col{flex-direction:column;justify-content:center;}}<\/style>\n<div class=\"wp-block-kadence-column kadence-column4666_75921e-0d inner-column-3\"><div class=\"kt-inside-inner-col\">\n<figure class=\"wp-block-image\"><a href=\"http:\/\/prestigevisualmetal.com\/contactez-nous\/\"><img loading=\"lazy\" decoding=\"async\" width=\"868\" height=\"235\" src=\"http:\/\/prestigevisualmetal.com\/wp-content\/uploads\/2018\/12\/Contactez-nous.jpg\" alt=\"Contactez-nous\" class=\"wp-image-1684\" srcset=\"https:\/\/www.prestigevisualmetal.com\/wp-content\/uploads\/2018\/12\/Contactez-nous.jpg 868w, https:\/\/www.prestigevisualmetal.com\/wp-content\/uploads\/2018\/12\/Contactez-nous-300x81.jpg 300w, https:\/\/www.prestigevisualmetal.com\/wp-content\/uploads\/2018\/12\/Contactez-nous-768x208.jpg 768w\" sizes=\"auto, (max-width: 868px) 100vw, 868px\" \/><\/a><figcaption class=\"wp-element-caption\">Contactez-nous<\/figcaption><\/figure>\n<\/div><\/div>\n\n<\/div><\/div>","protected":false},"excerpt":{"rendered":"<p>Finitions 45 couleurs standards SERVICES<\/p>\n","protected":false},"author":2,"featured_media":0,"parent":6609,"menu_order":14,"comment_status":"open","ping_status":"closed","template":"","meta":{"_acf_changed":false,"ghostkit_customizer_options":"","ghostkit_custom_css":"","ghostkit_custom_js_head":"","ghostkit_custom_js_foot":"","ghostkit_typography":"","footnotes":""},"class_list":["post-6728","page","type-page","status-publish","hentry"],"acf":[],"yoast_head":"<!-- This site is optimized with the Yoast SEO plugin v27.5 - https:\/\/yoast.com\/product\/yoast-seo-wordpress\/ -->\n<title>Lettres en aluminium d\u00e9coup\u00e9 45 couleurs peintes | Prestige Visual Metal<\/title>\n<meta name=\"description\" content=\"\ufeffConsultez notre choix de 45 couleurs peintes tr\u00e8s durables \u00e0 l&#039;ext\u00e9rieur et \u00e0 l&#039;int\u00e9rieur pour des lettres en aluminium d\u00e9coup\u00e9. Couleurs personnalis\u00e9es.\" \/>\n<meta name=\"robots\" content=\"index, follow, max-snippet:-1, max-image-preview:large, max-video-preview:-1\" \/>\n<link rel=\"canonical\" href=\"https:\/\/www.prestigevisualmetal.com\/europe\/realisations\/lettres-logos-en-metal\/lettres-decoupees-en-metal\/45-couleurs-peintes\/\" \/>\n<meta property=\"og:locale\" content=\"fr_FR\" \/>\n<meta property=\"og:type\" content=\"article\" \/>\n<meta property=\"og:title\" content=\"Lettres en aluminium d\u00e9coup\u00e9 45 couleurs peintes | Prestige Visual Metal\" \/>\n<meta property=\"og:description\" content=\"\ufeffConsultez notre choix de 45 couleurs peintes tr\u00e8s durables \u00e0 l&#039;ext\u00e9rieur et \u00e0 l&#039;int\u00e9rieur pour des lettres en aluminium d\u00e9coup\u00e9. Couleurs personnalis\u00e9es.\" \/>\n<meta property=\"og:url\" content=\"https:\/\/www.prestigevisualmetal.com\/europe\/realisations\/lettres-logos-en-metal\/lettres-decoupees-en-metal\/45-couleurs-peintes\/\" \/>\n<meta property=\"og:site_name\" content=\"Prestige Visual M\u00e9tal\" \/>\n<meta property=\"article:modified_time\" content=\"2023-10-25T18:39:26+00:00\" \/>\n<meta property=\"og:image\" content=\"http:\/\/prestigevisualmetal.com\/wp-content\/uploads\/2018\/12\/Vente-a-l-exterieur.jpg\" \/>\n<script type=\"application\/ld+json\" class=\"yoast-schema-graph\">{\"@context\":\"https:\\\/\\\/schema.org\",\"@graph\":[{\"@type\":\"WebPage\",\"@id\":\"https:\\\/\\\/www.prestigevisualmetal.com\\\/europe\\\/realisations\\\/lettres-logos-en-metal\\\/lettres-decoupees-en-metal\\\/45-couleurs-peintes\\\/\",\"url\":\"https:\\\/\\\/www.prestigevisualmetal.com\\\/europe\\\/realisations\\\/lettres-logos-en-metal\\\/lettres-decoupees-en-metal\\\/45-couleurs-peintes\\\/\",\"name\":\"Lettres en aluminium d\u00e9coup\u00e9 45 couleurs peintes | Prestige Visual Metal\",\"isPartOf\":{\"@id\":\"https:\\\/\\\/www.prestigevisualmetal.com\\\/europe\\\/#website\"},\"primaryImageOfPage\":{\"@id\":\"https:\\\/\\\/www.prestigevisualmetal.com\\\/europe\\\/realisations\\\/lettres-logos-en-metal\\\/lettres-decoupees-en-metal\\\/45-couleurs-peintes\\\/#primaryimage\"},\"image\":{\"@id\":\"https:\\\/\\\/www.prestigevisualmetal.com\\\/europe\\\/realisations\\\/lettres-logos-en-metal\\\/lettres-decoupees-en-metal\\\/45-couleurs-peintes\\\/#primaryimage\"},\"thumbnailUrl\":\"http:\\\/\\\/prestigevisualmetal.com\\\/wp-content\\\/uploads\\\/2018\\\/12\\\/Vente-a-l-exterieur.jpg\",\"datePublished\":\"2019-02-26T15:05:54+00:00\",\"dateModified\":\"2023-10-25T18:39:26+00:00\",\"description\":\"\ufeffConsultez notre choix de 45 couleurs peintes tr\u00e8s durables \u00e0 l'ext\u00e9rieur et \u00e0 l'int\u00e9rieur pour des lettres en aluminium d\u00e9coup\u00e9. Couleurs personnalis\u00e9es.\",\"breadcrumb\":{\"@id\":\"https:\\\/\\\/www.prestigevisualmetal.com\\\/europe\\\/realisations\\\/lettres-logos-en-metal\\\/lettres-decoupees-en-metal\\\/45-couleurs-peintes\\\/#breadcrumb\"},\"inLanguage\":\"fr-BE\",\"potentialAction\":[{\"@type\":\"ReadAction\",\"target\":[\"https:\\\/\\\/www.prestigevisualmetal.com\\\/europe\\\/realisations\\\/lettres-logos-en-metal\\\/lettres-decoupees-en-metal\\\/45-couleurs-peintes\\\/\"]}]},{\"@type\":\"ImageObject\",\"inLanguage\":\"fr-BE\",\"@id\":\"https:\\\/\\\/www.prestigevisualmetal.com\\\/europe\\\/realisations\\\/lettres-logos-en-metal\\\/lettres-decoupees-en-metal\\\/45-couleurs-peintes\\\/#primaryimage\",\"url\":\"http:\\\/\\\/prestigevisualmetal.com\\\/wp-content\\\/uploads\\\/2018\\\/12\\\/Vente-a-l-exterieur.jpg\",\"contentUrl\":\"http:\\\/\\\/prestigevisualmetal.com\\\/wp-content\\\/uploads\\\/2018\\\/12\\\/Vente-a-l-exterieur.jpg\"},{\"@type\":\"BreadcrumbList\",\"@id\":\"https:\\\/\\\/www.prestigevisualmetal.com\\\/europe\\\/realisations\\\/lettres-logos-en-metal\\\/lettres-decoupees-en-metal\\\/45-couleurs-peintes\\\/#breadcrumb\",\"itemListElement\":[{\"@type\":\"ListItem\",\"position\":1,\"name\":\"Accueil\",\"item\":\"https:\\\/\\\/www.prestigevisualmetal.com\\\/europe\\\/\"},{\"@type\":\"ListItem\",\"position\":2,\"name\":\"R\u00e9alisations\",\"item\":\"https:\\\/\\\/www.prestigevisualmetal.com\\\/europe\\\/realisations\\\/\"},{\"@type\":\"ListItem\",\"position\":3,\"name\":\"Lettres et logos en m\u00e9tal\",\"item\":\"https:\\\/\\\/www.prestigevisualmetal.com\\\/europe\\\/realisations\\\/lettres-logos-en-metal\\\/\"},{\"@type\":\"ListItem\",\"position\":4,\"name\":\"Lettres d\u00e9coup\u00e9es en m\u00e9tal\",\"item\":\"https:\\\/\\\/www.prestigevisualmetal.com\\\/europe\\\/realisations\\\/lettres-logos-en-metal\\\/lettres-decoupees-en-metal\\\/\"},{\"@type\":\"ListItem\",\"position\":5,\"name\":\"45 couleurs peintes\"}]},{\"@type\":\"WebSite\",\"@id\":\"https:\\\/\\\/www.prestigevisualmetal.com\\\/europe\\\/#website\",\"url\":\"https:\\\/\\\/www.prestigevisualmetal.com\\\/europe\\\/\",\"name\":\"Prestige Visual M\u00e9tal\",\"description\":\"\",\"potentialAction\":[{\"@type\":\"SearchAction\",\"target\":{\"@type\":\"EntryPoint\",\"urlTemplate\":\"https:\\\/\\\/www.prestigevisualmetal.com\\\/europe\\\/?s={search_term_string}\"},\"query-input\":{\"@type\":\"PropertyValueSpecification\",\"valueRequired\":true,\"valueName\":\"search_term_string\"}}],\"inLanguage\":\"fr-BE\"}]}<\/script>\n<!-- \/ Yoast SEO plugin. -->","yoast_head_json":{"title":"Lettres en aluminium d\u00e9coup\u00e9 45 couleurs peintes | Prestige Visual Metal","description":"\ufeffConsultez notre choix de 45 couleurs peintes tr\u00e8s durables \u00e0 l'ext\u00e9rieur et \u00e0 l'int\u00e9rieur pour des lettres en aluminium d\u00e9coup\u00e9. Couleurs personnalis\u00e9es.","robots":{"index":"index","follow":"follow","max-snippet":"max-snippet:-1","max-image-preview":"max-image-preview:large","max-video-preview":"max-video-preview:-1"},"canonical":"https:\/\/www.prestigevisualmetal.com\/europe\/realisations\/lettres-logos-en-metal\/lettres-decoupees-en-metal\/45-couleurs-peintes\/","og_locale":"fr_FR","og_type":"article","og_title":"Lettres en aluminium d\u00e9coup\u00e9 45 couleurs peintes | Prestige Visual Metal","og_description":"\ufeffConsultez notre choix de 45 couleurs peintes tr\u00e8s durables \u00e0 l'ext\u00e9rieur et \u00e0 l'int\u00e9rieur pour des lettres en aluminium d\u00e9coup\u00e9. Couleurs personnalis\u00e9es.","og_url":"https:\/\/www.prestigevisualmetal.com\/europe\/realisations\/lettres-logos-en-metal\/lettres-decoupees-en-metal\/45-couleurs-peintes\/","og_site_name":"Prestige Visual M\u00e9tal","article_modified_time":"2023-10-25T18:39:26+00:00","og_image":[{"url":"http:\/\/prestigevisualmetal.com\/wp-content\/uploads\/2018\/12\/Vente-a-l-exterieur.jpg","type":"","width":"","height":""}],"schema":{"@context":"https:\/\/schema.org","@graph":[{"@type":"WebPage","@id":"https:\/\/www.prestigevisualmetal.com\/europe\/realisations\/lettres-logos-en-metal\/lettres-decoupees-en-metal\/45-couleurs-peintes\/","url":"https:\/\/www.prestigevisualmetal.com\/europe\/realisations\/lettres-logos-en-metal\/lettres-decoupees-en-metal\/45-couleurs-peintes\/","name":"Lettres en aluminium d\u00e9coup\u00e9 45 couleurs peintes | Prestige Visual Metal","isPartOf":{"@id":"https:\/\/www.prestigevisualmetal.com\/europe\/#website"},"primaryImageOfPage":{"@id":"https:\/\/www.prestigevisualmetal.com\/europe\/realisations\/lettres-logos-en-metal\/lettres-decoupees-en-metal\/45-couleurs-peintes\/#primaryimage"},"image":{"@id":"https:\/\/www.prestigevisualmetal.com\/europe\/realisations\/lettres-logos-en-metal\/lettres-decoupees-en-metal\/45-couleurs-peintes\/#primaryimage"},"thumbnailUrl":"http:\/\/prestigevisualmetal.com\/wp-content\/uploads\/2018\/12\/Vente-a-l-exterieur.jpg","datePublished":"2019-02-26T15:05:54+00:00","dateModified":"2023-10-25T18:39:26+00:00","description":"\ufeffConsultez notre choix de 45 couleurs peintes tr\u00e8s durables \u00e0 l'ext\u00e9rieur et \u00e0 l'int\u00e9rieur pour des lettres en aluminium d\u00e9coup\u00e9. Couleurs personnalis\u00e9es.","breadcrumb":{"@id":"https:\/\/www.prestigevisualmetal.com\/europe\/realisations\/lettres-logos-en-metal\/lettres-decoupees-en-metal\/45-couleurs-peintes\/#breadcrumb"},"inLanguage":"fr-BE","potentialAction":[{"@type":"ReadAction","target":["https:\/\/www.prestigevisualmetal.com\/europe\/realisations\/lettres-logos-en-metal\/lettres-decoupees-en-metal\/45-couleurs-peintes\/"]}]},{"@type":"ImageObject","inLanguage":"fr-BE","@id":"https:\/\/www.prestigevisualmetal.com\/europe\/realisations\/lettres-logos-en-metal\/lettres-decoupees-en-metal\/45-couleurs-peintes\/#primaryimage","url":"http:\/\/prestigevisualmetal.com\/wp-content\/uploads\/2018\/12\/Vente-a-l-exterieur.jpg","contentUrl":"http:\/\/prestigevisualmetal.com\/wp-content\/uploads\/2018\/12\/Vente-a-l-exterieur.jpg"},{"@type":"BreadcrumbList","@id":"https:\/\/www.prestigevisualmetal.com\/europe\/realisations\/lettres-logos-en-metal\/lettres-decoupees-en-metal\/45-couleurs-peintes\/#breadcrumb","itemListElement":[{"@type":"ListItem","position":1,"name":"Accueil","item":"https:\/\/www.prestigevisualmetal.com\/europe\/"},{"@type":"ListItem","position":2,"name":"R\u00e9alisations","item":"https:\/\/www.prestigevisualmetal.com\/europe\/realisations\/"},{"@type":"ListItem","position":3,"name":"Lettres et logos en m\u00e9tal","item":"https:\/\/www.prestigevisualmetal.com\/europe\/realisations\/lettres-logos-en-metal\/"},{"@type":"ListItem","position":4,"name":"Lettres d\u00e9coup\u00e9es en m\u00e9tal","item":"https:\/\/www.prestigevisualmetal.com\/europe\/realisations\/lettres-logos-en-metal\/lettres-decoupees-en-metal\/"},{"@type":"ListItem","position":5,"name":"45 couleurs peintes"}]},{"@type":"WebSite","@id":"https:\/\/www.prestigevisualmetal.com\/europe\/#website","url":"https:\/\/www.prestigevisualmetal.com\/europe\/","name":"Prestige Visual M\u00e9tal","description":"","potentialAction":[{"@type":"SearchAction","target":{"@type":"EntryPoint","urlTemplate":"https:\/\/www.prestigevisualmetal.com\/europe\/?s={search_term_string}"},"query-input":{"@type":"PropertyValueSpecification","valueRequired":true,"valueName":"search_term_string"}}],"inLanguage":"fr-BE"}]}},"_links":{"self":[{"href":"https:\/\/www.prestigevisualmetal.com\/europe\/wp-json\/wp\/v2\/pages\/6728","targetHints":{"allow":["GET"]}}],"collection":[{"href":"https:\/\/www.prestigevisualmetal.com\/europe\/wp-json\/wp\/v2\/pages"}],"about":[{"href":"https:\/\/www.prestigevisualmetal.com\/europe\/wp-json\/wp\/v2\/types\/page"}],"author":[{"embeddable":true,"href":"https:\/\/www.prestigevisualmetal.com\/europe\/wp-json\/wp\/v2\/users\/2"}],"replies":[{"embeddable":true,"href":"https:\/\/www.prestigevisualmetal.com\/europe\/wp-json\/wp\/v2\/comments?post=6728"}],"version-history":[{"count":6,"href":"https:\/\/www.prestigevisualmetal.com\/europe\/wp-json\/wp\/v2\/pages\/6728\/revisions"}],"predecessor-version":[{"id":8116,"href":"https:\/\/www.prestigevisualmetal.com\/europe\/wp-json\/wp\/v2\/pages\/6728\/revisions\/8116"}],"up":[{"embeddable":true,"href":"https:\/\/www.prestigevisualmetal.com\/europe\/wp-json\/wp\/v2\/pages\/6609"}],"wp:attachment":[{"href":"https:\/\/www.prestigevisualmetal.com\/europe\/wp-json\/wp\/v2\/media?parent=6728"}],"curies":[{"name":"wp","href":"https:\/\/api.w.org\/{rel}","templated":true}]}}